{"id":10045,"date":"2022-11-10T13:49:27","date_gmt":"2022-11-10T16:49:27","guid":{"rendered":"http:\/\/ambrosioeletro.com.br\/v20\/?post_type=product&#038;p=10045"},"modified":"2026-04-18T10:17:16","modified_gmt":"2026-04-18T13:17:16","slug":"colchao-polar-espuma-d33-perola-solteiro-088x188x017","status":"publish","type":"product","link":"http:\/\/ambrosioeletro.com.br\/v20\/produto\/colchao-polar-espuma-d33-perola-solteiro-088x188x017\/","title":{"rendered":"Colch\u00e3o Polar Espuma D33 P\u00e9rola Solteiro &#8211; 0,88&#215;1,88&#215;0,17"},"content":{"rendered":"<p><b>BENEF\u00cdCIOS EXTERNOS DO COLCH\u00c3O<\/b><br \/>\n<b>Tipo de Pillow<\/b><br \/>\n&#8211; Pillow Top Europeu<br \/>\n<b>Bordado do Tecido de Revestimento<\/b><br \/>\n&#8211; Com Bordado Cont\u00ednuo<br \/>\n<b>Tecido de Forra\u00e7\u00e3o Revestimento<\/b><br \/>\n&#8211; Em Poli\u00e9ster<br \/>\n<b>Tecido com Tratamento<\/b><br \/>\n&#8211; Anti\u00c1caro e AntiFungo<br \/>\n<b>Tecido de Revestimento da Faixa Lateral<\/b><br \/>\n&#8211; Tecido Bordado<\/p>\n<p><b>CARACTER\u00cdSTICAS INTERNA DO COLCH\u00c3O<\/b><br \/>\n<b>Tipo de Estrutura do Bloco de Espuma<\/b><br \/>\n&#8211; Colch\u00e3o de Espuma D33<\/p>\n<p><b>CARACTER\u00cdSTICAS GERAIS DO COLCH\u00c3O<\/b><br \/>\n<b>Tipo de Conforto<\/b><br \/>\n&#8211; Conforto Macio com Firmeza<br \/>\n<b>Suporte de Peso<\/b><br \/>\n&#8211; Suporte de Peso 100 kg Por Pessoa<\/p>\n<p><b>BENEF\u00cdCIOS GERAIS DO COLCH\u00c3O<\/b><br \/>\n<b>Certificados de Qualidade<\/b><br \/>\n&#8211; Certificado de Qualidade Compuls\u00f3ria INMETRO<\/p>\n","protected":false},"excerpt":{"rendered":"<p>BENEF\u00cdCIOS EXTERNOS DO COLCH\u00c3O Tipo de Pillow &#8211; Pillow Top Europeu Bordado do Tecido de Revestimento &#8211; Com Bordado Cont\u00ednuo Tecido de Forra\u00e7\u00e3o Revestimento &#8211; Em Poli\u00e9ster Tecido com Tratamento<\/p>\n","protected":false},"featured_media":10049,"comment_status":"open","ping_status":"closed","template":"","meta":[],"product_brand":[],"product_cat":[234],"product_tag":[],"class_list":{"0":"post-10045","1":"product","2":"type-product","3":"status-publish","4":"has-post-thumbnail","6":"product_cat-colchoes","7":"product_shipping_class-retirar-no-local","9":"first","10":"instock","11":"shipping-taxable","12":"purchasable","13":"product-type-simple"},"_links":{"self":[{"href":"http:\/\/ambrosioeletro.com.br\/v20\/wp-json\/wp\/v2\/product\/10045","targetHints":{"allow":["GET"]}}],"collection":[{"href":"http:\/\/ambrosioeletro.com.br\/v20\/wp-json\/wp\/v2\/product"}],"about":[{"href":"http:\/\/ambrosioeletro.com.br\/v20\/wp-json\/wp\/v2\/types\/product"}],"replies":[{"embeddable":true,"href":"http:\/\/ambrosioeletro.com.br\/v20\/wp-json\/wp\/v2\/comments?post=10045"}],"wp:featuredmedia":[{"embeddable":true,"href":"http:\/\/ambrosioeletro.com.br\/v20\/wp-json\/wp\/v2\/media\/10049"}],"wp:attachment":[{"href":"http:\/\/ambrosioeletro.com.br\/v20\/wp-json\/wp\/v2\/media?parent=10045"}],"wp:term":[{"taxonomy":"product_brand","embeddable":true,"href":"http:\/\/ambrosioeletro.com.br\/v20\/wp-json\/wp\/v2\/product_brand?post=10045"},{"taxonomy":"product_cat","embeddable":true,"href":"http:\/\/ambrosioeletro.com.br\/v20\/wp-json\/wp\/v2\/product_cat?post=10045"},{"taxonomy":"product_tag","embeddable":true,"href":"http:\/\/ambrosioeletro.com.br\/v20\/wp-json\/wp\/v2\/product_tag?post=10045"}],"curies":[{"name":"wp","href":"https:\/\/api.w.org\/{rel}","templated":true}]}}