{"id":10144,"date":"2022-11-29T12:34:26","date_gmt":"2022-11-29T15:34:26","guid":{"rendered":"http:\/\/ambrosioeletro.com.br\/v20\/?post_type=product&#038;p=10144"},"modified":"2026-02-26T11:04:18","modified_gmt":"2026-02-26T14:04:18","slug":"cafeteira-eletrica-inox-25-xicaras-agratto-thermo-25x-cet25","status":"publish","type":"product","link":"http:\/\/ambrosioeletro.com.br\/v20\/produto\/cafeteira-eletrica-inox-25-xicaras-agratto-thermo-25x-cet25\/","title":{"rendered":"Cafeteira El\u00e9trica Inox 25 X\u00edcaras Agratto THERMO 25X CET25"},"content":{"rendered":"<p>\u2022 Prepara at\u00e9 25 x\u00edcaras de caf\u00e9<br \/>\n\u2022 Jarra t\u00e9rmica de a\u00e7o inoxid\u00e1vel com dupla camada<br \/>\n\u2022 Base mant\u00e9m o caf\u00e9 aquecido<br \/>\n\u2022 Filtro reutiliz\u00e1vel e colher de medida<br \/>\n\u2022 Sistema corta pingos<\/p>\n","protected":false},"excerpt":{"rendered":"<p>\u2022 Prepara at\u00e9 25 x\u00edcaras de caf\u00e9 \u2022 Jarra t\u00e9rmica de a\u00e7o inoxid\u00e1vel com dupla camada \u2022 Base mant\u00e9m o caf\u00e9 aquecido \u2022 Filtro reutiliz\u00e1vel e colher de medida \u2022<\/p>\n","protected":false},"featured_media":10151,"comment_status":"open","ping_status":"closed","template":"","meta":[],"product_brand":[],"product_cat":[232,226],"product_tag":[],"class_list":{"0":"post-10144","1":"product","2":"type-product","3":"status-publish","4":"has-post-thumbnail","6":"product_cat-cozinha","7":"product_cat-eletrodomesticos","8":"product_shipping_class-pac","10":"first","11":"instock","12":"shipping-taxable","13":"purchasable","14":"product-type-simple"},"_links":{"self":[{"href":"http:\/\/ambrosioeletro.com.br\/v20\/wp-json\/wp\/v2\/product\/10144","targetHints":{"allow":["GET"]}}],"collection":[{"href":"http:\/\/ambrosioeletro.com.br\/v20\/wp-json\/wp\/v2\/product"}],"about":[{"href":"http:\/\/ambrosioeletro.com.br\/v20\/wp-json\/wp\/v2\/types\/product"}],"replies":[{"embeddable":true,"href":"http:\/\/ambrosioeletro.com.br\/v20\/wp-json\/wp\/v2\/comments?post=10144"}],"wp:featuredmedia":[{"embeddable":true,"href":"http:\/\/ambrosioeletro.com.br\/v20\/wp-json\/wp\/v2\/media\/10151"}],"wp:attachment":[{"href":"http:\/\/ambrosioeletro.com.br\/v20\/wp-json\/wp\/v2\/media?parent=10144"}],"wp:term":[{"taxonomy":"product_brand","embeddable":true,"href":"http:\/\/ambrosioeletro.com.br\/v20\/wp-json\/wp\/v2\/product_brand?post=10144"},{"taxonomy":"product_cat","embeddable":true,"href":"http:\/\/ambrosioeletro.com.br\/v20\/wp-json\/wp\/v2\/product_cat?post=10144"},{"taxonomy":"product_tag","embeddable":true,"href":"http:\/\/ambrosioeletro.com.br\/v20\/wp-json\/wp\/v2\/product_tag?post=10144"}],"curies":[{"name":"wp","href":"https:\/\/api.w.org\/{rel}","templated":true}]}}