{"id":10192,"date":"2022-12-03T10:48:15","date_gmt":"2022-12-03T13:48:15","guid":{"rendered":"http:\/\/ambrosioeletro.com.br\/v20\/?post_type=product&#038;p=10192"},"modified":"2024-06-20T15:39:42","modified_gmt":"2024-06-20T18:39:42","slug":"cafeteira-eletrica-britania-bcf36-30-xicaras-jarra-de-vidro-preta-inox","status":"publish","type":"product","link":"http:\/\/ambrosioeletro.com.br\/v20\/produto\/cafeteira-eletrica-britania-bcf36-30-xicaras-jarra-de-vidro-preta-inox\/","title":{"rendered":"Cafeteira El\u00e9trica Brit\u00e2nia BCF36 30 X\u00edcaras, Jarra de Vidro, Preta\/Inox"},"content":{"rendered":"<p>A Cafeteira Brit\u00e2nia Inox Plus BCF36I tem capacidade para 30 cafezinhos, sua bebida predileta na quantidade perfeita! Com sistema corta-pingos, que permite a retirada da jarra enquanto o caf\u00e9 est\u00e1 sendo preparado. Depois de pronto, seu caf\u00e9 permanece quentinho, pois possui placa de aquecimento, que conserva a temperatura do caf\u00e9 sem alterar o sabor. Seu filtro \u00e9 permanente, dispensando o uso do filtro de papel. Ele tamb\u00e9m \u00e9 remov\u00edvel, facilitando a limpeza. Para preparar a medida exata, acompanha colher dosadora. E para sua maior comodidade, sua jarra \u00e9 em vidro muito resistente e pode ser levada a mesa. Seu caf\u00e9 ainda mais gostoso com Cafeteira Brit\u00e2nia Inox Plus BCF36I !<\/p>\n<ul class=\"specification-items\">\n<li class=\"specification-item\"><span class=\"item-term\">Altura<\/span><span class=\"item-definition\">31,00cm<\/span><\/li>\n<li class=\"specification-item\"><span class=\"item-term\">Largura<\/span><span class=\"item-definition\">25,00cm<\/span><\/li>\n<li class=\"specification-item\"><span class=\"item-term\">Profundidade<\/span><span class=\"item-definition\">19,20cm<\/span><\/li>\n<li class=\"specification-item\"><span class=\"item-term\">Peso<\/span><span class=\"item-definition\">1,44Kg<\/span><\/li>\n<\/ul>\n","protected":false},"excerpt":{"rendered":"<p>A Cafeteira Brit\u00e2nia Inox Plus BCF36I tem capacidade para 30 cafezinhos, sua bebida predileta na quantidade perfeita! Com sistema corta-pingos, que permite a retirada da jarra enquanto o caf\u00e9 est\u00e1<\/p>\n","protected":false},"featured_media":11180,"comment_status":"open","ping_status":"closed","template":"","meta":[],"product_brand":[],"product_cat":[232,226],"product_tag":[],"class_list":{"0":"post-10192","1":"product","2":"type-product","3":"status-publish","4":"has-post-thumbnail","6":"product_cat-cozinha","7":"product_cat-eletrodomesticos","8":"product_shipping_class-pac","10":"first","11":"instock","12":"shipping-taxable","13":"purchasable","14":"product-type-simple"},"_links":{"self":[{"href":"http:\/\/ambrosioeletro.com.br\/v20\/wp-json\/wp\/v2\/product\/10192","targetHints":{"allow":["GET"]}}],"collection":[{"href":"http:\/\/ambrosioeletro.com.br\/v20\/wp-json\/wp\/v2\/product"}],"about":[{"href":"http:\/\/ambrosioeletro.com.br\/v20\/wp-json\/wp\/v2\/types\/product"}],"replies":[{"embeddable":true,"href":"http:\/\/ambrosioeletro.com.br\/v20\/wp-json\/wp\/v2\/comments?post=10192"}],"wp:featuredmedia":[{"embeddable":true,"href":"http:\/\/ambrosioeletro.com.br\/v20\/wp-json\/wp\/v2\/media\/11180"}],"wp:attachment":[{"href":"http:\/\/ambrosioeletro.com.br\/v20\/wp-json\/wp\/v2\/media?parent=10192"}],"wp:term":[{"taxonomy":"product_brand","embeddable":true,"href":"http:\/\/ambrosioeletro.com.br\/v20\/wp-json\/wp\/v2\/product_brand?post=10192"},{"taxonomy":"product_cat","embeddable":true,"href":"http:\/\/ambrosioeletro.com.br\/v20\/wp-json\/wp\/v2\/product_cat?post=10192"},{"taxonomy":"product_tag","embeddable":true,"href":"http:\/\/ambrosioeletro.com.br\/v20\/wp-json\/wp\/v2\/product_tag?post=10192"}],"curies":[{"name":"wp","href":"https:\/\/api.w.org\/{rel}","templated":true}]}}