{"id":10462,"date":"2023-02-22T15:14:20","date_gmt":"2023-02-22T18:14:20","guid":{"rendered":"http:\/\/ambrosioeletro.com.br\/v20\/?post_type=product&#038;p=10462"},"modified":"2026-02-26T11:20:11","modified_gmt":"2026-02-26T14:20:11","slug":"freezer-horizontal-com-duas-portas-posicionado-na-diagonal-com-ilustracoes-das-dimensoes-freezer-horizontal-com-duas-portas-posicionado-na-diagonal-com-as-portas-abertas-painel-de-controle-de-temperat","status":"publish","type":"product","link":"http:\/\/ambrosioeletro.com.br\/v20\/produto\/freezer-horizontal-com-duas-portas-posicionado-na-diagonal-com-ilustracoes-das-dimensoes-freezer-horizontal-com-duas-portas-posicionado-na-diagonal-com-as-portas-abertas-painel-de-controle-de-temperat\/","title":{"rendered":"Freezer Horizontal Consul 2 portas 534L &#8211; CHB53EB"},"content":{"rendered":"<div class=\"flex-m mb7\">\n<div class=\"w-50-m mb7 mb0-m flex flex-column justify-center tc tl-m \">\n<h3 class=\"consul-store-components-0-x-titleDetalheProduto f2-m fw2\">2 portas<\/h3>\n<p class=\"consul-store-components-0-x-titleDetalheProduto f4-m lh-copy\">Com as duas portas fica mais f\u00e1cil organizar e encontrar seus alimentos e bebidas.<\/p>\n<\/div>\n<div class=\"w-50-m ml9-m\"><img decoding=\"async\" class=\"consul-store-components-0-x-imageDetalheProduto w-100 br3\" src=\"https:\/\/consul.vtexassets.com\/arquivos\/Consul_Freezer_CHB53EB_Imagem_3_4.jpg\" alt=\"2 portas\" crossorigin=\"anonymous\" \/><\/div>\n<\/div>\n<div class=\"flex-m mb7\">\n<div class=\"w-50-m mb7 mb0-m flex flex-column justify-center tc tl-m order-1-m\">\n<h3 class=\"consul-store-components-0-x-titleDetalheProduto f2-m fw2\">Controle eletr\u00f4nico de temperatura<\/h3>\n<p class=\"consul-store-components-0-x-titleDetalheProduto f4-m lh-copy\">Programe a temperatura que voc\u00ea quer em apenas um toque. Voc\u00ea tamb\u00e9m pode alternar entre os modos Refrigerador e Freezer.<\/p>\n<\/div>\n<div class=\"w-50-m mr9-m\"><img decoding=\"async\" class=\"consul-store-components-0-x-imageDetalheProduto w-100 br3\" src=\"https:\/\/consul.vtexassets.com\/arquivos\/Consul_Freezer_CHB53EB_Imagem_Detalhe_Controle_Eletronico.jpg\" alt=\"Controle eletr\u00f4nico de temperatura\" crossorigin=\"anonymous\" \/><\/div>\n<\/div>\n<div class=\"flex-m mb7\">\n<div class=\"w-50-m mb7 mb0-m flex flex-column justify-center tc tl-m \">\n<h3 class=\"consul-store-components-0-x-titleDetalheProduto f2-m fw2\">Modo Refrigerador<\/h3>\n<p class=\"consul-store-components-0-x-titleDetalheProduto f4-m lh-copy\">Ideal para o resfriamento e a conserva\u00e7\u00e3o de alimentos e bebidas entre +1 \u00b0C e +5 \u00b0C.<\/p>\n<\/div>\n<div class=\"w-50-m ml9-m\"><img decoding=\"async\" class=\"consul-store-components-0-x-imageDetalheProduto w-100 br3\" src=\"https:\/\/consul.vtexassets.com\/arquivos\/Consul_Freezer_CHB53EB_Imagem_Detalhe_Controle_Eletronico.jpg\" alt=\"Modo Refrigerador\" crossorigin=\"anonymous\" \/><\/div>\n<\/div>\n<div class=\"flex-m mb7\">\n<div class=\"w-50-m mb7 mb0-m flex flex-column justify-center tc tl-m order-1-m\">\n<h3 class=\"consul-store-components-0-x-titleDetalheProduto f2-m fw2\">Modo Freezer<\/h3>\n<p class=\"consul-store-components-0-x-titleDetalheProduto f4-m lh-copy\">Ideal para o congelamento de alimentos entre -18 \u00b0C e -25 \u00b0C.<\/p>\n<\/div>\n<div class=\"w-50-m mr9-m\"><img decoding=\"async\" class=\"consul-store-components-0-x-imageDetalheProduto w-100 br3\" src=\"https:\/\/consul.vtexassets.com\/arquivos\/freezer-consul-chb53eb-detalhe-freezer-aberto.jpg\" alt=\"Modo Freezer\" crossorigin=\"anonymous\" \/><\/div>\n<\/div>\n<div class=\"flex-m mb7\">\n<div class=\"w-50-m mb7 mb0-m flex flex-column justify-center tc tl-m \">\n<h3 class=\"consul-store-components-0-x-titleDetalheProduto f2-m fw2\">Pr\u00e1tico para limpar<\/h3>\n<p class=\"consul-store-components-0-x-titleDetalheProduto f4-m lh-copy\">Gra\u00e7as ao dreno frontal a limpeza ficou muito mais f\u00e1cil. Basta colocar uma vasilha embaixo do dreno para recolher o gelo derretido e pronto!<\/p>\n<\/div>\n<div class=\"w-50-m ml9-m\"><img decoding=\"async\" class=\"consul-store-components-0-x-imageDetalheProduto w-100 br3\" src=\"https:\/\/consul.vtexassets.com\/arquivos\/Consul_Freezer_CHB53EB_Imagem_Detalhe_Resistente.jpg\" alt=\"Pr\u00e1tico para limpar\" crossorigin=\"anonymous\" \/><\/div>\n<\/div>\n<div class=\"flex-m mb7\">\n<div class=\"w-50-m mb7 mb0-m flex flex-column justify-center tc tl-m order-1-m\">\n<h3 class=\"consul-store-components-0-x-titleDetalheProduto f2-m fw2\">Econ\u00f4mico<\/h3>\n<p class=\"consul-store-components-0-x-titleDetalheProduto f4-m lh-copy\">A Classifica\u00e7\u00e3o A nos testes de consumo de energia do Inmetro garante alta efici\u00eancia gastando menos energia.<\/p>\n<\/div>\n<div class=\"w-50-m mr9-m\"><img decoding=\"async\" class=\"consul-store-components-0-x-imageDetalheProduto w-100 br3\" src=\"https:\/\/consul.vtexassets.com\/arquivos\/freezer-consul-chb53eb-lateral-aberta-1.jpg\" alt=\"Econ\u00f4mico\" crossorigin=\"anonymous\" \/><\/div>\n<\/div>\n<div class=\"flex-m mb7\">\n<div class=\"w-50-m mb7 mb0-m flex flex-column justify-center tc tl-m \">\n<h3 class=\"consul-store-components-0-x-titleDetalheProduto f2-m fw2\">Resistente<\/h3>\n<p class=\"consul-store-components-0-x-titleDetalheProduto f4-m lh-copy\">Interior feito com liga met\u00e1lica de alta resist\u00eancia contra a corros\u00e3o. \u00c9 mais durabilidade para o seu equipamento!<\/p>\n<\/div>\n<div class=\"w-50-m ml9-m\"><img decoding=\"async\" class=\"consul-store-components-0-x-imageDetalheProduto w-100 br3\" src=\"https:\/\/consul.vtexassets.com\/arquivos\/freezer-consul-chb53eb-detalhe-1.jpg\" alt=\"Resistente\" crossorigin=\"anonymous\" \/><\/div>\n<\/div>\n<div class=\"flex-m mb7\">\n<div class=\"w-50-m mb7 mb0-m flex flex-column justify-center tc tl-m order-1-m\">\n<h3 class=\"consul-store-components-0-x-titleDetalheProduto f2-m fw2\">F\u00e1cil de movimentar<\/h3>\n<p class=\"consul-store-components-0-x-titleDetalheProduto f4-m lh-copy\">As 4 rodinhas nos p\u00e9s deixam o equipamento muito mais f\u00e1cil de movimentar para, por exemplo, limpar o ch\u00e3o embaixo.<\/p>\n<div class=\"flex flex-column w-40-ns w-100 mr7-ns mb0-ns mb4\">\n<h5 class=\"consul-product-details-0-x-measurements-title b f5 mt3 mb0\">Produto sem embalagem<\/h5>\n<ul class=\"pa0 mt3\">\n<li class=\"flex justify-between items-center f5 mt5\"><span class=\"flex items-center\"><span class=\"ml4\">Altura<\/span><\/span><span class=\"consul-product-details-0-x-measurements-text\">96 cm<\/span><\/li>\n<li class=\"flex justify-between items-center f5 mt6\"><span class=\"flex items-center\"><span class=\"ml4\">Largura<\/span><\/span><span class=\"consul-product-details-0-x-measurements-text\">147,3 cm<\/span><\/li>\n<li class=\"flex justify-between items-center f5 mt6\"><span class=\"flex items-center\"><span class=\"ml4\">Profundidade<\/span><\/span><span class=\"consul-product-details-0-x-measurements-text\">78 cm<\/span><\/li>\n<li class=\"flex justify-between items-center f5 mt6\"><span class=\"flex items-center\"><span class=\"ml4\">Peso<\/span><\/span><span class=\"consul-product-details-0-x-measurements-text\">68 kg<\/span><\/li>\n<\/ul>\n<\/div>\n<div class=\"undefined flex flex-column w-40-ns w-100 ml4-ns\">\n<h5 class=\"consul-product-details-0-x-measurements-title b f5 mt3 mb0\">Produto com embalagem<\/h5>\n<ul class=\"pa0 mt3\">\n<li class=\"flex justify-between items-center f5 mt5\"><span class=\"flex items-center\"><span class=\"ml4\">Altura<\/span><\/span><span class=\"consul-product-details-0-x-measurements-text\">97,3 cm<\/span><\/li>\n<li class=\"flex justify-between items-center f5 mt6\"><span class=\"flex items-center\"><span class=\"ml4\">Largura<\/span><\/span><span class=\"consul-product-details-0-x-measurements-text\">150,8 cm<\/span><\/li>\n<li class=\"flex justify-between items-center f5 mt6\"><\/li>\n<\/ul>\n<\/div>\n<\/div>\n<\/div>\n","protected":false},"excerpt":{"rendered":"<p>2 portas Com as duas portas fica mais f\u00e1cil organizar e encontrar seus alimentos e bebidas. Controle eletr\u00f4nico de temperatura Programe a temperatura que voc\u00ea quer em apenas um toque.<\/p>\n","protected":false},"featured_media":10470,"comment_status":"open","ping_status":"closed","template":"","meta":[],"product_brand":[],"product_cat":[232,226],"product_tag":[],"class_list":{"0":"post-10462","1":"product","2":"type-product","3":"status-publish","4":"has-post-thumbnail","6":"product_cat-cozinha","7":"product_cat-eletrodomesticos","8":"product_shipping_class-retirar-no-local","10":"first","11":"instock","12":"shipping-taxable","13":"purchasable","14":"product-type-simple"},"_links":{"self":[{"href":"http:\/\/ambrosioeletro.com.br\/v20\/wp-json\/wp\/v2\/product\/10462","targetHints":{"allow":["GET"]}}],"collection":[{"href":"http:\/\/ambrosioeletro.com.br\/v20\/wp-json\/wp\/v2\/product"}],"about":[{"href":"http:\/\/ambrosioeletro.com.br\/v20\/wp-json\/wp\/v2\/types\/product"}],"replies":[{"embeddable":true,"href":"http:\/\/ambrosioeletro.com.br\/v20\/wp-json\/wp\/v2\/comments?post=10462"}],"wp:featuredmedia":[{"embeddable":true,"href":"http:\/\/ambrosioeletro.com.br\/v20\/wp-json\/wp\/v2\/media\/10470"}],"wp:attachment":[{"href":"http:\/\/ambrosioeletro.com.br\/v20\/wp-json\/wp\/v2\/media?parent=10462"}],"wp:term":[{"taxonomy":"product_brand","embeddable":true,"href":"http:\/\/ambrosioeletro.com.br\/v20\/wp-json\/wp\/v2\/product_brand?post=10462"},{"taxonomy":"product_cat","embeddable":true,"href":"http:\/\/ambrosioeletro.com.br\/v20\/wp-json\/wp\/v2\/product_cat?post=10462"},{"taxonomy":"product_tag","embeddable":true,"href":"http:\/\/ambrosioeletro.com.br\/v20\/wp-json\/wp\/v2\/product_tag?post=10462"}],"curies":[{"name":"wp","href":"https:\/\/api.w.org\/{rel}","templated":true}]}}