{"id":10634,"date":"2023-03-13T12:35:48","date_gmt":"2023-03-13T15:35:48","guid":{"rendered":"http:\/\/ambrosioeletro.com.br\/v20\/?post_type=product&#038;p=10634"},"modified":"2026-02-26T11:34:45","modified_gmt":"2026-02-26T14:34:45","slug":"liquidificador-power-mix-arno-lq12","status":"publish","type":"product","link":"http:\/\/ambrosioeletro.com.br\/v20\/produto\/liquidificador-power-mix-arno-lq12\/","title":{"rendered":"Liquidificador Power Mix Arno Lq12"},"content":{"rendered":"<p><span class=\"sc-kDvujY kknhWA\" data-testid=\"product-detail-title\">Liquidificador Power Mix Arno Lq12<\/span><\/p>\n<div class=\"sc-hLBbgP eodrha sc-kCuNey jeHWJR\" data-testid=\"product-detail-description\">\n<div class=\"sc-hLBbgP gcxrmT sc-dXqfbs lnWgwj\" data-testid=\"rich-content-container\">O Liquidificador Ano Power Mix tem maior desempenho e durabilidade!<br \/>\nO Power Mix conta com uma tecnologia patenteada: as exclusivas l\u00e2minas Zelkrom, que s\u00e3o de a\u00e7o inox de alta qualidade e por isso, s\u00e3o ultra dur\u00e1veis, n\u00e3o perdem o corte e n\u00e3o enferrujam. Seu alto poder de corte tritura at\u00e9 os ingredientes mais duros e deixa tudo mais cremoso. Seus resultados s\u00e3o incr\u00edveis! S\u00e3o duas velocidades, a fun\u00e7\u00e3o pulsar e 550W de pot\u00eancia.<\/div>\n<\/div>\n","protected":false},"excerpt":{"rendered":"<p>Liquidificador Power Mix Arno Lq12 O Liquidificador Ano Power Mix tem maior desempenho e durabilidade! O Power Mix conta com uma tecnologia patenteada: as exclusivas l\u00e2minas Zelkrom, que s\u00e3o de<\/p>\n","protected":false},"featured_media":10641,"comment_status":"open","ping_status":"closed","template":"","meta":[],"product_brand":[],"product_cat":[232,226],"product_tag":[],"class_list":{"0":"post-10634","1":"product","2":"type-product","3":"status-publish","4":"has-post-thumbnail","6":"product_cat-cozinha","7":"product_cat-eletrodomesticos","8":"product_shipping_class-pac","10":"first","11":"instock","12":"shipping-taxable","13":"purchasable","14":"product-type-simple"},"_links":{"self":[{"href":"http:\/\/ambrosioeletro.com.br\/v20\/wp-json\/wp\/v2\/product\/10634","targetHints":{"allow":["GET"]}}],"collection":[{"href":"http:\/\/ambrosioeletro.com.br\/v20\/wp-json\/wp\/v2\/product"}],"about":[{"href":"http:\/\/ambrosioeletro.com.br\/v20\/wp-json\/wp\/v2\/types\/product"}],"replies":[{"embeddable":true,"href":"http:\/\/ambrosioeletro.com.br\/v20\/wp-json\/wp\/v2\/comments?post=10634"}],"wp:featuredmedia":[{"embeddable":true,"href":"http:\/\/ambrosioeletro.com.br\/v20\/wp-json\/wp\/v2\/media\/10641"}],"wp:attachment":[{"href":"http:\/\/ambrosioeletro.com.br\/v20\/wp-json\/wp\/v2\/media?parent=10634"}],"wp:term":[{"taxonomy":"product_brand","embeddable":true,"href":"http:\/\/ambrosioeletro.com.br\/v20\/wp-json\/wp\/v2\/product_brand?post=10634"},{"taxonomy":"product_cat","embeddable":true,"href":"http:\/\/ambrosioeletro.com.br\/v20\/wp-json\/wp\/v2\/product_cat?post=10634"},{"taxonomy":"product_tag","embeddable":true,"href":"http:\/\/ambrosioeletro.com.br\/v20\/wp-json\/wp\/v2\/product_tag?post=10634"}],"curies":[{"name":"wp","href":"https:\/\/api.w.org\/{rel}","templated":true}]}}