{"id":10679,"date":"2023-03-24T14:29:12","date_gmt":"2023-03-24T17:29:12","guid":{"rendered":"http:\/\/ambrosioeletro.com.br\/v20\/?post_type=product&#038;p=10679"},"modified":"2026-04-18T10:28:53","modified_gmt":"2026-04-18T13:28:53","slug":"cama-box-bau-luckspuma-corano-preto-cama-box-bau-casal-138x188x039","status":"publish","type":"product","link":"http:\/\/ambrosioeletro.com.br\/v20\/produto\/cama-box-bau-luckspuma-corano-preto-cama-box-bau-casal-138x188x039\/","title":{"rendered":"Base Box Ba\u00fa Luckspuma Corino Preto Cama Box Bau Casal &#8211; 1,38&#215;1,88&#215;0,39"},"content":{"rendered":"<p><b>Cama Box Ba\u00fa Luckspuma Corano Marrom &#8211; Cama Box Bau Casal &#8211; 1,38&#215;1,88&#215;0,39 &#8211; Sem Colch?o<\/b><\/p>\n<p>Marca:\u00a0<b>Luckspuma<\/b><\/p>\n<p>Dimens\u00f5es(Cm): Comprimento(Profundidade): 188,00 x Largura: 138,00 x Altura: 39,00<\/p>\n<p><b>DIVERSOS BENEF\u00cdCIOS DA CAMA BOX<\/b><br \/>\n<b>Sobre a Cama Box Ba\u00fa<\/b><br \/>\n&#8211; Informa\u00e7\u00f5es Cama Box Ba\u00fa<br \/>\n&#8211; Vantagens da cama box ba\u00fa<\/p>\n<p><b>BENEF\u00cdCIOS EXTERNO DA CAMA BOX<\/b><br \/>\n<b>Forra\u00e7\u00e3o de Revestimento da Cama Box<\/b><br \/>\n&#8211; Acabamento em Cour\u00edno<br \/>\n<b>Cor da Forra\u00e7\u00e3o Revestimento Cama Box<\/b><br \/>\n&#8211; Dispon\u00edvel na Tonalidade Preta<br \/>\n<b>Altura da Cama Box com os P\u00e9s<\/b><br \/>\n&#8211; 36 cm de altura<br \/>\n<b>Altura dos p\u00e9s da Cama Box<\/b><br \/>\n&#8211; 12 cm de altura<\/p>\n<p><b>BENEF\u00cdCIOS EXTERNOS CAMA BOX<\/b><br \/>\n<b>Caracter\u00edsticas Gerais da Cama Box<\/b><br \/>\n&#8211; P\u00e9s Fixos Madeira<br \/>\n&#8211; Cantoneira de Prote\u00e7\u00e3o PVC nas Quinas<\/p>\n<p><b>CARACTER\u00cdSTICAS GERAIS DA CAMA BOX<\/b><br \/>\n<b>Suporte de Peso da Cama Box<\/b><br \/>\n&#8211; at\u00e9 120 kg<\/p>\n","protected":false},"excerpt":{"rendered":"<p>Cama Box Ba\u00fa Luckspuma Corano Marrom &#8211; Cama Box Bau Casal &#8211; 1,38&#215;1,88&#215;0,39 &#8211; Sem Colch?o Marca:\u00a0Luckspuma Dimens\u00f5es(Cm): Comprimento(Profundidade): 188,00 x Largura: 138,00 x Altura: 39,00 DIVERSOS BENEF\u00cdCIOS DA CAMA<\/p>\n","protected":false},"featured_media":12545,"comment_status":"open","ping_status":"closed","template":"","meta":[],"product_brand":[],"product_cat":[227,241],"product_tag":[],"class_list":{"0":"post-10679","1":"product","2":"type-product","3":"status-publish","4":"has-post-thumbnail","6":"product_cat-moveis","7":"product_cat-quarto","8":"product_shipping_class-retirar-no-local","10":"first","11":"instock","12":"shipping-taxable","13":"purchasable","14":"product-type-simple"},"_links":{"self":[{"href":"http:\/\/ambrosioeletro.com.br\/v20\/wp-json\/wp\/v2\/product\/10679","targetHints":{"allow":["GET"]}}],"collection":[{"href":"http:\/\/ambrosioeletro.com.br\/v20\/wp-json\/wp\/v2\/product"}],"about":[{"href":"http:\/\/ambrosioeletro.com.br\/v20\/wp-json\/wp\/v2\/types\/product"}],"replies":[{"embeddable":true,"href":"http:\/\/ambrosioeletro.com.br\/v20\/wp-json\/wp\/v2\/comments?post=10679"}],"wp:featuredmedia":[{"embeddable":true,"href":"http:\/\/ambrosioeletro.com.br\/v20\/wp-json\/wp\/v2\/media\/12545"}],"wp:attachment":[{"href":"http:\/\/ambrosioeletro.com.br\/v20\/wp-json\/wp\/v2\/media?parent=10679"}],"wp:term":[{"taxonomy":"product_brand","embeddable":true,"href":"http:\/\/ambrosioeletro.com.br\/v20\/wp-json\/wp\/v2\/product_brand?post=10679"},{"taxonomy":"product_cat","embeddable":true,"href":"http:\/\/ambrosioeletro.com.br\/v20\/wp-json\/wp\/v2\/product_cat?post=10679"},{"taxonomy":"product_tag","embeddable":true,"href":"http:\/\/ambrosioeletro.com.br\/v20\/wp-json\/wp\/v2\/product_tag?post=10679"}],"curies":[{"name":"wp","href":"https:\/\/api.w.org\/{rel}","templated":true}]}}