{"id":10682,"date":"2023-03-24T14:45:10","date_gmt":"2023-03-24T17:45:10","guid":{"rendered":"http:\/\/ambrosioeletro.com.br\/v20\/?post_type=product&#038;p=10682"},"modified":"2026-04-18T10:21:12","modified_gmt":"2026-04-18T13:21:12","slug":"cama-box-king-colchao-molas-ensacadas-luckspuma-masterpocket-cloud-one-side-base-crc-suede-clean193x203","status":"publish","type":"product","link":"http:\/\/ambrosioeletro.com.br\/v20\/produto\/cama-box-king-colchao-molas-ensacadas-luckspuma-masterpocket-cloud-one-side-base-crc-suede-clean193x203\/","title":{"rendered":"Cama Box King Luckspuma MasterPocket Cloud One Side + Base crc Suede Clean(193&#215;203)"},"content":{"rendered":"<p>Cama Box King: Colch\u00e3o Molas Ensacadas Luckspuma MasterPocket Cloud One Side + Base crc Suede Clean(193&#215;203)<br \/>\nAbaixo segue os produtos do kit: Cama Box King: Colch\u00e3o Molas Ensacadas Luckspuma MasterPocket Cloud One Side + Base crc Suede Clean(193&#215;203)<\/p>\n<p>Produto: Colch\u00e3o King Molas Ensacadas MasterPocket Cloud Pillow Top (193x203x32) &#8211; Luckspuma<\/p>\n<p>Dimens\u00f5es(Cm): Comprimento(Profundidade): 203,00 x Largura: 193,00 x Altura: 32,00<\/p>\n<p>Fabricante: Luckspuma<\/p>\n<p>benef\u00edcios externos do colch\u00e3o<br \/>\nTipo de Pillow<br \/>\n&#8211; Pillow Top Americano<br \/>\nTipo de Bordado do Tecido de Revestimento<br \/>\n&#8211; Cont\u00ednuo<br \/>\nTipo Tecido de Forra\u00e7\u00e3o Revestimento<br \/>\n&#8211; Malha de Alta Qualidade<br \/>\nC o r do Tecido do Tampo<br \/>\n&#8211; Claro<br \/>\nTipo de Tecido de Revestimento da Faixa Lateral<br \/>\n&#8211; De c o rativa<br \/>\nC o r do Tecido de Revestimento da Faixa Lateral<br \/>\n&#8211; Clara<br \/>\nTecido com Tratamento<br \/>\n&#8211; Anti\u00c1caro e AntiFungo<br \/>\nModo de Utiliza\u00e7\u00e3o<br \/>\n&#8211; One Side<br \/>\nTipo de Forra\u00e7\u00e3o do Revestimento Inferior<br \/>\n&#8211; Antiderrapante<\/p>\n<p>caracter\u00edsticas internas do colch\u00e3o<br \/>\nCamadas Interna do Estofamento de Espuma<br \/>\n&#8211; Alta Qualidade<br \/>\nOutras Caracter\u00edsticas Internas<br \/>\n&#8211; c\/ Sistema Polyframe<\/p>\n<p>caracter\u00edsticas gerais do colch\u00e3o<br \/>\nSuporte de Peso<br \/>\n&#8211; 110<br \/>\nTipo de Conforto<br \/>\n&#8211; Macio c\/ Firmeza<\/p>\n<p>benef\u00edcios gerais do colch\u00e3o<br \/>\nCertificados de Qualidade<br \/>\n&#8211; Qualidade Aprovada<br \/>\n&#8211; iner Pr\u00f3 Espuma<br \/>\n&#8211; Qualidade Costa Rica<br \/>\n&#8211; inmetro<br \/>\nNossa Avalia\u00e7\u00e3o<br \/>\n&#8211; Qualidade Muito Boa<br \/>\nTempo de Garantia<br \/>\n&#8211; 12<\/p>\n<p>02 &#8211; caracter\u00edsticas E benef\u00edcios de colch\u00f5es E camas box<br \/>\nTipo de Mola<br \/>\n&#8211; Ensacadas MasterPocket<\/p>\n<p>Produto: Cama Box Base King Universal Suede Clean (193x203x20) &#8211; Costa Rica<\/p>\n<p>Dimens\u00f5es(Cm): Comprimento(Profundidade): 203,00 x Largura: 193,00 x Altura: 20,00<\/p>\n<p>Fabricante: Costa Rica<\/p>\n<p>diversos benef\u00edcios da cama box<br \/>\nSobre a Cama Box Base<br \/>\n&#8211; Informa\u00e7\u00f5es da Cama Box Base<br \/>\n&#8211; Vantagens<\/p>\n<p>benef\u00edcios externos da cama box<br \/>\nForra\u00e7\u00e3o de Revestimento da Cama Box<br \/>\n&#8211; Tecido<br \/>\n&#8211; Antiderrapante<br \/>\nC o r da Forra\u00e7\u00e3o Revestimento Cama Box<br \/>\n&#8211; Bege<br \/>\nAltura da Cama Box com os P\u00e9s<br \/>\n&#8211; 32<br \/>\nDetalhes Gerais da Cama Box<br \/>\n&#8211; P\u00e9s Fixos Madeira\/ABS<br \/>\n&#8211; P\u00e9s foto ilustrativa de a c o rdo com a fabrica\u00e7\u00e3o pode ser madeira\/abs e c o res variadas preto\/branco\/prateado ou madeirado.<br \/>\n&#8211; Cantoneira foto ilustrativa n\u00e3o faz parte ou acompanha o produto.<br \/>\nAltura dos p\u00e9s da Cama Box<br \/>\n&#8211; 12<\/p>\n<p>benef\u00edcios externos cama box<br \/>\nForra\u00e7\u00e3o de Revestimento da Cama Box<br \/>\n&#8211; Poli\u00e9ster<br \/>\n&#8211; Tecido de Alta Qualidade<\/p>\n<p>caracter\u00edsticas internas da cama box<br \/>\nCaracter\u00edsticas Internas Cama Box<br \/>\n&#8211; Estrutura de Madeira<\/p>\n<p>caracter\u00edsticas gerais da cama box<br \/>\nSuporte de Peso da Cama Box<br \/>\n&#8211; 150<\/p>\n<p>benef\u00edcios gerais da cama box<br \/>\nCertifica\u00e7\u00f5es de Qualidade da Cama Box<br \/>\n&#8211; Qualidade Aprovada<br \/>\n&#8211; Certifica\u00e7\u00e3o de Seguran\u00e7a<br \/>\n&#8211; Selo Ecologicamente C o rreto<br \/>\n&#8211; Garantia de Qualidade Costa Rica<br \/>\nNossa Avalia\u00e7\u00e3o da Cama Box<br \/>\n&#8211; Qualidade Muito Boa<br \/>\nTempo de Garantia da Cama Box<br \/>\n&#8211; 3<\/p>\n<p>N\u00e3o nos responsabilizamos pela montagem\/instala\u00e7\u00e3o dos produtos.<br \/>\nTodas as informa\u00e7\u00f5es divulgadas s\u00e3o de responsabilidade exclusiva do fabricante\/fornecedor.<br \/>\nImagens Meramente Ilustrativas.<br \/>\nVerifique com os fabricantes do produto e de seus componentes eventuais limita\u00e7\u00f5es \u00e0 utiliza\u00e7\u00e3o de todos os recursos e funcionalidades.<\/p>\n","protected":false},"excerpt":{"rendered":"<p>Cama Box King: Colch\u00e3o Molas Ensacadas Luckspuma MasterPocket Cloud One Side + Base crc Suede Clean(193&#215;203) Abaixo segue os produtos do kit: Cama Box King: Colch\u00e3o Molas Ensacadas Luckspuma MasterPocket<\/p>\n","protected":false},"featured_media":10909,"comment_status":"open","ping_status":"closed","template":"","meta":[],"product_brand":[],"product_cat":[227,241],"product_tag":[],"class_list":{"0":"post-10682","1":"product","2":"type-product","3":"status-publish","4":"has-post-thumbnail","6":"product_cat-moveis","7":"product_cat-quarto","8":"product_shipping_class-retirar-no-local","10":"first","11":"instock","12":"shipping-taxable","13":"purchasable","14":"product-type-simple"},"_links":{"self":[{"href":"http:\/\/ambrosioeletro.com.br\/v20\/wp-json\/wp\/v2\/product\/10682","targetHints":{"allow":["GET"]}}],"collection":[{"href":"http:\/\/ambrosioeletro.com.br\/v20\/wp-json\/wp\/v2\/product"}],"about":[{"href":"http:\/\/ambrosioeletro.com.br\/v20\/wp-json\/wp\/v2\/types\/product"}],"replies":[{"embeddable":true,"href":"http:\/\/ambrosioeletro.com.br\/v20\/wp-json\/wp\/v2\/comments?post=10682"}],"wp:featuredmedia":[{"embeddable":true,"href":"http:\/\/ambrosioeletro.com.br\/v20\/wp-json\/wp\/v2\/media\/10909"}],"wp:attachment":[{"href":"http:\/\/ambrosioeletro.com.br\/v20\/wp-json\/wp\/v2\/media?parent=10682"}],"wp:term":[{"taxonomy":"product_brand","embeddable":true,"href":"http:\/\/ambrosioeletro.com.br\/v20\/wp-json\/wp\/v2\/product_brand?post=10682"},{"taxonomy":"product_cat","embeddable":true,"href":"http:\/\/ambrosioeletro.com.br\/v20\/wp-json\/wp\/v2\/product_cat?post=10682"},{"taxonomy":"product_tag","embeddable":true,"href":"http:\/\/ambrosioeletro.com.br\/v20\/wp-json\/wp\/v2\/product_tag?post=10682"}],"curies":[{"name":"wp","href":"https:\/\/api.w.org\/{rel}","templated":true}]}}