{"id":10876,"date":"2023-05-03T16:34:04","date_gmt":"2023-05-03T19:34:04","guid":{"rendered":"http:\/\/ambrosioeletro.com.br\/v20\/?post_type=product&#038;p=10876"},"modified":"2026-04-10T11:47:40","modified_gmt":"2026-04-10T14:47:40","slug":"cadeira-plastica-poltrona-isabela-premium-com-braco-branca-topplast","status":"publish","type":"product","link":"http:\/\/ambrosioeletro.com.br\/v20\/produto\/cadeira-plastica-poltrona-isabela-premium-com-braco-branca-topplast\/","title":{"rendered":"Cadeira Pl\u00e1stica Poltrona Isabela Premium Com Bra\u00e7o Branca &#8211; Topplast"},"content":{"rendered":"<p class=\"ckeditor-css\">Cadeira Pl\u00e1stica Poltrona Isabela Premium Com Bra\u00e7o Branca- Topplast<\/p>\n<p class=\"ckeditor-css\">Super resistente e confort\u00e1vel. Confeccionada em polipropileno, firmeza na sustenta\u00e7\u00e3o, garantindo a seguran\u00e7a de quem a utiliza. Ela tamb\u00e9m \u00e9 muito resistente a varia\u00e7\u00f5es de clima. Perfeita para varandas, jardins, piscina, praia e \u00e1reas de lazer.<\/p>\n<hr \/>\n<p class=\"ckeditor-css\">Informa\u00e7\u00f5es do produto:<\/p>\n<ul class=\"ckeditor-css\">\n<li>Marca: Topplast<\/li>\n<li>Altura: 88 cm<\/li>\n<li>Largura: 41 cm<\/li>\n<li>Profundidade: 44 cm<\/li>\n<li>Peso: 2 kg<\/li>\n<li>Modelo: Isabela<\/li>\n<li>Peso suportado: 120 kg<\/li>\n<li>Material: Polipropileno<\/li>\n<li>Certificada pelo inmetro<\/li>\n<li>Empilhamento com facilidade ap\u00f3s o uso<\/li>\n<\/ul>\n","protected":false},"excerpt":{"rendered":"<p>Cadeira Pl\u00e1stica Poltrona Isabela Premium Com Bra\u00e7o Branca- Topplast Super resistente e confort\u00e1vel. Confeccionada em polipropileno, firmeza na sustenta\u00e7\u00e3o, garantindo a seguran\u00e7a de quem a utiliza. Ela tamb\u00e9m \u00e9 muito<\/p>\n","protected":false},"featured_media":15763,"comment_status":"open","ping_status":"closed","template":"","meta":[],"product_brand":[],"product_cat":[243,227],"product_tag":[],"class_list":{"0":"post-10876","1":"product","2":"type-product","3":"status-publish","4":"has-post-thumbnail","6":"product_cat-cozinha-moveis","7":"product_cat-moveis","8":"product_shipping_class-retirar-no-local","10":"first","11":"instock","12":"shipping-taxable","13":"purchasable","14":"product-type-simple"},"_links":{"self":[{"href":"http:\/\/ambrosioeletro.com.br\/v20\/wp-json\/wp\/v2\/product\/10876","targetHints":{"allow":["GET"]}}],"collection":[{"href":"http:\/\/ambrosioeletro.com.br\/v20\/wp-json\/wp\/v2\/product"}],"about":[{"href":"http:\/\/ambrosioeletro.com.br\/v20\/wp-json\/wp\/v2\/types\/product"}],"replies":[{"embeddable":true,"href":"http:\/\/ambrosioeletro.com.br\/v20\/wp-json\/wp\/v2\/comments?post=10876"}],"wp:featuredmedia":[{"embeddable":true,"href":"http:\/\/ambrosioeletro.com.br\/v20\/wp-json\/wp\/v2\/media\/15763"}],"wp:attachment":[{"href":"http:\/\/ambrosioeletro.com.br\/v20\/wp-json\/wp\/v2\/media?parent=10876"}],"wp:term":[{"taxonomy":"product_brand","embeddable":true,"href":"http:\/\/ambrosioeletro.com.br\/v20\/wp-json\/wp\/v2\/product_brand?post=10876"},{"taxonomy":"product_cat","embeddable":true,"href":"http:\/\/ambrosioeletro.com.br\/v20\/wp-json\/wp\/v2\/product_cat?post=10876"},{"taxonomy":"product_tag","embeddable":true,"href":"http:\/\/ambrosioeletro.com.br\/v20\/wp-json\/wp\/v2\/product_tag?post=10876"}],"curies":[{"name":"wp","href":"https:\/\/api.w.org\/{rel}","templated":true}]}}