{"id":10902,"date":"2023-05-05T17:25:21","date_gmt":"2023-05-05T20:25:21","guid":{"rendered":"http:\/\/ambrosioeletro.com.br\/v20\/?post_type=product&#038;p=10902"},"modified":"2026-03-27T09:47:00","modified_gmt":"2026-03-27T12:47:00","slug":"panela-eletrica-de-arroz-midi-itatiaia-8-xicaras","status":"publish","type":"product","link":"http:\/\/ambrosioeletro.com.br\/v20\/produto\/panela-eletrica-de-arroz-midi-itatiaia-8-xicaras\/","title":{"rendered":"PANELA EL\u00c9TRICA DE ARROZ MID ITATIAIA 8 X\u00edcaras"},"content":{"rendered":"<p>.Caracter\u00edsticas<\/p>\n<p>.Leve sua panela para a mesa com seu cabo el\u00e9trico remov\u00edvel e sua alca para transporte<\/p>\n<p>.Panela anti-aderente remov\u00edvel<\/p>\n<p>. Acompanhe o preparo do alimento atrav\u00e9s da tama de vidro<\/p>\n<p>. Desligamento autom\u00e1tico<\/p>\n<p>.Capacidade de 1.5 Litros<\/p>\n<p>.Potencia 500w<\/p>\n<p>.Acompanha copo medidor, espatula, e bandeija para cozimento a vapor<\/p>\n<p>.1 Ano de garantia<\/p>\n","protected":false},"excerpt":{"rendered":"<p>.Caracter\u00edsticas .Leve sua panela para a mesa com seu cabo el\u00e9trico remov\u00edvel e sua alca para transporte .Panela anti-aderente remov\u00edvel . Acompanhe o preparo do alimento atrav\u00e9s da tama de<\/p>\n","protected":false},"featured_media":10903,"comment_status":"open","ping_status":"closed","template":"","meta":[],"product_brand":[],"product_cat":[232,226],"product_tag":[],"class_list":{"0":"post-10902","1":"product","2":"type-product","3":"status-publish","4":"has-post-thumbnail","6":"product_cat-cozinha","7":"product_cat-eletrodomesticos","8":"product_shipping_class-pac","10":"first","11":"instock","12":"shipping-taxable","13":"purchasable","14":"product-type-simple"},"_links":{"self":[{"href":"http:\/\/ambrosioeletro.com.br\/v20\/wp-json\/wp\/v2\/product\/10902","targetHints":{"allow":["GET"]}}],"collection":[{"href":"http:\/\/ambrosioeletro.com.br\/v20\/wp-json\/wp\/v2\/product"}],"about":[{"href":"http:\/\/ambrosioeletro.com.br\/v20\/wp-json\/wp\/v2\/types\/product"}],"replies":[{"embeddable":true,"href":"http:\/\/ambrosioeletro.com.br\/v20\/wp-json\/wp\/v2\/comments?post=10902"}],"wp:featuredmedia":[{"embeddable":true,"href":"http:\/\/ambrosioeletro.com.br\/v20\/wp-json\/wp\/v2\/media\/10903"}],"wp:attachment":[{"href":"http:\/\/ambrosioeletro.com.br\/v20\/wp-json\/wp\/v2\/media?parent=10902"}],"wp:term":[{"taxonomy":"product_brand","embeddable":true,"href":"http:\/\/ambrosioeletro.com.br\/v20\/wp-json\/wp\/v2\/product_brand?post=10902"},{"taxonomy":"product_cat","embeddable":true,"href":"http:\/\/ambrosioeletro.com.br\/v20\/wp-json\/wp\/v2\/product_cat?post=10902"},{"taxonomy":"product_tag","embeddable":true,"href":"http:\/\/ambrosioeletro.com.br\/v20\/wp-json\/wp\/v2\/product_tag?post=10902"}],"curies":[{"name":"wp","href":"https:\/\/api.w.org\/{rel}","templated":true}]}}