{"id":11058,"date":"2023-06-30T16:07:00","date_gmt":"2023-06-30T19:07:00","guid":{"rendered":"http:\/\/ambrosioeletro.com.br\/v20\/?post_type=product&#038;p=11058"},"modified":"2026-04-10T12:41:36","modified_gmt":"2026-04-10T15:41:36","slug":"fogao-5-bocas-com-mesa-de-inox-e-acendimento-mueller-preto","status":"publish","type":"product","link":"http:\/\/ambrosioeletro.com.br\/v20\/produto\/fogao-5-bocas-com-mesa-de-inox-e-acendimento-mueller-preto\/","title":{"rendered":"Fog\u00e3o 5 Bocas com Mesa de Inox e Acendimento Mueller Branco"},"content":{"rendered":"<p><span class=\"sc-kpDqfm qhIEo\" data-testid=\"product-detail-title\">Fog\u00e3o 5 Bocas com Mesa de Inox e Acendimento Mueller Preto<\/span><\/p>\n<div class=\"sc-fqkvVR heuZyN sc-foEvvu gdoEqN\" data-testid=\"product-detail-description\">\n<div class=\"sc-fqkvVR hlqElk sc-iyLcWo dCFrVo\" data-testid=\"rich-content-container\">O Fog\u00e3o MFI5BB da Mueller \u00e9 surpreendente em cada detalhe. Tem acendimento autom\u00e1tico total, para acendimento pr\u00e1tico dos queimadores da mesa e do forno e painel inclinado, que oferece mais conforto no manuseio dos bot\u00f5es. O interior do forno \u00e9 total clean, o que facilita sua limpeza. E conta ainda com p\u00e9s mais altos, para facilitar a limpeza da sua cozinha. Detalhes pensados sempre para facilitar o seu dia a dia. Encaixe dos queimadores vedado \u00e0 mesa. Queimadores de a\u00e7o esmaltado. Um queimador Ultra Chama &#8211; 3,7KW<\/div>\n<div data-testid=\"rich-content-container\">\n<table class=\"sc-fqkvVR dUvaSJ sc-ezreuY fICHEO\">\n<tbody>\n<tr>\n<td class=\"sc-boZgaH fVwlHU\">Acabamento do Puxador<\/td>\n<td class=\"sc-jwZKMi hwNyaj\">\n<table class=\"sc-dChVcU jQnasd\">\n<tbody>\n<tr>\n<td>Puxador do forno em metal com abertura ergon\u00f4mica<\/td>\n<\/tr>\n<\/tbody>\n<\/table>\n<\/td>\n<\/tr>\n<tr>\n<td class=\"sc-boZgaH fVwlHU\">Acabamento Interno<\/td>\n<td class=\"sc-jwZKMi hwNyaj\">\n<table class=\"sc-dChVcU jQnasd\">\n<tbody>\n<tr>\n<td>Easyclean<\/td>\n<\/tr>\n<\/tbody>\n<\/table>\n<\/td>\n<\/tr>\n<tr>\n<td class=\"sc-boZgaH fVwlHU\">Acendimento<\/td>\n<td class=\"sc-jwZKMi hwNyaj\">\n<table class=\"sc-dChVcU jQnasd\">\n<tbody>\n<tr>\n<td>Autom\u00e1tico<\/td>\n<\/tr>\n<\/tbody>\n<\/table>\n<\/td>\n<\/tr>\n<tr>\n<td class=\"sc-boZgaH fVwlHU\">Acompanha Manual de Instru\u00e7\u00f5es<\/td>\n<td class=\"sc-jwZKMi hwNyaj\">\n<table class=\"sc-dChVcU jQnasd\">\n<tbody>\n<tr>\n<td>Sim<\/td>\n<\/tr>\n<\/tbody>\n<\/table>\n<\/td>\n<\/tr>\n<tr>\n<td class=\"sc-boZgaH fVwlHU\">Altura<\/td>\n<td class=\"sc-jwZKMi hwNyaj\">\n<table class=\"sc-dChVcU jQnasd\">\n<tbody>\n<tr>\n<td>87 cm<\/td>\n<\/tr>\n<\/tbody>\n<\/table>\n<\/td>\n<\/tr>\n<tr>\n<td class=\"sc-boZgaH fVwlHU\">Ambiente Principal<\/td>\n<td class=\"sc-jwZKMi hwNyaj\">\n<table class=\"sc-dChVcU jQnasd\">\n<tbody>\n<tr>\n<td>Cozinha<\/td>\n<\/tr>\n<\/tbody>\n<\/table>\n<\/td>\n<\/tr>\n<tr>\n<td class=\"sc-boZgaH fVwlHU\">Capacidade<\/td>\n<td class=\"sc-jwZKMi hwNyaj\">\n<table class=\"sc-dChVcU jQnasd\">\n<tbody>\n<tr>\n<td>81,6 l<\/td>\n<\/tr>\n<\/tbody>\n<\/table>\n<\/td>\n<\/tr>\n<tr>\n<td class=\"sc-boZgaH fVwlHU\">Certificado<\/td>\n<td class=\"sc-jwZKMi hwNyaj\">\n<table class=\"sc-dChVcU jQnasd\">\n<tbody>\n<tr>\n<td>INMETRO<\/td>\n<\/tr>\n<\/tbody>\n<\/table>\n<\/td>\n<\/tr>\n<tr>\n<td class=\"sc-boZgaH fVwlHU\">Contato Assist\u00eancia<\/td>\n<td class=\"sc-jwZKMi hwNyaj\">\n<table class=\"sc-dChVcU jQnasd\">\n<tbody>\n<tr>\n<td>0800 747 1692<\/td>\n<\/tr>\n<\/tbody>\n<\/table>\n<\/td>\n<\/tr>\n<tr>\n<td class=\"sc-boZgaH fVwlHU\">Cor<\/td>\n<td class=\"sc-jwZKMi hwNyaj\">\n<table class=\"sc-dChVcU jQnasd\">\n<tbody>\n<tr>\n<td>Branco<\/td>\n<\/tr>\n<\/tbody>\n<\/table>\n<\/td>\n<\/tr>\n<tr>\n<td class=\"sc-boZgaH fVwlHU\">Cor do Produto<\/td>\n<td class=\"sc-jwZKMi hwNyaj\">Branco<\/td>\n<\/tr>\n<tr>\n<td class=\"sc-boZgaH fVwlHU\">Cor Predominante<\/td>\n<td class=\"sc-jwZKMi hwNyaj\">Branco<\/td>\n<\/tr>\n<tr>\n<td class=\"sc-boZgaH fVwlHU\">Duplo Forno<\/td>\n<td class=\"sc-jwZKMi hwNyaj\">\n<table class=\"sc-dChVcU jQnasd\">\n<tbody>\n<tr>\n<td>N\u00e3o<\/td>\n<\/tr>\n<\/tbody>\n<\/table>\n<\/td>\n<\/tr>\n<tr>\n<td class=\"sc-boZgaH fVwlHU\">Efici\u00eancia Energ\u00e9tica<\/td>\n<td class=\"sc-jwZKMi hwNyaj\">\n<table class=\"sc-dChVcU jQnasd\">\n<tbody>\n<tr>\n<td>Classe A<\/td>\n<\/tr>\n<\/tbody>\n<\/table>\n<\/td>\n<\/tr>\n<tr>\n<td class=\"sc-boZgaH fVwlHU\">Garantia do Fornecedor<\/td>\n<td class=\"sc-jwZKMi hwNyaj\">\n<table class=\"sc-dChVcU jQnasd\">\n<tbody>\n<tr>\n<td>12 meses<\/td>\n<\/tr>\n<\/tbody>\n<\/table>\n<\/td>\n<\/tr>\n<tr>\n<td class=\"sc-boZgaH fVwlHU\">Grill<\/td>\n<td class=\"sc-jwZKMi hwNyaj\">\n<table class=\"sc-dChVcU jQnasd\">\n<tbody>\n<tr>\n<td>N\u00e3o<\/td>\n<\/tr>\n<\/tbody>\n<\/table>\n<\/td>\n<\/tr>\n<tr>\n<td class=\"sc-boZgaH fVwlHU\">Ilumina\u00e7\u00e3o Interna<\/td>\n<td class=\"sc-jwZKMi hwNyaj\">\n<table class=\"sc-dChVcU jQnasd\">\n<tbody>\n<tr>\n<td>N\u00e3o<\/td>\n<\/tr>\n<\/tbody>\n<\/table>\n<\/td>\n<\/tr>\n<tr>\n<td class=\"sc-boZgaH fVwlHU\">Itens Inclusos<\/td>\n<td class=\"sc-jwZKMi hwNyaj\">\n<table class=\"sc-dChVcU jQnasd\">\n<tbody>\n<tr>\n<td>1 Fog\u00e3o, 4 Queimadores, 4 Grades, Manual de Instru\u00e7\u00f5es<\/td>\n<\/tr>\n<\/tbody>\n<\/table>\n<\/td>\n<\/tr>\n<tr>\n<td class=\"sc-boZgaH fVwlHU\">Largura<\/td>\n<td class=\"sc-jwZKMi hwNyaj\">\n<table class=\"sc-dChVcU jQnasd\">\n<tbody>\n<tr>\n<td>75 cm<\/td>\n<\/tr>\n<\/tbody>\n<\/table>\n<\/td>\n<\/tr>\n<tr>\n<td class=\"sc-boZgaH fVwlHU\">Linha ou Cole\u00e7\u00e3o<\/td>\n<td class=\"sc-jwZKMi hwNyaj\">\n<table class=\"sc-dChVcU jQnasd\">\n<tbody>\n<tr>\n<td>MFI<\/td>\n<\/tr>\n<\/tbody>\n<\/table>\n<\/td>\n<\/tr>\n<tr>\n<td class=\"sc-boZgaH fVwlHU\">Manual de Montagem e Instala\u00e7\u00e3o<\/td>\n<td class=\"sc-jwZKMi hwNyaj\">\n<table class=\"sc-dChVcU jQnasd\">\n<tbody>\n<tr>\n<td>https:\/\/cdn2.madeiramadeira.com.br\/atributo\/mueller-fogOes\/1310018-110000892-manual-fogao-nac-r04-web.pdf<\/td>\n<\/tr>\n<\/tbody>\n<\/table>\n<\/td>\n<\/tr>\n<tr>\n<td class=\"sc-boZgaH fVwlHU\">Mesa Sem Fura\u00e7\u00e3o<\/td>\n<td class=\"sc-jwZKMi hwNyaj\">\n<table class=\"sc-dChVcU jQnasd\">\n<tbody>\n<tr>\n<td>N\u00e3o<\/td>\n<\/tr>\n<\/tbody>\n<\/table>\n<\/td>\n<\/tr>\n<tr>\n<td class=\"sc-boZgaH fVwlHU\">N\u00edveis de Altura das Prateleiras<\/td>\n<td class=\"sc-jwZKMi hwNyaj\">\n<table class=\"sc-dChVcU jQnasd\">\n<tbody>\n<tr>\n<td>02<\/td>\n<\/tr>\n<\/tbody>\n<\/table>\n<\/td>\n<\/tr>\n<tr>\n<td class=\"sc-boZgaH fVwlHU\">N\u00famero de Bocas<\/td>\n<td class=\"sc-jwZKMi hwNyaj\">\n<table class=\"sc-dChVcU jQnasd\">\n<tbody>\n<tr>\n<td>05<\/td>\n<\/tr>\n<\/tbody>\n<\/table>\n<\/td>\n<\/tr>\n<tr>\n<td class=\"sc-boZgaH fVwlHU\">N\u00famero de Prateleiras<\/td>\n<td class=\"sc-jwZKMi hwNyaj\">\n<table class=\"sc-dChVcU jQnasd\">\n<tbody>\n<tr>\n<td>01<\/td>\n<\/tr>\n<\/tbody>\n<\/table>\n<\/td>\n<\/tr>\n<tr>\n<td class=\"sc-boZgaH fVwlHU\">Origem do Produto<\/td>\n<td class=\"sc-jwZKMi hwNyaj\">\n<table class=\"sc-dChVcU jQnasd\">\n<tbody>\n<tr>\n<td>Nacional<\/td>\n<\/tr>\n<\/tbody>\n<\/table>\n<\/td>\n<\/tr>\n<tr>\n<td class=\"sc-boZgaH fVwlHU\">Peso<\/td>\n<td class=\"sc-jwZKMi hwNyaj\">\n<table class=\"sc-dChVcU jQnasd\">\n<tbody>\n<tr>\n<td>23,1 kg<\/td>\n<\/tr>\n<\/tbody>\n<\/table>\n<\/td>\n<\/tr>\n<tr>\n<td class=\"sc-boZgaH fVwlHU\">Possui Certificado<\/td>\n<td class=\"sc-jwZKMi hwNyaj\">\n<table class=\"sc-dChVcU jQnasd\">\n<tbody>\n<tr>\n<td>Sim<\/td>\n<\/tr>\n<\/tbody>\n<\/table>\n<\/td>\n<\/tr>\n<tr>\n<td class=\"sc-boZgaH fVwlHU\">Possui P\u00e9s<\/td>\n<td class=\"sc-jwZKMi hwNyaj\">\n<table class=\"sc-dChVcU jQnasd\">\n<tbody>\n<tr>\n<td>04<\/td>\n<\/tr>\n<\/tbody>\n<\/table>\n<\/td>\n<\/tr>\n<tr>\n<td class=\"sc-boZgaH fVwlHU\">Pot\u00eancia<\/td>\n<td class=\"sc-jwZKMi hwNyaj\">\n<table class=\"sc-dChVcU jQnasd\">\n<tbody>\n<tr>\n<td>3,7 W<\/td>\n<\/tr>\n<\/tbody>\n<\/table>\n<\/td>\n<\/tr>\n<tr>\n<td class=\"sc-boZgaH fVwlHU\">Pot\u00eancia dos queimadores<\/td>\n<td class=\"sc-jwZKMi hwNyaj\">\n<table class=\"sc-dChVcU jQnasd\">\n<tbody>\n<tr>\n<td>Dois queimadores Fam\u00edlia (2.000W de pot\u00eancia) Dois queimador Um queimador Ultra Chama &#8211; 3,7KWes M\u00e9dios (1.700W de pot\u00eancia)<\/td>\n<\/tr>\n<\/tbody>\n<\/table>\n<\/td>\n<\/tr>\n<tr>\n<td class=\"sc-boZgaH fVwlHU\">Prateleiras Deslizantes<\/td>\n<td class=\"sc-jwZKMi hwNyaj\">\n<table class=\"sc-dChVcU jQnasd\">\n<tbody>\n<tr>\n<td>N\u00e3o<\/td>\n<\/tr>\n<\/tbody>\n<\/table>\n<\/td>\n<\/tr>\n<tr>\n<td class=\"sc-boZgaH fVwlHU\">Prateleiras Remov\u00edveis<\/td>\n<td class=\"sc-jwZKMi hwNyaj\">\n<table class=\"sc-dChVcU jQnasd\">\n<tbody>\n<tr>\n<td>Sim<\/td>\n<\/tr>\n<\/tbody>\n<\/table>\n<\/td>\n<\/tr>\n<tr>\n<td class=\"sc-boZgaH fVwlHU\">Profundidade<\/td>\n<td class=\"sc-jwZKMi hwNyaj\">\n<table class=\"sc-dChVcU jQnasd\">\n<tbody>\n<tr>\n<td>55 cm<\/td>\n<\/tr>\n<\/tbody>\n<\/table>\n<\/td>\n<\/tr>\n<tr>\n<td class=\"sc-boZgaH fVwlHU\">Prote\u00e7\u00e3o T\u00e9rmica Traseira<\/td>\n<td class=\"sc-jwZKMi hwNyaj\">\n<table class=\"sc-dChVcU jQnasd\">\n<tbody>\n<tr>\n<td>Sim<\/td>\n<\/tr>\n<\/tbody>\n<\/table>\n<\/td>\n<\/tr>\n<tr>\n<td class=\"sc-boZgaH fVwlHU\">Quadrichama<\/td>\n<td class=\"sc-jwZKMi hwNyaj\">\n<table class=\"sc-dChVcU jQnasd\">\n<tbody>\n<tr>\n<td>N\u00e3o<\/td>\n<\/tr>\n<\/tbody>\n<\/table>\n<\/td>\n<\/tr>\n<tr>\n<td class=\"sc-boZgaH fVwlHU\">Timer<\/td>\n<td class=\"sc-jwZKMi hwNyaj\">\n<table class=\"sc-dChVcU jQnasd\">\n<tbody>\n<tr>\n<td>N\u00e3o<\/td>\n<\/tr>\n<\/tbody>\n<\/table>\n<\/td>\n<\/tr>\n<tr>\n<td class=\"sc-boZgaH fVwlHU\">Tipo de G\u00e1s<\/td>\n<td class=\"sc-jwZKMi hwNyaj\">\n<table class=\"sc-dChVcU jQnasd\">\n<tbody>\n<tr>\n<td>GLP (convers\u00edvel para GN)<\/td>\n<\/tr>\n<\/tbody>\n<\/table>\n<\/td>\n<\/tr>\n<tr>\n<td class=\"sc-boZgaH fVwlHU\">Tipo de Painel<\/td>\n<td class=\"sc-jwZKMi hwNyaj\">\n<table class=\"sc-dChVcU jQnasd\">\n<tbody>\n<tr>\n<td>Mec\u00e2nico<\/td>\n<\/tr>\n<\/tbody>\n<\/table>\n<\/td>\n<\/tr>\n<tr>\n<td class=\"sc-boZgaH fVwlHU\">Tipo de queimadores<\/td>\n<td class=\"sc-jwZKMi hwNyaj\">\n<table class=\"sc-dChVcU jQnasd\">\n<tbody>\n<tr>\n<td>Queimador Fam\u00edlia \/Queimador M\u00e9dio\/Queimador Ultra Chama<\/td>\n<\/tr>\n<\/tbody>\n<\/table>\n<\/td>\n<\/tr>\n<tr>\n<td class=\"sc-boZgaH fVwlHU\">Triplachama<\/td>\n<td class=\"sc-jwZKMi hwNyaj\">\n<table class=\"sc-dChVcU jQnasd\">\n<tbody>\n<tr>\n<td>N\u00e3o<\/td>\n<\/tr>\n<\/tbody>\n<\/table>\n<\/td>\n<\/tr>\n<tr>\n<td class=\"sc-boZgaH fVwlHU\">V\u00e1lvula Corta G\u00e1s<\/td>\n<td class=\"sc-jwZKMi hwNyaj\">\n<table class=\"sc-dChVcU jQnasd\">\n<tbody>\n<tr>\n<td>Sim<\/td>\n<\/tr>\n<\/tbody>\n<\/table>\n<\/td>\n<\/tr>\n<tr>\n<td class=\"sc-boZgaH fVwlHU\">Varia\u00e7\u00e3o de Temperatura<\/td>\n<td class=\"sc-jwZKMi hwNyaj\">\n<table class=\"sc-dChVcU jQnasd\">\n<tbody>\n<tr>\n<td>170-290\u00baC<\/td>\n<\/tr>\n<\/tbody>\n<\/table>\n<\/td>\n<\/tr>\n<tr>\n<td class=\"sc-boZgaH fVwlHU\">Informa\u00e7\u00f5es complementares<\/td>\n<td class=\"sc-jwZKMi hwNyaj\">\n<table class=\"sc-dChVcU jQnasd\">\n<tbody>\n<tr>\n<td class=\"sc-gJCZQp fQBhhr\">Alimenta\u00e7\u00e3o<\/td>\n<td>G\u00e1s<\/td>\n<\/tr>\n<tr>\n<td class=\"sc-gJCZQp fQBhhr\">Cor<\/td>\n<td>Preto<\/td>\n<\/tr>\n<tr>\n<td class=\"sc-gJCZQp fQBhhr\">Marca<\/td>\n<td>Mueller<\/td>\n<\/tr>\n<tr>\n<td class=\"sc-gJCZQp fQBhhr\">Tipo de Acendimento<\/td>\n<td>Autom\u00e1tico<\/td>\n<\/tr>\n<tr>\n<td class=\"sc-gJCZQp fQBhhr\">Tipo de G\u00e1s<\/td>\n<td>GLP<\/td>\n<\/tr>\n<\/tbody>\n<\/table>\n<\/td>\n<\/tr>\n<\/tbody>\n<\/table>\n<\/div>\n<\/div>\n","protected":false},"excerpt":{"rendered":"<p>Fog\u00e3o 5 Bocas com Mesa de Inox e Acendimento Mueller Preto O Fog\u00e3o MFI5BB da Mueller \u00e9 surpreendente em cada detalhe. Tem acendimento autom\u00e1tico total, para acendimento pr\u00e1tico dos queimadores<\/p>\n","protected":false},"featured_media":15774,"comment_status":"open","ping_status":"closed","template":"","meta":[],"product_brand":[],"product_cat":[15,232,226],"product_tag":[],"class_list":{"0":"post-11058","1":"product","2":"type-product","3":"status-publish","4":"has-post-thumbnail","6":"product_cat-produtos","7":"product_cat-cozinha","8":"product_cat-eletrodomesticos","9":"product_shipping_class-retirar-no-local","11":"first","12":"instock","13":"shipping-taxable","14":"purchasable","15":"product-type-simple"},"_links":{"self":[{"href":"http:\/\/ambrosioeletro.com.br\/v20\/wp-json\/wp\/v2\/product\/11058","targetHints":{"allow":["GET"]}}],"collection":[{"href":"http:\/\/ambrosioeletro.com.br\/v20\/wp-json\/wp\/v2\/product"}],"about":[{"href":"http:\/\/ambrosioeletro.com.br\/v20\/wp-json\/wp\/v2\/types\/product"}],"replies":[{"embeddable":true,"href":"http:\/\/ambrosioeletro.com.br\/v20\/wp-json\/wp\/v2\/comments?post=11058"}],"wp:featuredmedia":[{"embeddable":true,"href":"http:\/\/ambrosioeletro.com.br\/v20\/wp-json\/wp\/v2\/media\/15774"}],"wp:attachment":[{"href":"http:\/\/ambrosioeletro.com.br\/v20\/wp-json\/wp\/v2\/media?parent=11058"}],"wp:term":[{"taxonomy":"product_brand","embeddable":true,"href":"http:\/\/ambrosioeletro.com.br\/v20\/wp-json\/wp\/v2\/product_brand?post=11058"},{"taxonomy":"product_cat","embeddable":true,"href":"http:\/\/ambrosioeletro.com.br\/v20\/wp-json\/wp\/v2\/product_cat?post=11058"},{"taxonomy":"product_tag","embeddable":true,"href":"http:\/\/ambrosioeletro.com.br\/v20\/wp-json\/wp\/v2\/product_tag?post=11058"}],"curies":[{"name":"wp","href":"https:\/\/api.w.org\/{rel}","templated":true}]}}