{"id":11310,"date":"2023-09-14T13:43:19","date_gmt":"2023-09-14T16:43:19","guid":{"rendered":"http:\/\/ambrosioeletro.com.br\/v20\/?post_type=product&#038;p=11310"},"modified":"2026-03-27T10:51:28","modified_gmt":"2026-03-27T13:51:28","slug":"bebedouro-de-agua-colormaq-premium-branco","status":"publish","type":"product","link":"http:\/\/ambrosioeletro.com.br\/v20\/produto\/bebedouro-de-agua-colormaq-premium-branco\/","title":{"rendered":"Bebedouro de \u00c1gua Colormaq Premium Branco"},"content":{"rendered":"<p style=\"text-align: left;\">Com visual moderno e inovador, a Colormaq acaba de lan\u00e7ar a Linha Premium para o Bebedouro. Mais elegante, o novo design proporciona sofistica\u00e7\u00e3o ao produto. Ele possui sistema de refrigera\u00e7\u00e3o atrav\u00e9s de compressor, sete n\u00edveis de refrigera\u00e7\u00e3o e capacidade de armazenagem de 2,3 litros de \u00e1gua gelada.<\/p>\n<div>\n<table>\n<tbody>\n<tr>\n<td class=\"ajusteTdTamanho\">Produto<\/td>\n<td><span id=\"td-caracteristica-produto\">Bebedouro de \u00c1gua Colormaq Premium Branco 127V<\/span><\/td>\n<\/tr>\n<tr>\n<td class=\"ajusteTdTamanho\">Refer\u00eancia<\/td>\n<td><span id=\"td-caracteristica-referencia\">662.1.127<\/span><\/td>\n<\/tr>\n<tr>\n<td class=\"ajusteTdTamanho\">Tipo de Bebedouro<\/td>\n<td>Mesa e Gabinete<\/td>\n<\/tr>\n<tr>\n<td class=\"ajusteTdTamanho\">Tipo de \u00e1gua<\/td>\n<td>Natural e gelada<\/td>\n<\/tr>\n<tr>\n<td class=\"ajusteTdTamanho\">Sistema refrigera\u00e7\u00e3o<\/td>\n<td>Compressor<\/td>\n<\/tr>\n<tr>\n<td class=\"ajusteTdTamanho\">Pot\u00eancia<\/td>\n<td>88W<\/td>\n<\/tr>\n<tr>\n<td class=\"ajusteTdTamanho\">Recursos<\/td>\n<td>Sistema de compress\u00e3o; sete n\u00edveis de refrigera\u00e7\u00e3o; e design premium<\/td>\n<\/tr>\n<tr>\n<td class=\"ajusteTdTamanho\">Capacidade<\/td>\n<td>127V: 1 litro\/h de \u00e1gua gelada<\/td>\n<\/tr>\n<tr>\n<td class=\"ajusteTdTamanho\">Consumo de Energia<\/td>\n<td>127V: 15,84kWh\/m\u00eas<\/td>\n<\/tr>\n<tr>\n<td class=\"ajusteTdTamanho\">Aprovado pelo Inmetro<\/td>\n<td>Sim<\/td>\n<\/tr>\n<\/tbody>\n<\/table>\n<\/div>\n<div>\n<table>\n<tbody>\n<tr>\n<td class=\"ajusteTdTamanho\">Alimenta\u00e7\u00e3o<\/td>\n<td>127V ou 220V<\/td>\n<\/tr>\n<tr>\n<td class=\"ajusteTdTamanho\">Peso aproximado do produto<\/td>\n<td>10,1Kg<\/td>\n<\/tr>\n<tr>\n<td class=\"ajusteTdTamanho\">Dimens\u00f5es do produto (A x L x P)<\/td>\n<td>47 x 30,5 x 43<\/td>\n<\/tr>\n<tr>\n<td class=\"ajusteTdTamanho\">Capacidade total<\/td>\n<td>2,3 litros de \u00e1gua<\/td>\n<\/tr>\n<tr>\n<td class=\"ajusteTdTamanho\">Garantia<\/td>\n<td>1 ano (3 meses de garantia legal e mais 9 meses de garantia especial concedida pela Colormaq).<\/td>\n<\/tr>\n<tr>\n<td class=\"ajusteTdTamanho\">SAC<\/td>\n<td>0800 770 8517<\/td>\n<\/tr>\n<tr>\n<td class=\"ajusteTdTamanho\">Itens inclusos<\/td>\n<td>1 Bebedouro; Manual do Produto<\/td>\n<\/tr>\n<tr>\n<td class=\"ajusteTdTamanho\">Observa\u00e7\u00f5es<\/td>\n<td>Imagens ilustrativas, extra\u00eddas do material promocional.<\/td>\n<\/tr>\n<\/tbody>\n<\/table>\n<\/div>\n","protected":false},"excerpt":{"rendered":"<p>Com visual moderno e inovador, a Colormaq acaba de lan\u00e7ar a Linha Premium para o Bebedouro. Mais elegante, o novo design proporciona sofistica\u00e7\u00e3o ao produto. Ele possui sistema de refrigera\u00e7\u00e3o<\/p>\n","protected":false},"featured_media":11320,"comment_status":"open","ping_status":"closed","template":"","meta":[],"product_brand":[],"product_cat":[232,226],"product_tag":[],"class_list":{"0":"post-11310","1":"product","2":"type-product","3":"status-publish","4":"has-post-thumbnail","6":"product_cat-cozinha","7":"product_cat-eletrodomesticos","8":"product_shipping_class-retirar-no-local","10":"first","11":"instock","12":"shipping-taxable","13":"purchasable","14":"product-type-simple"},"_links":{"self":[{"href":"http:\/\/ambrosioeletro.com.br\/v20\/wp-json\/wp\/v2\/product\/11310","targetHints":{"allow":["GET"]}}],"collection":[{"href":"http:\/\/ambrosioeletro.com.br\/v20\/wp-json\/wp\/v2\/product"}],"about":[{"href":"http:\/\/ambrosioeletro.com.br\/v20\/wp-json\/wp\/v2\/types\/product"}],"replies":[{"embeddable":true,"href":"http:\/\/ambrosioeletro.com.br\/v20\/wp-json\/wp\/v2\/comments?post=11310"}],"wp:featuredmedia":[{"embeddable":true,"href":"http:\/\/ambrosioeletro.com.br\/v20\/wp-json\/wp\/v2\/media\/11320"}],"wp:attachment":[{"href":"http:\/\/ambrosioeletro.com.br\/v20\/wp-json\/wp\/v2\/media?parent=11310"}],"wp:term":[{"taxonomy":"product_brand","embeddable":true,"href":"http:\/\/ambrosioeletro.com.br\/v20\/wp-json\/wp\/v2\/product_brand?post=11310"},{"taxonomy":"product_cat","embeddable":true,"href":"http:\/\/ambrosioeletro.com.br\/v20\/wp-json\/wp\/v2\/product_cat?post=11310"},{"taxonomy":"product_tag","embeddable":true,"href":"http:\/\/ambrosioeletro.com.br\/v20\/wp-json\/wp\/v2\/product_tag?post=11310"}],"curies":[{"name":"wp","href":"https:\/\/api.w.org\/{rel}","templated":true}]}}