{"id":11473,"date":"2024-02-17T09:27:34","date_gmt":"2024-02-17T12:27:34","guid":{"rendered":"http:\/\/ambrosioeletro.com.br\/v20\/?post_type=product&#038;p=11473"},"modified":"2026-04-08T11:23:10","modified_gmt":"2026-04-08T14:23:10","slug":"liquidificador-britania-diamante-vermelho-1050w","status":"publish","type":"product","link":"http:\/\/ambrosioeletro.com.br\/v20\/produto\/liquidificador-britania-diamante-vermelho-1050w\/","title":{"rendered":"Liquidificador Brit\u00e2nia Diamante 800 Vermelho 1050W"},"content":{"rendered":"<p>Liquidificador Brit\u00e2nia Diamante Vermelho 1050W<\/p>\n<p>O Liquidificador Vermelho 1050W \u00e9 praticidade e funcionalidade no seu dia a dia! Possui 4 velocidades + fun\u00e7\u00e3o pulsar, varia\u00e7\u00e3o de velocidades para diferentes receitas: sucos, vitaminas, coquet\u00e9is, molhos, sopas, cremes e muito mais!<\/p>\n<p>Oferece fun\u00e7\u00e3o autolimpeza, mais praticidade na limpeza. Possui conjunto de facas integradas ao copo que impedem vazamentos, oferecem melhor desempenho e durabilidade.<\/p>\n<p>Seu copo \u00e9 transparente com gradua\u00e7\u00e3o, sua capacidade \u00e9 de 2,6 litros. Possui porta-fio, espa\u00e7o que permite acondicionamento do produto. Tampa com orif\u00edcio de dosagem que possibilita a adi\u00e7\u00e3o dos ingredientes durante o preparo. Muito mais f\u00e1cil de usar e limpar e possui ainda base antiderrapante. Voc\u00ea merece mais, o Liquidificador Preto 900W \u00e9 mais praticidade e qualidade em sua vida!<\/p>\n<p>\u2022 04 velocidades;<br \/>\n\u2022 Fun\u00e7\u00e3o pulsar + autolimpeza + ice;<br \/>\n\u2022 Pot\u00eancia de 1050W<br \/>\n\u2022 Possui filtro que separa o suco das sementes e do baga\u00e7o;<br \/>\n\u2022 Conjunto de 04 facas integradas ao copo que impede vazamentos;<br \/>\n\u2022 Tampa com sobretampa com orif\u00edcio para dosagem de ingredientes<br \/>\n\u2022 Capacidade total do copo de 2,6L<br \/>\n\u2022 F\u00e1cil de usar e limpar;<br \/>\n\u2022 Base antiderrapante; \u2022 Porta-fio.<\/p>\n","protected":false},"excerpt":{"rendered":"<p>Liquidificador Brit\u00e2nia Diamante Vermelho 1050W O Liquidificador Vermelho 1050W \u00e9 praticidade e funcionalidade no seu dia a dia! Possui 4 velocidades + fun\u00e7\u00e3o pulsar, varia\u00e7\u00e3o de velocidades para diferentes receitas:<\/p>\n","protected":false},"featured_media":11477,"comment_status":"open","ping_status":"closed","template":"","meta":[],"product_brand":[],"product_cat":[232,226],"product_tag":[],"class_list":{"0":"post-11473","1":"product","2":"type-product","3":"status-publish","4":"has-post-thumbnail","6":"product_cat-cozinha","7":"product_cat-eletrodomesticos","9":"first","10":"instock","11":"shipping-taxable","12":"purchasable","13":"product-type-simple"},"_links":{"self":[{"href":"http:\/\/ambrosioeletro.com.br\/v20\/wp-json\/wp\/v2\/product\/11473","targetHints":{"allow":["GET"]}}],"collection":[{"href":"http:\/\/ambrosioeletro.com.br\/v20\/wp-json\/wp\/v2\/product"}],"about":[{"href":"http:\/\/ambrosioeletro.com.br\/v20\/wp-json\/wp\/v2\/types\/product"}],"replies":[{"embeddable":true,"href":"http:\/\/ambrosioeletro.com.br\/v20\/wp-json\/wp\/v2\/comments?post=11473"}],"wp:featuredmedia":[{"embeddable":true,"href":"http:\/\/ambrosioeletro.com.br\/v20\/wp-json\/wp\/v2\/media\/11477"}],"wp:attachment":[{"href":"http:\/\/ambrosioeletro.com.br\/v20\/wp-json\/wp\/v2\/media?parent=11473"}],"wp:term":[{"taxonomy":"product_brand","embeddable":true,"href":"http:\/\/ambrosioeletro.com.br\/v20\/wp-json\/wp\/v2\/product_brand?post=11473"},{"taxonomy":"product_cat","embeddable":true,"href":"http:\/\/ambrosioeletro.com.br\/v20\/wp-json\/wp\/v2\/product_cat?post=11473"},{"taxonomy":"product_tag","embeddable":true,"href":"http:\/\/ambrosioeletro.com.br\/v20\/wp-json\/wp\/v2\/product_tag?post=11473"}],"curies":[{"name":"wp","href":"https:\/\/api.w.org\/{rel}","templated":true}]}}