{"id":11633,"date":"2024-04-16T13:30:21","date_gmt":"2024-04-16T16:30:21","guid":{"rendered":"http:\/\/ambrosioeletro.com.br\/v20\/?post_type=product&#038;p=11633"},"modified":"2026-04-16T17:43:51","modified_gmt":"2026-04-16T20:43:51","slug":"guarda-roupa-casal-6-portas-e-6-gavetas-robust-plus-novo-horizonte","status":"publish","type":"product","link":"http:\/\/ambrosioeletro.com.br\/v20\/produto\/guarda-roupa-casal-6-portas-e-6-gavetas-robust-plus-novo-horizonte\/","title":{"rendered":"Guarda Roupa Casal 6 Portas e 6 Gavetas Robust Plus Novo Horizonte"},"content":{"rendered":"<div class=\"sc-fqkvVR clbOvz sc-eODrEC falkMS\" data-testid=\"product-detail\">\n<div class=\"sc-fqkvVR heuZyN sc-gvvZcT dBMEcm\" data-testid=\"product-detail-description\">\n<div class=\"sc-fqkvVR hlqElk sc-cDJyZ dTrkid\" data-testid=\"rich-content-container\">\n<p>Guarda Roupa Casal 6 Portas e 6 Gavetas Robust Plus Freijo Cumaru &#8211; Novo Horizonte<\/p>\n<p>Marca: Novo Horizonte<\/p>\n<p>Dimens\u00f5es(Cm): Comprimento(Profundidade): 56,5cm x Largura: 276,2cm x Altura: 236,4cm<\/p>\n<p>CARACTER\u00cdSTICAS DE M\u00d3VEIS<br \/>\nTipo de Estrutura do M\u00f3vel<br \/>\n&#8211; 100% MDF<br \/>\nTipo de Pintura<br \/>\n&#8211; UV<br \/>\nTipo de Acabamento da Pintura<br \/>\n&#8211; Alto Brilho\/Fosca<br \/>\nQuantidade de Prateleiras<br \/>\n&#8211; 6 Prateleiras<br \/>\nQuantidade de Gavetas<br \/>\n&#8211; 6 Gavetas<br \/>\nDiferenciais da Gaveta<br \/>\n&#8211; c\/ Corredi\u00e7as Telesc\u00f3picas<br \/>\nQuantidade de Portas<br \/>\n&#8211; 6 Portas de Abrir<br \/>\nGarantia<br \/>\n&#8211; 3 meses<\/p>\n<p>04 &#8211; CARACTER\u00cdSTICAS E BENEF\u00cdCIOS DOS M\u00d3VEIS DE QUARTO<br \/>\nTamanho do Guarda-Roupa<br \/>\n&#8211; Casal<\/p>\n<p>Imagens Meramente Ilustrativas.<br \/>\nN\u00e3o nos responsabilizamos pela montagem\/instala\u00e7\u00e3o dos produtos.<br \/>\nTodas as informa\u00e7\u00f5es divulgadas s\u00e3o de responsabilidade exclusiva do fabricante\/fornecedor.<\/p>\n<\/div>\n<\/div>\n<\/div>\n<div class=\"sc-fqkvVR hlqElk\" data-testid=\"lazyload-container\">\n<div class=\"sc-dcJsrY dlXJDa\" data-testid=\"mod-x\"><\/div>\n<\/div>\n<div class=\"sc-fqkvVR dESRav sc-inZACr hEOYcR\">\n<table class=\"sc-fqkvVR dUvaSJ sc-jlGgGc fIBcbI\">\n<tbody>\n<tr>\n<td class=\"sc-gplwa-d faauQh\">Com portas<\/td>\n<td class=\"sc-cTTdyq cqOhjk\">\n<table class=\"sc-iowXnY kxzcxo\">\n<tbody>\n<tr>\n<td>Sim<\/td>\n<\/tr>\n<\/tbody>\n<\/table>\n<\/td>\n<\/tr>\n<tr>\n<td class=\"sc-gplwa-d faauQh\">Altura<\/td>\n<td class=\"sc-cTTdyq cqOhjk\">\n<table class=\"sc-iowXnY kxzcxo\">\n<tbody>\n<tr>\n<td>236 cm<\/td>\n<\/tr>\n<\/tbody>\n<\/table>\n<\/td>\n<\/tr>\n<tr>\n<td class=\"sc-gplwa-d faauQh\">\u00c9 kit<\/td>\n<td class=\"sc-cTTdyq cqOhjk\">\n<table class=\"sc-iowXnY kxzcxo\">\n<tbody>\n<tr>\n<td>N\u00e3o<\/td>\n<\/tr>\n<\/tbody>\n<\/table>\n<\/td>\n<\/tr>\n<tr>\n<td class=\"sc-gplwa-d faauQh\">Requer montagem<\/td>\n<td class=\"sc-cTTdyq cqOhjk\">\n<table class=\"sc-iowXnY kxzcxo\">\n<tbody>\n<tr>\n<td>Sim<\/td>\n<\/tr>\n<\/tbody>\n<\/table>\n<\/td>\n<\/tr>\n<tr>\n<td class=\"sc-gplwa-d faauQh\">Quantidade de Gavetas com Chave<\/td>\n<td class=\"sc-cTTdyq cqOhjk\">\n<table class=\"sc-iowXnY kxzcxo\">\n<tbody>\n<tr>\n<td>0<\/td>\n<\/tr>\n<\/tbody>\n<\/table>\n<\/td>\n<\/tr>\n<tr>\n<td class=\"sc-gplwa-d faauQh\">Materiais da fita de borda<\/td>\n<td class=\"sc-cTTdyq cqOhjk\">\n<table class=\"sc-iowXnY kxzcxo\">\n<tbody>\n<tr>\n<td>ABS<\/td>\n<\/tr>\n<\/tbody>\n<\/table>\n<\/td>\n<\/tr>\n<tr>\n<td class=\"sc-gplwa-d faauQh\">Tempo de montagem<\/td>\n<td class=\"sc-cTTdyq cqOhjk\">\n<table class=\"sc-iowXnY kxzcxo\">\n<tbody>\n<tr>\n<td>1 h<\/td>\n<\/tr>\n<\/tbody>\n<\/table>\n<\/td>\n<\/tr>\n<tr>\n<td class=\"sc-gplwa-d faauQh\">Fonte do produto<\/td>\n<td class=\"sc-cTTdyq cqOhjk\">\n<table class=\"sc-iowXnY kxzcxo\">\n<tbody>\n<tr>\n<td>N\/A<\/td>\n<\/tr>\n<\/tbody>\n<\/table>\n<\/td>\n<\/tr>\n<tr>\n<td class=\"sc-gplwa-d faauQh\">Acess\u00f3rios de montagem incluidos<\/td>\n<td class=\"sc-cTTdyq cqOhjk\">\n<table class=\"sc-iowXnY kxzcxo\">\n<tbody>\n<tr>\n<td>Manual de instru\u00e7\u00f5es<\/td>\n<\/tr>\n<\/tbody>\n<\/table>\n<\/td>\n<\/tr>\n<tr>\n<td class=\"sc-gplwa-d faauQh\">Idade<\/td>\n<td class=\"sc-cTTdyq cqOhjk\">\n<table class=\"sc-iowXnY kxzcxo\">\n<tbody>\n<tr>\n<td>Adultos<\/td>\n<\/tr>\n<\/tbody>\n<\/table>\n<\/td>\n<\/tr>\n<tr>\n<td class=\"sc-gplwa-d faauQh\">Contatos Sac F\u00e1brica<\/td>\n<td class=\"sc-cTTdyq cqOhjk\">\n<table class=\"sc-iowXnY kxzcxo\">\n<tbody>\n<tr>\n<td>Site: www.moveisnovohorizonte.com.br<\/td>\n<\/tr>\n<\/tbody>\n<\/table>\n<\/td>\n<\/tr>\n<tr>\n<td class=\"sc-gplwa-d faauQh\">Comprimento\/Profundidade<\/td>\n<td class=\"sc-cTTdyq cqOhjk\">\n<table class=\"sc-iowXnY kxzcxo\">\n<tbody>\n<tr>\n<td>56 cm<\/td>\n<\/tr>\n<\/tbody>\n<\/table>\n<\/td>\n<\/tr>\n<tr>\n<td class=\"sc-gplwa-d faauQh\">Largura<\/td>\n<td class=\"sc-cTTdyq cqOhjk\">\n<table class=\"sc-iowXnY kxzcxo\">\n<tbody>\n<tr>\n<td>276 cm<\/td>\n<\/tr>\n<\/tbody>\n<\/table>\n<\/td>\n<\/tr>\n<tr>\n<td class=\"sc-gplwa-d faauQh\">Materiais da estrutura<\/td>\n<td class=\"sc-cTTdyq cqOhjk\">\n<table class=\"sc-iowXnY kxzcxo\">\n<tbody>\n<tr>\n<td>Madeira<\/td>\n<\/tr>\n<\/tbody>\n<\/table>\n<\/td>\n<\/tr>\n<tr>\n<td class=\"sc-gplwa-d faauQh\">C\u00f4modo Indicado<\/td>\n<td class=\"sc-cTTdyq cqOhjk\">\n<table class=\"sc-iowXnY kxzcxo\">\n<tbody>\n<tr>\n<td>Multiuso<\/td>\n<\/tr>\n<\/tbody>\n<\/table>\n<\/td>\n<\/tr>\n<tr>\n<td class=\"sc-gplwa-d faauQh\">Tamanho<\/td>\n<td class=\"sc-cTTdyq cqOhjk\">\n<table class=\"sc-iowXnY kxzcxo\">\n<tbody>\n<tr>\n<td>\u00danico<\/td>\n<\/tr>\n<\/tbody>\n<\/table>\n<\/td>\n<\/tr>\n<tr>\n<td class=\"sc-gplwa-d faauQh\">Quantidade de gavetas<\/td>\n<td class=\"sc-cTTdyq cqOhjk\">\n<table class=\"sc-iowXnY kxzcxo\">\n<tbody>\n<tr>\n<td>0<\/td>\n<\/tr>\n<\/tbody>\n<\/table>\n<\/td>\n<\/tr>\n<tr>\n<td class=\"sc-gplwa-d faauQh\">Categoria Trilha<\/td>\n<td class=\"sc-cTTdyq cqOhjk\">\n<table class=\"sc-iowXnY kxzcxo\">\n<tbody>\n<tr>\n<td>Quarto de Casal &amp;gt; Guarda Roupa Casal<\/td>\n<\/tr>\n<\/tbody>\n<\/table>\n<\/td>\n<\/tr>\n<tr>\n<td class=\"sc-gplwa-d faauQh\">Categoria &#8211; Pai<\/td>\n<td class=\"sc-cTTdyq cqOhjk\">\n<table class=\"sc-iowXnY kxzcxo\">\n<tbody>\n<tr>\n<td>Quarto de Casal<\/td>\n<\/tr>\n<\/tbody>\n<\/table>\n<\/td>\n<\/tr>\n<tr>\n<td class=\"sc-gplwa-d faauQh\">Com ba\u00fa<\/td>\n<td class=\"sc-cTTdyq cqOhjk\">\n<table class=\"sc-iowXnY kxzcxo\">\n<tbody>\n<tr>\n<td>N\u00e3o<\/td>\n<\/tr>\n<\/tbody>\n<\/table>\n<\/td>\n<\/tr>\n<tr>\n<td class=\"sc-gplwa-d faauQh\">C\u00f3digo universal de produto (GTIN)<\/td>\n<td class=\"sc-cTTdyq cqOhjk\">\n<table class=\"sc-iowXnY kxzcxo\">\n<tbody>\n<tr>\n<td>7899959846547<\/td>\n<\/tr>\n<\/tbody>\n<\/table>\n<\/td>\n<\/tr>\n<tr>\n<td class=\"sc-gplwa-d faauQh\">Sigla Estoque<\/td>\n<td class=\"sc-cTTdyq cqOhjk\">\n<table class=\"sc-iowXnY kxzcxo\">\n<tbody>\n<tr>\n<td>2<\/td>\n<\/tr>\n<\/tbody>\n<\/table>\n<\/td>\n<\/tr>\n<tr>\n<td class=\"sc-gplwa-d faauQh\">Condi\u00e7\u00e3o do Item<\/td>\n<td class=\"sc-cTTdyq cqOhjk\">\n<table class=\"sc-iowXnY kxzcxo\">\n<tbody>\n<tr>\n<td>Novo<\/td>\n<\/tr>\n<\/tbody>\n<\/table>\n<\/td>\n<\/tr>\n<tr>\n<td class=\"sc-gplwa-d faauQh\">Data Cadastro<\/td>\n<td class=\"sc-cTTdyq cqOhjk\">\n<table class=\"sc-iowXnY kxzcxo\">\n<tbody>\n<tr>\n<td>2023-7-31 23:9:31<\/td>\n<\/tr>\n<\/tbody>\n<\/table>\n<\/td>\n<\/tr>\n<tr>\n<td class=\"sc-gplwa-d faauQh\">Peso<\/td>\n<td class=\"sc-cTTdyq cqOhjk\">\n<table class=\"sc-iowXnY kxzcxo\">\n<tbody>\n<tr>\n<td>233.00 Kg<\/td>\n<\/tr>\n<\/tbody>\n<\/table>\n<\/td>\n<\/tr>\n<tr>\n<td class=\"sc-gplwa-d faauQh\">Material das corredi\u00e7as<\/td>\n<td class=\"sc-cTTdyq cqOhjk\">\n<table class=\"sc-iowXnY kxzcxo\">\n<tbody>\n<tr>\n<td>Metal<\/td>\n<\/tr>\n<\/tbody>\n<\/table>\n<\/td>\n<\/tr>\n<tr>\n<td class=\"sc-gplwa-d faauQh\">Setores de pendurado<\/td>\n<td class=\"sc-cTTdyq cqOhjk\">\n<table class=\"sc-iowXnY kxzcxo\">\n<tbody>\n<tr>\n<td>Superior<\/td>\n<\/tr>\n<\/tbody>\n<\/table>\n<\/td>\n<\/tr>\n<tr>\n<td class=\"sc-gplwa-d faauQh\">Com cabideiros<\/td>\n<td class=\"sc-cTTdyq cqOhjk\">\n<table class=\"sc-iowXnY kxzcxo\">\n<tbody>\n<tr>\n<td>Sim<\/td>\n<\/tr>\n<\/tbody>\n<\/table>\n<\/td>\n<\/tr>\n<tr>\n<td class=\"sc-gplwa-d faauQh\">Material dos Cabideiros<\/td>\n<td class=\"sc-cTTdyq cqOhjk\">\n<table class=\"sc-iowXnY kxzcxo\">\n<tbody>\n<tr>\n<td>Alum\u00ednio<\/td>\n<\/tr>\n<\/tbody>\n<\/table>\n<\/td>\n<\/tr>\n<tr>\n<td class=\"sc-gplwa-d faauQh\">Condi\u00e7\u00e3o do item<\/td>\n<td class=\"sc-cTTdyq cqOhjk\">\n<table class=\"sc-iowXnY kxzcxo\">\n<tbody>\n<tr>\n<td>Novo<\/td>\n<\/tr>\n<\/tbody>\n<\/table>\n<\/td>\n<\/tr>\n<tr>\n<td class=\"sc-gplwa-d faauQh\">Quantidade de Portas com Chave<\/td>\n<td class=\"sc-cTTdyq cqOhjk\">\n<table class=\"sc-iowXnY kxzcxo\">\n<tbody>\n<tr>\n<td>0<\/td>\n<\/tr>\n<\/tbody>\n<\/table>\n<\/td>\n<\/tr>\n<tr>\n<td class=\"sc-gplwa-d faauQh\">Tipo de produto (guarda roupa)<\/td>\n<td class=\"sc-cTTdyq cqOhjk\">\n<table class=\"sc-iowXnY kxzcxo\">\n<tbody>\n<tr>\n<td>Guarda-roupa<\/td>\n<\/tr>\n<\/tbody>\n<\/table>\n<\/td>\n<\/tr>\n<tr>\n<td class=\"sc-gplwa-d faauQh\">Capacidade em peso<\/td>\n<td class=\"sc-cTTdyq cqOhjk\">\n<table class=\"sc-iowXnY kxzcxo\">\n<tbody>\n<tr>\n<td>N\/A<\/td>\n<\/tr>\n<\/tbody>\n<\/table>\n<\/td>\n<\/tr>\n<tr>\n<td class=\"sc-gplwa-d faauQh\">Tipo de produto<\/td>\n<td class=\"sc-cTTdyq cqOhjk\">\n<table class=\"sc-iowXnY kxzcxo\">\n<tbody>\n<tr>\n<td>Guarda-roupa<\/td>\n<\/tr>\n<\/tbody>\n<\/table>\n<\/td>\n<\/tr>\n<tr>\n<td class=\"sc-gplwa-d faauQh\">Material<\/td>\n<td class=\"sc-cTTdyq cqOhjk\">\n<table class=\"sc-iowXnY kxzcxo\">\n<tbody>\n<tr>\n<td>Madeira<\/td>\n<\/tr>\n<\/tbody>\n<\/table>\n<\/td>\n<\/tr>\n<tr>\n<td class=\"sc-gplwa-d faauQh\">Capacidade<\/td>\n<td class=\"sc-cTTdyq cqOhjk\">\n<table class=\"sc-iowXnY kxzcxo\">\n<tbody>\n<tr>\n<td>1 kg<\/td>\n<\/tr>\n<\/tbody>\n<\/table>\n<\/td>\n<\/tr>\n<tr>\n<td class=\"sc-gplwa-d faauQh\">Acabamento<\/td>\n<td class=\"sc-cTTdyq cqOhjk\">\n<table class=\"sc-iowXnY kxzcxo\">\n<tbody>\n<tr>\n<td>Galvanizado<\/td>\n<\/tr>\n<\/tbody>\n<\/table>\n<\/td>\n<\/tr>\n<tr>\n<td class=\"sc-gplwa-d faauQh\">Volumes<\/td>\n<td class=\"sc-cTTdyq cqOhjk\">\n<table class=\"sc-iowXnY kxzcxo\">\n<tbody>\n<tr>\n<td>7<\/td>\n<\/tr>\n<\/tbody>\n<\/table>\n<\/td>\n<\/tr>\n<tr>\n<td class=\"sc-gplwa-d faauQh\">Numeral<\/td>\n<td class=\"sc-cTTdyq cqOhjk\">\n<table class=\"sc-iowXnY kxzcxo\">\n<tbody>\n<tr>\n<td>0<\/td>\n<\/tr>\n<\/tbody>\n<\/table>\n<\/td>\n<\/tr>\n<tr>\n<td class=\"sc-gplwa-d faauQh\">Kit<\/td>\n<td class=\"sc-cTTdyq cqOhjk\">\n<table class=\"sc-iowXnY kxzcxo\">\n<tbody>\n<tr>\n<td>0<\/td>\n<\/tr>\n<\/tbody>\n<\/table>\n<\/td>\n<\/tr>\n<tr>\n<td class=\"sc-gplwa-d faauQh\">Tamanho Montado<\/td>\n<td class=\"sc-cTTdyq cqOhjk\">\n<table class=\"sc-iowXnY kxzcxo\">\n<tbody>\n<tr>\n<td>Larg:276.20 x Comp\/Prof:56.50 x Alt: 236.40<\/td>\n<\/tr>\n<\/tbody>\n<\/table>\n<\/td>\n<\/tr>\n<tr>\n<td class=\"sc-gplwa-d faauQh\">Tipo de Pintura<\/td>\n<td class=\"sc-cTTdyq cqOhjk\">\n<table class=\"sc-iowXnY kxzcxo\">\n<tbody>\n<tr>\n<td>UV<\/td>\n<\/tr>\n<\/tbody>\n<\/table>\n<\/td>\n<\/tr>\n<tr>\n<td class=\"sc-gplwa-d faauQh\">Link Site<\/td>\n<td class=\"sc-cTTdyq cqOhjk\">\n<table class=\"sc-iowXnY kxzcxo\">\n<tbody>\n<tr>\n<td>https:\/\/www.costaricacolchoes.com.br\/produtos.asp?produto=31619<\/td>\n<\/tr>\n<\/tbody>\n<\/table>\n<\/td>\n<\/tr>\n<tr>\n<td class=\"sc-gplwa-d faauQh\">Tipo de Acabamento da Pintura<\/td>\n<td class=\"sc-cTTdyq cqOhjk\">\n<table class=\"sc-iowXnY kxzcxo\">\n<tbody>\n<tr>\n<td>Alto Brilho\/Fosca<\/td>\n<\/tr>\n<\/tbody>\n<\/table>\n<\/td>\n<\/tr>\n<tr>\n<td class=\"sc-gplwa-d faauQh\">Quantidade de Gavetas<\/td>\n<td class=\"sc-cTTdyq cqOhjk\">\n<table class=\"sc-iowXnY kxzcxo\">\n<tbody>\n<tr>\n<td>6 Gavetas<\/td>\n<\/tr>\n<\/tbody>\n<\/table>\n<\/td>\n<\/tr>\n<tr>\n<td class=\"sc-gplwa-d faauQh\">Tipo de Estrutura do M\u00f3vel<\/td>\n<td class=\"sc-cTTdyq cqOhjk\">\n<table class=\"sc-iowXnY kxzcxo\">\n<tbody>\n<tr>\n<td>100% MDF<\/td>\n<\/tr>\n<\/tbody>\n<\/table>\n<\/td>\n<\/tr>\n<tr>\n<td class=\"sc-gplwa-d faauQh\">Tamanho do Guarda-Roupa<\/td>\n<td class=\"sc-cTTdyq cqOhjk\">\n<table class=\"sc-iowXnY kxzcxo\">\n<tbody>\n<tr>\n<td>Casal<\/td>\n<\/tr>\n<\/tbody>\n<\/table>\n<\/td>\n<\/tr>\n<tr>\n<td class=\"sc-gplwa-d faauQh\">Linha\/Modelo<\/td>\n<td class=\"sc-cTTdyq cqOhjk\">\n<table class=\"sc-iowXnY kxzcxo\">\n<tbody>\n<tr>\n<td>Novo Horizonte<\/td>\n<\/tr>\n<\/tbody>\n<\/table>\n<\/td>\n<\/tr>\n<tr>\n<td class=\"sc-gplwa-d faauQh\">N\u00e3o Possui<\/td>\n<td class=\"sc-cTTdyq cqOhjk\">\n<table class=\"sc-iowXnY kxzcxo\">\n<tbody>\n<tr>\n<td>N\u00e3o<\/td>\n<\/tr>\n<\/tbody>\n<\/table>\n<\/td>\n<\/tr>\n<tr>\n<td class=\"sc-gplwa-d faauQh\">Diferenciais da Gaveta<\/td>\n<td class=\"sc-cTTdyq cqOhjk\">\n<table class=\"sc-iowXnY kxzcxo\">\n<tbody>\n<tr>\n<td>c\/ Corredi\u00e7as Telesc\u00f3picas<\/td>\n<\/tr>\n<\/tbody>\n<\/table>\n<\/td>\n<\/tr>\n<tr>\n<td class=\"sc-gplwa-d faauQh\">Quantidade de Prateleiras<\/td>\n<td class=\"sc-cTTdyq cqOhjk\">\n<table class=\"sc-iowXnY kxzcxo\">\n<tbody>\n<tr>\n<td>6 Prateleiras<\/td>\n<\/tr>\n<\/tbody>\n<\/table>\n<\/td>\n<\/tr>\n<tr>\n<td class=\"sc-gplwa-d faauQh\">Garantia<\/td>\n<td class=\"sc-cTTdyq cqOhjk\">\n<table class=\"sc-iowXnY kxzcxo\">\n<tbody>\n<tr>\n<td>3 meses<\/td>\n<\/tr>\n<\/tbody>\n<\/table>\n<\/td>\n<\/tr>\n<tr>\n<td class=\"sc-gplwa-d faauQh\">M3<\/td>\n<td class=\"sc-cTTdyq cqOhjk\">\n<table class=\"sc-iowXnY kxzcxo\">\n<tbody>\n<tr>\n<td>0.48<\/td>\n<\/tr>\n<\/tbody>\n<\/table>\n<\/td>\n<\/tr>\n<tr>\n<td class=\"sc-gplwa-d faauQh\">Peso Cubado<\/td>\n<td class=\"sc-cTTdyq cqOhjk\">\n<table class=\"sc-iowXnY kxzcxo\">\n<tbody>\n<tr>\n<td>118.75<\/td>\n<\/tr>\n<\/tbody>\n<\/table>\n<\/td>\n<\/tr>\n<tr>\n<td class=\"sc-gplwa-d faauQh\">Informa\u00e7\u00f5es complementares<\/td>\n<td class=\"sc-cTTdyq cqOhjk\">\n<table class=\"sc-iowXnY kxzcxo\">\n<tbody>\n<tr>\n<td class=\"sc-lmUcrn kCYkCd\">Marca<\/td>\n<td><a class=\"sc-uVWWZ kwNfV sc-fscmHZ gyrFsZ sc-fscmHZ gyrFsZ\" href=\"https:\/\/www.magazineluiza.com.br\/marcas\/novo-horizonte\/\" data-testid=\"link\">M\u00f3veis Novo Horizonte<\/a><\/td>\n<\/tr>\n<tr>\n<td class=\"sc-lmUcrn kCYkCd\">Quantidade de Gavetas<\/td>\n<td>6 Gavetas<\/td>\n<\/tr>\n<\/tbody>\n<\/table>\n<\/td>\n<\/tr>\n<\/tbody>\n<\/table>\n<\/div>\n","protected":false},"excerpt":{"rendered":"<p>Guarda Roupa Casal 6 Portas e 6 Gavetas Robust Plus Freijo Cumaru &#8211; Novo Horizonte Marca: Novo Horizonte Dimens\u00f5es(Cm): Comprimento(Profundidade): 56,5cm x Largura: 276,2cm x Altura: 236,4cm CARACTER\u00cdSTICAS DE M\u00d3VEIS<\/p>\n","protected":false},"featured_media":11639,"comment_status":"open","ping_status":"closed","template":"","meta":[],"product_brand":[],"product_cat":[227,241],"product_tag":[],"class_list":{"0":"post-11633","1":"product","2":"type-product","3":"status-publish","4":"has-post-thumbnail","6":"product_cat-moveis","7":"product_cat-quarto","8":"product_shipping_class-retirar-no-local","10":"first","11":"instock","12":"shipping-taxable","13":"purchasable","14":"product-type-simple"},"_links":{"self":[{"href":"http:\/\/ambrosioeletro.com.br\/v20\/wp-json\/wp\/v2\/product\/11633","targetHints":{"allow":["GET"]}}],"collection":[{"href":"http:\/\/ambrosioeletro.com.br\/v20\/wp-json\/wp\/v2\/product"}],"about":[{"href":"http:\/\/ambrosioeletro.com.br\/v20\/wp-json\/wp\/v2\/types\/product"}],"replies":[{"embeddable":true,"href":"http:\/\/ambrosioeletro.com.br\/v20\/wp-json\/wp\/v2\/comments?post=11633"}],"wp:featuredmedia":[{"embeddable":true,"href":"http:\/\/ambrosioeletro.com.br\/v20\/wp-json\/wp\/v2\/media\/11639"}],"wp:attachment":[{"href":"http:\/\/ambrosioeletro.com.br\/v20\/wp-json\/wp\/v2\/media?parent=11633"}],"wp:term":[{"taxonomy":"product_brand","embeddable":true,"href":"http:\/\/ambrosioeletro.com.br\/v20\/wp-json\/wp\/v2\/product_brand?post=11633"},{"taxonomy":"product_cat","embeddable":true,"href":"http:\/\/ambrosioeletro.com.br\/v20\/wp-json\/wp\/v2\/product_cat?post=11633"},{"taxonomy":"product_tag","embeddable":true,"href":"http:\/\/ambrosioeletro.com.br\/v20\/wp-json\/wp\/v2\/product_tag?post=11633"}],"curies":[{"name":"wp","href":"https:\/\/api.w.org\/{rel}","templated":true}]}}