{"id":11660,"date":"2024-04-30T15:46:26","date_gmt":"2024-04-30T18:46:26","guid":{"rendered":"http:\/\/ambrosioeletro.com.br\/v20\/?post_type=product&#038;p=11660"},"modified":"2025-02-15T08:41:13","modified_gmt":"2025-02-15T11:41:13","slug":"fritadeira-air-fry-inox-bfr11vi-britania-127v-44l","status":"publish","type":"product","link":"http:\/\/ambrosioeletro.com.br\/v20\/produto\/fritadeira-air-fry-inox-bfr11vi-britania-127v-44l\/","title":{"rendered":"Fritadeira Air Fry Inox BFR11VI, Brit\u00e2nia, 127v 4,4L"},"content":{"rendered":"<h1 class=\"vtex-store-components-3-x-productNameContainer vtex-store-components-3-x-productNameContainer--pdp mv0 t-heading-4\"><span class=\"vtex-store-components-3-x-productBrand vtex-store-components-3-x-productBrand--pdp \">Fritadeira Air Fryer Brit\u00e2nia BRF11VI Inox Vermelha 4,4L 1500W<\/span><\/h1>\n<p>Voc\u00ea pode muito mais com sua fritadeira Brit\u00e2nia, agilidade e efici\u00eancia no seu dia a dia! Com a Fritadeira Air Fryer Brit\u00e2nia BRF11VI voc\u00ea tem as suas receitas prontas em menos de 5 minutos! Croc\u00e2ncia incr\u00edvel por fora e uma suavidade deliciosa por dentro. S\u00e3o 1500W de pot\u00eancia e com pouco ou nenhum \u00f3leo voc\u00ea tem suas receitas mais saud\u00e1veis. Circula\u00e7\u00e3o de ar quente em 360\u00b0, capacidade do cesto 3,35L, revestimento antiaderente que n\u00e3o deixa o alimento grudar! Mais antiader\u00eancia, mais durabilidade e mais f\u00e1cil de limpar! \u2022 Frita com pouqu\u00edssimo ou nenhum \u00f3leo \u2022 Seletor de temperatura com ajuste de 80 a 200\u00b0C \u2022 Timer de 30 minutos \u2022 Capacidade do cesto 3,35L \u2022 Capacidade da cuba de 4,4 litros \u2022 Luz indicadora de funcionamento \u2022 Base antiderrapante \u2022 Cesto remov\u00edvel com revestimento antiaderente \u2022 Trava de seguran\u00e7a \u2022 Sistema de prote\u00e7\u00e3o contra sobreaquecimento \u2022 Acabamento frontal em inox \u2022 Composi\u00e7\u00e3o: Metal e Pl\u00e1stico.<\/p>\n<div class=\"britania-store-theme-3ualAl1qVjppHTxQ34ju4 britania-store-theme-1swtAlTgtZ6ezegcUmJbp4\">\n<p>Dimens\u00f5es do produto<\/p>\n<\/div>\n<table class=\"britania-store-theme-A1poUjIF-FCVZVZdMvzBW\" cellspacing=\"0\" cellpadding=\"0\">\n<tbody>\n<tr>\n<td>Altura do produto<\/td>\n<td>33,8 cm<\/td>\n<\/tr>\n<tr>\n<td>Largura do produto<\/td>\n<td>27,5 cm<\/td>\n<\/tr>\n<tr>\n<td>Comprimento do produto<\/td>\n<td>33,4 cm<\/td>\n<\/tr>\n<tr>\n<td>Peso do produto<\/td>\n<td>4,472 kg<\/td>\n<\/tr>\n<\/tbody>\n<\/table>\n<div class=\"britania-store-theme-3ualAl1qVjppHTxQ34ju4 britania-store-theme-3t7G3ek6WkcsS6ksgdsTbH\">\n<p>Dimens\u00f5es de envio do produto<\/p>\n<\/div>\n<table class=\"britania-store-theme-A1poUjIF-FCVZVZdMvzBW\" cellspacing=\"0\" cellpadding=\"0\">\n<tbody>\n<tr>\n<td>Altura com embalagem<\/td>\n<td>36,5 cm<\/td>\n<\/tr>\n<tr>\n<td>Largura com embalagem<\/td>\n<td>31,5 cm<\/td>\n<\/tr>\n<tr>\n<td>Comprimento com embalagem<\/td>\n<td>32 cm<\/td>\n<\/tr>\n<tr>\n<td>Peso com embalagem<\/td>\n<td>5,104 kg<\/td>\n<\/tr>\n<\/tbody>\n<\/table>\n","protected":false},"excerpt":{"rendered":"<p>Fritadeira Air Fryer Brit\u00e2nia BRF11VI Inox Vermelha 4,4L 1500W Voc\u00ea pode muito mais com sua fritadeira Brit\u00e2nia, agilidade e efici\u00eancia no seu dia a dia! Com a Fritadeira Air Fryer<\/p>\n","protected":false},"featured_media":11662,"comment_status":"open","ping_status":"closed","template":"","meta":[],"product_brand":[],"product_cat":[232,226],"product_tag":[],"class_list":{"0":"post-11660","1":"product","2":"type-product","3":"status-publish","4":"has-post-thumbnail","6":"product_cat-cozinha","7":"product_cat-eletrodomesticos","8":"product_shipping_class-pac","10":"first","11":"instock","12":"shipping-taxable","13":"purchasable","14":"product-type-simple"},"_links":{"self":[{"href":"http:\/\/ambrosioeletro.com.br\/v20\/wp-json\/wp\/v2\/product\/11660","targetHints":{"allow":["GET"]}}],"collection":[{"href":"http:\/\/ambrosioeletro.com.br\/v20\/wp-json\/wp\/v2\/product"}],"about":[{"href":"http:\/\/ambrosioeletro.com.br\/v20\/wp-json\/wp\/v2\/types\/product"}],"replies":[{"embeddable":true,"href":"http:\/\/ambrosioeletro.com.br\/v20\/wp-json\/wp\/v2\/comments?post=11660"}],"wp:featuredmedia":[{"embeddable":true,"href":"http:\/\/ambrosioeletro.com.br\/v20\/wp-json\/wp\/v2\/media\/11662"}],"wp:attachment":[{"href":"http:\/\/ambrosioeletro.com.br\/v20\/wp-json\/wp\/v2\/media?parent=11660"}],"wp:term":[{"taxonomy":"product_brand","embeddable":true,"href":"http:\/\/ambrosioeletro.com.br\/v20\/wp-json\/wp\/v2\/product_brand?post=11660"},{"taxonomy":"product_cat","embeddable":true,"href":"http:\/\/ambrosioeletro.com.br\/v20\/wp-json\/wp\/v2\/product_cat?post=11660"},{"taxonomy":"product_tag","embeddable":true,"href":"http:\/\/ambrosioeletro.com.br\/v20\/wp-json\/wp\/v2\/product_tag?post=11660"}],"curies":[{"name":"wp","href":"https:\/\/api.w.org\/{rel}","templated":true}]}}