{"id":11706,"date":"2024-04-30T17:06:46","date_gmt":"2024-04-30T20:06:46","guid":{"rendered":"http:\/\/ambrosioeletro.com.br\/v20\/?post_type=product&#038;p=11706"},"modified":"2026-03-27T11:12:59","modified_gmt":"2026-03-27T14:12:59","slug":"cacheador-philco-pec15-revestimento-ceramica-ions-tourmaline","status":"publish","type":"product","link":"http:\/\/ambrosioeletro.com.br\/v20\/produto\/cacheador-philco-pec15-revestimento-ceramica-ions-tourmaline\/","title":{"rendered":"Cacheador Philco PEC15 Revestimento Cer\u00e2mica \u00cdons Tourmaline"},"content":{"rendered":"<p>Modele incr\u00edveis cachos de forma f\u00e1cil e pr\u00e1tica com o Cacheador Philco PEC15 Curly Attitude Cer\u00e2mica \u00cdons Tourmaline. Ele conta com revestimento em cer\u00e2mica, que distribui melhor o calor por toda a superf\u00edcie e protege seus fios das altas temperaturas. E aquecimento PTC, que consiste em placas de aquecimento de maior durabilidade e resist\u00eancia, al\u00e9m de aquecer e esfriar rapidamente. E para garantir maior agilidade, conta com cord\u00e3o girat\u00f3rio de 360 \u00b0C. \u2022 Tudo cacheador com revestimento em cer\u00e2mica \u2022 Cacheador manual \u2022 Aquecimento com PTC \u2022 Cord\u00e3o girat\u00f3rio \u2022 Anel de pendurar \u2022 Pintura de \u00edons tourmaline \u2022 Ponta fria \u2022 Tamanho dos cachos 25mm \u2022 Luz indicadora de funcionamento \u2022 Metal e pl\u00e1stico.<\/p>\n<div class=\"vtex-flex-layout-0-x-flexRow vtex-flex-layout-0-x-flexRow--productSpecification\">\n<div class=\"flex mt0 mb0 pt0 pb0 justify-start vtex-flex-layout-0-x-flexRowContent vtex-flex-layout-0-x-flexRowContent--productSpecification items-stretch w-100\">\n<div class=\"pr0 items-stretch vtex-flex-layout-0-x-stretchChildrenWidth flex\">\n<div class=\"vtex-flex-layout-0-x-flexCol vtex-flex-layout-0-x-flexCol--productSpecificationName ml0 mr0 pl0 pr0 flex flex-column h-100 w-100\">\n<div class=\"vtex-flex-layout-0-x-flexColChild vtex-flex-layout-0-x-flexColChild--productSpecificationName pb0\"><span class=\"vtex-product-specifications-1-x-specificationName vtex-product-specifications-1-x-specificationName--productSpecificationName\" data-specification-group=\"Caracter\u00edsticas\" data-specification-name=\"Tipo\">Tipo<\/span><\/div>\n<\/div>\n<\/div>\n<div class=\"pr0 items-stretch vtex-flex-layout-0-x-stretchChildrenWidth flex\">\n<div class=\"vtex-flex-layout-0-x-flexCol vtex-flex-layout-0-x-flexCol--productSpecificationValue ml0 mr0 pl0 pr0 flex flex-column h-100 w-100\">\n<div class=\"vtex-flex-layout-0-x-flexColChild vtex-flex-layout-0-x-flexColChild--productSpecificationValue pb0\"><span class=\"vtex-product-specifications-1-x-specificationValue vtex-product-specifications-1-x-specificationValue--productSpecificationValue vtex-product-specifications-1-x-specificationValue--first vtex-product-specifications-1-x-specificationValue--productSpecificationValue--first vtex-product-specifications-1-x-specificationValue--last vtex-product-specifications-1-x-specificationValue--productSpecificationValue--last\" data-specification-group=\"Caracter\u00edsticas\" data-specification-name=\"Tipo\" data-specification-value=\"Cacheador\">Cacheador<\/span><\/div>\n<\/div>\n<\/div>\n<\/div>\n<\/div>\n<div class=\"vtex-flex-layout-0-x-flexRow vtex-flex-layout-0-x-flexRow--productSpecification\">\n<div class=\"flex mt0 mb0 pt0 pb0 justify-start vtex-flex-layout-0-x-flexRowContent vtex-flex-layout-0-x-flexRowContent--productSpecification items-stretch w-100\">\n<div class=\"pr0 items-stretch vtex-flex-layout-0-x-stretchChildrenWidth flex\">\n<div class=\"vtex-flex-layout-0-x-flexCol vtex-flex-layout-0-x-flexCol--productSpecificationName ml0 mr0 pl0 pr0 flex flex-column h-100 w-100\">\n<div class=\"vtex-flex-layout-0-x-flexColChild vtex-flex-layout-0-x-flexColChild--productSpecificationName pb0\"><span class=\"vtex-product-specifications-1-x-specificationName vtex-product-specifications-1-x-specificationName--productSpecificationName\" data-specification-group=\"Caracter\u00edsticas\" data-specification-name=\"Garantia (Dias)\">Garantia (Dias)<\/span><\/div>\n<\/div>\n<\/div>\n<div class=\"pr0 items-stretch vtex-flex-layout-0-x-stretchChildrenWidth flex\">\n<div class=\"vtex-flex-layout-0-x-flexCol vtex-flex-layout-0-x-flexCol--productSpecificationValue ml0 mr0 pl0 pr0 flex flex-column h-100 w-100\">\n<div class=\"vtex-flex-layout-0-x-flexColChild vtex-flex-layout-0-x-flexColChild--productSpecificationValue pb0\"><span class=\"vtex-product-specifications-1-x-specificationValue vtex-product-specifications-1-x-specificationValue--productSpecificationValue vtex-product-specifications-1-x-specificationValue--first vtex-product-specifications-1-x-specificationValue--productSpecificationValue--first vtex-product-specifications-1-x-specificationValue--last vtex-product-specifications-1-x-specificationValue--productSpecificationValue--last\" data-specification-group=\"Caracter\u00edsticas\" data-specification-name=\"Garantia (Dias)\" data-specification-value=\"360\">360<\/span><\/div>\n<\/div>\n<\/div>\n<\/div>\n<\/div>\n<div class=\"vtex-flex-layout-0-x-flexRow vtex-flex-layout-0-x-flexRow--productSpecification\">\n<div class=\"flex mt0 mb0 pt0 pb0 justify-start vtex-flex-layout-0-x-flexRowContent vtex-flex-layout-0-x-flexRowContent--productSpecification items-stretch w-100\">\n<div class=\"pr0 items-stretch vtex-flex-layout-0-x-stretchChildrenWidth flex\">\n<div class=\"vtex-flex-layout-0-x-flexCol vtex-flex-layout-0-x-flexCol--productSpecificationName ml0 mr0 pl0 pr0 flex flex-column h-100 w-100\">\n<div class=\"vtex-flex-layout-0-x-flexColChild vtex-flex-layout-0-x-flexColChild--productSpecificationName pb0\"><span class=\"vtex-product-specifications-1-x-specificationName vtex-product-specifications-1-x-specificationName--productSpecificationName\" data-specification-group=\"Caracter\u00edsticas\" data-specification-name=\"Modelo\">Modelo<\/span><\/div>\n<\/div>\n<\/div>\n<div class=\"pr0 items-stretch vtex-flex-layout-0-x-stretchChildrenWidth flex\">\n<div class=\"vtex-flex-layout-0-x-flexCol vtex-flex-layout-0-x-flexCol--productSpecificationValue ml0 mr0 pl0 pr0 flex flex-column h-100 w-100\">\n<div class=\"vtex-flex-layout-0-x-flexColChild vtex-flex-layout-0-x-flexColChild--productSpecificationValue pb0\"><span class=\"vtex-product-specifications-1-x-specificationValue vtex-product-specifications-1-x-specificationValue--productSpecificationValue vtex-product-specifications-1-x-specificationValue--first vtex-product-specifications-1-x-specificationValue--productSpecificationValue--first vtex-product-specifications-1-x-specificationValue--last vtex-product-specifications-1-x-specificationValue--productSpecificationValue--last\" data-specification-group=\"Caracter\u00edsticas\" data-specification-name=\"Modelo\" data-specification-value=\"PEC15\">PEC15<\/span><\/div>\n<\/div>\n<\/div>\n<\/div>\n<\/div>\n<div class=\"vtex-flex-layout-0-x-flexRow vtex-flex-layout-0-x-flexRow--productSpecification\">\n<div class=\"flex mt0 mb0 pt0 pb0 justify-start vtex-flex-layout-0-x-flexRowContent vtex-flex-layout-0-x-flexRowContent--productSpecification items-stretch w-100\">\n<div class=\"pr0 items-stretch vtex-flex-layout-0-x-stretchChildrenWidth flex\">\n<div class=\"vtex-flex-layout-0-x-flexCol vtex-flex-layout-0-x-flexCol--productSpecificationName ml0 mr0 pl0 pr0 flex flex-column h-100 w-100\">\n<div class=\"vtex-flex-layout-0-x-flexColChild vtex-flex-layout-0-x-flexColChild--productSpecificationName pb0\"><span class=\"vtex-product-specifications-1-x-specificationName vtex-product-specifications-1-x-specificationName--productSpecificationName\" data-specification-group=\"Caracter\u00edsticas\" data-specification-name=\"Cor\">Cor<\/span><\/div>\n<\/div>\n<\/div>\n<div class=\"pr0 items-stretch vtex-flex-layout-0-x-stretchChildrenWidth flex\">\n<div class=\"vtex-flex-layout-0-x-flexCol vtex-flex-layout-0-x-flexCol--productSpecificationValue ml0 mr0 pl0 pr0 flex flex-column h-100 w-100\">\n<div class=\"vtex-flex-layout-0-x-flexColChild vtex-flex-layout-0-x-flexColChild--productSpecificationValue pb0\"><span class=\"vtex-product-specifications-1-x-specificationValue vtex-product-specifications-1-x-specificationValue--productSpecificationValue vtex-product-specifications-1-x-specificationValue--first vtex-product-specifications-1-x-specificationValue--productSpecificationValue--first vtex-product-specifications-1-x-specificationValue--last vtex-product-specifications-1-x-specificationValue--productSpecificationValue--last\" data-specification-group=\"Caracter\u00edsticas\" data-specification-name=\"Cor\" data-specification-value=\"Cinza\">Cinza<\/span><\/div>\n<\/div>\n<\/div>\n<\/div>\n<\/div>\n<div class=\"vtex-flex-layout-0-x-flexRow vtex-flex-layout-0-x-flexRow--productSpecification\">\n<div class=\"flex mt0 mb0 pt0 pb0 justify-start vtex-flex-layout-0-x-flexRowContent vtex-flex-layout-0-x-flexRowContent--productSpecification items-stretch w-100\">\n<div class=\"pr0 items-stretch vtex-flex-layout-0-x-stretchChildrenWidth flex\">\n<div class=\"vtex-flex-layout-0-x-flexCol vtex-flex-layout-0-x-flexCol--productSpecificationName ml0 mr0 pl0 pr0 flex flex-column h-100 w-100\">\n<div class=\"vtex-flex-layout-0-x-flexColChild vtex-flex-layout-0-x-flexColChild--productSpecificationName pb0\"><span class=\"vtex-product-specifications-1-x-specificationName vtex-product-specifications-1-x-specificationName--productSpecificationName\" data-specification-group=\"Caracter\u00edsticas\" data-specification-name=\"Pot\u00eancia (W)\">Pot\u00eancia (W)<\/span><\/div>\n<\/div>\n<\/div>\n<div class=\"pr0 items-stretch vtex-flex-layout-0-x-stretchChildrenWidth flex\">\n<div class=\"vtex-flex-layout-0-x-flexCol vtex-flex-layout-0-x-flexCol--productSpecificationValue ml0 mr0 pl0 pr0 flex flex-column h-100 w-100\">\n<div class=\"vtex-flex-layout-0-x-flexColChild vtex-flex-layout-0-x-flexColChild--productSpecificationValue pb0\"><span class=\"vtex-product-specifications-1-x-specificationValue vtex-product-specifications-1-x-specificationValue--productSpecificationValue vtex-product-specifications-1-x-specificationValue--first vtex-product-specifications-1-x-specificationValue--productSpecificationValue--first vtex-product-specifications-1-x-specificationValue--last vtex-product-specifications-1-x-specificationValue--productSpecificationValue--last\" data-specification-group=\"Caracter\u00edsticas\" data-specification-name=\"Pot\u00eancia (W)\" data-specification-value=\"55\">55<\/span><\/div>\n<\/div>\n<\/div>\n<\/div>\n<\/div>\n<div class=\"philco-store-theme-3ualAl1qVjppHTxQ34ju4 philco-store-theme-1swtAlTgtZ6ezegcUmJbp4\">\n<p>Dimens\u00f5es do produto<\/p>\n<\/div>\n<table class=\"philco-store-theme-A1poUjIF-FCVZVZdMvzBW\" cellspacing=\"0\" cellpadding=\"0\">\n<tbody>\n<tr>\n<td>Altura do produto<\/td>\n<td>32 cm<\/td>\n<\/tr>\n<tr>\n<td>Largura do produto<\/td>\n<td>7,7 cm<\/td>\n<\/tr>\n<tr>\n<td>Comprimento do produto<\/td>\n<td>3,6 cm<\/td>\n<\/tr>\n<tr>\n<td>Peso do produto<\/td>\n<td>0,32 kg<\/td>\n<\/tr>\n<\/tbody>\n<\/table>\n<div class=\"philco-store-theme-3ualAl1qVjppHTxQ34ju4 philco-store-theme-3t7G3ek6WkcsS6ksgdsTbH\">\n<p>Dimens\u00f5es de envio do produto<\/p>\n<\/div>\n<table class=\"philco-store-theme-A1poUjIF-FCVZVZdMvzBW\" cellspacing=\"0\" cellpadding=\"0\">\n<tbody>\n<tr>\n<td>Altura com embalagem<\/td>\n<td>32 cm<\/td>\n<\/tr>\n<tr>\n<td>Largura com embalagem<\/td>\n<td>11,5 cm<\/td>\n<\/tr>\n<tr>\n<td>Comprimento com embalagem<\/td>\n<td>5,5 cm<\/td>\n<\/tr>\n<tr>\n<td>Peso com embalagem<\/td>\n<td>0,4 kg<\/td>\n<\/tr>\n<\/tbody>\n<\/table>\n","protected":false},"excerpt":{"rendered":"<p>Modele incr\u00edveis cachos de forma f\u00e1cil e pr\u00e1tica com o Cacheador Philco PEC15 Curly Attitude Cer\u00e2mica \u00cdons Tourmaline. Ele conta com revestimento em cer\u00e2mica, que distribui melhor o calor por<\/p>\n","protected":false},"featured_media":11707,"comment_status":"open","ping_status":"closed","template":"","meta":[],"product_brand":[],"product_cat":[235,263],"product_tag":[],"class_list":{"0":"post-11706","1":"product","2":"type-product","3":"status-publish","4":"has-post-thumbnail","6":"product_cat-cuidados-pessoais","7":"product_cat-modeladores","8":"product_shipping_class-pac","10":"first","11":"instock","12":"shipping-taxable","13":"purchasable","14":"product-type-simple"},"_links":{"self":[{"href":"http:\/\/ambrosioeletro.com.br\/v20\/wp-json\/wp\/v2\/product\/11706","targetHints":{"allow":["GET"]}}],"collection":[{"href":"http:\/\/ambrosioeletro.com.br\/v20\/wp-json\/wp\/v2\/product"}],"about":[{"href":"http:\/\/ambrosioeletro.com.br\/v20\/wp-json\/wp\/v2\/types\/product"}],"replies":[{"embeddable":true,"href":"http:\/\/ambrosioeletro.com.br\/v20\/wp-json\/wp\/v2\/comments?post=11706"}],"wp:featuredmedia":[{"embeddable":true,"href":"http:\/\/ambrosioeletro.com.br\/v20\/wp-json\/wp\/v2\/media\/11707"}],"wp:attachment":[{"href":"http:\/\/ambrosioeletro.com.br\/v20\/wp-json\/wp\/v2\/media?parent=11706"}],"wp:term":[{"taxonomy":"product_brand","embeddable":true,"href":"http:\/\/ambrosioeletro.com.br\/v20\/wp-json\/wp\/v2\/product_brand?post=11706"},{"taxonomy":"product_cat","embeddable":true,"href":"http:\/\/ambrosioeletro.com.br\/v20\/wp-json\/wp\/v2\/product_cat?post=11706"},{"taxonomy":"product_tag","embeddable":true,"href":"http:\/\/ambrosioeletro.com.br\/v20\/wp-json\/wp\/v2\/product_tag?post=11706"}],"curies":[{"name":"wp","href":"https:\/\/api.w.org\/{rel}","templated":true}]}}