{"id":11793,"date":"2024-05-09T14:08:29","date_gmt":"2024-05-09T17:08:29","guid":{"rendered":"http:\/\/ambrosioeletro.com.br\/v20\/?post_type=product&#038;p=11793"},"modified":"2025-05-29T09:22:23","modified_gmt":"2025-05-29T12:22:23","slug":"forno-eletrico-de-bancada-sapore-preto-44-litros","status":"publish","type":"product","link":"http:\/\/ambrosioeletro.com.br\/v20\/produto\/forno-eletrico-de-bancada-sapore-preto-44-litros\/","title":{"rendered":"Forno El\u00e9trico de Bancada Sapore Preto 44 litros"},"content":{"rendered":"<p>Frontal em vidro preto, o design do Forno El\u00e9trico Sapore d\u00e1 um charme a mais para sua cozinha. Sua frente em vidro \u00e9 f\u00e1cil de limpar e proporciona uma \u00f3tima visualiza\u00e7\u00e3o de suas receitas. O Sapore \u00e9 a escolha certa para voc\u00ea, garantindo mais economia e o tempo livre que voc\u00ea sua fam\u00edlia merecem.<\/p>\n<div class=\"dimensions-info-container with-box\">\n<h3 class=\"dimensions-value-title\">Com caixa<\/h3>\n<div class=\"dimensions-value-info\">\n<p><img decoding=\"async\" class=\"height-icon\" src=\"https:\/\/loja.mueller.ind.br\/static\/version1715200379\/frontend\/Hibrido\/mueller\/pt_BR\/images\/svg\/height-icon.svg\" alt=\"Dimension icon\" \/>Altura: 37 cm<\/p>\n<\/div>\n<div class=\"dimensions-value-info\">\n<p><img decoding=\"async\" class=\"widht-icon\" src=\"https:\/\/loja.mueller.ind.br\/static\/version1715200379\/frontend\/Hibrido\/mueller\/pt_BR\/images\/svg\/widht-icon.svg\" alt=\"Dimension icon\" \/>Largura: 58 cm<\/p>\n<\/div>\n<div class=\"dimensions-value-info\">\n<p><img decoding=\"async\" class=\"depth-icon\" src=\"https:\/\/loja.mueller.ind.br\/static\/version1715200379\/frontend\/Hibrido\/mueller\/pt_BR\/images\/svg\/depth-icon.svg\" alt=\"Dimension icon\" \/>Profundidade: 55 cm<\/p>\n<\/div>\n<div class=\"dimensions-value-info\">\n<p><img decoding=\"async\" class=\"weight-icon\" src=\"https:\/\/loja.mueller.ind.br\/static\/version1715200379\/frontend\/Hibrido\/mueller\/pt_BR\/images\/svg\/weight-icon.svg\" alt=\"Dimension icon\" \/>Peso: 14,5 kg<\/p>\n<\/div>\n<\/div>\n<div class=\"dimensions-info-container without-box\">\n<h3 class=\"dimensions-value-title\">Sem caixa<\/h3>\n<div class=\"dimensions-value-info\">\n<p><img decoding=\"async\" class=\"height-icon\" src=\"https:\/\/loja.mueller.ind.br\/static\/version1715200379\/frontend\/Hibrido\/mueller\/pt_BR\/images\/svg\/height-icon.svg\" alt=\"Dimension icon\" \/>Altura: 36 cm<\/p>\n<\/div>\n<div class=\"dimensions-value-info\">\n<p><img decoding=\"async\" class=\"widht-icon\" src=\"https:\/\/loja.mueller.ind.br\/static\/version1715200379\/frontend\/Hibrido\/mueller\/pt_BR\/images\/svg\/widht-icon.svg\" alt=\"Dimension icon\" \/>Largura: 59 cm<\/p>\n<\/div>\n<div class=\"dimensions-value-info\">\n<p><img decoding=\"async\" class=\"depth-icon\" src=\"https:\/\/loja.mueller.ind.br\/static\/version1715200379\/frontend\/Hibrido\/mueller\/pt_BR\/images\/svg\/depth-icon.svg\" alt=\"Dimension icon\" \/>Profundidade: 52 cm<\/p>\n<\/div>\n<div class=\"dimensions-value-info\">\n<p><img decoding=\"async\" class=\"weight-icon\" src=\"https:\/\/loja.mueller.ind.br\/static\/version1715200379\/frontend\/Hibrido\/mueller\/pt_BR\/images\/svg\/weight-icon.svg\" alt=\"Dimension icon\" \/>Peso: 13 kg<\/p>\n<\/div>\n<\/div>\n","protected":false},"excerpt":{"rendered":"<p>Frontal em vidro preto, o design do Forno El\u00e9trico Sapore d\u00e1 um charme a mais para sua cozinha. Sua frente em vidro \u00e9 f\u00e1cil de limpar e proporciona uma \u00f3tima<\/p>\n","protected":false},"featured_media":11803,"comment_status":"open","ping_status":"closed","template":"","meta":[],"product_brand":[],"product_cat":[232,226],"product_tag":[],"class_list":{"0":"post-11793","1":"product","2":"type-product","3":"status-publish","4":"has-post-thumbnail","6":"product_cat-cozinha","7":"product_cat-eletrodomesticos","8":"product_shipping_class-retirar-no-local","10":"first","11":"instock","12":"shipping-taxable","13":"purchasable","14":"product-type-simple"},"_links":{"self":[{"href":"http:\/\/ambrosioeletro.com.br\/v20\/wp-json\/wp\/v2\/product\/11793","targetHints":{"allow":["GET"]}}],"collection":[{"href":"http:\/\/ambrosioeletro.com.br\/v20\/wp-json\/wp\/v2\/product"}],"about":[{"href":"http:\/\/ambrosioeletro.com.br\/v20\/wp-json\/wp\/v2\/types\/product"}],"replies":[{"embeddable":true,"href":"http:\/\/ambrosioeletro.com.br\/v20\/wp-json\/wp\/v2\/comments?post=11793"}],"wp:featuredmedia":[{"embeddable":true,"href":"http:\/\/ambrosioeletro.com.br\/v20\/wp-json\/wp\/v2\/media\/11803"}],"wp:attachment":[{"href":"http:\/\/ambrosioeletro.com.br\/v20\/wp-json\/wp\/v2\/media?parent=11793"}],"wp:term":[{"taxonomy":"product_brand","embeddable":true,"href":"http:\/\/ambrosioeletro.com.br\/v20\/wp-json\/wp\/v2\/product_brand?post=11793"},{"taxonomy":"product_cat","embeddable":true,"href":"http:\/\/ambrosioeletro.com.br\/v20\/wp-json\/wp\/v2\/product_cat?post=11793"},{"taxonomy":"product_tag","embeddable":true,"href":"http:\/\/ambrosioeletro.com.br\/v20\/wp-json\/wp\/v2\/product_tag?post=11793"}],"curies":[{"name":"wp","href":"https:\/\/api.w.org\/{rel}","templated":true}]}}