{"id":11804,"date":"2024-05-09T14:18:53","date_gmt":"2024-05-09T17:18:53","guid":{"rendered":"http:\/\/ambrosioeletro.com.br\/v20\/?post_type=product&#038;p=11804"},"modified":"2025-04-26T11:36:49","modified_gmt":"2025-04-26T14:36:49","slug":"forno-eletrico-de-bancada-mueller-sonetto-vidro-espelhado-44-litros","status":"publish","type":"product","link":"http:\/\/ambrosioeletro.com.br\/v20\/produto\/forno-eletrico-de-bancada-mueller-sonetto-vidro-espelhado-44-litros\/","title":{"rendered":"Forno El\u00e9trico de Bancada Mueller Sonetto Vidro Espelhado 44 Litros"},"content":{"rendered":"<p>O Forno El\u00e9trico Sonetto Espelhado Mueller \u00e9 perfeito para voc\u00ea. Econ\u00f4mico e funcional, ele possui caracter\u00edsticas para deixar o seu dia a dia muito mais pr\u00e1tico e suas receitas muito mas saborosas e crocante.<\/p>\n<div class=\"addinfo-text-title\">Praticidade e efici\u00eancia para o seu dia a dia<\/div>\n<div class=\"addinfo-text-description\">O forno el\u00e9trico Sonetto Vidro Espelhado tem gabinete em a\u00e7o e vidro espelhado que faz toda a diferen\u00e7a na decora\u00e7\u00e3o da sua cozinha. \u00c9 completo, com luz interna, grill, e timer de at\u00e9 120 minutos, para maior liberdade de desenvolver outras atividades enquanto o utiliza. Seu interior total clean traz mais praticidade na limpeza, al\u00e9m de oferecer capacidade de 44 litros, suficiente para o preparo dos mais variados assados. O Sonetto Vidro Espelhado ainda apresenta duplo vidro na porta e isolamento t\u00e9rmico total que ret\u00e9m o calor em seu interior gerando economia de energia e seguran\u00e7a para toda sua fam\u00edlia.<\/div>\n<div>\n<div class=\"dimensions-info-container with-box\">\n<h3 class=\"dimensions-value-title\">Com caixa<\/h3>\n<div class=\"dimensions-value-info\">\n<p><img decoding=\"async\" class=\"height-icon\" src=\"https:\/\/loja.mueller.ind.br\/static\/version1715200379\/frontend\/Hibrido\/mueller\/pt_BR\/images\/svg\/height-icon.svg\" alt=\"Dimension icon\" \/>Altura: 37 cm<\/p>\n<\/div>\n<div class=\"dimensions-value-info\">\n<p><img decoding=\"async\" class=\"widht-icon\" src=\"https:\/\/loja.mueller.ind.br\/static\/version1715200379\/frontend\/Hibrido\/mueller\/pt_BR\/images\/svg\/widht-icon.svg\" alt=\"Dimension icon\" \/>Largura: 59 cm<\/p>\n<\/div>\n<div class=\"dimensions-value-info\">\n<p><img decoding=\"async\" class=\"depth-icon\" src=\"https:\/\/loja.mueller.ind.br\/static\/version1715200379\/frontend\/Hibrido\/mueller\/pt_BR\/images\/svg\/depth-icon.svg\" alt=\"Dimension icon\" \/>Profundidade: 55 cm<\/p>\n<\/div>\n<div class=\"dimensions-value-info\">\n<p><img decoding=\"async\" class=\"weight-icon\" src=\"https:\/\/loja.mueller.ind.br\/static\/version1715200379\/frontend\/Hibrido\/mueller\/pt_BR\/images\/svg\/weight-icon.svg\" alt=\"Dimension icon\" \/>Peso: 14,1 kg<\/p>\n<\/div>\n<\/div>\n<div class=\"dimensions-info-container without-box\">\n<h3 class=\"dimensions-value-title\">Sem caixa<\/h3>\n<div class=\"dimensions-value-info\">\n<p><img decoding=\"async\" class=\"height-icon\" src=\"https:\/\/loja.mueller.ind.br\/static\/version1715200379\/frontend\/Hibrido\/mueller\/pt_BR\/images\/svg\/height-icon.svg\" alt=\"Dimension icon\" \/>Altura: 36 cm<\/p>\n<\/div>\n<div class=\"dimensions-value-info\">\n<p><img decoding=\"async\" class=\"widht-icon\" src=\"https:\/\/loja.mueller.ind.br\/static\/version1715200379\/frontend\/Hibrido\/mueller\/pt_BR\/images\/svg\/widht-icon.svg\" alt=\"Dimension icon\" \/>Largura: 58 cm<\/p>\n<\/div>\n<div class=\"dimensions-value-info\">\n<p><img decoding=\"async\" class=\"depth-icon\" src=\"https:\/\/loja.mueller.ind.br\/static\/version1715200379\/frontend\/Hibrido\/mueller\/pt_BR\/images\/svg\/depth-icon.svg\" alt=\"Dimension icon\" \/>Profundidade: 52 cm<\/p>\n<\/div>\n<div class=\"dimensions-value-info\">\n<p><img decoding=\"async\" class=\"weight-icon\" src=\"https:\/\/loja.mueller.ind.br\/static\/version1715200379\/frontend\/Hibrido\/mueller\/pt_BR\/images\/svg\/weight-icon.svg\" alt=\"Dimension icon\" \/>Peso: 12,6 kg<\/p>\n<\/div>\n<\/div>\n<\/div>\n","protected":false},"excerpt":{"rendered":"<p>O Forno El\u00e9trico Sonetto Espelhado Mueller \u00e9 perfeito para voc\u00ea. Econ\u00f4mico e funcional, ele possui caracter\u00edsticas para deixar o seu dia a dia muito mais pr\u00e1tico e suas receitas muito<\/p>\n","protected":false},"featured_media":11815,"comment_status":"open","ping_status":"closed","template":"","meta":[],"product_brand":[],"product_cat":[232,226],"product_tag":[],"class_list":{"0":"post-11804","1":"product","2":"type-product","3":"status-publish","4":"has-post-thumbnail","6":"product_cat-cozinha","7":"product_cat-eletrodomesticos","8":"product_shipping_class-retirar-no-local","10":"first","11":"instock","12":"shipping-taxable","13":"purchasable","14":"product-type-simple"},"_links":{"self":[{"href":"http:\/\/ambrosioeletro.com.br\/v20\/wp-json\/wp\/v2\/product\/11804","targetHints":{"allow":["GET"]}}],"collection":[{"href":"http:\/\/ambrosioeletro.com.br\/v20\/wp-json\/wp\/v2\/product"}],"about":[{"href":"http:\/\/ambrosioeletro.com.br\/v20\/wp-json\/wp\/v2\/types\/product"}],"replies":[{"embeddable":true,"href":"http:\/\/ambrosioeletro.com.br\/v20\/wp-json\/wp\/v2\/comments?post=11804"}],"wp:featuredmedia":[{"embeddable":true,"href":"http:\/\/ambrosioeletro.com.br\/v20\/wp-json\/wp\/v2\/media\/11815"}],"wp:attachment":[{"href":"http:\/\/ambrosioeletro.com.br\/v20\/wp-json\/wp\/v2\/media?parent=11804"}],"wp:term":[{"taxonomy":"product_brand","embeddable":true,"href":"http:\/\/ambrosioeletro.com.br\/v20\/wp-json\/wp\/v2\/product_brand?post=11804"},{"taxonomy":"product_cat","embeddable":true,"href":"http:\/\/ambrosioeletro.com.br\/v20\/wp-json\/wp\/v2\/product_cat?post=11804"},{"taxonomy":"product_tag","embeddable":true,"href":"http:\/\/ambrosioeletro.com.br\/v20\/wp-json\/wp\/v2\/product_tag?post=11804"}],"curies":[{"name":"wp","href":"https:\/\/api.w.org\/{rel}","templated":true}]}}