{"id":11846,"date":"2024-05-16T16:16:51","date_gmt":"2024-05-16T19:16:51","guid":{"rendered":"http:\/\/ambrosioeletro.com.br\/v20\/?post_type=product&#038;p=11846"},"modified":"2026-03-27T11:21:06","modified_gmt":"2026-03-27T14:21:06","slug":"batedeira-pratica-mondial-preto-400w-110v-b-44-b","status":"publish","type":"product","link":"http:\/\/ambrosioeletro.com.br\/v20\/produto\/batedeira-pratica-mondial-preto-400w-110v-b-44-b\/","title":{"rendered":"Batedeira Pr\u00e1tica, Mondial, Preto, 400W, 110V B44B"},"content":{"rendered":"<div id=\"productOverview_feature_div\" class=\"celwidget\" data-feature-name=\"productOverview\" data-csa-c-type=\"widget\" data-csa-c-content-id=\"productOverview\" data-csa-c-slot-id=\"productOverview_feature_div\" data-csa-c-asin=\"B08BXBFCTN\" data-csa-c-is-in-initial-active-row=\"false\" data-csa-c-id=\"5udeql-hidsfl-pikuu5-54k167\" data-cel-widget=\"productOverview_feature_div\">\n<div class=\"a-section a-spacing-small a-spacing-top-small\">\n<table class=\"a-normal a-spacing-micro\">\n<tbody>\n<tr class=\"a-spacing-small po-brand\">\n<td class=\"a-span3\"><span class=\"a-size-base a-text-bold\">Marca<\/span><\/td>\n<td class=\"a-span9\"><span class=\"a-size-base po-break-word\">MONDIAL<\/span><\/td>\n<\/tr>\n<tr class=\"a-spacing-small po-color\">\n<td class=\"a-span3\"><span class=\"a-size-base a-text-bold\">Cor<\/span><\/td>\n<td class=\"a-span9\"><span class=\"a-size-base po-break-word\">Preto<\/span><\/td>\n<\/tr>\n<tr class=\"a-spacing-small po-item_depth_width_height\">\n<td class=\"a-span3\"><span class=\"a-size-base a-text-bold\">Dimens\u00f5es do produto<\/span><\/td>\n<td class=\"a-span9\"><span class=\"a-size-base po-break-word\">29P x 21,5L x 32A cent\u00edmetros<\/span><\/td>\n<\/tr>\n<tr class=\"a-spacing-small po-material\">\n<td class=\"a-span3\"><span class=\"a-size-base a-text-bold\">Material<\/span><\/td>\n<td class=\"a-span9\"><span class=\"a-size-base po-break-word\">Polipropileno (PP)<\/span><\/td>\n<\/tr>\n<tr class=\"a-spacing-small po-number_of_speeds\">\n<td class=\"a-span3\"><span class=\"a-size-base a-text-bold\">N\u00famero de velocidades<\/span><\/td>\n<td class=\"a-span9\"><span class=\"a-size-base po-break-word\">3<\/span><\/td>\n<\/tr>\n<\/tbody>\n<\/table>\n<\/div>\n<\/div>\n<div id=\"featurebullets_feature_div\" class=\"celwidget\" data-feature-name=\"featurebullets\" data-csa-c-type=\"widget\" data-csa-c-content-id=\"featurebullets\" data-csa-c-slot-id=\"featurebullets_feature_div\" data-csa-c-asin=\"B08BXBFCTN\" data-csa-c-is-in-initial-active-row=\"false\" data-csa-c-id=\"1nevmg-kqle85-odg27m-f8nq22\" data-cel-widget=\"featurebullets_feature_div\">\n<div id=\"feature-bullets\" class=\"a-section a-spacing-medium a-spacing-top-small\">\n<hr \/>\n<h1 class=\"a-size-base-plus a-text-bold\">Sobre este item<\/h1>\n<ul class=\"a-unordered-list a-vertical a-spacing-mini\">\n<li class=\"a-spacing-mini\"><span class=\"a-list-item\">POT\u00caNCIA DE 400W: De claras em neve at\u00e9 massas de bolo, \u00e9 garantia de uma consist\u00eancia perfeita!<\/span><\/li>\n<li class=\"a-spacing-mini\"><span class=\"a-list-item\">3 VELOCIDADES + TURBO: Ajuste a velocidade de acordo com o tipo de receita e use a fun\u00e7\u00e3o turbo para aumentar o desempenho.<\/span><\/li>\n<li class=\"a-spacing-mini\"><span class=\"a-list-item\">TAMANHO FAM\u00cdLIA: A tigela de 3,6 litros tem o tamanho ideal para preparar del\u00edcias para toda a fam\u00edlia.<\/span><\/li>\n<li class=\"a-spacing-mini\"><span class=\"a-list-item\">BATEDORES EM A\u00c7O CROMADO: Misturam todos os ingredientes em um movimento cont\u00ednuo. O a\u00e7o garante maior resist\u00eancia e durabilidade.<\/span><\/li>\n<li class=\"a-spacing-mini\"><span class=\"a-list-item\">BOT\u00c3O EJETOR: Basta pression\u00e1-lo para soltar os batedores. Higieniza\u00e7\u00e3o mais pr\u00e1tica e f\u00e1cil.<\/span><\/li>\n<li>\n<div id=\"productDetails_feature_div\" class=\"celwidget pd_rd_w-94IqO pd_rd_r-R96RSEZFFEM6Q39GD300 pd_rd_wg-8hxxE\" data-feature-name=\"productDetailsHomeAndGarden_Updated\" data-csa-c-type=\"widget\" data-csa-c-content-id=\"productDetailsHomeAndGarden_Updated\" data-csa-c-slot-id=\"productDetails_feature_div\" data-csa-c-asin=\"\" data-csa-c-is-in-initial-active-row=\"false\" data-csa-c-id=\"bf81xt-wm9b8o-iclgse-d4ykst\" data-cel-widget=\"productDetails_feature_div\">\n<div>\n<div id=\"prodDetails\" class=\"a-section\">\n<div class=\"a-row a-spacing-top-base\">\n<div class=\"a-column a-span6\">\n<div class=\"a-row a-spacing-base\">\n<div class=\"a-row a-expander-container a-expander-extend-container\">\n<div class=\"a-expander-content a-expander-extend-content\" aria-expanded=\"true\">\n<div class=\"a-row a-expander-container a-expander-inline-container\">\n<div class=\"a-expander-content a-expander-section-content a-section-expander-inner\" aria-expanded=\"true\">\n<table id=\"productDetails_techSpec_section_1\" class=\"a-keyvalue prodDetTable\" role=\"presentation\">\n<tbody>\n<tr>\n<th class=\"a-color-secondary a-size-base prodDetSectionEntry\">Nome da marca<\/th>\n<td class=\"a-size-base prodDetAttrValue\">\u200eMONDIAL<\/td>\n<\/tr>\n<tr>\n<th class=\"a-color-secondary a-size-base prodDetSectionEntry\">Fabricante<\/th>\n<td class=\"a-size-base prodDetAttrValue\">\u200eMondial<\/td>\n<\/tr>\n<tr>\n<th class=\"a-color-secondary a-size-base prodDetSectionEntry\">Modelo<\/th>\n<td class=\"a-size-base prodDetAttrValue\">\u200eB-44-B<\/td>\n<\/tr>\n<tr>\n<th class=\"a-color-secondary a-size-base prodDetSectionEntry\">Cor<\/th>\n<td class=\"a-size-base prodDetAttrValue\">\u200ePreto<\/td>\n<\/tr>\n<tr>\n<th class=\"a-color-secondary a-size-base prodDetSectionEntry\">Registro no Inmetro<\/th>\n<td class=\"a-size-base prodDetAttrValue\">\u200eBR33737006<\/td>\n<\/tr>\n<tr>\n<th class=\"a-color-secondary a-size-base prodDetSectionEntry\">Nome do modelo<\/th>\n<td class=\"a-size-base prodDetAttrValue\">\u200ePr\u00e1tica &#8211; 400W<\/td>\n<\/tr>\n<tr>\n<th class=\"a-color-secondary a-size-base prodDetSectionEntry\">N\u00famero da pe\u00e7a<\/th>\n<td class=\"a-size-base prodDetAttrValue\">\u200e20406<\/td>\n<\/tr>\n<tr>\n<th class=\"a-color-secondary a-size-base prodDetSectionEntry\">Caracter\u00edsticas especiais<\/th>\n<td class=\"a-size-base prodDetAttrValue\">\u200eTigela remov\u00edvel<\/td>\n<\/tr>\n<tr>\n<th class=\"a-color-secondary a-size-base prodDetSectionEntry\">Pe\u00e7as para montagem<\/th>\n<td class=\"a-size-base prodDetAttrValue\">\u200e01 Batedeira; 01 Par de Batedores; 01 Tigela; Manual de Instru\u00e7\u00f5es e Manual de Assist\u00eancia T\u00e9cnica<\/td>\n<\/tr>\n<tr>\n<th class=\"a-color-secondary a-size-base prodDetSectionEntry\">N\u00famero de unidades<\/th>\n<td class=\"a-size-base prodDetAttrValue\">\u200e1<\/td>\n<\/tr>\n<tr>\n<th class=\"a-color-secondary a-size-base prodDetSectionEntry\">Voltagem<\/th>\n<td class=\"a-size-base prodDetAttrValue\">\u200e110 Volts<\/td>\n<\/tr>\n<tr>\n<th class=\"a-color-secondary a-size-base prodDetSectionEntry\">Pot\u00eancia em watts<\/th>\n<td class=\"a-size-base prodDetAttrValue\">\u200e400 watts<\/td>\n<\/tr>\n<tr>\n<th class=\"a-color-secondary a-size-base prodDetSectionEntry\">Tipo de fonte de energia<\/th>\n<td class=\"a-size-base prodDetAttrValue\">\u200eEnergia el\u00e9trica<\/td>\n<\/tr>\n<tr>\n<th class=\"a-color-secondary a-size-base prodDetSectionEntry\">Funciona com baterias<\/th>\n<td class=\"a-size-base prodDetAttrValue\">\u200eN\u00e3o<\/td>\n<\/tr>\n<tr>\n<th class=\"a-color-secondary a-size-base prodDetSectionEntry\">Tipo de material<\/th>\n<td class=\"a-size-base prodDetAttrValue\">\u200ePolipropileno (PP)<\/td>\n<\/tr>\n<tr>\n<th class=\"a-color-secondary a-size-base prodDetSectionEntry\">Cont\u00e9m l\u00edquido?<\/th>\n<td class=\"a-size-base prodDetAttrValue\">\u200eN\u00e3o<\/td>\n<\/tr>\n<tr>\n<th class=\"a-color-secondary a-size-base prodDetSectionEntry\">Fabricante<\/th>\n<td class=\"a-size-base prodDetAttrValue\">\u200eMondial<\/td>\n<\/tr>\n<tr>\n<th class=\"a-color-secondary a-size-base prodDetSectionEntry\">N\u00famero do modelo<\/th>\n<td class=\"a-size-base prodDetAttrValue\">\u200eB-44-B<\/td>\n<\/tr>\n<tr>\n<th class=\"a-color-secondary a-size-base prodDetSectionEntry\">Dimens\u00f5es do produto<\/th>\n<td class=\"a-size-base prodDetAttrValue\">\u200e27 x 21 x 33 cm; 1,19 quilogramas<\/td>\n<\/tr>\n<tr>\n<th class=\"a-color-secondary a-size-base prodDetSectionEntry\">ASIN<\/th>\n<td class=\"a-size-base prodDetAttrValue\">\u200eB08BXBFCTN<\/td>\n<\/tr>\n<tr>\n<th class=\"a-color-secondary a-size-base prodDetSectionEntry\">EAN<\/th>\n<td class=\"a-size-base prodDetAttrValue\">\u200e7899882310986<\/td>\n<\/tr>\n<\/tbody>\n<\/table>\n<\/div>\n<\/div>\n<\/div>\n<\/div>\n<\/div>\n<div class=\"a-row a-spacing-base\"><\/div>\n<\/div>\n<div class=\"a-column a-span6 a-span-last\">\n<div class=\"a-row a-spacing-base\">\n<div id=\"productDetails_db_sections\" class=\"a-section\">\n<h1 class=\"a-size-medium a-spacing-small secHeader\">Informa\u00e7\u00f5es adicionais<\/h1>\n<div class=\"a-section table-padding\">\n<table id=\"productDetails_detailBullets_sections1\" class=\"a-keyvalue prodDetTable\" role=\"presentation\">\n<tbody>\n<tr>\n<th class=\"a-color-secondary a-size-base prodDetSectionEntry\">Dimens\u00f5es do pacote<\/th>\n<td class=\"a-size-base prodDetAttrValue\">33.4 x 24.5 x 24.5 cent\u00edmetros<\/td>\n<\/tr>\n<tr>\n<th class=\"a-color-secondary a-size-base prodDetSectionEntry\">Dispon\u00edvel para compra desde<\/th>\n<td class=\"a-size-base prodDetAttrValue\">25 junho 2020<\/td>\n<\/tr>\n<tr>\n<th class=\"a-color-secondary a-size-base prodDetSectionEntry\">Avalia\u00e7\u00f5es de clientes<\/th>\n<td class=\"a-size-base\">\n<div id=\"averageCustomerReviews\" data-asin=\"B08BXBFCTN\" data-ref=\"dpx_acr_pop_\"><span class=\"a-declarative\" data-action=\"acrStarsLink-click-metrics\" data-csa-c-type=\"widget\" data-csa-c-func-deps=\"aui-da-acrStarsLink-click-metrics\" data-acrstarslink-click-metrics=\"{}\" data-csa-c-id=\"woir6l-afn82f-c603rc-3t90xj\"><span id=\"acrPopover\" class=\"reviewCountTextLinkedHistogram noUnderline\" title=\"4,6 de 5 estrelas\"><a class=\"a-popover-trigger a-declarative\" role=\"button\"><span class=\"a-size-base a-color-base\">4,6\u00a0<\/span><i class=\"a-icon a-icon-star a-star-4-5 cm-cr-review-stars-spacing-big\"><span class=\"a-icon-alt\">4,6 de 5 estrelas<\/span><\/i>\u00a0<i class=\"a-icon a-icon-popover\"><\/i><\/a>\u00a0\u00a0<\/span><\/span>\u00a0<span class=\"a-declarative\" data-action=\"acrLink-click-metrics\" data-csa-c-type=\"widget\" data-csa-c-func-deps=\"aui-da-acrLink-click-metrics\" data-acrlink-click-metrics=\"{}\" data-csa-c-id=\"aa45l5-10q5jv-lnx9sj-l7u5e\"><a id=\"acrCustomerReviewLink\" class=\"a-link-normal\" href=\"https:\/\/www.amazon.com.br\/Batedeira-Pr%C3%A1tica-Black-Preta-Mondial\/dp\/B08BXBFCTN?source=ps-sl-shoppingads-lpcontext&amp;ref_=fplfs&amp;smid=A1ZZFT5FULY4LN&amp;th=1#customerReviews\"><span id=\"acrCustomerReviewText\" class=\"a-size-base\">1.922 avalia\u00e7\u00f5es de clientes<\/span><\/a><\/span><\/div>\n<p>4,6 de 5 estrelas<\/td>\n<\/tr>\n<tr>\n<th class=\"a-color-secondary a-size-base prodDetSectionEntry\">Ranking dos mais vendidos<\/th>\n<td>N\u00ba 74 em Cozinha (<a href=\"https:\/\/www.amazon.com.br\/gp\/bestsellers\/kitchen\/ref=pd_zg_ts_kitchen\">Conhe\u00e7a o Top 100 na categoria Cozinha<\/a>)<br \/>\nN\u00ba 1 em\u00a0<a href=\"https:\/\/www.amazon.com.br\/gp\/bestsellers\/kitchen\/17125209011\/ref=pd_zg_hrsr_kitchen\">Batedeiras para Casa<\/a><\/td>\n<\/tr>\n<tr>\n<th class=\"a-color-secondary a-size-base prodDetSectionEntry\">Descontinuado pelo fabricante<\/th>\n<td class=\"a-size-base prodDetAttrValue\">N\u00e3o<\/td>\n<\/tr>\n<\/tbody>\n<\/table>\n<\/div>\n<\/div>\n<\/div>\n<div class=\"a-row a-spacing-base\"><\/div>\n<div class=\"a-row\"><\/div>\n<\/div>\n<\/div>\n<\/div>\n<\/div>\n<\/div>\n<div id=\"productDescription_feature_div\" class=\"celwidget pd_rd_w-23PDR pd_rd_r-R96RSEZFFEM6Q39GD300 pd_rd_wg-8hxxE\" data-feature-name=\"productDescription-3\" data-csa-c-type=\"widget\" data-csa-c-content-id=\"productDescription-3\" data-csa-c-slot-id=\"productDescription_feature_div\" data-csa-c-asin=\"\" data-csa-c-is-in-initial-active-row=\"false\" data-csa-c-id=\"syrvg5-dhz4kv-xqw1ms-s89fag\" data-cel-widget=\"productDescription_feature_div\">\n<div>\n<div id=\"productDescription_feature_div\" class=\"a-row feature\" data-feature-name=\"productDescription\" data-template-name=\"productDescription\" data-cel-widget=\"productDescription_feature_div\">\n<div class=\"a-divider a-divider-section\">\n<div class=\"a-divider-inner\"><\/div>\n<\/div>\n<h2 class=\"default\">Descri\u00e7\u00e3o do produto<\/h2>\n<div id=\"productDescription\" class=\"a-section a-spacing-small\">\n<p>A\u00a0<span class=\"a-text-bold\">Batedeira Pr\u00e1tica B-44-B<\/span>\u00a0\u00e9 ideal para produzir massas e receitas do dia a dia com um resultado incr\u00edvel. Possui 400W de pot\u00eancia, 3 velocidades para controlar o ponto das receitas e fun\u00e7\u00e3o turbo para aumentar o desempenho. Vem com tigela de 3,6 litros e batedores em a\u00e7o cromado, que s\u00e3o mais resistentes e deixam a massa no ponto certo. Por ser leve e compacta, voc\u00ea prepara pratos de forma muito mais pr\u00e1tica.\u00a0<span class=\"a-text-bold\">Saiba mais sobre a B-44-B da Mondial:<\/span><\/p>\n<p><span class=\"a-text-bold\">POT\u00caNCIA DE 400W:<\/span>\u00a0Proporciona a for\u00e7a necess\u00e1ria para bater de claras em neve at\u00e9 massas de bolo. Garantia de uma consist\u00eancia perfeita!<\/p>\n<p><span class=\"a-text-bold\">3 VELOCIDADES + TURBO:<\/span>\u00a0Ajuste a velocidade de acordo com o tipo de prato a ser preparado e use a fun\u00e7\u00e3o turbo para aumentar o desempenho da batedeira.<\/p>\n<p><span class=\"a-text-bold\">TAMANHO FAM\u00cdLIA:<\/span>\u00a0A tigela de 3,6 litros \u00e9 grande e tem tamanho ideal para o preparo de del\u00edcias para toda a fam\u00edlia.<\/p>\n<p><span class=\"a-text-bold\">BATEDORES EM A\u00c7O CROMADO:<\/span>\u00a0Misturam todos os ingredientes em um movimento cont\u00ednuo das bordas at\u00e9 o centro, deixando a massa mais homog\u00eanea. O a\u00e7o garante maior resist\u00eancia e durabilidade.<\/p>\n<p><span class=\"a-text-bold\">BOT\u00c3O EJETOR:<\/span>\u00a0Basta pression\u00e1-lo para soltar os batedores. Higieniza\u00e7\u00e3o mais pr\u00e1tica e f\u00e1cil.<\/p>\n<p><span class=\"a-text-bold\">SISTEMA EXCLUSIVO DE FIXA\u00c7\u00c3O:<\/span>\u00a0Sistema desenvolvido pela Mondial para facilitar a montagem da batedeira e sua limpeza.<\/p>\n<p><span class=\"a-text-bold\">UM ANO DE GARANTIA MONDIAL:<\/span>\u00a0A Mondial \u00e9 a escolha de milh\u00f5es de consumidores. Mondial, a escolha inteligente!<\/p>\n<\/div>\n<\/div>\n<\/div>\n<\/div>\n<\/li>\n<\/ul>\n<\/div>\n<\/div>\n","protected":false},"excerpt":{"rendered":"<p>Marca MONDIAL Cor Preto Dimens\u00f5es do produto 29P x 21,5L x 32A cent\u00edmetros Material Polipropileno (PP) N\u00famero de velocidades 3 Sobre este item POT\u00caNCIA DE 400W: De claras em neve<\/p>\n","protected":false},"featured_media":11856,"comment_status":"open","ping_status":"closed","template":"","meta":[],"product_brand":[],"product_cat":[232,226],"product_tag":[],"class_list":{"0":"post-11846","1":"product","2":"type-product","3":"status-publish","4":"has-post-thumbnail","6":"product_cat-cozinha","7":"product_cat-eletrodomesticos","8":"product_shipping_class-pac","10":"first","11":"instock","12":"shipping-taxable","13":"purchasable","14":"product-type-simple"},"_links":{"self":[{"href":"http:\/\/ambrosioeletro.com.br\/v20\/wp-json\/wp\/v2\/product\/11846","targetHints":{"allow":["GET"]}}],"collection":[{"href":"http:\/\/ambrosioeletro.com.br\/v20\/wp-json\/wp\/v2\/product"}],"about":[{"href":"http:\/\/ambrosioeletro.com.br\/v20\/wp-json\/wp\/v2\/types\/product"}],"replies":[{"embeddable":true,"href":"http:\/\/ambrosioeletro.com.br\/v20\/wp-json\/wp\/v2\/comments?post=11846"}],"wp:featuredmedia":[{"embeddable":true,"href":"http:\/\/ambrosioeletro.com.br\/v20\/wp-json\/wp\/v2\/media\/11856"}],"wp:attachment":[{"href":"http:\/\/ambrosioeletro.com.br\/v20\/wp-json\/wp\/v2\/media?parent=11846"}],"wp:term":[{"taxonomy":"product_brand","embeddable":true,"href":"http:\/\/ambrosioeletro.com.br\/v20\/wp-json\/wp\/v2\/product_brand?post=11846"},{"taxonomy":"product_cat","embeddable":true,"href":"http:\/\/ambrosioeletro.com.br\/v20\/wp-json\/wp\/v2\/product_cat?post=11846"},{"taxonomy":"product_tag","embeddable":true,"href":"http:\/\/ambrosioeletro.com.br\/v20\/wp-json\/wp\/v2\/product_tag?post=11846"}],"curies":[{"name":"wp","href":"https:\/\/api.w.org\/{rel}","templated":true}]}}