{"id":12001,"date":"2024-07-16T12:53:34","date_gmt":"2024-07-16T15:53:34","guid":{"rendered":"http:\/\/ambrosioeletro.com.br\/v20\/?post_type=product&#038;p=12001"},"modified":"2025-02-01T08:35:09","modified_gmt":"2025-02-01T11:35:09","slug":"maquina-de-lavar-mueller-17kg-com-ultracentrifugacao-e-ciclo-rapido-mla17","status":"publish","type":"product","link":"http:\/\/ambrosioeletro.com.br\/v20\/produto\/maquina-de-lavar-mueller-17kg-com-ultracentrifugacao-e-ciclo-rapido-mla17\/","title":{"rendered":"M\u00e1quina de Lavar Lavadora Mueller 17kg com Ultracentrifuga\u00e7\u00e3o e Ciclo R\u00e1pido MLA17"},"content":{"rendered":"<div class=\"addinfo-text-title\">Saia do autom\u00e1tico com a nova lavadora autom\u00e1tica Mueller!<\/div>\n<div class=\"addinfo-text-description\">Com alta capacidade e robustez, combinando efici\u00eancia de lavagem e o poder da dupla centrifuga\u00e7\u00e3o, a Lavadora Autom\u00e1tica Mueller 17kg foi projetada para garantir durabilidade e praticidade. Uma verdadeira experi\u00eancia de cuidado com as roupas. O modelo possui 11 programas de lavagem, com 5 n\u00edveis de \u00e1gua, al\u00e9m de fun\u00e7\u00f5es como a Ultracentrifuga\u00e7\u00e3o e programas de duplo enx\u00e1gue para lavagem de edredom e cama\/banho.<\/div>\n<div>\n<div class=\"addinfo-dados-text--title\">Fun\u00e7\u00e3o Ultracentrifuga\u00e7\u00e3o<\/div>\n<div class=\"addinfo-dados-text--description\">Suas roupas saem da lavagem praticamente secas.<\/div>\n<div>\n<div class=\"addinfo-dados-text--title\">11 Programas de Lavagem<\/div>\n<div class=\"addinfo-dados-text--description\">Incluindo ciclo de lavagem r\u00e1pida, com roupas limpas em at\u00e9 27 minutos.<\/div>\n<div>\n<div class=\"addinfo-dados-text--title\">Triplo Dispenser<\/div>\n<div class=\"addinfo-dados-text--description\">Praticidade na medida certa para sab\u00e3o em p\u00f3 ou sab\u00e3o l\u00edquido, amaciante e alvejante.<\/div>\n<div>\n<div class=\"addinfo-dados-text--title\">5 N\u00edveis de \u00c1gua<\/div>\n<div class=\"addinfo-dados-text--description\">Garanta efici\u00eancia m\u00e1xima no consumo.<\/div>\n<div>\n<div class=\"addinfo-dados-text--title\">Filtro de Fiapos Desmont\u00e1vel<\/div>\n<div class=\"addinfo-dados-text--description\">F\u00e1cil de Limpar e desmontar<\/div>\n<div>\n<div class=\"addinfo-dados-text--title\">Bot\u00e3o Avan\u00e7a Etapas<\/div>\n<div class=\"addinfo-dados-text--description\">Flexibilidade de personalizar o ciclo de lavagem conforme suas necessidades.<\/div>\n<div>\n<div class=\"addinfo-dados-text--title\">Painel Ergon\u00f4mico<\/div>\n<div class=\"addinfo-dados-text--description\">Mais intuitivo e pr\u00e1tico de usar, com o maior bot\u00e3o da categoria emborrachado.<\/div>\n<div>\n<div class=\"addinfo-dados-text--title\">Lavagem Econ\u00f4mica e Sustent\u00e1vel<\/div>\n<div class=\"addinfo-dados-text--description\">Efici\u00eancia Global \u201cA\u201d e Ciclo de Reaproveitamento de \u00e1gua, garantindo economia e sustentabilidade no dia a dia.<\/div>\n<div>\n<div class=\"dimensions-info-container with-box\">\n<h3 class=\"dimensions-value-title\">Com caixa<\/h3>\n<div class=\"dimensions-value-info\">\n<p><img decoding=\"async\" class=\"height-icon\" src=\"https:\/\/loja.mueller.ind.br\/static\/version1719942054\/frontend\/Hibrido\/mueller\/pt_BR\/images\/svg\/height-icon.svg\" alt=\"Dimension icon\" \/>Altura: 108,5 cm<\/p>\n<\/div>\n<div class=\"dimensions-value-info\">\n<p><img decoding=\"async\" class=\"widht-icon\" src=\"https:\/\/loja.mueller.ind.br\/static\/version1719942054\/frontend\/Hibrido\/mueller\/pt_BR\/images\/svg\/widht-icon.svg\" alt=\"Dimension icon\" \/>Largura: 70 cm<\/p>\n<\/div>\n<div class=\"dimensions-value-info\">\n<p><img decoding=\"async\" class=\"depth-icon\" src=\"https:\/\/loja.mueller.ind.br\/static\/version1719942054\/frontend\/Hibrido\/mueller\/pt_BR\/images\/svg\/depth-icon.svg\" alt=\"Dimension icon\" \/>Profundidade: 75 cm<\/p>\n<\/div>\n<div class=\"dimensions-value-info\">\n<p><img decoding=\"async\" class=\"weight-icon\" src=\"https:\/\/loja.mueller.ind.br\/static\/version1719942054\/frontend\/Hibrido\/mueller\/pt_BR\/images\/svg\/weight-icon.svg\" alt=\"Dimension icon\" \/>Peso: 40,4 kg<\/p>\n<\/div>\n<\/div>\n<div class=\"dimensions-info-container without-box\">\n<h3 class=\"dimensions-value-title\">Sem caixa<\/h3>\n<div class=\"dimensions-value-info\">\n<p><img decoding=\"async\" class=\"height-icon\" src=\"https:\/\/loja.mueller.ind.br\/static\/version1719942054\/frontend\/Hibrido\/mueller\/pt_BR\/images\/svg\/height-icon.svg\" alt=\"Dimension icon\" \/>Altura: 106 cm<\/p>\n<\/div>\n<div class=\"dimensions-value-info\">\n<p><img decoding=\"async\" class=\"widht-icon\" src=\"https:\/\/loja.mueller.ind.br\/static\/version1719942054\/frontend\/Hibrido\/mueller\/pt_BR\/images\/svg\/widht-icon.svg\" alt=\"Dimension icon\" \/>Largura: 67,5 cm<\/p>\n<\/div>\n<div class=\"dimensions-value-info\">\n<p><img decoding=\"async\" class=\"depth-icon\" src=\"https:\/\/loja.mueller.ind.br\/static\/version1719942054\/frontend\/Hibrido\/mueller\/pt_BR\/images\/svg\/depth-icon.svg\" alt=\"Dimension icon\" \/>Profundidade: 73,5 cm<\/p>\n<\/div>\n<div class=\"dimensions-value-info\">\n<p><img decoding=\"async\" class=\"weight-icon\" src=\"https:\/\/loja.mueller.ind.br\/static\/version1719942054\/frontend\/Hibrido\/mueller\/pt_BR\/images\/svg\/weight-icon.svg\" alt=\"Dimension icon\" \/>Peso: 39,3 kg<\/p>\n<\/div>\n<\/div>\n<\/div>\n<\/div>\n<\/div>\n<\/div>\n<\/div>\n<\/div>\n<\/div>\n<\/div>\n<\/div>\n","protected":false},"excerpt":{"rendered":"<p>Saia do autom\u00e1tico com a nova lavadora autom\u00e1tica Mueller! Com alta capacidade e robustez, combinando efici\u00eancia de lavagem e o poder da dupla centrifuga\u00e7\u00e3o, a Lavadora Autom\u00e1tica Mueller 17kg foi<\/p>\n","protected":false},"featured_media":12011,"comment_status":"open","ping_status":"closed","template":"","meta":[],"product_brand":[],"product_cat":[233,226],"product_tag":[],"class_list":{"0":"post-12001","1":"product","2":"type-product","3":"status-publish","4":"has-post-thumbnail","6":"product_cat-area-de-servico","7":"product_cat-eletrodomesticos","8":"product_shipping_class-retirar-no-local","10":"first","11":"instock","12":"shipping-taxable","13":"purchasable","14":"product-type-simple"},"_links":{"self":[{"href":"http:\/\/ambrosioeletro.com.br\/v20\/wp-json\/wp\/v2\/product\/12001","targetHints":{"allow":["GET"]}}],"collection":[{"href":"http:\/\/ambrosioeletro.com.br\/v20\/wp-json\/wp\/v2\/product"}],"about":[{"href":"http:\/\/ambrosioeletro.com.br\/v20\/wp-json\/wp\/v2\/types\/product"}],"replies":[{"embeddable":true,"href":"http:\/\/ambrosioeletro.com.br\/v20\/wp-json\/wp\/v2\/comments?post=12001"}],"wp:featuredmedia":[{"embeddable":true,"href":"http:\/\/ambrosioeletro.com.br\/v20\/wp-json\/wp\/v2\/media\/12011"}],"wp:attachment":[{"href":"http:\/\/ambrosioeletro.com.br\/v20\/wp-json\/wp\/v2\/media?parent=12001"}],"wp:term":[{"taxonomy":"product_brand","embeddable":true,"href":"http:\/\/ambrosioeletro.com.br\/v20\/wp-json\/wp\/v2\/product_brand?post=12001"},{"taxonomy":"product_cat","embeddable":true,"href":"http:\/\/ambrosioeletro.com.br\/v20\/wp-json\/wp\/v2\/product_cat?post=12001"},{"taxonomy":"product_tag","embeddable":true,"href":"http:\/\/ambrosioeletro.com.br\/v20\/wp-json\/wp\/v2\/product_tag?post=12001"}],"curies":[{"name":"wp","href":"https:\/\/api.w.org\/{rel}","templated":true}]}}