{"id":12048,"date":"2024-07-24T16:02:12","date_gmt":"2024-07-24T19:02:12","guid":{"rendered":"http:\/\/ambrosioeletro.com.br\/v20\/?post_type=product&#038;p=12048"},"modified":"2026-03-17T11:26:12","modified_gmt":"2026-03-17T14:26:12","slug":"cooktop-5-bocas-preto-com-mesa-de-vidro-e-tripla-chama-dako-supreme-bivolt","status":"publish","type":"product","link":"http:\/\/ambrosioeletro.com.br\/v20\/produto\/cooktop-5-bocas-preto-com-mesa-de-vidro-e-tripla-chama-dako-supreme-bivolt\/","title":{"rendered":"Cooktop 5 Bocas Preto com Mesa de Vidro e Tripla Chama Dako Supreme Bivolt"},"content":{"rendered":"<div class=\"product-info-stock-handle\">\n<div class=\"product attribute overview\">\n<div class=\"value\">\n<p><strong>Cooktop 5 Bocas Preto com Mesa de Vidro e Tripla Chama Dako Supreme: mais que um cooktop, uma afirma\u00e7\u00e3o de bom gosto<\/strong><\/p>\n<p>O Cooktop Supreme a g\u00e1s foi desenvolvido para os amantes da cozinha que querem impressionar pessoas queridas, cozinhando diversas receitas, das mais simples as mais sofisticadas.<\/p>\n<p>O design encanta. Al\u00e9m de moderno, \u00e9 potente.\u00a0Sua mesa de vidro \u00e9 linda, ultra resistente e muito pr\u00e1tica de limpar. As grades de ferro fundido s\u00e3o robustas, com 4 pontos de apoio, proporcionando mais estabilidade e seguran\u00e7a para suas panelas, al\u00e9m de terem um visual incr\u00edvel.<\/p>\n<p>\u201cGirou, acendeu\u201d: \u00e9 assim que voc\u00ea acende as bocas, principalmente as Mega e Tripla Chamas, que aceleram o tempo de preparo do alimento, sobrando mais tempo para o que importa: fam\u00edlia e amigos.<\/p>\n<p>Para garantir que o cooktop fique sempre com cara de novo, os bot\u00f5es s\u00e3o remov\u00edveis para uma limpeza completa e os queimadores s\u00e3o selados, impedindo a entrada de res\u00edduos.<\/p>\n<p>A vers\u00e3o 5 bocas conta com 3 queimadores de 1,65 kW, 1 queimador Mega Chama de 2,85 kW, 1 queimador Tripla Chama de 3,25 kW e medidas 73,5 x 12 x 46 cm (largura x altura x profundidade).<\/p>\n<\/div>\n<\/div>\n<div class=\"product-info-price\"><\/div>\n<\/div>\n<div class=\"product-social-links\">\n<ul class=\"list\">\n<li class=\"item height\">\n<div class=\"attribute-container\"><span class=\"icon\"><img decoding=\"async\" src=\"https:\/\/www.dako.com.br\/static\/version1721757995\/frontend\/DigitalHub\/Dako\/pt_BR\/images\/icones\/icone-altura.png\" alt=\"icon\" \/><\/span><strong>12<\/strong>altura<\/div>\n<\/li>\n<li class=\"item width\">\n<div class=\"attribute-container\"><span class=\"icon\"><img decoding=\"async\" src=\"https:\/\/www.dako.com.br\/static\/version1721757995\/frontend\/DigitalHub\/Dako\/pt_BR\/images\/icones\/icone-largura.png\" alt=\"icon\" \/><\/span><strong>73,5<\/strong>largura<\/div>\n<\/li>\n<li class=\"item depth\">\n<div class=\"attribute-container\"><span class=\"icon\"><img decoding=\"async\" src=\"https:\/\/www.dako.com.br\/static\/version1721757995\/frontend\/DigitalHub\/Dako\/pt_BR\/images\/icones\/icone-profundidade.png\" alt=\"icon\" \/><\/span><strong>46<\/strong>profundidade<\/div>\n<\/li>\n<li class=\"item weight\">\n<div class=\"attribute-container\"><span class=\"icon\"><img decoding=\"async\" src=\"https:\/\/www.dako.com.br\/static\/version1721757995\/frontend\/DigitalHub\/Dako\/pt_BR\/images\/icones\/icone-peso.png\" alt=\"icon\" \/><\/span><strong>10<\/strong>peso<\/div>\n<\/li>\n<\/ul>\n<\/div>\n","protected":false},"excerpt":{"rendered":"<p>Cooktop 5 Bocas Preto com Mesa de Vidro e Tripla Chama Dako Supreme: mais que um cooktop, uma afirma\u00e7\u00e3o de bom gosto O Cooktop Supreme a g\u00e1s foi desenvolvido para<\/p>\n","protected":false},"featured_media":12052,"comment_status":"open","ping_status":"closed","template":"","meta":[],"product_brand":[],"product_cat":[232,226],"product_tag":[],"class_list":{"0":"post-12048","1":"product","2":"type-product","3":"status-publish","4":"has-post-thumbnail","6":"product_cat-cozinha","7":"product_cat-eletrodomesticos","8":"product_shipping_class-retirar-no-local","10":"first","11":"instock","12":"shipping-taxable","13":"purchasable","14":"product-type-simple"},"_links":{"self":[{"href":"http:\/\/ambrosioeletro.com.br\/v20\/wp-json\/wp\/v2\/product\/12048","targetHints":{"allow":["GET"]}}],"collection":[{"href":"http:\/\/ambrosioeletro.com.br\/v20\/wp-json\/wp\/v2\/product"}],"about":[{"href":"http:\/\/ambrosioeletro.com.br\/v20\/wp-json\/wp\/v2\/types\/product"}],"replies":[{"embeddable":true,"href":"http:\/\/ambrosioeletro.com.br\/v20\/wp-json\/wp\/v2\/comments?post=12048"}],"wp:featuredmedia":[{"embeddable":true,"href":"http:\/\/ambrosioeletro.com.br\/v20\/wp-json\/wp\/v2\/media\/12052"}],"wp:attachment":[{"href":"http:\/\/ambrosioeletro.com.br\/v20\/wp-json\/wp\/v2\/media?parent=12048"}],"wp:term":[{"taxonomy":"product_brand","embeddable":true,"href":"http:\/\/ambrosioeletro.com.br\/v20\/wp-json\/wp\/v2\/product_brand?post=12048"},{"taxonomy":"product_cat","embeddable":true,"href":"http:\/\/ambrosioeletro.com.br\/v20\/wp-json\/wp\/v2\/product_cat?post=12048"},{"taxonomy":"product_tag","embeddable":true,"href":"http:\/\/ambrosioeletro.com.br\/v20\/wp-json\/wp\/v2\/product_tag?post=12048"}],"curies":[{"name":"wp","href":"https:\/\/api.w.org\/{rel}","templated":true}]}}