{"id":12088,"date":"2024-08-08T17:35:11","date_gmt":"2024-08-08T20:35:11","guid":{"rendered":"http:\/\/ambrosioeletro.com.br\/v20\/?post_type=product&#038;p=12088"},"modified":"2026-04-16T08:55:40","modified_gmt":"2026-04-16T11:55:40","slug":"guarda-roupa-casal-6-portas-4-gavetas-veneza-tcil","status":"publish","type":"product","link":"http:\/\/ambrosioeletro.com.br\/v20\/produto\/guarda-roupa-casal-6-portas-4-gavetas-veneza-tcil\/","title":{"rendered":"Guarda Roupa Casal 6 Portas 4 Gavetas Veneza Tcil"},"content":{"rendered":"<h1 class=\"dsvia-heading css-1cx4w9k\">Altura: <strong>2,34m\/2,40m (com p\u00e9s)<\/strong><br \/>\nLargura:\u00a0<strong>2,39m<\/strong><br \/>\nProfundidade:\u00a0<strong>0,55m<\/strong><\/h1>\n<ul>\n<li>PRODUTO EM MDP<\/li>\n<li>PUXADORES EM MDF<\/li>\n<li>4 DOBRADI\u00c7AS DE 26MM POR PORTA<\/li>\n<li>CORREDI\u00c7AS TELESC\u00d3PICAS<\/li>\n<li>CABIDEIROS EM ALUM\u00cdNIO<\/li>\n<li>GAVETAS INTERNAS COM PUXADOR<\/li>\n<\/ul>\n","protected":false},"excerpt":{"rendered":"<p>Altura: 2,34m\/2,40m (com p\u00e9s) Largura:\u00a02,39m Profundidade:\u00a00,55m PRODUTO EM MDP PUXADORES EM MDF 4 DOBRADI\u00c7AS DE 26MM POR PORTA CORREDI\u00c7AS TELESC\u00d3PICAS CABIDEIROS EM ALUM\u00cdNIO GAVETAS INTERNAS COM PUXADOR<\/p>\n","protected":false},"featured_media":15783,"comment_status":"open","ping_status":"closed","template":"","meta":[],"product_brand":[],"product_cat":[227,241],"product_tag":[],"class_list":{"0":"post-12088","1":"product","2":"type-product","3":"status-publish","4":"has-post-thumbnail","6":"product_cat-moveis","7":"product_cat-quarto","8":"product_shipping_class-retirar-no-local","10":"first","11":"instock","12":"shipping-taxable","13":"purchasable","14":"product-type-simple"},"_links":{"self":[{"href":"http:\/\/ambrosioeletro.com.br\/v20\/wp-json\/wp\/v2\/product\/12088","targetHints":{"allow":["GET"]}}],"collection":[{"href":"http:\/\/ambrosioeletro.com.br\/v20\/wp-json\/wp\/v2\/product"}],"about":[{"href":"http:\/\/ambrosioeletro.com.br\/v20\/wp-json\/wp\/v2\/types\/product"}],"replies":[{"embeddable":true,"href":"http:\/\/ambrosioeletro.com.br\/v20\/wp-json\/wp\/v2\/comments?post=12088"}],"wp:featuredmedia":[{"embeddable":true,"href":"http:\/\/ambrosioeletro.com.br\/v20\/wp-json\/wp\/v2\/media\/15783"}],"wp:attachment":[{"href":"http:\/\/ambrosioeletro.com.br\/v20\/wp-json\/wp\/v2\/media?parent=12088"}],"wp:term":[{"taxonomy":"product_brand","embeddable":true,"href":"http:\/\/ambrosioeletro.com.br\/v20\/wp-json\/wp\/v2\/product_brand?post=12088"},{"taxonomy":"product_cat","embeddable":true,"href":"http:\/\/ambrosioeletro.com.br\/v20\/wp-json\/wp\/v2\/product_cat?post=12088"},{"taxonomy":"product_tag","embeddable":true,"href":"http:\/\/ambrosioeletro.com.br\/v20\/wp-json\/wp\/v2\/product_tag?post=12088"}],"curies":[{"name":"wp","href":"https:\/\/api.w.org\/{rel}","templated":true}]}}