{"id":12242,"date":"2024-09-16T09:57:30","date_gmt":"2024-09-16T12:57:30","guid":{"rendered":"http:\/\/ambrosioeletro.com.br\/v20\/?post_type=product&#038;p=12242"},"modified":"2026-03-28T09:08:10","modified_gmt":"2026-03-28T12:08:10","slug":"geladeira-brastemp-frost-free-duplex-375-litros-cor-branca-brm44hb-110v","status":"publish","type":"product","link":"http:\/\/ambrosioeletro.com.br\/v20\/produto\/geladeira-brastemp-frost-free-duplex-375-litros-cor-branca-brm44hb-110v\/","title":{"rendered":"Geladeira Brastemp Frost Free Duplex 375 litros cor Branca &#8211; BRM44HB \u2022 110V"},"content":{"rendered":"<h2 class=\"differentials__title\">Um pouco sobre<span class=\"differentials__title--orange\">\u00a0o produto<\/span><\/h2>\n<p class=\"differentials-about\">A Geladeira Brastemp Frost Free Duplex BRM44 375 litros conta com design sofisticado e grande capacidade para armazenar os alimentos. Vem com Painel Eletr\u00f4nico, compartimento Latas e Long Necks e compartimento Extrafrio.<\/p>\n<h2 class=\"differentials__title\">Diferenciais<span class=\"differentials__title--orange\">\u00a0Brastemp<\/span><\/h2>\n<div class=\"differentials-info__wrapper\">\n<div class=\"differentials-info differentials-info--not-hovered \">\n<div class=\"differentials-info__name\">Latas e Long Necks<\/div>\n<div class=\"differentials-info__description\">Compartimento especial que se encaixa perfeitamente no freezer ou na geladeira e possibilita gelar as bebidas de forma eficaz. Com o espa\u00e7o perfeito para 3 garrafas long neck ou 6 latas, ele pode gelar tanto a cerveja quanto o refrigerante.<\/div>\n<\/div>\n<div class=\"differentials-info differentials-info--not-hovered \">\n<div class=\"differentials-info__name\">Compartimento extrafrio<\/div>\n<div class=\"differentials-info__description\">Gele as bebidas mais r\u00e1pido e conserve melhor frios e latic\u00ednios.<\/div>\n<\/div>\n<div class=\"differentials-info differentials-info--not-hovered \">\n<div class=\"differentials-info__name\">Gavet\u00e3o de legumes Fresh Zone<\/div>\n<div class=\"differentials-info__description\">Suas frutas e verduras organizadas e conservadas por mais tempo com o sistema Fresh Zone.<\/div>\n<\/div>\n<div class=\"differentials-info differentials-info--not-hovered \">\n<div class=\"differentials-info__name\">Acesso R\u00e1pido<\/div>\n<div class=\"differentials-info__description\">Compartimento de f\u00e1cil acesso para armazenar os itens que voc\u00ea mais usa.<\/div>\n<\/div>\n<div class=\"differentials-info differentials-info--hovered\">\n<div class=\"differentials-info__name\">Temperos<\/div>\n<div class=\"differentials-info__description\">Compartimento espec\u00edfico para guardar e deixar seus temperos sempre \u00e0 m\u00e3o.<\/div>\n<div>\n<div class=\"dimensions-container\">\n<div class=\"pdp-dimensions\">\n<p class=\"pdp-dimensions__label\">Medidas do produto<\/p>\n<div class=\"pdp-dimensions__button-wrapper\"><button class=\"pdp-dimensions__button pdp-dimensions__button--active\">Produto<\/button><button class=\"pdp-dimensions__button false\">Com embalagem<\/button><\/div>\n<ul class=\"pdp-dimensions__data-wrapper\">\n<li class=\"pdp-dimensions__data\">\n<div class=\"pdp-dimensions__data-content\">\n<p class=\"pdp-dimensions__data-content--text\">Altura<\/p>\n<p class=\"pdp-dimensions__data-content--value\">176cm<\/p>\n<\/div>\n<\/li>\n<li class=\"pdp-dimensions__data\">\n<div class=\"pdp-dimensions__data-content\">\n<p class=\"pdp-dimensions__data-content--text\">Largura<\/p>\n<p class=\"pdp-dimensions__data-content--value\">62,1cm<\/p>\n<\/div>\n<\/li>\n<li class=\"pdp-dimensions__data\">\n<div class=\"pdp-dimensions__data-content\">\n<p class=\"pdp-dimensions__data-content--text\">Profundidade<\/p>\n<p class=\"pdp-dimensions__data-content--value\">75,5cm<\/p>\n<\/div>\n<\/li>\n<li class=\"pdp-dimensions__data\">\n<div class=\"pdp-dimensions__data-content\">\n<p class=\"pdp-dimensions__data-content--text\">Peso<\/p>\n<p class=\"pdp-dimensions__data-content--value\">58kg<\/p>\n<\/div>\n<\/li>\n<\/ul>\n<div class=\"pdp-dimensions__supporting-box\">\n<p class=\"supporting-text\">Antes de realizar a compra, lembre-se de\u00a0<strong>medir os espa\u00e7os<\/strong>\u00a0onde ficar\u00e1 o produto.<\/p>\n<\/div>\n<\/div>\n<div class=\"dimension-pictograme\"><\/div>\n<\/div>\n<div class=\"pdp-specifications-details\">\n<h6 class=\"pdp-specifications__subtitle\">Especifica\u00e7\u00f5es<\/h6>\n<div class=\"pdp-specifications-details__data-wrapper\">\n<div class=\"pdp-specifications-details__data-content\">\n<p class=\"pdp-specifications-details__data-content--text\">Cor<\/p>\n<p class=\"pdp-specifications-details__data-content--value\">Branco<\/p>\n<\/div>\n<div class=\"pdp-specifications-details__data-content\">\n<p class=\"pdp-specifications-details__data-content--text\">Garantia do Fornecedor (m\u00eas)<\/p>\n<p class=\"pdp-specifications-details__data-content--value\">12<\/p>\n<\/div>\n<div class=\"pdp-specifications-details__data-content\">\n<p class=\"pdp-specifications-details__data-content--text\">Consumo Aproximado de Energia (kWh)<\/p>\n<p class=\"pdp-specifications-details__data-content--value\">127V &#8211; 54 kWh | 220V &#8211; 54 kWh<\/p>\n<\/div>\n<div class=\"pdp-specifications-details__data-content\">\n<p class=\"pdp-specifications-details__data-content--text\">Capacidade Total (L)<\/p>\n<p class=\"pdp-specifications-details__data-content--value\">Baixa &#8211; At\u00e9 375L<\/p>\n<\/div>\n<div class=\"pdp-specifications-details__data-content\">\n<p class=\"pdp-specifications-details__data-content--text\">Dispenser de \u00e1gua<\/p>\n<p class=\"pdp-specifications-details__data-content--value\">N\u00e3o<\/p>\n<\/div>\n<div class=\"pdp-specifications-details__data-content\">\n<p class=\"pdp-specifications-details__data-content--text\">Prateleiras remov\u00edveis<\/p>\n<p class=\"pdp-specifications-details__data-content--value\">Sim<\/p>\n<\/div>\n<\/div>\n<p><button class=\"pdp-specifications-details__link\">Ver mais detalhes<\/button><\/p>\n<\/div>\n<\/div>\n<\/div>\n<\/div>\n","protected":false},"excerpt":{"rendered":"<p>Um pouco sobre\u00a0o produto A Geladeira Brastemp Frost Free Duplex BRM44 375 litros conta com design sofisticado e grande capacidade para armazenar os alimentos. Vem com Painel Eletr\u00f4nico, compartimento Latas<\/p>\n","protected":false},"featured_media":12243,"comment_status":"open","ping_status":"closed","template":"","meta":[],"product_brand":[],"product_cat":[15,232,226],"product_tag":[],"class_list":{"0":"post-12242","1":"product","2":"type-product","3":"status-publish","4":"has-post-thumbnail","6":"product_cat-produtos","7":"product_cat-cozinha","8":"product_cat-eletrodomesticos","9":"product_shipping_class-retirar-no-local","11":"first","12":"instock","13":"shipping-taxable","14":"purchasable","15":"product-type-simple"},"_links":{"self":[{"href":"http:\/\/ambrosioeletro.com.br\/v20\/wp-json\/wp\/v2\/product\/12242","targetHints":{"allow":["GET"]}}],"collection":[{"href":"http:\/\/ambrosioeletro.com.br\/v20\/wp-json\/wp\/v2\/product"}],"about":[{"href":"http:\/\/ambrosioeletro.com.br\/v20\/wp-json\/wp\/v2\/types\/product"}],"replies":[{"embeddable":true,"href":"http:\/\/ambrosioeletro.com.br\/v20\/wp-json\/wp\/v2\/comments?post=12242"}],"wp:featuredmedia":[{"embeddable":true,"href":"http:\/\/ambrosioeletro.com.br\/v20\/wp-json\/wp\/v2\/media\/12243"}],"wp:attachment":[{"href":"http:\/\/ambrosioeletro.com.br\/v20\/wp-json\/wp\/v2\/media?parent=12242"}],"wp:term":[{"taxonomy":"product_brand","embeddable":true,"href":"http:\/\/ambrosioeletro.com.br\/v20\/wp-json\/wp\/v2\/product_brand?post=12242"},{"taxonomy":"product_cat","embeddable":true,"href":"http:\/\/ambrosioeletro.com.br\/v20\/wp-json\/wp\/v2\/product_cat?post=12242"},{"taxonomy":"product_tag","embeddable":true,"href":"http:\/\/ambrosioeletro.com.br\/v20\/wp-json\/wp\/v2\/product_tag?post=12242"}],"curies":[{"name":"wp","href":"https:\/\/api.w.org\/{rel}","templated":true}]}}