{"id":12309,"date":"2024-09-25T10:27:05","date_gmt":"2024-09-25T13:27:05","guid":{"rendered":"http:\/\/ambrosioeletro.com.br\/v20\/?post_type=product&#038;p=12309"},"modified":"2026-01-09T14:50:28","modified_gmt":"2026-01-09T17:50:28","slug":"aspirador-de-po-e-liquidos-nt-585","status":"publish","type":"product","link":"http:\/\/ambrosioeletro.com.br\/v20\/produto\/aspirador-de-po-e-liquidos-nt-585\/","title":{"rendered":"Aspirador de P\u00f3 e L\u00edquidos NT 585"},"content":{"rendered":"<section class=\"secao s3-br301c\">\n<div class=\"controle\">\n<div class=\"conteudo s3-br301c\">\n<div class=\"item s3-br301c\">\n<h1 class=\"titulo s3-br301c\">3 EM 1: ASPIRA P\u00d3, L\u00cdQUIDOS E POSSUI FUN\u00c7\u00c3O SOPRADOR<\/h1>\n<p class=\"texto s3-br301c\">Com a capacidade de aspirar p\u00f3, l\u00edquidos e at\u00e9 mesmo soprar, este produto vers\u00e1til e eficiente vai facilitar a sua rotina de limpeza. Com um design pr\u00e1tico e f\u00e1cil de usar, o aspirador 3 em 1 \u00e9 a escolha ideal para manter ambientes impec\u00e1veis em todos os momentos.<\/p>\n<\/div>\n<div class=\"item s3-br301c item2\">\n<h1 class=\"titulo s3-br301c\">ALCANCE TOTAL DE 6 METROS<\/h1>\n<p class=\"texto s3-br301c\">Liberdade e flexibilidade m\u00e1ximas na limpeza.<\/p>\n<\/div>\n<\/div>\n<\/div>\n<\/section>\n<section class=\"secao s4-br301c\">\n<div class=\"controle\">\n<div class=\"item s4-br301c\">\n<h1 class=\"titulo s4-br301c\">F\u00c1CIL DE GUARDAR E COM ACESS\u00d3RIOS SEMPRE \u00c0 M\u00c3O<\/h1>\n<div class=\"texto s4-br301c\">Com porta-acess\u00f3rios integrado, armazenar ap\u00f3s a limpeza \u00e9 r\u00e1pido, pr\u00e1tico e simples.<\/div>\n<\/div>\n<div class=\"item s4-br301c item2\">\n<h1 class=\"titulo s4-br301c\">ALTA PERFORMANCE<\/h1>\n<div class=\"texto s4-br301c\">Com 1.300 W de pot\u00eancia e 150 mbar de suc\u00e7\u00e3o, este aspirador oferece uma performance excepcional.<\/div>\n<\/div>\n<\/div>\n<\/section>\n<section class=\"secao secao5 s5-br301c\">\n<div class=\"controle\">\n<div class=\"item s5-br301c\">\n<h1 class=\"titulo s5-br301c\">ASPIRADOR 3 EM 1:<\/h1>\n<div class=\"titulo item2 s5-br301c\">ASPIRA P\u00d3, L\u00cdQUIDOS E POSSUI FUN\u00c7\u00c3O SOPRADOR: EQUIPAMENTO VERS\u00c1TIL PARA LIMPEZA INTERNA E EXTERNA<\/div>\n<\/div>\n<div class=\"conteudo s5-br301c\">\n<article><img decoding=\"async\" src=\"https:\/\/mktkarcher.com.br\/rbianco\/nt-585\/images\/prod1.png\" alt=\"\" \/><\/p>\n<h4>P\u00f3:<\/h4>\n<p>O aspirador NT 585 pode ser utilizado como aspirador de sujeira fina ou grossa, oferecendo excelente resultado de limpeza gra\u00e7as aos acess\u00f3rios especiais e a alta capacidade de suc\u00e7\u00e3o.<\/p>\n<\/article>\n<article><img decoding=\"async\" src=\"https:\/\/mktkarcher.com.br\/rbianco\/nt-585\/images\/prod2.png\" alt=\"\" \/><\/p>\n<h4>L\u00edquido:<\/h4>\n<p>L\u00edquidos e sujeira \u00famida n\u00e3o s\u00e3o mais um problema, o aspirador NT 585, \u00e9 seu parceiro ideal devido a excelente capacidade de suc\u00e7\u00e3o, podendo ser utilizado em ambientes internos e externos.<\/p>\n<\/article>\n<article><img decoding=\"async\" src=\"https:\/\/mktkarcher.com.br\/rbianco\/nt-585\/images\/prod3.png\" alt=\"\" \/><\/p>\n<h4>Sopro:<\/h4>\n<p>Com a fun\u00e7\u00e3o soprador, esse equipamento \u00e9 perfeito para afastar folhas, encher colc\u00f5es de ar, boias de piscina, bal\u00f5es, acender churrasqueira, entre outros. Com essa caracter\u00edstica, voc\u00ea ter\u00e1 um parceiro perfeito e eficiente para todas as fun\u00e7\u00f5es do dia a dia.<\/p>\n<\/article>\n<\/div>\n<\/div>\n<\/section>\n<section class=\"secao secao8\">\n<div class=\"controle\">\n<div class=\"item\">\n<h1 class=\"titulo\">FILTRO LAV\u00c1VEL E REUTILIZ\u00c1VEL<\/h1>\n<div class=\"texto\">Economia e praticidade. Cuida da sua casa e do meio ambiente ao mesmo tempo!<\/div>\n<\/div>\n<\/div>\n<\/section>\n<section class=\"secao s6-hd611\">\n<div class=\"controle\">\n<h1 class=\"titulo s6-hd611\">ACESS\u00d3RIOS INCLUSOS<\/h1>\n<p class=\"texto s6-hd611\">Otimizam a limpeza com o m\u00e1ximo de efici\u00eancia<\/p>\n<div class=\"conteudo s6-hd611 w-embed\">\n<div class=\"menu\">\n<p><a class=\"p1 active\">1 Bocal de Piso<\/a><\/p>\n<p><a class=\"p2\">1 Bocal de Canto<\/a><\/p>\n<p><a class=\"p3\">2 Tubos Prolongadores<\/a><\/p>\n<\/div>\n<div class=\"slide\">\n<div class=\"item p1\">\n<p><img decoding=\"async\" src=\"https:\/\/mktkarcher.com.br\/rbianco\/nt-585\/images\/p1.png\" alt=\"\" \/><\/p>\n<\/div>\n<\/div>\n<div class=\"menu\">\n<p><a class=\"p4\">1 Filtro de Tecido<\/a><\/p>\n<p><a class=\"p5\">1 Mangueira de 2 m<\/a><\/p>\n<\/div>\n<\/div>\n<\/div>\n<\/section>\n<section class=\"secao s6-br301c\">\n<div class=\"controle\"><\/div>\n<\/section>\n<section class=\"secao footer-br301c\">\n<div class=\"controle\">\n<div class=\"conteudo footer-hd611\">\n<div class=\"item conteudo-footer\">\n<h1 class=\"titulo footer\">DADOS T\u00c9CNICOS<\/h1>\n<ul class=\"lista footer\" role=\"list\">\n<li class=\"item lista-footer\">\n<div class=\"texto lista-item\">Tanque: 15 L<\/div>\n<\/li>\n<li class=\"item lista-footer\">\n<div class=\"texto lista-item\">Suc\u00e7\u00e3o: 150 mbar<\/div>\n<\/li>\n<li class=\"item lista-footer\">\n<div class=\"texto lista-item\">Pot\u00eancia: 1.300 W<\/div>\n<\/li>\n<li class=\"item lista-footer\">\n<div class=\"texto lista-item\">Mangueira Flex\u00edvel: 2 m<\/div>\n<\/li>\n<li class=\"item lista-footer\">\n<div class=\"texto lista-item\">Cabo El\u00e9trico: 3,5 m<\/div>\n<\/li>\n<li class=\"item lista-footer\">\n<div class=\"texto lista-item\">N\u00edvel de ru\u00eddo: 89 db(A)<\/div>\n<\/li>\n<li class=\"item lista-footer\">\n<div class=\"texto lista-item\">Peso: 4,2 Kg<\/div>\n<\/li>\n<li class=\"item lista-footer\">\n<div class=\"texto lista-item\">Dimens\u00f5es (CxLxA): 342x373x468 mm<\/div>\n<\/li>\n<\/ul>\n<\/div>\n<\/div>\n<p class=\"texto small\">*Imagens meramente ilustrativas.<\/p>\n<\/div>\n<\/section>\n<section class=\"secao s13-rcv3\">\n<div class=\"controle\">\n<div class=\"info s13-rcv3\">\n<p><img decoding=\"async\" class=\"logo footer\" src=\"https:\/\/mktkarcher.com.br\/rbianco\/nt-585\/images\/logo-karcher.png\" alt=\"\" \/><\/p>\n<h1 class=\"titulo s13-rcv3\">EXPERI\u00caNCIA DE LIMPEZA INIGUAL\u00c1VEL.<\/h1>\n<\/div>\n<\/div>\n<\/section>\n","protected":false},"excerpt":{"rendered":"<p>3 EM 1: ASPIRA P\u00d3, L\u00cdQUIDOS E POSSUI FUN\u00c7\u00c3O SOPRADOR Com a capacidade de aspirar p\u00f3, l\u00edquidos e at\u00e9 mesmo soprar, este produto vers\u00e1til e eficiente vai facilitar a sua<\/p>\n","protected":false},"featured_media":12310,"comment_status":"open","ping_status":"closed","template":"","meta":[],"product_brand":[],"product_cat":[292,226],"product_tag":[],"class_list":{"0":"post-12309","1":"product","2":"type-product","3":"status-publish","4":"has-post-thumbnail","6":"product_cat-aspiradores","7":"product_cat-eletrodomesticos","8":"product_shipping_class-pac","10":"first","11":"instock","12":"shipping-taxable","13":"purchasable","14":"product-type-simple"},"_links":{"self":[{"href":"http:\/\/ambrosioeletro.com.br\/v20\/wp-json\/wp\/v2\/product\/12309","targetHints":{"allow":["GET"]}}],"collection":[{"href":"http:\/\/ambrosioeletro.com.br\/v20\/wp-json\/wp\/v2\/product"}],"about":[{"href":"http:\/\/ambrosioeletro.com.br\/v20\/wp-json\/wp\/v2\/types\/product"}],"replies":[{"embeddable":true,"href":"http:\/\/ambrosioeletro.com.br\/v20\/wp-json\/wp\/v2\/comments?post=12309"}],"wp:featuredmedia":[{"embeddable":true,"href":"http:\/\/ambrosioeletro.com.br\/v20\/wp-json\/wp\/v2\/media\/12310"}],"wp:attachment":[{"href":"http:\/\/ambrosioeletro.com.br\/v20\/wp-json\/wp\/v2\/media?parent=12309"}],"wp:term":[{"taxonomy":"product_brand","embeddable":true,"href":"http:\/\/ambrosioeletro.com.br\/v20\/wp-json\/wp\/v2\/product_brand?post=12309"},{"taxonomy":"product_cat","embeddable":true,"href":"http:\/\/ambrosioeletro.com.br\/v20\/wp-json\/wp\/v2\/product_cat?post=12309"},{"taxonomy":"product_tag","embeddable":true,"href":"http:\/\/ambrosioeletro.com.br\/v20\/wp-json\/wp\/v2\/product_tag?post=12309"}],"curies":[{"name":"wp","href":"https:\/\/api.w.org\/{rel}","templated":true}]}}