{"id":12318,"date":"2024-09-25T16:49:58","date_gmt":"2024-09-25T19:49:58","guid":{"rendered":"http:\/\/ambrosioeletro.com.br\/v20\/?post_type=product&#038;p=12318"},"modified":"2026-04-17T16:39:24","modified_gmt":"2026-04-17T19:39:24","slug":"colchao-casal-polar-molas-masterpocket-ensacadas-jasmim-euro-pillow-138x188x30","status":"publish","type":"product","link":"http:\/\/ambrosioeletro.com.br\/v20\/produto\/colchao-casal-polar-molas-masterpocket-ensacadas-jasmim-euro-pillow-138x188x30\/","title":{"rendered":"Colch\u00e3o Casal Polar Molas MasterPocket Ensacadas Jasmim Euro Pillow (138x188x30) &#8211;"},"content":{"rendered":"<div class=\"cav--c-eNhzRw cav--c-eNhzRw-fiXSPN-sm-12\">\n<div class=\"cav--c-lesPJm cav--c-lesPJm-ijxRAPk-css\"><span class=\"cav--c-gNPphv cav--c-gNPphv-hyvuql-weight-bold\">Colch\u00e3o Casal Polar Molas MasterPocket Ensacadas Jasmim Euro Pillow (138x188x30) &#8211;<\/span><\/div>\n<div class=\"cav--c-lesPJm cav--c-lesPJm-ijxRAPk-css\">\n<div class=\"cav--c-gNPphv cav--c-gNPphv-fekvRC-textStyle-bodyMediumRegular cav--c-gNPphv-igBCBxe-css\">\nColch\u00e3o Casal Molas Ensacadas MasterPocket Jasmim Euro Pillow (138x188x30) &#8211; Polar<br \/>\nMarca: Polar<br \/>\nDimens\u00f5es(Cm): Comprimento(Profundidade): 188cm x Largura: 138cm x Altura: 30cm<br \/>\nBENEF\u00cdCIOS EXTERNOS DO COLCH\u00c3O<br \/>\nTipo de Pillow<br \/>\n&#8211; Pillow Top Europeu<br \/>\nTipo de Bordado do Tecido de Revestimento<br \/>\n&#8211; Cont\u00ednuo<br \/>\nTipo Tecido de Forra\u00e7\u00e3o Revestimento<br \/>\n&#8211; Malha em Poli\u00e9ster<br \/>\nTipo de Tecido de Revestimento da Faixa Lateral<br \/>\n&#8211; Decorativa<br \/>\n&#8211; Jacquard<br \/>\nTecido com Tratamento<br \/>\n&#8211; Anti\u00c1caro e AntiFungo<br \/>\nModo de Utiliza\u00e7\u00e3o<br \/>\n&#8211; One Side<br \/>\nTipo de Forra\u00e7\u00e3o do Revestimento Inferior<br \/>\n&#8211; Antiderrapante<br \/>\nCARACTER\u00cdSTICAS INTERNAS DO COLCH\u00c3O<br \/>\nCamadas Interna do Estofamento de Espuma<br \/>\n&#8211; D33<br \/>\n&#8211; Alta Qualidade<br \/>\nOutras Caracter\u00edsticas Internas<br \/>\n&#8211; c\/ Sistema Polyframe<br \/>\n&#8211; Manta Acr\u00edlica<br \/>\n&#8211; EPS<br \/>\nCARACTER\u00cdSTICAS GERAIS DO COLCH\u00c3O<br \/>\nSuporte de Peso<br \/>\n&#8211; 150 kg<br \/>\nTipo de Conforto<br \/>\n&#8211; Macio c\/ Firmeza<br \/>\nBENEF\u00cdCIOS GERAIS DO COLCH\u00c3O<br \/>\nCertificados de Qualidade<br \/>\n&#8211; Qualidade Aprovada<br \/>\n&#8211; Selo Abicol<br \/>\n&#8211; Qualidade Costa Rica<br \/>\n&#8211; INMETRO<br \/>\nNossa Avalia\u00e7\u00e3o<br \/>\n&#8211; Qualidade Muito Boa<br \/>\nTempo de Garantia<br \/>\n&#8211; 12 meses<br \/>\n02 &#8211; CARACTER\u00cdSTICAS E BENEF\u00cdCIOS DE COLCH\u00d5ES E CAMAS BOX<br \/>\nTipo de Mola<br \/>\n&#8211; Ensacadas MasterPocket<br \/>\nImagens Meramente Ilustrativas.<br \/>\nN\u00e3o nos responsabilizamos pela montagem\/instala\u00e7\u00e3o dos produtos.<br \/>\nTodas as informa\u00e7\u00f5es divulgadas s\u00e3o de responsabilidade exclusiva do fabricante\/fornecedor.<\/div>\n<\/div>\n<\/div>\n<div class=\"cav--c-eNhzRw cav--c-eNhzRw-fiXSPN-sm-12 cav--c-eNhzRw-ilRjaj-lg-6\">\n<div class=\"cav--c-lesPJm\">\n<div class=\"cav--c-lesPJm\"><span class=\"cav--c-gNPphv cav--c-dFndkt\">Pesos e Dimens\u00f5es<\/span><\/p>\n<table class=\"cav--c-gusfms cav--c-gusfms-gjkaP-striped-odd cav--c-gusfms-cmVlgk-textAlign-left\">\n<tbody class=\"cav--c-dKpJQB\">\n<tr class=\"cav--c-PJLV\">\n<td class=\"cav--c-difWUU\"><span class=\"cav--c-gNPphv cav--c-gNPphv-hyvuql-weight-bold\">Altura (cm)<\/span><\/td>\n<td class=\"cav--c-difWUU\">30 cm<\/td>\n<\/tr>\n<tr class=\"cav--c-PJLV\">\n<td class=\"cav--c-difWUU\"><span class=\"cav--c-gNPphv cav--c-gNPphv-hyvuql-weight-bold\">Comprimento (cm)<\/span><\/td>\n<td class=\"cav--c-difWUU\">188 cm<\/td>\n<\/tr>\n<tr class=\"cav--c-PJLV\">\n<td class=\"cav--c-difWUU\"><span class=\"cav--c-gNPphv cav--c-gNPphv-hyvuql-weight-bold\">Largura (cm)<\/span><\/td>\n<td class=\"cav--c-difWUU\">138 cm<\/td>\n<\/tr>\n<\/tbody>\n<\/table>\n<\/div>\n<div class=\"cav--c-lesPJm\"><span class=\"cav--c-gNPphv cav--c-dFndkt\">Garantia<\/span><\/p>\n<table class=\"cav--c-gusfms cav--c-gusfms-gjkaP-striped-odd cav--c-gusfms-cmVlgk-textAlign-left\">\n<tbody class=\"cav--c-dKpJQB\">\n<tr class=\"cav--c-PJLV\">\n<td class=\"cav--c-difWUU\"><span class=\"cav--c-gNPphv cav--c-gNPphv-hyvuql-weight-bold\">Garantia<\/span><\/td>\n<td class=\"cav--c-difWUU\">12 Meses<\/td>\n<\/tr>\n<\/tbody>\n<\/table>\n<\/div>\n<div class=\"cav--c-lesPJm\"><span class=\"cav--c-gNPphv cav--c-dFndkt\">Documentos Adicionais<\/span><\/p>\n<table class=\"cav--c-gusfms cav--c-gusfms-gjkaP-striped-odd cav--c-gusfms-cmVlgk-textAlign-left\">\n<tbody class=\"cav--c-dKpJQB\">\n<tr class=\"cav--c-PJLV\">\n<td class=\"cav--c-difWUU\"><span class=\"cav--c-gNPphv cav--c-gNPphv-hyvuql-weight-bold\">Link Site<\/span><\/td>\n<td class=\"cav--c-difWUU\"><a class=\"cav--c-gNPphv cav--c-gNPphv-ihfUNLs-css\" href=\"https:\/\/product-hub-prd.madeiramadeira.com.br\/278342143\/documents\/ac4a3554-1758-47d7-a44c-9762bc7345fcprodutos.asp\" target=\"_blank\" rel=\"noopener noreferrer\">Clique aqui para acessar<\/a><\/td>\n<\/tr>\n<\/tbody>\n<\/table>\n<\/div>\n<p><span class=\"cav--c-gNPphv cav--c-dFndkt\">Outras caracter\u00edsticas<\/span><\/p>\n<table class=\"cav--c-gusfms cav--c-gusfms-gjkaP-striped-odd cav--c-gusfms-cmVlgk-textAlign-left\">\n<tbody class=\"cav--c-dKpJQB\">\n<tr class=\"cav--c-PJLV\">\n<td class=\"cav--c-difWUU\"><span class=\"cav--c-gNPphv cav--c-gNPphv-hyvuql-weight-bold\">Modelo<\/span><\/td>\n<td class=\"cav--c-difWUU\">Polar<\/td>\n<\/tr>\n<tr class=\"cav--c-PJLV\">\n<td class=\"cav--c-difWUU\"><span class=\"cav--c-gNPphv cav--c-gNPphv-hyvuql-weight-bold\">Tipo Tecido de Forra\u00e7\u00e3o Revestimento<\/span><\/td>\n<td class=\"cav--c-difWUU\">Malha em Poli\u00e9ster<\/td>\n<\/tr>\n<tr class=\"cav--c-PJLV\">\n<td class=\"cav--c-difWUU\"><span class=\"cav--c-gNPphv cav--c-gNPphv-hyvuql-weight-bold\">Tipo de Conforto<\/span><\/td>\n<td class=\"cav--c-difWUU\">Macio c\/ Firmeza<\/td>\n<\/tr>\n<tr class=\"cav--c-PJLV\">\n<td class=\"cav--c-difWUU\"><span class=\"cav--c-gNPphv cav--c-gNPphv-hyvuql-weight-bold\">Nossa Avalia\u00e7\u00e3o<\/span><\/td>\n<td class=\"cav--c-difWUU\">Qualidade Muito Boa<\/td>\n<\/tr>\n<tr class=\"cav--c-PJLV\">\n<td class=\"cav--c-difWUU\"><span class=\"cav--c-gNPphv cav--c-gNPphv-hyvuql-weight-bold\">Suporte de Peso<\/span><\/td>\n<td class=\"cav--c-difWUU\">150 kg<\/td>\n<\/tr>\n<tr class=\"cav--c-PJLV\">\n<td class=\"cav--c-difWUU\"><span class=\"cav--c-gNPphv cav--c-gNPphv-hyvuql-weight-bold\">Tempo de Garantia<\/span><\/td>\n<td class=\"cav--c-difWUU\">12 meses<\/td>\n<\/tr>\n<tr class=\"cav--c-PJLV\">\n<td class=\"cav--c-difWUU\"><span class=\"cav--c-gNPphv cav--c-gNPphv-hyvuql-weight-bold\">Certificados de Qualidade<\/span><\/td>\n<td class=\"cav--c-difWUU\">Qualidade Aprovada<\/td>\n<\/tr>\n<tr class=\"cav--c-PJLV\">\n<td class=\"cav--c-difWUU\"><span class=\"cav--c-gNPphv cav--c-gNPphv-hyvuql-weight-bold\">Tipo de Tecido de Revestimento da Faixa Lateral<\/span><\/td>\n<td class=\"cav--c-difWUU\">Decorativa<\/td>\n<\/tr>\n<tr class=\"cav--c-PJLV\">\n<td class=\"cav--c-difWUU\"><span class=\"cav--c-gNPphv cav--c-gNPphv-hyvuql-weight-bold\">Tipo de Bordado do Tecido de Revestimento<\/span><\/td>\n<td class=\"cav--c-difWUU\">Cont\u00ednuo<\/td>\n<\/tr>\n<tr class=\"cav--c-PJLV\">\n<td class=\"cav--c-difWUU\"><span class=\"cav--c-gNPphv cav--c-gNPphv-hyvuql-weight-bold\">Tecido com Tratamento<\/span><\/td>\n<td class=\"cav--c-difWUU\">Anti\u00c1caro e AntiFungo<\/td>\n<\/tr>\n<tr class=\"cav--c-PJLV\">\n<td class=\"cav--c-difWUU\"><span class=\"cav--c-gNPphv cav--c-gNPphv-hyvuql-weight-bold\">Tipo de Pillow<\/span><\/td>\n<td class=\"cav--c-difWUU\">Pillow Top Europeu<\/td>\n<\/tr>\n<tr class=\"cav--c-PJLV\">\n<td class=\"cav--c-difWUU\"><span class=\"cav--c-gNPphv cav--c-gNPphv-hyvuql-weight-bold\">Modo de Utiliza\u00e7\u00e3o<\/span><\/td>\n<td class=\"cav--c-difWUU\">One Side<\/td>\n<\/tr>\n<tr class=\"cav--c-PJLV\">\n<td class=\"cav--c-difWUU\"><span class=\"cav--c-gNPphv cav--c-gNPphv-hyvuql-weight-bold\">Tipo de Forra\u00e7\u00e3o do Revestimento Inferior<\/span><\/td>\n<td class=\"cav--c-difWUU\">Antiderrapante<\/td>\n<\/tr>\n<tr class=\"cav--c-PJLV\">\n<td class=\"cav--c-difWUU\"><span class=\"cav--c-gNPphv cav--c-gNPphv-hyvuql-weight-bold\">Camadas Interna do Estofamento de Espuma<\/span><\/td>\n<td class=\"cav--c-difWUU\">D33<\/td>\n<\/tr>\n<tr class=\"cav--c-PJLV\">\n<td class=\"cav--c-difWUU\"><span class=\"cav--c-gNPphv cav--c-gNPphv-hyvuql-weight-bold\">Outras Caracter\u00edsticas Internas<\/span><\/td>\n<td class=\"cav--c-difWUU\">c\/ Sistema Polyframe<\/td>\n<\/tr>\n<tr class=\"cav--c-PJLV\">\n<td class=\"cav--c-difWUU\"><span class=\"cav--c-gNPphv cav--c-gNPphv-hyvuql-weight-bold\">Tipo de Mola<\/span><\/td>\n<td class=\"cav--c-difWUU\">Ensacadas MasterPocket<\/td>\n<\/tr>\n<tr class=\"cav--c-PJLV\">\n<td class=\"cav--c-difWUU\"><span class=\"cav--c-gNPphv cav--c-gNPphv-hyvuql-weight-bold\">Estado do Produto<\/span><\/td>\n<td class=\"cav--c-difWUU\">Novo<\/td>\n<\/tr>\n<tr class=\"cav--c-PJLV\">\n<td class=\"cav--c-difWUU\"><span class=\"cav--c-gNPphv cav--c-gNPphv-hyvuql-weight-bold\">N\u00e3o se Aplica<\/span><\/td>\n<td class=\"cav--c-difWUU\">N\/A<\/td>\n<\/tr>\n<tr class=\"cav--c-PJLV\">\n<td class=\"cav--c-difWUU\"><span class=\"cav--c-gNPphv cav--c-gNPphv-hyvuql-weight-bold\">N\u00e3o Possui<\/span><\/td>\n<td class=\"cav--c-difWUU\">N\u00e3o<\/td>\n<\/tr>\n<tr class=\"cav--c-PJLV\">\n<td class=\"cav--c-difWUU\"><span class=\"cav--c-gNPphv cav--c-gNPphv-hyvuql-weight-bold\">Linha\/Modelo<\/span><\/td>\n<td class=\"cav--c-difWUU\">Molejo Gold<\/td>\n<\/tr>\n<tr class=\"cav--c-PJLV\">\n<td class=\"cav--c-difWUU\"><span class=\"cav--c-gNPphv cav--c-gNPphv-hyvuql-weight-bold\">Cor Cnova<\/span><\/td>\n<td class=\"cav--c-difWUU\">Blush<\/td>\n<\/tr>\n<tr class=\"cav--c-PJLV\">\n<td class=\"cav--c-difWUU\"><span class=\"cav--c-gNPphv cav--c-gNPphv-hyvuql-weight-bold\">Cor Meli<\/span><\/td>\n<td class=\"cav--c-difWUU\">Blush<\/td>\n<\/tr>\n<tr class=\"cav--c-PJLV\">\n<td class=\"cav--c-difWUU\"><span class=\"cav--c-gNPphv cav--c-gNPphv-hyvuql-weight-bold\">Categoria Trilha<\/span><\/td>\n<td class=\"cav--c-difWUU\">Colch\u00e3o &gt; Colch\u00e3o de Molas Ensacadas<\/td>\n<\/tr>\n<tr class=\"cav--c-PJLV\">\n<td class=\"cav--c-difWUU\"><span class=\"cav--c-gNPphv cav--c-gNPphv-hyvuql-weight-bold\">Categoria &#8211; Sub<\/span><\/td>\n<td class=\"cav--c-difWUU\">Colch\u00e3o de Molas Ensacadas<\/td>\n<\/tr>\n<tr class=\"cav--c-PJLV\">\n<td class=\"cav--c-difWUU\"><span class=\"cav--c-gNPphv cav--c-gNPphv-hyvuql-weight-bold\">Categoria &#8211; Pai<\/span><\/td>\n<td class=\"cav--c-difWUU\">Colch\u00e3o<\/td>\n<\/tr>\n<tr class=\"cav--c-PJLV\">\n<td class=\"cav--c-difWUU\"><span class=\"cav--c-gNPphv cav--c-gNPphv-hyvuql-weight-bold\">Comprimento Embalagem<\/span><\/td>\n<td class=\"cav--c-difWUU\">188.00<\/td>\n<\/tr>\n<tr class=\"cav--c-PJLV\">\n<td class=\"cav--c-difWUU\"><span class=\"cav--c-gNPphv cav--c-gNPphv-hyvuql-weight-bold\">Largura Embalagem<\/span><\/td>\n<td class=\"cav--c-difWUU\">138.00<\/td>\n<\/tr>\n<tr class=\"cav--c-PJLV\">\n<td class=\"cav--c-difWUU\"><span class=\"cav--c-gNPphv cav--c-gNPphv-hyvuql-weight-bold\">Altura Embalagem<\/span><\/td>\n<td class=\"cav--c-difWUU\">30.00<\/td>\n<\/tr>\n<tr class=\"cav--c-PJLV\">\n<td class=\"cav--c-difWUU\"><span class=\"cav--c-gNPphv cav--c-gNPphv-hyvuql-weight-bold\">Peso Real Kg<\/span><\/td>\n<td class=\"cav--c-difWUU\">25.00<\/td>\n<\/tr>\n<tr class=\"cav--c-PJLV\">\n<td class=\"cav--c-difWUU\"><span class=\"cav--c-gNPphv cav--c-gNPphv-hyvuql-weight-bold\">Peso Cubado<\/span><\/td>\n<td class=\"cav--c-difWUU\">194.50<\/td>\n<\/tr>\n<tr class=\"cav--c-PJLV\">\n<td class=\"cav--c-difWUU\"><span class=\"cav--c-gNPphv cav--c-gNPphv-hyvuql-weight-bold\">Volumes<\/span><\/td>\n<td class=\"cav--c-difWUU\">1<\/td>\n<\/tr>\n<tr class=\"cav--c-PJLV\">\n<td class=\"cav--c-difWUU\"><span class=\"cav--c-gNPphv cav--c-gNPphv-hyvuql-weight-bold\">M3<\/span><\/td>\n<td class=\"cav--c-difWUU\">0.78<\/td>\n<\/tr>\n<tr class=\"cav--c-PJLV\">\n<td class=\"cav--c-difWUU\"><span class=\"cav--c-gNPphv cav--c-gNPphv-hyvuql-weight-bold\">Tamanho Montado<\/span><\/td>\n<td class=\"cav--c-difWUU\">Larg:138.00 x Comp\/Prof:188.00 x Alt: 30.00<\/td>\n<\/tr>\n<\/tbody>\n<\/table>\n<\/div>\n<\/div>\n","protected":false},"excerpt":{"rendered":"<p>Colch\u00e3o Casal Polar Molas MasterPocket Ensacadas Jasmim Euro Pillow (138x188x30) &#8211; Colch\u00e3o Casal Molas Ensacadas MasterPocket Jasmim Euro Pillow (138x188x30) &#8211; Polar Marca: Polar Dimens\u00f5es(Cm): Comprimento(Profundidade): 188cm x Largura: 138cm<\/p>\n","protected":false},"featured_media":12319,"comment_status":"open","ping_status":"closed","template":"","meta":[],"product_brand":[],"product_cat":[227,241],"product_tag":[],"class_list":{"0":"post-12318","1":"product","2":"type-product","3":"status-publish","4":"has-post-thumbnail","6":"product_cat-moveis","7":"product_cat-quarto","8":"product_shipping_class-retirar-no-local","10":"first","11":"instock","12":"shipping-taxable","13":"purchasable","14":"product-type-simple"},"_links":{"self":[{"href":"http:\/\/ambrosioeletro.com.br\/v20\/wp-json\/wp\/v2\/product\/12318","targetHints":{"allow":["GET"]}}],"collection":[{"href":"http:\/\/ambrosioeletro.com.br\/v20\/wp-json\/wp\/v2\/product"}],"about":[{"href":"http:\/\/ambrosioeletro.com.br\/v20\/wp-json\/wp\/v2\/types\/product"}],"replies":[{"embeddable":true,"href":"http:\/\/ambrosioeletro.com.br\/v20\/wp-json\/wp\/v2\/comments?post=12318"}],"wp:featuredmedia":[{"embeddable":true,"href":"http:\/\/ambrosioeletro.com.br\/v20\/wp-json\/wp\/v2\/media\/12319"}],"wp:attachment":[{"href":"http:\/\/ambrosioeletro.com.br\/v20\/wp-json\/wp\/v2\/media?parent=12318"}],"wp:term":[{"taxonomy":"product_brand","embeddable":true,"href":"http:\/\/ambrosioeletro.com.br\/v20\/wp-json\/wp\/v2\/product_brand?post=12318"},{"taxonomy":"product_cat","embeddable":true,"href":"http:\/\/ambrosioeletro.com.br\/v20\/wp-json\/wp\/v2\/product_cat?post=12318"},{"taxonomy":"product_tag","embeddable":true,"href":"http:\/\/ambrosioeletro.com.br\/v20\/wp-json\/wp\/v2\/product_tag?post=12318"}],"curies":[{"name":"wp","href":"https:\/\/api.w.org\/{rel}","templated":true}]}}