{"id":12376,"date":"2024-10-05T10:28:42","date_gmt":"2024-10-05T13:28:42","guid":{"rendered":"http:\/\/ambrosioeletro.com.br\/v20\/?post_type=product&#038;p=12376"},"modified":"2026-03-28T09:11:48","modified_gmt":"2026-03-28T12:11:48","slug":"secador-cabelo-easy-taiff-1700w-profissional-110v","status":"publish","type":"product","link":"http:\/\/ambrosioeletro.com.br\/v20\/produto\/secador-cabelo-easy-taiff-1700w-profissional-110v\/","title":{"rendered":"Secador cabelo easy Taiff 1700W profissional 110V"},"content":{"rendered":"<p>Mantenha o controle de seu cabelo em suas m\u00e3os com o\u00a0<strong>Secador de Cabelos Taiff Easy<\/strong>. Potente, re\u00fane 1700W e o Motor AC Profissional que proporciona uma secagem r\u00e1pida, eficiente, com qualidade profissional para uso pessoal.<\/p>\n<p>Silencioso, o modelo Easy \u00e9 leve e f\u00e1cil de manusear, proporcionando um uso ergon\u00f4mico e pr\u00e1tico. Al\u00e9m disso, o cabo de energia tem 1,8 m de comprimento, indicado para uso em ambientes menores.<\/p>\n<p>Acompanha bico direcionador de ar e combina\u00e7\u00e3o de velocidades e temperaturas, que permitem diferentes temperaturas para escolher a melhor que combina com sua necessidade, para ter cabelos secos e bonitos todos os dias.<\/p>\n<div class=\"css-cs5a0t\">\n<div class=\"dsvia-flex css-rtcfjm\" data-testid=\"dsvia-base-div\">\n<p class=\"dsvia-text css-1h0g75a\">Altura<\/p>\n<p><span class=\"css-1irzcz8\">21,50 cm<\/span><\/div>\n<\/div>\n<div class=\"css-cs5a0t\">\n<div class=\"dsvia-flex css-rtcfjm\" data-testid=\"dsvia-base-div\">\n<p class=\"dsvia-text css-1h0g75a\">Largura<\/p>\n<p><span class=\"css-1irzcz8\">8,70 cm<\/span><\/div>\n<\/div>\n<div class=\"css-cs5a0t\">\n<div class=\"dsvia-flex css-rtcfjm\" data-testid=\"dsvia-base-div\">\n<p class=\"dsvia-text css-1h0g75a\">Profundidade<\/p>\n<p><span class=\"css-1irzcz8\">21,00 cm<\/span><\/div>\n<\/div>\n<div class=\"css-cs5a0t\">\n<div class=\"dsvia-flex css-rtcfjm\" data-testid=\"dsvia-base-div\">\n<p class=\"dsvia-text css-1h0g75a\">Peso<\/p>\n<p><span class=\"css-1irzcz8\">637,00 g<\/span><\/div>\n<\/div>\n","protected":false},"excerpt":{"rendered":"<p>Mantenha o controle de seu cabelo em suas m\u00e3os com o\u00a0Secador de Cabelos Taiff Easy. Potente, re\u00fane 1700W e o Motor AC Profissional que proporciona uma secagem r\u00e1pida, eficiente, com<\/p>\n","protected":false},"featured_media":12377,"comment_status":"open","ping_status":"closed","template":"","meta":[],"product_brand":[],"product_cat":[235,240],"product_tag":[],"class_list":{"0":"post-12376","1":"product","2":"type-product","3":"status-publish","4":"has-post-thumbnail","6":"product_cat-cuidados-pessoais","7":"product_cat-secadores","8":"product_shipping_class-pac","10":"first","11":"instock","12":"shipping-taxable","13":"purchasable","14":"product-type-simple"},"_links":{"self":[{"href":"http:\/\/ambrosioeletro.com.br\/v20\/wp-json\/wp\/v2\/product\/12376","targetHints":{"allow":["GET"]}}],"collection":[{"href":"http:\/\/ambrosioeletro.com.br\/v20\/wp-json\/wp\/v2\/product"}],"about":[{"href":"http:\/\/ambrosioeletro.com.br\/v20\/wp-json\/wp\/v2\/types\/product"}],"replies":[{"embeddable":true,"href":"http:\/\/ambrosioeletro.com.br\/v20\/wp-json\/wp\/v2\/comments?post=12376"}],"wp:featuredmedia":[{"embeddable":true,"href":"http:\/\/ambrosioeletro.com.br\/v20\/wp-json\/wp\/v2\/media\/12377"}],"wp:attachment":[{"href":"http:\/\/ambrosioeletro.com.br\/v20\/wp-json\/wp\/v2\/media?parent=12376"}],"wp:term":[{"taxonomy":"product_brand","embeddable":true,"href":"http:\/\/ambrosioeletro.com.br\/v20\/wp-json\/wp\/v2\/product_brand?post=12376"},{"taxonomy":"product_cat","embeddable":true,"href":"http:\/\/ambrosioeletro.com.br\/v20\/wp-json\/wp\/v2\/product_cat?post=12376"},{"taxonomy":"product_tag","embeddable":true,"href":"http:\/\/ambrosioeletro.com.br\/v20\/wp-json\/wp\/v2\/product_tag?post=12376"}],"curies":[{"name":"wp","href":"https:\/\/api.w.org\/{rel}","templated":true}]}}