{"id":12392,"date":"2024-10-10T14:51:18","date_gmt":"2024-10-10T17:51:18","guid":{"rendered":"http:\/\/ambrosioeletro.com.br\/v20\/?post_type=product&#038;p=12392"},"modified":"2026-04-18T09:21:25","modified_gmt":"2026-04-18T12:21:25","slug":"cama-casal-em-madeira-macica-macanaiba-mademar-moveis","status":"publish","type":"product","link":"http:\/\/ambrosioeletro.com.br\/v20\/produto\/cama-casal-em-madeira-macica-macanaiba-mademar-moveis\/","title":{"rendered":"Cama Casal em Madeira Maci\u00e7a, Macana\u00edba Mademar Moveis"},"content":{"rendered":"<p>Cama Casal em Madeira Maci\u00e7a, Macanaiba.\u00a0Modelo Refer\u00eancia 100. Madeira de lei maci\u00e7a\u00a0Reflorestada\u00a0natural. Sensacional! Tamanho Padr\u00e3o. 140cm x 190cm. Produto de Qualidade e com a Durabilidade que s\u00f3 a Madeira de Lei pode Oferecer. \u00c9 cama Para toda Vida!<\/p>\n","protected":false},"excerpt":{"rendered":"<p>Cama Casal em Madeira Maci\u00e7a, Macanaiba.\u00a0Modelo Refer\u00eancia 100. Madeira de lei maci\u00e7a\u00a0Reflorestada\u00a0natural. Sensacional! Tamanho Padr\u00e3o. 140cm x 190cm. Produto de Qualidade e com a Durabilidade que s\u00f3 a Madeira de<\/p>\n","protected":false},"featured_media":12393,"comment_status":"open","ping_status":"closed","template":"","meta":[],"product_brand":[],"product_cat":[227,241],"product_tag":[],"class_list":{"0":"post-12392","1":"product","2":"type-product","3":"status-publish","4":"has-post-thumbnail","6":"product_cat-moveis","7":"product_cat-quarto","8":"product_shipping_class-retirar-no-local","10":"first","11":"instock","12":"shipping-taxable","13":"purchasable","14":"product-type-simple"},"_links":{"self":[{"href":"http:\/\/ambrosioeletro.com.br\/v20\/wp-json\/wp\/v2\/product\/12392","targetHints":{"allow":["GET"]}}],"collection":[{"href":"http:\/\/ambrosioeletro.com.br\/v20\/wp-json\/wp\/v2\/product"}],"about":[{"href":"http:\/\/ambrosioeletro.com.br\/v20\/wp-json\/wp\/v2\/types\/product"}],"replies":[{"embeddable":true,"href":"http:\/\/ambrosioeletro.com.br\/v20\/wp-json\/wp\/v2\/comments?post=12392"}],"wp:featuredmedia":[{"embeddable":true,"href":"http:\/\/ambrosioeletro.com.br\/v20\/wp-json\/wp\/v2\/media\/12393"}],"wp:attachment":[{"href":"http:\/\/ambrosioeletro.com.br\/v20\/wp-json\/wp\/v2\/media?parent=12392"}],"wp:term":[{"taxonomy":"product_brand","embeddable":true,"href":"http:\/\/ambrosioeletro.com.br\/v20\/wp-json\/wp\/v2\/product_brand?post=12392"},{"taxonomy":"product_cat","embeddable":true,"href":"http:\/\/ambrosioeletro.com.br\/v20\/wp-json\/wp\/v2\/product_cat?post=12392"},{"taxonomy":"product_tag","embeddable":true,"href":"http:\/\/ambrosioeletro.com.br\/v20\/wp-json\/wp\/v2\/product_tag?post=12392"}],"curies":[{"name":"wp","href":"https:\/\/api.w.org\/{rel}","templated":true}]}}