{"id":12539,"date":"2024-11-26T09:52:36","date_gmt":"2024-11-26T12:52:36","guid":{"rendered":"http:\/\/ambrosioeletro.com.br\/v20\/?post_type=product&#038;p=12539"},"modified":"2026-02-26T17:46:10","modified_gmt":"2026-02-26T20:46:10","slug":"balcao-triplo-itatiaia-new-premium-com-3-portas-2-gavetas-e-3-prateleiras-120cm-de-largura-branco","status":"publish","type":"product","link":"http:\/\/ambrosioeletro.com.br\/v20\/produto\/balcao-triplo-itatiaia-new-premium-com-3-portas-2-gavetas-e-3-prateleiras-120cm-de-largura-branco\/","title":{"rendered":"Balc\u00e3o Triplo Itatiaia New Premium com 3 Portas, 2 Gavetas e 3 Prateleiras &#8211; 120cm de largura &#8211; Branco"},"content":{"rendered":"<h2><strong>Balc\u00e3o Triplo Itatiaia New Premium<\/strong><\/h2>\n<p>Em busca de um m\u00f3vel funcional, vers\u00e1til e elegante para sua cozinha? Temos a solu\u00e7\u00e3o com o\u00a0<strong>Balc\u00e3o Triplo New Premium<\/strong>\u00a0da\u00a0<strong>Itatiaia<\/strong>, que conta com a presen\u00e7a de\u00a0<strong>3 portas<\/strong>\u00a0e\u00a0<strong>2 gavetas<\/strong>. Dispon\u00edvel em\u00a0<strong>2 op\u00e7\u00f5es de cor<\/strong>, ele combina com variadas decora\u00e7\u00f5es do ambiente. Totalmente produzido em\u00a0<strong>a\u00e7o<\/strong>, o balc\u00e3o disp\u00f5e de \u00f3timo acabamento e resist\u00eancia, para fazer parte do seu dia a dia por muito tempo.<\/p>\n<h3><strong>Organiza\u00e7\u00e3o ao ambiente<\/strong><\/h3>\n<p>Praticidade \u00e9 a caracter\u00edstica-chave do\u00a0<strong>Balc\u00e3o Itatiaia New Premium<\/strong>. Independentemente da forma como voc\u00ea organiza seus mantimentos,\u00a0<a href=\"https:\/\/www.casasbahia.com.br\/utilidades-domesticas?filtro=c371&amp;utm_source=paginaespecial&amp;utm_medium=casasbahia&amp;utm_campaign=cozinha\" target=\"_blank\" rel=\"noopener noreferrer\">utens\u00edlios dom\u00e9sticos<\/a>, eletroport\u00e1teis, entre outros itens de uso di\u00e1rio, tudo o que guardar nele estar\u00e1 facilmente ao seu alcance. Al\u00e9m da presen\u00e7a de\u00a0<strong>3 prateleiras<\/strong>, ele possui\u00a0<strong>puxadores\u00a0<\/strong>com acabamento metalizado e p\u00e9s fixos. Ele mede 120cm de largura, 88cm de altura e 52cm de profundidade.<\/p>\n<div id=\"product-special-content-partner\">\n<div class=\"css-1n35da2\" data-component=\"special-content\" data-version=\"1.0.0-3\">\n<div class=\"css-1wb3f7s\">\n<div class=\"css-qk8zzo\">\n<div>\n<h3><strong>Modernidade e durabilidade<\/strong><\/h3>\n<p>Cada vez mais, m\u00f3veis com design moderno t\u00eam tido a prefer\u00eancia do p\u00fablico. Seguindo essa tend\u00eancia, o\u00a0<a href=\"https:\/\/www.casasbahia.com.br\/balcao-itatiaia\/b?&amp;utm_source=paginaespecial&amp;utm_medium=casasbahia&amp;utm_campaign=balcao_itatiaia\" target=\"_blank\" rel=\"noopener noreferrer\"><u>balc\u00e3o da Itatiaia<\/u><\/a>, modelo\u00a0<strong>New Premium<\/strong>, tamb\u00e9m conta com caracter\u00edsticas desse estilo. Sua\u00a0<strong>estrutura em a\u00e7o<\/strong>\u00a0da mais alta qualidade e resist\u00eancia possui o\u00a0<strong>revestimento em pintura eletrost\u00e1tica<\/strong>\u00a0\u00e0 p\u00f3, para um visual mais sofisticado e maior prote\u00e7\u00e3o contra umidade e o desgaste do tempo, al\u00e9m de atribuir maior brilho, beleza e sofistica\u00e7\u00e3o ao conjunto.<\/p>\n<\/div>\n<\/div>\n<\/div>\n<\/div>\n<\/div>\n<div>\n<div id=\"product-description\">O balc\u00e3o triplo Itatiaia New Premium foi pensado e projetado de forma a garantir um maior espa\u00e7o \u00fatil em sua cozinha. Espa\u00e7oso por dentro, nele \u00e9 poss\u00edvel manter diversos tipos de utens\u00edlios, desde panelas, potes, pequenos eletrodom\u00e9sticos, pratos, mantimentos, entre outros itens.<\/p>\n<p>Feito em a\u00e7o, ela conta com tampo em MDP com acabamento em BP, porta de bater, gaveta com corredi\u00e7as telesc\u00f3picas, puxadores externos metalizados, p\u00e9s fixos, revestimento em pintura eletrost\u00e1tica a p\u00f3 que garante maior durabilidade, al\u00e9m de ser capaz de suportar at\u00e9 30kg muito bem distribu\u00eddos.<\/p><\/div>\n<div>\n<div class=\"css-cs5a0t\">\n<div class=\"dsvia-flex css-rtcfjm\" data-testid=\"dsvia-base-div\">\n<p class=\"dsvia-text css-1h0g75a\">Acabamento<\/p>\n<p><span class=\"css-1irzcz8\">Brilhante<\/span><\/div>\n<\/div>\n<div class=\"css-cs5a0t\">\n<div class=\"dsvia-flex css-rtcfjm\" data-testid=\"dsvia-base-div\">\n<p class=\"dsvia-text css-1h0g75a\">Estrutura<\/p>\n<p><span class=\"css-1irzcz8\">A\u00e7o<\/span><\/div>\n<\/div>\n<div class=\"css-cs5a0t\">\n<div class=\"dsvia-flex css-rtcfjm\" data-testid=\"dsvia-base-div\">\n<p class=\"dsvia-text css-1h0g75a\">Revestimento<\/p>\n<p><span class=\"css-1irzcz8\">Pintura eletrost\u00e1tica a p\u00f3<\/span><\/div>\n<\/div>\n<div class=\"css-cs5a0t\">\n<div class=\"dsvia-flex css-rtcfjm\" data-testid=\"dsvia-base-div\">\n<p class=\"dsvia-text css-1h0g75a\">Peso suportado<\/p>\n<p><span class=\"css-1irzcz8\">30kg bem distribu\u00eddos<\/span><\/div>\n<\/div>\n<div class=\"css-cs5a0t\">\n<div class=\"dsvia-flex css-rtcfjm\" data-testid=\"dsvia-base-div\">\n<p class=\"dsvia-text css-1h0g75a\">Cor predominante<\/p>\n<p><span class=\"css-1irzcz8\">&#8211; Branco &#8211; Cinza<\/span><\/div>\n<\/div>\n<div class=\"css-cs5a0t\">\n<div class=\"dsvia-flex css-rtcfjm\" data-testid=\"dsvia-base-div\">\n<p class=\"dsvia-text css-1h0g75a\">Conte\u00fado da Embalagem<\/p>\n<p><span class=\"css-1irzcz8\">&#8211; 1 Balc\u00e3o Triplo Itatiaia New Premium com 3 Portas, 2 Gavetas e 3 Prateleiras &#8211; 120cm de largura<\/span><\/div>\n<\/div>\n<div class=\"css-cs5a0t\">\n<div class=\"dsvia-flex css-rtcfjm\" data-testid=\"dsvia-base-div\">\n<p class=\"dsvia-text css-1h0g75a\">Garantia<\/p>\n<p><span class=\"css-1irzcz8\">12 meses<\/span><\/div>\n<\/div>\n<div class=\"css-cs5a0t\">\n<div class=\"dsvia-flex css-rtcfjm\" data-testid=\"dsvia-base-div\">\n<p class=\"dsvia-text css-1h0g75a\">Aten\u00e7\u00e3o<\/p>\n<p><span class=\"css-1irzcz8\">&#8211; N\u00e3o nos responsabilizamos pela montagem ou instala\u00e7\u00e3o do produto &#8211; Foto meramente ilustrativa<\/span><\/div>\n<\/div>\n<div class=\"css-1h51iw\">\n<div class=\"dsvia-flex css-rtcfjm\" data-testid=\"dsvia-base-div\">\n<p class=\"dsvia-text css-1h0g75a\">Observa\u00e7\u00f5es<\/p>\n<p><span class=\"css-1irzcz8\">\u2022 Item composto APENAS pelo Balc\u00e3o Triplo Itatiaia New Premium com 3 Portas, 2 Gavetas e 3 Prateleiras &#8211; 120cm de largura. Demais pe\u00e7as e acess\u00f3rios s\u00e3o meramente ilustrativos e N\u00c3O fazem parte do conte\u00fado da embalagem.<br \/>\n&#8211; Limpeza com pano umedecido<\/span><\/div>\n<div data-testid=\"dsvia-base-div\">\n<div class=\"css-cs5a0t\">\n<div class=\"dsvia-flex css-rtcfjm\" data-testid=\"dsvia-base-div\">\n<p class=\"dsvia-text css-1h0g75a\">Altura<\/p>\n<p><span class=\"css-1irzcz8\">88,00 cm<\/span><\/div>\n<\/div>\n<div class=\"css-cs5a0t\">\n<div class=\"dsvia-flex css-rtcfjm\" data-testid=\"dsvia-base-div\">\n<p class=\"dsvia-text css-1h0g75a\">Largura<\/p>\n<p><span class=\"css-1irzcz8\">1,20 m<\/span><\/div>\n<\/div>\n<div class=\"css-cs5a0t\">\n<div class=\"dsvia-flex css-rtcfjm\" data-testid=\"dsvia-base-div\">\n<p class=\"dsvia-text css-1h0g75a\">Profundidade<\/p>\n<p><span class=\"css-1irzcz8\">52,00 cm<\/span><\/div>\n<\/div>\n<div class=\"css-cs5a0t\">\n<div class=\"dsvia-flex css-rtcfjm\" data-testid=\"dsvia-base-div\">\n<p class=\"dsvia-text css-1h0g75a\">Peso<\/p>\n<p><span class=\"css-1irzcz8\">30,72 kg<\/span><\/div>\n<\/div>\n<\/div>\n<\/div>\n<\/div>\n<\/div>\n","protected":false},"excerpt":{"rendered":"<p>Balc\u00e3o Triplo Itatiaia New Premium Em busca de um m\u00f3vel funcional, vers\u00e1til e elegante para sua cozinha? Temos a solu\u00e7\u00e3o com o\u00a0Balc\u00e3o Triplo New Premium\u00a0da\u00a0Itatiaia, que conta com a presen\u00e7a<\/p>\n","protected":false},"featured_media":12540,"comment_status":"open","ping_status":"closed","template":"","meta":[],"product_brand":[],"product_cat":[243,227],"product_tag":[],"class_list":{"0":"post-12539","1":"product","2":"type-product","3":"status-publish","4":"has-post-thumbnail","6":"product_cat-cozinha-moveis","7":"product_cat-moveis","8":"product_shipping_class-retirar-no-local","10":"first","11":"instock","12":"shipping-taxable","13":"purchasable","14":"product-type-simple"},"_links":{"self":[{"href":"http:\/\/ambrosioeletro.com.br\/v20\/wp-json\/wp\/v2\/product\/12539","targetHints":{"allow":["GET"]}}],"collection":[{"href":"http:\/\/ambrosioeletro.com.br\/v20\/wp-json\/wp\/v2\/product"}],"about":[{"href":"http:\/\/ambrosioeletro.com.br\/v20\/wp-json\/wp\/v2\/types\/product"}],"replies":[{"embeddable":true,"href":"http:\/\/ambrosioeletro.com.br\/v20\/wp-json\/wp\/v2\/comments?post=12539"}],"wp:featuredmedia":[{"embeddable":true,"href":"http:\/\/ambrosioeletro.com.br\/v20\/wp-json\/wp\/v2\/media\/12540"}],"wp:attachment":[{"href":"http:\/\/ambrosioeletro.com.br\/v20\/wp-json\/wp\/v2\/media?parent=12539"}],"wp:term":[{"taxonomy":"product_brand","embeddable":true,"href":"http:\/\/ambrosioeletro.com.br\/v20\/wp-json\/wp\/v2\/product_brand?post=12539"},{"taxonomy":"product_cat","embeddable":true,"href":"http:\/\/ambrosioeletro.com.br\/v20\/wp-json\/wp\/v2\/product_cat?post=12539"},{"taxonomy":"product_tag","embeddable":true,"href":"http:\/\/ambrosioeletro.com.br\/v20\/wp-json\/wp\/v2\/product_tag?post=12539"}],"curies":[{"name":"wp","href":"https:\/\/api.w.org\/{rel}","templated":true}]}}