{"id":12567,"date":"2024-12-12T10:40:53","date_gmt":"2024-12-12T13:40:53","guid":{"rendered":"http:\/\/ambrosioeletro.com.br\/v20\/?post_type=product&#038;p=12567"},"modified":"2026-02-26T17:42:00","modified_gmt":"2026-02-26T20:42:00","slug":"fogao-de-piso-5-bocas-dako-magister-inox-style-bivolt","status":"publish","type":"product","link":"http:\/\/ambrosioeletro.com.br\/v20\/produto\/fogao-de-piso-5-bocas-dako-magister-inox-style-bivolt\/","title":{"rendered":"Fog\u00e3o De Piso 5 Bocas Dako Magister Inox Style &#8211; Bivolt"},"content":{"rendered":"<div class=\"data item container\">\n<div id=\"description\" class=\"data item content\">\n<div class=\"product attribute description\">\n<div class=\"value\">\n<p>O Fog\u00e3o de Piso 5 Bocas Dako Magister Inox Style une funcionalidade e design premium para transformar sua experi\u00eancia culin\u00e1ria. Com cinco queimadores potentes, incluindo um queimador tripla chama para cozimentos r\u00e1pidos e uniformes, ele oferece versatilidade para preparar desde refei\u00e7\u00f5es do dia a dia at\u00e9 pratos mais elaborados. O forno espa\u00e7oso e eficiente possui ilumina\u00e7\u00e3o interna, prateleiras deslizantes e um visor amplo, garantindo controle visual sobre suas receitas. Seu acabamento em inox traz modernidade e sofistica\u00e7\u00e3o, al\u00e9m de ser resistente e f\u00e1cil de limpar, tornando o Dako Magister a escolha ideal para cozinhas que buscam estilo e performance.<\/p>\n<p><strong>Caracter\u00edsticas<\/strong><br \/>\nDesign moderno e sofisticado todo em vidro espelhado com cantoneiras em inox, puxador de alum\u00ednio escovado.<br \/>\nGrades duplas de piatina mais estabilidade para as panelas.<br \/>\nDuas prateleiras: Prateleira inferior auto deslizante que facilita a retirada dos alimentos e prateleira superior com altura ajust\u00e1vel.<br \/>\nVers\u00e3o 4 queimadores com Mega Chama e 60 Litros.<br \/>\nVers\u00e3o 5 queimadores com Tripla Chama e 100 Litros.<br \/>\nVisor do forno amplo para acompanhar o ponto das receitas sem abrir a porta do forno.<br \/>\nAcendimento autom\u00e1tico, \u201cGirou, clicou, acendeu\u201c muito pr\u00e1tico de usar.<br \/>\nAcompanha l\u00e2mpada de forno para acompanhar o ponto das receitas sem abrir a porta do forno.<br \/>\nForno Limpa F\u00e1cil muito f\u00e1cil limpar o forno.<\/p>\n<p><strong>Especifica\u00e7\u00f5es t\u00e9cnicas<\/strong><br \/>\nMarca: Dako.<br \/>\nModelo: Magister Inox Style<br \/>\nDimens\u00f5es do produto (LxAxP): 76cm x 96cm x 63,3cm.<br \/>\nPeso do produto: 37,7Kg.<\/p>\n<p><strong>Garantia do fornecedor:<\/strong>\u00a001 Ano (contra defeitos de fabrica\u00e7\u00e3o).<\/p>\n<\/div>\n<\/div>\n<\/div>\n<\/div>\n<div class=\"data item container\">\n<div id=\"tab-label-ficha-tecnica\" class=\"data item title\">\n<h2 id=\"tab-label-ficha-tecnica-title\" class=\"data switch\">FICHA T\u00c9CNICA<\/h2>\n<\/div>\n<div id=\"ficha-tecnica\" class=\"data item content\">\n<div class=\"tab-content no-space\">\n<table class=\"striped-table\" aria-label=\"Ficha T\u00e9cnica\">\n<tbody>\n<tr>\n<td>Nome do produto<\/td>\n<td>Fog\u00e3o De Piso 5 Bocas Dako Magister Inox Style &#8211; Bivolt<\/td>\n<\/tr>\n<tr>\n<td>SKU<\/td>\n<td>415247-1<\/td>\n<\/tr>\n<tr>\n<td>C\u00f3digo de barras<\/td>\n<td>7897180510251<\/td>\n<\/tr>\n<tr>\n<td>Marca<\/td>\n<td>Dako<\/td>\n<\/tr>\n<tr>\n<td>Garantia de f\u00e1brica<\/td>\n<td>12 meses<\/td>\n<\/tr>\n<tr>\n<td>N\u00famero de bocas<\/td>\n<td>5 Bocas<\/td>\n<\/tr>\n<tr>\n<td>Tripla chama<\/td>\n<td>Sim<\/td>\n<\/tr>\n<tr>\n<td>Acendimento<\/td>\n<td>Autom\u00e1tico<\/td>\n<\/tr>\n<tr>\n<td>Ilumina\u00e7\u00e3o interna<\/td>\n<td>Sim<\/td>\n<\/tr>\n<tr>\n<td>Classe energ\u00e9tica<\/td>\n<td>Classe A<\/td>\n<\/tr>\n<tr>\n<td>Peso l\u00edquido<\/td>\n<td>37.7kg<\/td>\n<\/tr>\n<tr>\n<td>Dimens\u00f5es do produto (LxAxP)<\/td>\n<td>760 x 960 x 633mm<\/td>\n<\/tr>\n<\/tbody>\n<\/table>\n<\/div>\n<\/div>\n<\/div>\n","protected":false},"excerpt":{"rendered":"<p>O Fog\u00e3o de Piso 5 Bocas Dako Magister Inox Style une funcionalidade e design premium para transformar sua experi\u00eancia culin\u00e1ria. Com cinco queimadores potentes, incluindo um queimador tripla chama para<\/p>\n","protected":false},"featured_media":12568,"comment_status":"open","ping_status":"closed","template":"","meta":[],"product_brand":[],"product_cat":[232,226],"product_tag":[],"class_list":{"0":"post-12567","1":"product","2":"type-product","3":"status-publish","4":"has-post-thumbnail","6":"product_cat-cozinha","7":"product_cat-eletrodomesticos","8":"product_shipping_class-retirar-no-local","10":"first","11":"instock","12":"shipping-taxable","13":"purchasable","14":"product-type-simple"},"_links":{"self":[{"href":"http:\/\/ambrosioeletro.com.br\/v20\/wp-json\/wp\/v2\/product\/12567","targetHints":{"allow":["GET"]}}],"collection":[{"href":"http:\/\/ambrosioeletro.com.br\/v20\/wp-json\/wp\/v2\/product"}],"about":[{"href":"http:\/\/ambrosioeletro.com.br\/v20\/wp-json\/wp\/v2\/types\/product"}],"replies":[{"embeddable":true,"href":"http:\/\/ambrosioeletro.com.br\/v20\/wp-json\/wp\/v2\/comments?post=12567"}],"wp:featuredmedia":[{"embeddable":true,"href":"http:\/\/ambrosioeletro.com.br\/v20\/wp-json\/wp\/v2\/media\/12568"}],"wp:attachment":[{"href":"http:\/\/ambrosioeletro.com.br\/v20\/wp-json\/wp\/v2\/media?parent=12567"}],"wp:term":[{"taxonomy":"product_brand","embeddable":true,"href":"http:\/\/ambrosioeletro.com.br\/v20\/wp-json\/wp\/v2\/product_brand?post=12567"},{"taxonomy":"product_cat","embeddable":true,"href":"http:\/\/ambrosioeletro.com.br\/v20\/wp-json\/wp\/v2\/product_cat?post=12567"},{"taxonomy":"product_tag","embeddable":true,"href":"http:\/\/ambrosioeletro.com.br\/v20\/wp-json\/wp\/v2\/product_tag?post=12567"}],"curies":[{"name":"wp","href":"https:\/\/api.w.org\/{rel}","templated":true}]}}