{"id":12606,"date":"2024-12-27T13:28:17","date_gmt":"2024-12-27T16:28:17","guid":{"rendered":"http:\/\/ambrosioeletro.com.br\/v20\/?post_type=product&#038;p=12606"},"modified":"2025-01-31T17:39:03","modified_gmt":"2025-01-31T20:39:03","slug":"bebedouro-purificador-industrial-25-litros-adesivado-blue-bebedouros","status":"publish","type":"product","link":"http:\/\/ambrosioeletro.com.br\/v20\/produto\/bebedouro-purificador-industrial-25-litros-adesivado-blue-bebedouros\/","title":{"rendered":"Bebedouro Purificador Industrial 25 Litros Adesivado Blue Bebedouros"},"content":{"rendered":"<p>Bebedouro Industrial de Coluna Inox Blue Bebedouros + Filtro<\/p>\n<p>O Bebedouro Industrial Inox Blue Bebedouros foi desenvolvido para atender locais com m\u00e9dio fluxo e concentra\u00e7\u00e3o de pessoas, alinhando o grande armazenamento de \u00e1gua gelada e a poderosa capacidade de refrigera\u00e7\u00e3o do bebedouro industrial aos benef\u00edcios de consumir \u00e1gua pura e livre de sabores e odores indesejados.<\/p>\n<p>Este produto proporciona \u00e1gua filtrada e gelada com qualidade. Ideal para ambientes de m\u00e9dio movimento, como postos de gasolina, f\u00e1bricas, igrejas pequenas, academias pequenas, restaurantes, padarias, supermercados, constru\u00e7\u00e3o civil e etc.<\/p>\n<p>CARACTER\u00cdSTICAS<br \/>\nCorpo e estrutura em a\u00e7o inox 430. Tampa e p\u00e9s regul\u00e1veis de pl\u00e1stico (ABS injetado);<br \/>\nAparador de \u00e1gua (pingadeira) em a\u00e7o Inox 430;<br \/>\nSerpentina em a\u00e7o inox 304 (interna);<br \/>\nReservat\u00f3rio em polipropileno at\u00f3xico;<br \/>\nIsolamento t\u00e9rmico em EPS;<br \/>\nBoia Controladora do n\u00edvel de \u00e1gua;<br \/>\nTomada de 3 pinos conforme a norma da ABNT\/nbr\/603351<br \/>\nCertificado pelo INMETRO;<br \/>\nTermostato com 7 n\u00edveis para controle de temperatura;<br \/>\nG\u00e1s ecol\u00f3gico R134A;<br \/>\nRefrigera\u00e7\u00e3o por compressor que garante maior efici\u00eancia;<br \/>\nMotor Elgin 1\/12+ hp 220v (0,80A) 60Hz-180W<br \/>\nTens\u00e3o\/pot\u00eancia:127v ou 220v (n\u00e3o \u00e9 bivolt);<br \/>\nConsumo m\u00e9dio: 17,58 kw\/h m\u00eas;<br \/>\nAltura da entrada de \u00e1gua em rela\u00e7\u00e3o ao solo: 1,29m;<br \/>\nAltura do ponto de esgotamento em rela\u00e7\u00e3o ao solo: 46cm;<br \/>\nAltura da torneira em rela\u00e7\u00e3o ao solo: 93cm;<br \/>\nAltura do aparador de \u00e1gua em rela\u00e7\u00e3o ao solo: 72,5cm (borda superior) ;<br \/>\nDist\u00e2ncia entre o aparador de \u00e1gua e torneira: 27,5cm (fundo do aparador);<\/p>\n<p>Caracter\u00edsticas e Vantagens:<br \/>\nO Bebedouro de \u00e1gua Industrial Litros da marca Blue \u00e9 o Bebedouro ideal quando se fala em economia de energia e refrigera\u00e7\u00e3o. Acompanha filtro (externo) de f\u00e1cil instala\u00e7\u00e3o, aparador de \u00e1gua frontal em chapa de a\u00e7o inox com dreno.<\/p>\n<p>Al\u00e9m de possuir um controle de temperatura via termostato, \u00e9 personaliz\u00e1vel.<\/p>\n<p>Itens inclusos:<br \/>\nAcompanha manual de instala\u00e7\u00e3o;<br \/>\nFiltro externo com rosca de \u00bd ;<\/p>\n<p>DIMENS\u00d5ES:<\/p>\n<p>Altura: 1,21<br \/>\nLargura:0,47cm<br \/>\nProfudidade:0,33cm<br \/>\nPeso: 14kg<\/p>\n<p>Garantia e cuidados:<br \/>\nO que pode excluir automaticamente a garantia do seu produto:<br \/>\nA constata\u00e7\u00e3o de acidentes provocados ap\u00f3s a entrega do produto;<br \/>\nMau uso do aparelho;<br \/>\nExcesso de press\u00e3o na entrada da \u00e1gua (Bebedouro ligado direto na \u00e1gua da rua);<br \/>\nTens\u00e3o (VOLTAGEM) da tomada divergente da tens\u00e3o do aparelho;<br \/>\nOscila\u00e7\u00e3o excessiva da tens\u00e3o el\u00e9trica na rede exclui automaticamente o produto da garantia.<\/p>\n<p>Este Bebedouro \u00e9 de baixa press\u00e3o para abastecimento com \u00e1gua. Caso use da \u00e1gua da rua, favor colocar redutor de press\u00e3o. A Anvisa recomenda a troca do filtro a cada 6 meses.<\/p>\n<p>Assist\u00eancia T\u00e9cnica em todo o Brasil com suporte total pelo SAC.<\/p>\n<p>Garantia de 1 ano contra defeitos de fabrica\u00e7\u00e3o.<\/p>\n<p>&#8211; Venda destinada ao consumidor final (pessoa f\u00edsica ou jur\u00eddica).<br \/>\nFaturamos apenas nos dados informados pelo mercado livre, n\u00e3o sendo poss\u00edvel a troca de dados de faturamento.<\/p>\n<p>Prezado cliente:<br \/>\nConfira a mercadoria no ato do recebimento, frente \u00e0 transportadora.<br \/>\nEm caso de avarias ou diverg\u00eancias, N\u00c3O RECEBER O PRODUTO!<\/p>\n<p>FICHA T\u00c9CNICA<br \/>\nCategoria Bebedouros Industriais<br \/>\nMarca Blue Bebedouros<br \/>\nItens Inclusos 1 Filtro; Manual de Instala\u00e7\u00e3o;<br \/>\nGarantia 1 ano ap\u00f3s o recebimento do produto<\/p>\n","protected":false},"excerpt":{"rendered":"<p>Bebedouro Industrial de Coluna Inox Blue Bebedouros + Filtro O Bebedouro Industrial Inox Blue Bebedouros foi desenvolvido para atender locais com m\u00e9dio fluxo e concentra\u00e7\u00e3o de pessoas, alinhando o grande<\/p>\n","protected":false},"featured_media":12611,"comment_status":"open","ping_status":"closed","template":"","meta":[],"product_brand":[],"product_cat":[226],"product_tag":[],"class_list":{"0":"post-12606","1":"product","2":"type-product","3":"status-publish","4":"has-post-thumbnail","6":"product_cat-eletrodomesticos","7":"product_shipping_class-retirar-no-local","9":"first","10":"instock","11":"shipping-taxable","12":"purchasable","13":"product-type-simple"},"_links":{"self":[{"href":"http:\/\/ambrosioeletro.com.br\/v20\/wp-json\/wp\/v2\/product\/12606","targetHints":{"allow":["GET"]}}],"collection":[{"href":"http:\/\/ambrosioeletro.com.br\/v20\/wp-json\/wp\/v2\/product"}],"about":[{"href":"http:\/\/ambrosioeletro.com.br\/v20\/wp-json\/wp\/v2\/types\/product"}],"replies":[{"embeddable":true,"href":"http:\/\/ambrosioeletro.com.br\/v20\/wp-json\/wp\/v2\/comments?post=12606"}],"wp:featuredmedia":[{"embeddable":true,"href":"http:\/\/ambrosioeletro.com.br\/v20\/wp-json\/wp\/v2\/media\/12611"}],"wp:attachment":[{"href":"http:\/\/ambrosioeletro.com.br\/v20\/wp-json\/wp\/v2\/media?parent=12606"}],"wp:term":[{"taxonomy":"product_brand","embeddable":true,"href":"http:\/\/ambrosioeletro.com.br\/v20\/wp-json\/wp\/v2\/product_brand?post=12606"},{"taxonomy":"product_cat","embeddable":true,"href":"http:\/\/ambrosioeletro.com.br\/v20\/wp-json\/wp\/v2\/product_cat?post=12606"},{"taxonomy":"product_tag","embeddable":true,"href":"http:\/\/ambrosioeletro.com.br\/v20\/wp-json\/wp\/v2\/product_tag?post=12606"}],"curies":[{"name":"wp","href":"https:\/\/api.w.org\/{rel}","templated":true}]}}