{"id":12667,"date":"2025-02-05T09:03:26","date_gmt":"2025-02-05T12:03:26","guid":{"rendered":"https:\/\/ambrosioeletro.com.br\/v20\/?post_type=product&#038;p=12667"},"modified":"2026-04-20T14:48:59","modified_gmt":"2026-04-20T17:48:59","slug":"mesa-office-notavel-mesa-para-computador","status":"publish","type":"product","link":"http:\/\/ambrosioeletro.com.br\/v20\/produto\/mesa-office-notavel-mesa-para-computador\/","title":{"rendered":"MESA OFFICE NOTAVEL MESA PARA COMPUTADOR"},"content":{"rendered":"<p><strong>DIFERENCIAIS:<\/strong><br \/>\n\u2022\u00a0Puxadores em alum\u00ednio<br \/>\n\u2022\u00a0Gavetas com corredi\u00e7as met\u00e1licas<br \/>\n\u2022\u00a0Nicho para organizar objetos<\/p>\n<p>O tampo possui 1,21m de largura, onde voc\u00ea poder\u00e1 organizar seu notebook e outros acess\u00f3rios utilizados no dia a dia.<\/p>\n<p><strong>Altura:\u00a0<\/strong>760 mm<strong><br \/>\nLargura:<\/strong>\u00a01210 mm<br \/>\n<strong>Profundidade:<\/strong>\u00a0410 mm<br \/>\n<strong>Peso:<\/strong>\u00a022 kg<br \/>\n<strong>Volume:<\/strong>\u00a001 caixa<br \/>\n<strong>Cubagem:<\/strong>\u00a00,046 m\u00b3<\/p>\n","protected":false},"excerpt":{"rendered":"<p>DIFERENCIAIS: \u2022\u00a0Puxadores em alum\u00ednio \u2022\u00a0Gavetas com corredi\u00e7as met\u00e1licas \u2022\u00a0Nicho para organizar objetos O tampo possui 1,21m de largura, onde voc\u00ea poder\u00e1 organizar seu notebook e outros acess\u00f3rios utilizados no dia<\/p>\n","protected":false},"featured_media":12671,"comment_status":"open","ping_status":"closed","template":"","meta":[],"product_brand":[],"product_cat":[227],"product_tag":[],"class_list":{"0":"post-12667","1":"product","2":"type-product","3":"status-publish","4":"has-post-thumbnail","6":"product_cat-moveis","7":"product_shipping_class-retirar-no-local","9":"first","10":"instock","11":"shipping-taxable","12":"purchasable","13":"product-type-simple"},"_links":{"self":[{"href":"http:\/\/ambrosioeletro.com.br\/v20\/wp-json\/wp\/v2\/product\/12667","targetHints":{"allow":["GET"]}}],"collection":[{"href":"http:\/\/ambrosioeletro.com.br\/v20\/wp-json\/wp\/v2\/product"}],"about":[{"href":"http:\/\/ambrosioeletro.com.br\/v20\/wp-json\/wp\/v2\/types\/product"}],"replies":[{"embeddable":true,"href":"http:\/\/ambrosioeletro.com.br\/v20\/wp-json\/wp\/v2\/comments?post=12667"}],"wp:featuredmedia":[{"embeddable":true,"href":"http:\/\/ambrosioeletro.com.br\/v20\/wp-json\/wp\/v2\/media\/12671"}],"wp:attachment":[{"href":"http:\/\/ambrosioeletro.com.br\/v20\/wp-json\/wp\/v2\/media?parent=12667"}],"wp:term":[{"taxonomy":"product_brand","embeddable":true,"href":"http:\/\/ambrosioeletro.com.br\/v20\/wp-json\/wp\/v2\/product_brand?post=12667"},{"taxonomy":"product_cat","embeddable":true,"href":"http:\/\/ambrosioeletro.com.br\/v20\/wp-json\/wp\/v2\/product_cat?post=12667"},{"taxonomy":"product_tag","embeddable":true,"href":"http:\/\/ambrosioeletro.com.br\/v20\/wp-json\/wp\/v2\/product_tag?post=12667"}],"curies":[{"name":"wp","href":"https:\/\/api.w.org\/{rel}","templated":true}]}}