{"id":12721,"date":"2025-02-17T15:32:00","date_gmt":"2025-02-17T18:32:00","guid":{"rendered":"https:\/\/ambrosioeletro.com.br\/v20\/?post_type=product&#038;p=12721"},"modified":"2026-04-16T17:48:34","modified_gmt":"2026-04-16T20:48:34","slug":"paneleiro-itatiaia-em-aco-branco-6-portas-new-premium","status":"publish","type":"product","link":"http:\/\/ambrosioeletro.com.br\/v20\/produto\/paneleiro-itatiaia-em-aco-branco-6-portas-new-premium\/","title":{"rendered":"Paneleiro Itatiaia em A\u00e7o Branco 6 Portas New Premium"},"content":{"rendered":"<div class=\"pr0 items-stretch vtex-flex-layout-0-x-stretchChildrenWidth flex\">\n<div id=\"description\" class=\"vtex-flex-layout-0-x-flexRow vtex-flex-layout-0-x-flexRow--product-page-container vtex-flex-layout-0-x-flexRow--product-page-description\">\n<div class=\"flex mt0 mb0 pt0 pb0 justify-start vtex-flex-layout-0-x-flexRowContent vtex-flex-layout-0-x-flexRowContent--product-page-container vtex-flex-layout-0-x-flexRowContent--product-page-description items-stretch w-100\">\n<div class=\"pr0 items-stretch flex\">\n<div class=\"vtex-flex-layout-0-x-flexRow vtex-flex-layout-0-x-flexRow--product-page-description-main\">\n<div class=\"flex mt0 mb0 pt0 pb0 justify-start vtex-flex-layout-0-x-flexRowContent vtex-flex-layout-0-x-flexRowContent--product-page-description-main items-stretch w-100\">\n<div class=\"pr0 items-stretch vtex-flex-layout-0-x-stretchChildrenWidth flex\">\n<div class=\"vtex-store-components-3-x-productDescriptionContainer vtex-store-components-3-x-productDescriptionContainer--product-description\">\n<div class=\"vtex-store-components-3-x-productDescriptionText vtex-store-components-3-x-productDescriptionText--product-description c-muted-1\">\n<p>O\u00a0<a href=\"https:\/\/www.minhaitatiaia.com.br\/paneleiro-itatiaia-em-aco-branco-6-portas-new-premium\/p\">Paneleiro<\/a>\u00a0da linha New Premium, \u00e9 a escolha perfeita para quem busca um produto de\u00a0<b>alta qualidade<\/b>, espa\u00e7oso, f\u00e1cil de montar e de limpar. Al\u00e9m de\u00a0<b>moderno<\/b>, ele conta com:<\/p>\n<ul>\n<li>Dobradi\u00e7as resistentes de 26 mm, trazendo mais durabilidade ao abrir e fechar as portas.<\/li>\n<li>Novo paneleiro com mais espa\u00e7o para comportar o eletro, permitindo a escolha da altura ideal do arm\u00e1rio, facilitando a organiza\u00e7\u00e3o da cozinha.<br \/>\nAl\u00e9m de ser um\u00a0<b>excelente m\u00f3vel<\/b>\u00a0para armazenar utens\u00edlios de cozinha e panelas, ele \u00e9 ideal para quem gosta de m\u00f3veis cl\u00e1ssicos.<br \/>\nAs cores podem sofrer altera\u00e7\u00f5es dependendo do seu monitor.<br \/>\nO consumidor tem total responsabilidade pela montagem.<\/li>\n<\/ul>\n<\/div>\n<\/div>\n<\/div>\n<\/div>\n<\/div>\n<\/div>\n<\/div>\n<\/div>\n<\/div>\n<div class=\"pr0 items-stretch vtex-flex-layout-0-x-stretchChildrenWidth flex\">\n<div id=\"specifications\" class=\"vtex-flex-layout-0-x-flexRow vtex-flex-layout-0-x-flexRow--specifications\">\n<div class=\"flex mt0 mb0 pt0 pb0 justify-start vtex-flex-layout-0-x-flexRowContent vtex-flex-layout-0-x-flexRowContent--specifications items-stretch w-100\">\n<div class=\"pr0 items-stretch vtex-flex-layout-0-x-stretchChildrenWidth flex\">\n<div class=\"vtex-flex-layout-0-x-flexRow vtex-flex-layout-0-x-flexRow--default-specification-group vtex-flex-layout-0-x-flexRow--ficha-tecnica-specification-group\">\n<div class=\"flex mt0 mb0 pt0 pb0 justify-start vtex-flex-layout-0-x-flexRowContent vtex-flex-layout-0-x-flexRowContent--default-specification-group vtex-flex-layout-0-x-flexRowContent--ficha-tecnica-specification-group items-stretch w-100\">\n<div class=\"pr0 items-stretch vtex-flex-layout-0-x-stretchChildrenWidth flex\">\n<div class=\"vtex-flex-layout-0-x-flexCol vtex-flex-layout-0-x-flexCol--productSpecificationGroup ml0 mr0 pl0 pr0 flex flex-column h-100 w-100\">\n<div class=\"vtex-flex-layout-0-x-flexColChild vtex-flex-layout-0-x-flexColChild--productSpecificationGroup pb0\">\n<div class=\"vtex-flex-layout-0-x-flexRow vtex-flex-layout-0-x-flexRow--productSpecificationGroupName\">\n<div class=\"flex mt0 mb0 pt0 pb0 justify-start vtex-flex-layout-0-x-flexRowContent vtex-flex-layout-0-x-flexRowContent--productSpecificationGroupName items-stretch w-100\">\n<div class=\"pr0 items-stretch vtex-flex-layout-0-x-stretchChildrenWidth flex\"><span class=\"vtex-product-specifications-1-x-groupName\" data-specification-group=\"Ficha T\u00e9cnica\">Ficha T\u00e9cnica<\/span><\/div>\n<\/div>\n<\/div>\n<\/div>\n<div class=\"vtex-flex-layout-0-x-flexColChild vtex-flex-layout-0-x-flexColChild--productSpecificationGroup pb0\">\n<div class=\"vtex-flex-layout-0-x-flexRow vtex-flex-layout-0-x-flexRow--productSpecification\">\n<div class=\"flex mt0 mb0 pt0 pb0 justify-start vtex-flex-layout-0-x-flexRowContent vtex-flex-layout-0-x-flexRowContent--productSpecification items-stretch w-100\">\n<div class=\"pr0 items-stretch vtex-flex-layout-0-x-stretchChildrenWidth flex\">\n<div class=\"vtex-flex-layout-0-x-flexCol vtex-flex-layout-0-x-flexCol--productSpecificationName ml0 mr0 pl0 pr0 flex flex-column h-100 w-100\">\n<div class=\"vtex-flex-layout-0-x-flexColChild vtex-flex-layout-0-x-flexColChild--productSpecificationName pb0\"><span class=\"vtex-product-specifications-1-x-specificationName\" data-specification-group=\"Ficha T\u00e9cnica\" data-specification-name=\"Situa\u00e7\u00e3o do Produto Enviado\">Situa\u00e7\u00e3o do Produto Enviado<\/span><\/div>\n<\/div>\n<\/div>\n<div class=\"pr0 items-stretch vtex-flex-layout-0-x-stretchChildrenWidth flex\">\n<div class=\"vtex-flex-layout-0-x-flexCol vtex-flex-layout-0-x-flexCol--productSpecificationValue ml0 mr0 pl0 pr0 flex flex-column h-100 w-100\">\n<div class=\"vtex-flex-layout-0-x-flexColChild vtex-flex-layout-0-x-flexColChild--productSpecificationValue pb0\"><span class=\"vtex-product-specifications-1-x-specificationValue vtex-product-specifications-1-x-specificationValue--first vtex-product-specifications-1-x-specificationValue--last\" data-specification-group=\"Ficha T\u00e9cnica\" data-specification-name=\"Situa\u00e7\u00e3o do Produto Enviado\" data-specification-value=\"Novo e desmontado na caixa\">Novo e desmontado na caixa<\/span><\/div>\n<\/div>\n<\/div>\n<\/div>\n<\/div>\n<div class=\"vtex-flex-layout-0-x-flexRow vtex-flex-layout-0-x-flexRow--productSpecification\">\n<div class=\"flex mt0 mb0 pt0 pb0 justify-start vtex-flex-layout-0-x-flexRowContent vtex-flex-layout-0-x-flexRowContent--productSpecification items-stretch w-100\">\n<div class=\"pr0 items-stretch vtex-flex-layout-0-x-stretchChildrenWidth flex\">\n<div class=\"vtex-flex-layout-0-x-flexCol vtex-flex-layout-0-x-flexCol--productSpecificationName ml0 mr0 pl0 pr0 flex flex-column h-100 w-100\">\n<div class=\"vtex-flex-layout-0-x-flexColChild vtex-flex-layout-0-x-flexColChild--productSpecificationName pb0\"><span class=\"vtex-product-specifications-1-x-specificationName\" data-specification-group=\"Ficha T\u00e9cnica\" data-specification-name=\"Acompanha Manual de Instala\u00e7\u00e3o\">Acompanha Manual de Instala\u00e7\u00e3o<\/span><\/div>\n<\/div>\n<\/div>\n<div class=\"pr0 items-stretch vtex-flex-layout-0-x-stretchChildrenWidth flex\">\n<div class=\"vtex-flex-layout-0-x-flexCol vtex-flex-layout-0-x-flexCol--productSpecificationValue ml0 mr0 pl0 pr0 flex flex-column h-100 w-100\">\n<div class=\"vtex-flex-layout-0-x-flexColChild vtex-flex-layout-0-x-flexColChild--productSpecificationValue pb0\"><span class=\"vtex-product-specifications-1-x-specificationValue vtex-product-specifications-1-x-specificationValue--first vtex-product-specifications-1-x-specificationValue--last\" data-specification-group=\"Ficha T\u00e9cnica\" data-specification-name=\"Acompanha Manual de Instala\u00e7\u00e3o\" data-specification-value=\"Sim\">Sim<\/span><\/div>\n<\/div>\n<\/div>\n<\/div>\n<\/div>\n<div class=\"vtex-flex-layout-0-x-flexRow vtex-flex-layout-0-x-flexRow--productSpecification\">\n<div class=\"flex mt0 mb0 pt0 pb0 justify-start vtex-flex-layout-0-x-flexRowContent vtex-flex-layout-0-x-flexRowContent--productSpecification items-stretch w-100\">\n<div class=\"pr0 items-stretch vtex-flex-layout-0-x-stretchChildrenWidth flex\">\n<div class=\"vtex-flex-layout-0-x-flexCol vtex-flex-layout-0-x-flexCol--productSpecificationName ml0 mr0 pl0 pr0 flex flex-column h-100 w-100\">\n<div class=\"vtex-flex-layout-0-x-flexColChild vtex-flex-layout-0-x-flexColChild--productSpecificationName pb0\"><span class=\"vtex-product-specifications-1-x-specificationName\" data-specification-group=\"Ficha T\u00e9cnica\" data-specification-name=\"Recomenda\u00e7\u00f5es Montagem\">Recomenda\u00e7\u00f5es Montagem<\/span><\/div>\n<\/div>\n<\/div>\n<div class=\"pr0 items-stretch vtex-flex-layout-0-x-stretchChildrenWidth flex\">\n<div class=\"vtex-flex-layout-0-x-flexCol vtex-flex-layout-0-x-flexCol--productSpecificationValue ml0 mr0 pl0 pr0 flex flex-column h-100 w-100\">\n<div class=\"vtex-flex-layout-0-x-flexColChild vtex-flex-layout-0-x-flexColChild--productSpecificationValue pb0\"><span class=\"vtex-product-specifications-1-x-specificationValue vtex-product-specifications-1-x-specificationValue--first vtex-product-specifications-1-x-specificationValue--last\" data-specification-group=\"Ficha T\u00e9cnica\" data-specification-name=\"Recomenda\u00e7\u00f5es Montagem\" data-specification-value=\"Seguir orienta\u00e7\u00e3o de montagem conforme manual que vai junto ao produto e fix\u00e1-lo na parede.\">Seguir orienta\u00e7\u00e3o de montagem conforme manual que vai junto ao produto e fix\u00e1-lo na parede.<\/span><\/div>\n<\/div>\n<\/div>\n<\/div>\n<\/div>\n<div class=\"vtex-flex-layout-0-x-flexRow vtex-flex-layout-0-x-flexRow--productSpecification\">\n<div class=\"flex mt0 mb0 pt0 pb0 justify-start vtex-flex-layout-0-x-flexRowContent vtex-flex-layout-0-x-flexRowContent--productSpecification items-stretch w-100\">\n<div class=\"pr0 items-stretch vtex-flex-layout-0-x-stretchChildrenWidth flex\">\n<div class=\"vtex-flex-layout-0-x-flexCol vtex-flex-layout-0-x-flexCol--productSpecificationName ml0 mr0 pl0 pr0 flex flex-column h-100 w-100\">\n<div class=\"vtex-flex-layout-0-x-flexColChild vtex-flex-layout-0-x-flexColChild--productSpecificationName pb0\"><span class=\"vtex-product-specifications-1-x-specificationName\" data-specification-group=\"Ficha T\u00e9cnica\" data-specification-name=\"Recomenda\u00e7\u00f5es de Uso, Manuten\u00e7\u00e3o e Limpeza\">Recomenda\u00e7\u00f5es de Uso, Manuten\u00e7\u00e3o e Limpeza<\/span><\/div>\n<\/div>\n<\/div>\n<div class=\"pr0 items-stretch vtex-flex-layout-0-x-stretchChildrenWidth flex\">\n<div class=\"vtex-flex-layout-0-x-flexCol vtex-flex-layout-0-x-flexCol--productSpecificationValue ml0 mr0 pl0 pr0 flex flex-column h-100 w-100\">\n<div class=\"vtex-flex-layout-0-x-flexColChild vtex-flex-layout-0-x-flexColChild--productSpecificationValue pb0\"><span class=\"vtex-product-specifications-1-x-specificationValue vtex-product-specifications-1-x-specificationValue--first vtex-product-specifications-1-x-specificationValue--last\" data-specification-group=\"Ficha T\u00e9cnica\" data-specification-name=\"Recomenda\u00e7\u00f5es de Uso, Manuten\u00e7\u00e3o e Limpeza\" data-specification-value=\"Pano levemente umedecido com sab\u00e3o neutro.\">Pano levemente umedecido com sab\u00e3o neutro.<\/span><\/div>\n<\/div>\n<\/div>\n<\/div>\n<\/div>\n<div class=\"vtex-flex-layout-0-x-flexRow vtex-flex-layout-0-x-flexRow--productSpecification\">\n<div class=\"flex mt0 mb0 pt0 pb0 justify-start vtex-flex-layout-0-x-flexRowContent vtex-flex-layout-0-x-flexRowContent--productSpecification items-stretch w-100\">\n<div class=\"pr0 items-stretch vtex-flex-layout-0-x-stretchChildrenWidth flex\">\n<div class=\"vtex-flex-layout-0-x-flexCol vtex-flex-layout-0-x-flexCol--productSpecificationName ml0 mr0 pl0 pr0 flex flex-column h-100 w-100\">\n<div class=\"vtex-flex-layout-0-x-flexColChild vtex-flex-layout-0-x-flexColChild--productSpecificationName pb0\"><span class=\"vtex-product-specifications-1-x-specificationName\" data-specification-group=\"Ficha T\u00e9cnica\" data-specification-name=\"Garantia\">Garantia<\/span><\/div>\n<\/div>\n<\/div>\n<div class=\"pr0 items-stretch vtex-flex-layout-0-x-stretchChildrenWidth flex\">\n<div class=\"vtex-flex-layout-0-x-flexCol vtex-flex-layout-0-x-flexCol--productSpecificationValue ml0 mr0 pl0 pr0 flex flex-column h-100 w-100\">\n<div class=\"vtex-flex-layout-0-x-flexColChild vtex-flex-layout-0-x-flexColChild--productSpecificationValue pb0\"><span class=\"vtex-product-specifications-1-x-specificationValue vtex-product-specifications-1-x-specificationValue--first vtex-product-specifications-1-x-specificationValue--last\" data-specification-group=\"Ficha T\u00e9cnica\" data-specification-name=\"Garantia\" data-specification-value=\"12 meses\">12 meses<\/span><\/div>\n<\/div>\n<\/div>\n<\/div>\n<\/div>\n<div class=\"vtex-flex-layout-0-x-flexRow vtex-flex-layout-0-x-flexRow--productSpecification\">\n<div class=\"flex mt0 mb0 pt0 pb0 justify-start vtex-flex-layout-0-x-flexRowContent vtex-flex-layout-0-x-flexRowContent--productSpecification items-stretch w-100\">\n<div class=\"pr0 items-stretch vtex-flex-layout-0-x-stretchChildrenWidth flex\">\n<div class=\"vtex-flex-layout-0-x-flexCol vtex-flex-layout-0-x-flexCol--productSpecificationName ml0 mr0 pl0 pr0 flex flex-column h-100 w-100\">\n<div class=\"vtex-flex-layout-0-x-flexColChild vtex-flex-layout-0-x-flexColChild--productSpecificationName pb0\"><span class=\"vtex-product-specifications-1-x-specificationName\" data-specification-group=\"Ficha T\u00e9cnica\" data-specification-name=\"Material predominante\">Material predominante<\/span><\/div>\n<\/div>\n<\/div>\n<div class=\"pr0 items-stretch vtex-flex-layout-0-x-stretchChildrenWidth flex\">\n<div class=\"vtex-flex-layout-0-x-flexCol vtex-flex-layout-0-x-flexCol--productSpecificationValue ml0 mr0 pl0 pr0 flex flex-column h-100 w-100\">\n<div class=\"vtex-flex-layout-0-x-flexColChild vtex-flex-layout-0-x-flexColChild--productSpecificationValue pb0\"><span class=\"vtex-product-specifications-1-x-specificationValue vtex-product-specifications-1-x-specificationValue--first vtex-product-specifications-1-x-specificationValue--last\" data-specification-group=\"Ficha T\u00e9cnica\" data-specification-name=\"Material predominante\" data-specification-value=\"A\u00e7o\">A\u00e7o<\/span><\/div>\n<\/div>\n<\/div>\n<\/div>\n<\/div>\n<div class=\"vtex-flex-layout-0-x-flexRow vtex-flex-layout-0-x-flexRow--productSpecification\">\n<div class=\"flex mt0 mb0 pt0 pb0 justify-start vtex-flex-layout-0-x-flexRowContent vtex-flex-layout-0-x-flexRowContent--productSpecification items-stretch w-100\">\n<div class=\"pr0 items-stretch vtex-flex-layout-0-x-stretchChildrenWidth flex\">\n<div class=\"vtex-flex-layout-0-x-flexCol vtex-flex-layout-0-x-flexCol--productSpecificationName ml0 mr0 pl0 pr0 flex flex-column h-100 w-100\">\n<div class=\"vtex-flex-layout-0-x-flexColChild vtex-flex-layout-0-x-flexColChild--productSpecificationName pb0\"><span class=\"vtex-product-specifications-1-x-specificationName\" data-specification-group=\"Ficha T\u00e9cnica\" data-specification-name=\"Linha\">Linha<\/span><\/div>\n<\/div>\n<\/div>\n<div class=\"pr0 items-stretch vtex-flex-layout-0-x-stretchChildrenWidth flex\">\n<div class=\"vtex-flex-layout-0-x-flexCol vtex-flex-layout-0-x-flexCol--productSpecificationValue ml0 mr0 pl0 pr0 flex flex-column h-100 w-100\">\n<div class=\"vtex-flex-layout-0-x-flexColChild vtex-flex-layout-0-x-flexColChild--productSpecificationValue pb0\"><span class=\"vtex-product-specifications-1-x-specificationValue vtex-product-specifications-1-x-specificationValue--first vtex-product-specifications-1-x-specificationValue--last\" data-specification-group=\"Ficha T\u00e9cnica\" data-specification-name=\"Linha\" data-specification-value=\"New Premium\">New Premium<\/span><\/div>\n<div>\n<div class=\"itatiaia-store-theme-6-x-measureItem flex items-center flex-column flex-row-l\">\n<p><img decoding=\"async\" src=\"https:\/\/itatiaia.vtexassets.com\/_v\/public\/assets\/v1\/published\/itatiaia.store-theme@6.2.50\/public\/react\/db6949944c7b12dec292d2e8bff99402.svg\" alt=\"\u00cdcone de Altura \" crossorigin=\"anonymous\" \/><\/p>\n<div class=\"itatiaia-store-theme-6-x-measureColumn flex flex-column items-center\"><span class=\"itatiaia-store-theme-6-x-measure nowrap\">Altura<\/span><span class=\"itatiaia-store-theme-6-x-measureValue nowrap\">195 cm<\/span><\/div>\n<\/div>\n<div class=\"itatiaia-store-theme-6-x-measureItem flex items-center flex-column flex-row-l\">\n<p><img decoding=\"async\" src=\"https:\/\/itatiaia.vtexassets.com\/_v\/public\/assets\/v1\/published\/itatiaia.store-theme@6.2.50\/public\/react\/2bdb2ea315717824bf6b6808678507d3.svg\" alt=\"\u00cdcone de Largura \" crossorigin=\"anonymous\" \/><\/p>\n<div class=\"itatiaia-store-theme-6-x-measureColumn flex flex-column items-center\"><span class=\"itatiaia-store-theme-6-x-measure nowrap\">Largura<\/span><span class=\"itatiaia-store-theme-6-x-measureValue nowrap\">80 cm<\/span><\/div>\n<\/div>\n<div class=\"itatiaia-store-theme-6-x-measureItem flex items-center flex-column flex-row-l\">\n<p><img decoding=\"async\" src=\"https:\/\/itatiaia.vtexassets.com\/_v\/public\/assets\/v1\/published\/itatiaia.store-theme@6.2.50\/public\/react\/9dbee786857690e61162607591a1ca94.svg\" alt=\"\u00cdcone de Profundidade \" crossorigin=\"anonymous\" \/><\/p>\n<div class=\"itatiaia-store-theme-6-x-measureColumn flex flex-column items-center\"><span class=\"itatiaia-store-theme-6-x-measure nowrap\">Profundidade<\/span><span class=\"itatiaia-store-theme-6-x-measureValue nowrap\">30 cm<\/span><\/div>\n<\/div>\n<div class=\"itatiaia-store-theme-6-x-measureItem flex items-center flex-column flex-row-l\">\n<p><img decoding=\"async\" src=\"https:\/\/itatiaia.vtexassets.com\/_v\/public\/assets\/v1\/published\/itatiaia.store-theme@6.2.50\/public\/react\/bfcc0cb5a664df67062281fafb900309.svg\" alt=\"\u00cdcone de Peso \" crossorigin=\"anonymous\" \/><\/p>\n<div class=\"itatiaia-store-theme-6-x-measureColumn flex flex-column items-center\"><span class=\"itatiaia-store-theme-6-x-measure nowrap\">Peso<\/span><span class=\"itatiaia-store-theme-6-x-measureValue nowrap\">31.06 kg<\/span><\/div>\n<\/div>\n<\/div>\n<\/div>\n<\/div>\n<\/div>\n<\/div>\n<\/div>\n<\/div>\n<\/div>\n<\/div>\n<\/div>\n<\/div>\n<\/div>\n<\/div>\n<\/div>\n","protected":false},"excerpt":{"rendered":"<p>O\u00a0Paneleiro\u00a0da linha New Premium, \u00e9 a escolha perfeita para quem busca um produto de\u00a0alta qualidade, espa\u00e7oso, f\u00e1cil de montar e de limpar. Al\u00e9m de\u00a0moderno, ele conta com: Dobradi\u00e7as resistentes de<\/p>\n","protected":false},"featured_media":12722,"comment_status":"open","ping_status":"closed","template":"","meta":[],"product_brand":[],"product_cat":[243,227],"product_tag":[],"class_list":{"0":"post-12721","1":"product","2":"type-product","3":"status-publish","4":"has-post-thumbnail","6":"product_cat-cozinha-moveis","7":"product_cat-moveis","8":"product_shipping_class-retirar-no-local","10":"first","11":"instock","12":"shipping-taxable","13":"purchasable","14":"product-type-simple"},"_links":{"self":[{"href":"http:\/\/ambrosioeletro.com.br\/v20\/wp-json\/wp\/v2\/product\/12721","targetHints":{"allow":["GET"]}}],"collection":[{"href":"http:\/\/ambrosioeletro.com.br\/v20\/wp-json\/wp\/v2\/product"}],"about":[{"href":"http:\/\/ambrosioeletro.com.br\/v20\/wp-json\/wp\/v2\/types\/product"}],"replies":[{"embeddable":true,"href":"http:\/\/ambrosioeletro.com.br\/v20\/wp-json\/wp\/v2\/comments?post=12721"}],"wp:featuredmedia":[{"embeddable":true,"href":"http:\/\/ambrosioeletro.com.br\/v20\/wp-json\/wp\/v2\/media\/12722"}],"wp:attachment":[{"href":"http:\/\/ambrosioeletro.com.br\/v20\/wp-json\/wp\/v2\/media?parent=12721"}],"wp:term":[{"taxonomy":"product_brand","embeddable":true,"href":"http:\/\/ambrosioeletro.com.br\/v20\/wp-json\/wp\/v2\/product_brand?post=12721"},{"taxonomy":"product_cat","embeddable":true,"href":"http:\/\/ambrosioeletro.com.br\/v20\/wp-json\/wp\/v2\/product_cat?post=12721"},{"taxonomy":"product_tag","embeddable":true,"href":"http:\/\/ambrosioeletro.com.br\/v20\/wp-json\/wp\/v2\/product_tag?post=12721"}],"curies":[{"name":"wp","href":"https:\/\/api.w.org\/{rel}","templated":true}]}}