{"id":12805,"date":"2025-02-27T17:01:24","date_gmt":"2025-02-27T20:01:24","guid":{"rendered":"https:\/\/ambrosioeletro.com.br\/v20\/?post_type=product&#038;p=12805"},"modified":"2026-03-30T08:41:00","modified_gmt":"2026-03-30T11:41:00","slug":"secador-de-cabelos-philco-bivolt-2200w-psc2350-ions-tourmaline","status":"publish","type":"product","link":"http:\/\/ambrosioeletro.com.br\/v20\/produto\/secador-de-cabelos-philco-bivolt-2200w-psc2350-ions-tourmaline\/","title":{"rendered":"Secador de Cabelos Philco Bivolt 2200W PSC2350 \u00cdons Tourmaline"},"content":{"rendered":"<p>Praticidade e estilo s\u00e3o essenciais, e nosso Secador de Cabelos Philco PSC2350 Bivolt \u00e9 o companheiro perfeito para voc\u00ea, seja em viagens ou em casa. Com 2200W de pot\u00eancia, garante uma secagem r\u00e1pida e eficaz, enquanto a tecnologia \u00edons Tourmaline mant\u00e9m seus cabelos macios e livres de frizz. As 2 velocidades e 3 temperaturas oferecem 6 combina\u00e7\u00f5es ideais para qualquer tipo de cabelo, aliado ao jato de ar frio, proporciona um acabamento impec\u00e1vel. J\u00e1 o bocal difusor real\u00e7a seus cachos, enquanto o concentrador proporciona uma modelagem precisa. O cord\u00e3o de 1,9m promove liberdade de movimento, a grade remov\u00edvel facilita a limpeza, e a al\u00e7a para pendurar torna o armazenamento pr\u00e1tico. Transforme sua rotina de cuidados com o cabelo com o Secador de Cabelos Philco PSC2350! \u2022 Modelo Bivolt \u2022 Alta pot\u00eancia \u2022 2 velocidades \u2022 3 temperaturas \u2022 Cord\u00e3o el\u00e9trico de 1,9m \u2022 Fun\u00e7\u00e3o Ar Frio \u2022 Grade Traseira remov\u00edvel, facilita a limpeza \u2022 Bocal concentrador \u2013 Direciona o fluxo de ar facilitando a secagem e modelagem \u2022 Anel para pendurar \u2022 Motor DC.<\/p>\n<div class=\"philco-store-theme-3ualAl1qVjppHTxQ34ju4 philco-store-theme-1swtAlTgtZ6ezegcUmJbp4\">\n<p>Dimens\u00f5es do produto<\/p>\n<\/div>\n<table class=\"philco-store-theme-A1poUjIF-FCVZVZdMvzBW\" cellspacing=\"0\" cellpadding=\"0\">\n<tbody>\n<tr>\n<td>Altura do produto<\/td>\n<td>26 cm<\/td>\n<\/tr>\n<tr>\n<td>Largura do produto<\/td>\n<td>28 cm<\/td>\n<\/tr>\n<tr>\n<td>Comprimento do produto<\/td>\n<td>1 cm<\/td>\n<\/tr>\n<tr>\n<td>Peso do produto<\/td>\n<td>0,63 kg<\/td>\n<\/tr>\n<\/tbody>\n<\/table>\n<div class=\"philco-store-theme-3ualAl1qVjppHTxQ34ju4 philco-store-theme-3t7G3ek6WkcsS6ksgdsTbH\">\n<p>Dimens\u00f5es de envio do produto<\/p>\n<\/div>\n<table class=\"philco-store-theme-A1poUjIF-FCVZVZdMvzBW\" cellspacing=\"0\" cellpadding=\"0\">\n<tbody>\n<tr>\n<td>Altura com embalagem<\/td>\n<td>23,2 cm<\/td>\n<\/tr>\n<tr>\n<td>Largura com embalagem<\/td>\n<td>27,2 cm<\/td>\n<\/tr>\n<tr>\n<td>Comprimento com embalagem<\/td>\n<td>10,5 cm<\/td>\n<\/tr>\n<tr>\n<td>Peso com embalagem<\/td>\n<td>0,668 kg<\/td>\n<\/tr>\n<\/tbody>\n<\/table>\n","protected":false},"excerpt":{"rendered":"<p>Praticidade e estilo s\u00e3o essenciais, e nosso Secador de Cabelos Philco PSC2350 Bivolt \u00e9 o companheiro perfeito para voc\u00ea, seja em viagens ou em casa. Com 2200W de pot\u00eancia, garante<\/p>\n","protected":false},"featured_media":12806,"comment_status":"open","ping_status":"closed","template":"","meta":[],"product_brand":[],"product_cat":[235,226],"product_tag":[],"class_list":{"0":"post-12805","1":"product","2":"type-product","3":"status-publish","4":"has-post-thumbnail","6":"product_cat-cuidados-pessoais","7":"product_cat-eletrodomesticos","8":"product_shipping_class-pac","10":"first","11":"instock","12":"shipping-taxable","13":"purchasable","14":"product-type-simple"},"_links":{"self":[{"href":"http:\/\/ambrosioeletro.com.br\/v20\/wp-json\/wp\/v2\/product\/12805","targetHints":{"allow":["GET"]}}],"collection":[{"href":"http:\/\/ambrosioeletro.com.br\/v20\/wp-json\/wp\/v2\/product"}],"about":[{"href":"http:\/\/ambrosioeletro.com.br\/v20\/wp-json\/wp\/v2\/types\/product"}],"replies":[{"embeddable":true,"href":"http:\/\/ambrosioeletro.com.br\/v20\/wp-json\/wp\/v2\/comments?post=12805"}],"wp:featuredmedia":[{"embeddable":true,"href":"http:\/\/ambrosioeletro.com.br\/v20\/wp-json\/wp\/v2\/media\/12806"}],"wp:attachment":[{"href":"http:\/\/ambrosioeletro.com.br\/v20\/wp-json\/wp\/v2\/media?parent=12805"}],"wp:term":[{"taxonomy":"product_brand","embeddable":true,"href":"http:\/\/ambrosioeletro.com.br\/v20\/wp-json\/wp\/v2\/product_brand?post=12805"},{"taxonomy":"product_cat","embeddable":true,"href":"http:\/\/ambrosioeletro.com.br\/v20\/wp-json\/wp\/v2\/product_cat?post=12805"},{"taxonomy":"product_tag","embeddable":true,"href":"http:\/\/ambrosioeletro.com.br\/v20\/wp-json\/wp\/v2\/product_tag?post=12805"}],"curies":[{"name":"wp","href":"https:\/\/api.w.org\/{rel}","templated":true}]}}