{"id":12819,"date":"2025-02-28T13:44:39","date_gmt":"2025-02-28T16:44:39","guid":{"rendered":"https:\/\/ambrosioeletro.com.br\/v20\/?post_type=product&#038;p=12819"},"modified":"2026-03-30T08:41:38","modified_gmt":"2026-03-30T11:41:38","slug":"liquidificador-britania-black-3-velocidades-21l","status":"publish","type":"product","link":"http:\/\/ambrosioeletro.com.br\/v20\/produto\/liquidificador-britania-black-3-velocidades-21l\/","title":{"rendered":"Liquidificador Brit\u00e2nia Black 3 Velocidades 2,1L"},"content":{"rendered":"<p>Triture e misture com grande efici\u00eancia com o Liquidificador Brit\u00e2nia Black 2,1L. Com varia\u00e7\u00e3o de velocidades para diferentes receitas: sucos, vitaminas, coquet\u00e9is, molhos, sopas, cremes e muito mais. Possui fun\u00e7\u00e3o auto limpeza, deixando seu dia a dia mais pr\u00e1tico e \u00e1gil. Suas facas em a\u00e7o inoxid\u00e1vel integradas ao copo Impede vazamentos, trazendo melhor desempenho e durabilidade. Possui copo transparente com gradua\u00e7\u00e3o e capacidade total de 2,1 litros e para o melhor acondicionamento do produto, ele conta tamb\u00e9m com porta-fio. Esqueceu de algum ingrediente? N\u00e3o tem problema! Sua tampa com sobretampa e orif\u00edcio de dosagem possibilitam a dosagem e inser\u00e7\u00e3o dos ingredientes durante o preparo. Pensando na seguran\u00e7a, o Liquidificador Brit\u00e2nia Black 2,1L possui base antiderrapante, copo e tampa com trava. \u00c9 tudo o que voc\u00ea precisa! \u2022 03 velocidades + Fun\u00e7\u00e3o Pulsar \u2022 Conjunto de facas integradas ao copo que impede vazamentos \u2022 Faca com 4 l\u00e2minas \u2022 Copo com capacidade total de 2,1L e \u00fatil de 1,5L \u2022 Tampa com sobretampa e orif\u00edcio que permite adi\u00e7\u00e3o de ingredientes durante o preparo \u2022 Base antiderrapante \u2022 Porta fio.<\/p>\n<table class=\"britania-store-theme-A1poUjIF-FCVZVZdMvzBW\" cellspacing=\"0\" cellpadding=\"0\">\n<tbody>\n<tr>\n<td>Altura do produto<\/td>\n<td>41,7 cm<\/td>\n<\/tr>\n<tr>\n<td>Largura do produto<\/td>\n<td>22,5 cm<\/td>\n<\/tr>\n<tr>\n<td>Comprimento do produto<\/td>\n<td>19 cm<\/td>\n<\/tr>\n<tr>\n<td>Peso do produto<\/td>\n<td>1,254 kg<\/td>\n<\/tr>\n<\/tbody>\n<\/table>\n<div class=\"britania-store-theme-3ualAl1qVjppHTxQ34ju4 britania-store-theme-3t7G3ek6WkcsS6ksgdsTbH\">\n<p>Dimens\u00f5es de envio do produto<\/p>\n<\/div>\n<table class=\"britania-store-theme-A1poUjIF-FCVZVZdMvzBW\" cellspacing=\"0\" cellpadding=\"0\">\n<tbody>\n<tr>\n<td>Altura com embalagem<\/td>\n<td>25 cm<\/td>\n<\/tr>\n<tr>\n<td>Largura com embalagem<\/td>\n<td>30 cm<\/td>\n<\/tr>\n<tr>\n<td>Comprimento com embalagem<\/td>\n<td>18,5 cm<\/td>\n<\/tr>\n<tr>\n<td>Peso com embalagem<\/td>\n<td>1,454 kg<\/td>\n<\/tr>\n<\/tbody>\n<\/table>\n","protected":false},"excerpt":{"rendered":"<p>Triture e misture com grande efici\u00eancia com o Liquidificador Brit\u00e2nia Black 2,1L. Com varia\u00e7\u00e3o de velocidades para diferentes receitas: sucos, vitaminas, coquet\u00e9is, molhos, sopas, cremes e muito mais. Possui fun\u00e7\u00e3o<\/p>\n","protected":false},"featured_media":12820,"comment_status":"open","ping_status":"closed","template":"","meta":[],"product_brand":[],"product_cat":[230,232,226,228],"product_tag":[],"class_list":{"0":"post-12819","1":"product","2":"type-product","3":"status-publish","4":"has-post-thumbnail","6":"product_cat-audio","7":"product_cat-cozinha","8":"product_cat-eletrodomesticos","9":"product_cat-eletroeletronicos","10":"product_shipping_class-pac","12":"first","13":"instock","14":"virtual","15":"purchasable","16":"product-type-simple"},"_links":{"self":[{"href":"http:\/\/ambrosioeletro.com.br\/v20\/wp-json\/wp\/v2\/product\/12819","targetHints":{"allow":["GET"]}}],"collection":[{"href":"http:\/\/ambrosioeletro.com.br\/v20\/wp-json\/wp\/v2\/product"}],"about":[{"href":"http:\/\/ambrosioeletro.com.br\/v20\/wp-json\/wp\/v2\/types\/product"}],"replies":[{"embeddable":true,"href":"http:\/\/ambrosioeletro.com.br\/v20\/wp-json\/wp\/v2\/comments?post=12819"}],"wp:featuredmedia":[{"embeddable":true,"href":"http:\/\/ambrosioeletro.com.br\/v20\/wp-json\/wp\/v2\/media\/12820"}],"wp:attachment":[{"href":"http:\/\/ambrosioeletro.com.br\/v20\/wp-json\/wp\/v2\/media?parent=12819"}],"wp:term":[{"taxonomy":"product_brand","embeddable":true,"href":"http:\/\/ambrosioeletro.com.br\/v20\/wp-json\/wp\/v2\/product_brand?post=12819"},{"taxonomy":"product_cat","embeddable":true,"href":"http:\/\/ambrosioeletro.com.br\/v20\/wp-json\/wp\/v2\/product_cat?post=12819"},{"taxonomy":"product_tag","embeddable":true,"href":"http:\/\/ambrosioeletro.com.br\/v20\/wp-json\/wp\/v2\/product_tag?post=12819"}],"curies":[{"name":"wp","href":"https:\/\/api.w.org\/{rel}","templated":true}]}}