{"id":12843,"date":"2025-03-07T16:37:44","date_gmt":"2025-03-07T19:37:44","guid":{"rendered":"https:\/\/ambrosioeletro.com.br\/v20\/?post_type=product&#038;p=12843"},"modified":"2026-02-27T10:38:52","modified_gmt":"2026-02-27T13:38:52","slug":"freezer-horizontal-philco-299l-pfh300b-2-em-1-a-e-a","status":"publish","type":"product","link":"http:\/\/ambrosioeletro.com.br\/v20\/produto\/freezer-horizontal-philco-299l-pfh300b-2-em-1-a-e-a\/","title":{"rendered":"Freezer Horizontal Philco 299L PFH300B 2 em 1 A e A+"},"content":{"rendered":"<div class=\"sc-iGgWBj hZQAA-D sc-dlObkE kcHhtj\" data-testid=\"product-detail\"><span class=\"sc-dcJsrY jZKEso\" data-testid=\"product-detail-title\">Freezer Horizontal Philco 299L PFH300B 2 em 1 A e A+<\/span><\/p>\n<div class=\"sc-iGgWBj jEOEJZ sc-cmCCYV PXDNd\" data-testid=\"product-detail-description\">\n<div class=\"sc-iGgWBj eWtIHQ sc-kCoybQ iBrdoy\" data-testid=\"rich-content-container\">O Freezer Horizontal Philco PFH300B \u00e9 perfeito para quem busca um local extra para guardar os congelados. Com uma generosa capacidade de 299 litros e por ser 2 em 1, ele pode ser utilizado como congelador ou refrigerador se adaptando perfeitamente a sua necessidade. Equipado com puxador com trava de seguran\u00e7a, garante mais facilidade e seguran\u00e7a no manuseio. O deslocamento do produto n\u00e3o ser\u00e1 um problema. O freezer Philco PFH300B conta com rod\u00edzios para melhor e f\u00e1cil movimenta\u00e7\u00e3o. Outro diferencial do freezer, \u00e9 a sua classifica\u00e7\u00e3o energ\u00e9tica \u201cA\u201d, ou seja, ele entrega efici\u00eancia com maior economia. Al\u00e9m disso, \u00e9 livre de CFC, n\u00e3o prejudicial ao meio ambiente. Se voc\u00ea busca um freezer pr\u00e1tico, vers\u00e1til e que comporte uma boa quantidade de alimentos a op\u00e7\u00e3o perfeita \u00e9 o Freezer Horizontal Philco PFH300B 2 em 1 299L! \u2022 Sistema Dupla Fun\u00e7\u00e3o: Pode operar na fun\u00e7\u00e3o freezer ou refrigerador \u2022 Maior Capacidade e melhor aproveitamento de espa\u00e7o \u2022 Controle de temperatura no painel frontal \u2022 Sistema de refrigera\u00e7\u00e3o por compressor \u2022 Classifica\u00e7\u00e3o energ\u00e9tica 127V A e 220V A+ \u2022 G\u00e1s refrigerante R600a \u2022 Rod\u00edzios para deslocamento (4), facilitando a movimenta\u00e7\u00e3o do produto \u2022 Dreno frontal, facilitando o degelo e limpeza do produto \u2022 Degelo Manual \u2022 Volume Interno 299 litros.<\/div>\n<\/div>\n<\/div>\n<div class=\"sc-iGgWBj eWtIHQ\" data-testid=\"lazyload-container\">\n<div class=\"sc-bpUBKd iMekvN\" data-testid=\"mod-z\"><\/div>\n<\/div>\n<div class=\"sc-iGgWBj hODtov sc-hmMbRg etXaoj\">\n<table class=\"sc-iGgWBj iCEidV sc-dBFDNq cBaKYh\">\n<tbody>\n<tr>\n<td class=\"sc-ggqIjW ihJCKE\">capacidade (l)<\/td>\n<td class=\"sc-djVXDX hyYAsv\">\n<table class=\"sc-btwKTd lVIGE\">\n<tbody>\n<tr>\n<td>299<\/td>\n<\/tr>\n<\/tbody>\n<\/table>\n<\/td>\n<\/tr>\n<tr>\n<td class=\"sc-ggqIjW ihJCKE\">garantia (dias)<\/td>\n<td class=\"sc-djVXDX hyYAsv\">\n<table class=\"sc-btwKTd lVIGE\">\n<tbody>\n<tr>\n<td>360<\/td>\n<\/tr>\n<\/tbody>\n<\/table>\n<\/td>\n<\/tr>\n<tr>\n<td class=\"sc-ggqIjW ihJCKE\">marca<\/td>\n<td class=\"sc-djVXDX hyYAsv\">\n<table class=\"sc-btwKTd lVIGE\">\n<tbody>\n<tr>\n<td>Philco<\/td>\n<\/tr>\n<\/tbody>\n<\/table>\n<\/td>\n<\/tr>\n<tr>\n<td class=\"sc-ggqIjW ihJCKE\">modelo<\/td>\n<td class=\"sc-djVXDX hyYAsv\">\n<table class=\"sc-btwKTd lVIGE\">\n<tbody>\n<tr>\n<td>PFH300B<\/td>\n<\/tr>\n<\/tbody>\n<\/table>\n<\/td>\n<\/tr>\n<tr>\n<td class=\"sc-ggqIjW ihJCKE\">tipo<\/td>\n<td class=\"sc-djVXDX hyYAsv\">\n<table class=\"sc-btwKTd lVIGE\">\n<tbody>\n<tr>\n<td>Horizontal<\/td>\n<\/tr>\n<\/tbody>\n<\/table>\n<\/td>\n<\/tr>\n<tr>\n<td class=\"sc-ggqIjW ihJCKE\">estado<\/td>\n<td class=\"sc-djVXDX hyYAsv\">\n<table class=\"sc-btwKTd lVIGE\">\n<tbody>\n<tr>\n<td>Novo<\/td>\n<\/tr>\n<\/tbody>\n<\/table>\n<\/td>\n<\/tr>\n<tr>\n<td class=\"sc-ggqIjW ihJCKE\">observacao<\/td>\n<td class=\"sc-djVXDX hyYAsv\">\n<table class=\"sc-btwKTd lVIGE\">\n<tbody>\n<tr>\n<td>Somente faturamos para o nosso consumidor final, ou seja, n\u00e3o faturamos pedidos para CNPJ por este portal de vendas;<\/td>\n<\/tr>\n<\/tbody>\n<\/table>\n<\/td>\n<\/tr>\n<tr>\n<td class=\"sc-ggqIjW ihJCKE\">officialstoreid_meli<\/td>\n<td class=\"sc-djVXDX hyYAsv\">\n<table class=\"sc-btwKTd lVIGE\">\n<tbody>\n<tr>\n<td>5551<\/td>\n<\/tr>\n<\/tbody>\n<\/table>\n<\/td>\n<\/tr>\n<tr>\n<td class=\"sc-ggqIjW ihJCKE\">cor<\/td>\n<td class=\"sc-djVXDX hyYAsv\">\n<table class=\"sc-btwKTd lVIGE\">\n<tbody>\n<tr>\n<td>Branco<\/td>\n<\/tr>\n<\/tbody>\n<\/table>\n<\/td>\n<\/tr>\n<tr>\n<td class=\"sc-ggqIjW ihJCKE\">meli_shipping_mode<\/td>\n<td class=\"sc-djVXDX hyYAsv\">\n<table class=\"sc-btwKTd lVIGE\">\n<tbody>\n<tr>\n<td>me1<\/td>\n<\/tr>\n<\/tbody>\n<\/table>\n<\/td>\n<\/tr>\n<tr>\n<td class=\"sc-ggqIjW ihJCKE\">manual de instru\u00e7\u00f5es<\/td>\n<td class=\"sc-djVXDX hyYAsv\">\n<table class=\"sc-btwKTd lVIGE\">\n<tbody>\n<tr>\n<td>https:\/\/britaniaeletro-my.sharepoint.com\/:b:\/g\/personal\/marketing_britaniaeletro_onmicrosoft_com\/EVmKuJ0URo9JgC3my1TKby0BDdBrsQEY-j8PGi7BNwdruA?e=zthSXj<\/td>\n<\/tr>\n<\/tbody>\n<\/table>\n<\/td>\n<\/tr>\n<tr>\n<td class=\"sc-ggqIjW ihJCKE\">Informa\u00e7\u00f5es complementares<\/td>\n<td class=\"sc-djVXDX hyYAsv\">\n<table class=\"sc-btwKTd lVIGE\">\n<tbody>\n<tr>\n<td class=\"sc-epRvzc gNpdle\">Capacidade L\u00edquida Total<\/td>\n<td>299<\/td>\n<\/tr>\n<tr>\n<td class=\"sc-epRvzc gNpdle\">Cor<\/td>\n<td>Branco<\/td>\n<\/tr>\n<tr>\n<td class=\"sc-epRvzc gNpdle\">Efici\u00eancia Energ\u00e9tica<\/td>\n<td>A e A+<\/td>\n<\/tr>\n<tr>\n<td class=\"sc-epRvzc gNpdle\">Formato<\/td>\n<td>Horizontal<\/td>\n<\/tr>\n<tr>\n<td class=\"sc-epRvzc gNpdle\">Formato do Eletrodom\u00e9stico<\/td>\n<td>Horizontal<\/td>\n<\/tr>\n<tr>\n<td class=\"sc-epRvzc gNpdle\">Marca<\/td>\n<td><a class=\"sc-JrDLc gkEUmz sc-gFnajm hGdeGR sc-gFnajm hGdeGR\" href=\"https:\/\/www.magazineluiza.com.br\/marcas\/philco\/\" data-testid=\"link\">Philco<\/a><\/td>\n<\/tr>\n<tr>\n<td class=\"sc-epRvzc gNpdle\">Modelo<\/td>\n<td>PFH300B<\/td>\n<\/tr>\n<tr>\n<td class=\"sc-epRvzc gNpdle\">Painel<\/td>\n<td>frontal<\/td>\n<\/tr>\n<tr>\n<td class=\"sc-epRvzc gNpdle\">Refer\u00eancia<\/td>\n<td>PFH300B<\/td>\n<\/tr>\n<tr>\n<td class=\"sc-epRvzc gNpdle\">Tipo de Degelo<\/td>\n<td>manual<\/td>\n<\/tr>\n<tr>\n<td class=\"sc-epRvzc gNpdle\">Voltagem<\/td>\n<td>110V<\/td>\n<\/tr>\n<\/tbody>\n<\/table>\n<\/td>\n<\/tr>\n<\/tbody>\n<\/table>\n<\/div>\n","protected":false},"excerpt":{"rendered":"<p>Freezer Horizontal Philco 299L PFH300B 2 em 1 A e A+ O Freezer Horizontal Philco PFH300B \u00e9 perfeito para quem busca um local extra para guardar os congelados. Com uma<\/p>\n","protected":false},"featured_media":12849,"comment_status":"open","ping_status":"closed","template":"","meta":[],"product_brand":[],"product_cat":[232,226],"product_tag":[],"class_list":{"0":"post-12843","1":"product","2":"type-product","3":"status-publish","4":"has-post-thumbnail","6":"product_cat-cozinha","7":"product_cat-eletrodomesticos","8":"product_shipping_class-retirar-no-local","10":"first","11":"instock","12":"shipping-taxable","13":"purchasable","14":"product-type-simple"},"_links":{"self":[{"href":"http:\/\/ambrosioeletro.com.br\/v20\/wp-json\/wp\/v2\/product\/12843","targetHints":{"allow":["GET"]}}],"collection":[{"href":"http:\/\/ambrosioeletro.com.br\/v20\/wp-json\/wp\/v2\/product"}],"about":[{"href":"http:\/\/ambrosioeletro.com.br\/v20\/wp-json\/wp\/v2\/types\/product"}],"replies":[{"embeddable":true,"href":"http:\/\/ambrosioeletro.com.br\/v20\/wp-json\/wp\/v2\/comments?post=12843"}],"wp:featuredmedia":[{"embeddable":true,"href":"http:\/\/ambrosioeletro.com.br\/v20\/wp-json\/wp\/v2\/media\/12849"}],"wp:attachment":[{"href":"http:\/\/ambrosioeletro.com.br\/v20\/wp-json\/wp\/v2\/media?parent=12843"}],"wp:term":[{"taxonomy":"product_brand","embeddable":true,"href":"http:\/\/ambrosioeletro.com.br\/v20\/wp-json\/wp\/v2\/product_brand?post=12843"},{"taxonomy":"product_cat","embeddable":true,"href":"http:\/\/ambrosioeletro.com.br\/v20\/wp-json\/wp\/v2\/product_cat?post=12843"},{"taxonomy":"product_tag","embeddable":true,"href":"http:\/\/ambrosioeletro.com.br\/v20\/wp-json\/wp\/v2\/product_tag?post=12843"}],"curies":[{"name":"wp","href":"https:\/\/api.w.org\/{rel}","templated":true}]}}