{"id":12905,"date":"2025-03-25T13:15:47","date_gmt":"2025-03-25T16:15:47","guid":{"rendered":"https:\/\/ambrosioeletro.com.br\/v20\/?post_type=product&#038;p=12905"},"modified":"2026-03-30T08:44:51","modified_gmt":"2026-03-30T11:44:51","slug":"guarda-roupa-lopas-03-portas-nice-c-espelho-2-gavetas","status":"publish","type":"product","link":"http:\/\/ambrosioeletro.com.br\/v20\/produto\/guarda-roupa-lopas-03-portas-nice-c-espelho-2-gavetas\/","title":{"rendered":"Guarda Roupa Lopas 03 Portas Nice C\/Espelho 2 Gavetas"},"content":{"rendered":"<div class=\"sc-iGgWBj hZQAA-D sc-kjGiqv izjtyg\" data-testid=\"product-detail\">\n<p><span class=\"sc-dcJsrY jZKEso\" data-testid=\"product-detail-title\">Guarda Roupa Lopas 03 Portas Nice C\/Espelho e Kit 2 Gavetas<\/span><\/p>\n<div class=\"sc-iGgWBj jEOEJZ sc-kibuJE hSzPQm\" data-testid=\"product-detail-description\">\n<div class=\"sc-iGgWBj eWtIHQ sc-liRGCe LcHql\" data-testid=\"rich-content-container\">Por tr\u00e1s de todo quarto organizado h\u00e1 um m\u00f3vel resistente e de qualidade. Com o guarda-roupa Nice, o espa\u00e7o ganhar\u00e1 contornos mais sofisticados e ficar\u00e1<br \/>\nmuito mais pr\u00e1tico, mantendo roupas e acess\u00f3rios sempre ao alcance de forma facilitada.Caracter\u00edsticas:<br \/>\nProduto em MDP com chapas de 15mm<br \/>\nPintura U.V. e acabamento em micro textura<br \/>\nEncabe\u00e7amento das portas em MDF de 25mm<br \/>\n03 portas dupla face<br \/>\nInterno diferenciado com 08 prateleiras<br \/>\nMaleiro individual<br \/>\nGavetas com corredi\u00e7as telesc\u00f3picas<br \/>\nGavetas com distanciadores em MDF<br \/>\nCabideiros em alum\u00ednio<br \/>\nEspa\u00e7o para sapatos.Dimens\u00f5es:<br \/>\nAltura: 230,00 cm<br \/>\nLargura: 270,00 cm<br \/>\nProfundidade: 59,00 cm<br \/>\nPeso: 234,25 KgGarantia do Fabricante: 03 mesesObserva\u00e7\u00f5es Importantes:<br \/>\nO servi\u00e7o de transporte n\u00e3o se responsabiliza por entregas que precisem subir escadas ou i\u00e7ados em andar superior.<br \/>\nAcess\u00f3rios e adornos presentes nas imagens de apresenta\u00e7\u00e3o N\u00c3O acompanham o produto.<br \/>\nOs produtos podem apresentar diferen\u00e7as de tonalidade entre a foto e o produto real de acordo com a calibra\u00e7\u00e3o de cor da tela.<br \/>\nConfira se \u00e9 poss\u00edvel passar o produto por escadas, v\u00e3os, portas ou janelas que atrasem a chegada do produto ao local desejado.<\/div>\n<\/div>\n<\/div>\n<div class=\"sc-iGgWBj eWtIHQ\" data-testid=\"lazyload-container\">\n<div class=\"sc-bpUBKd iMekvN\" data-testid=\"mod-z\"><\/div>\n<\/div>\n<div class=\"sc-iGgWBj hODtov sc-kyOVhw buMXwc\">\n<table class=\"sc-iGgWBj iCEidV sc-dBFDNq cBaKYh\" style=\"height: 249px;\" width=\"480\">\n<tbody>\n<tr>\n<td class=\"sc-ggqIjW ihJCKE\">Modelo<\/td>\n<td class=\"sc-djVXDX hyYAsv\">\n<table class=\"sc-btwKTd lVIGE\">\n<tbody>\n<tr>\n<td>Nice<\/td>\n<\/tr>\n<\/tbody>\n<\/table>\n<\/td>\n<\/tr>\n<tr>\n<td class=\"sc-ggqIjW ihJCKE\"><\/td>\n<td class=\"sc-djVXDX hyYAsv\"><\/td>\n<\/tr>\n<tr>\n<td class=\"sc-ggqIjW ihJCKE\">Informa\u00e7\u00f5es complementares<\/td>\n<td class=\"sc-djVXDX hyYAsv\">\n<table class=\"sc-btwKTd lVIGE\">\n<tbody>\n<tr>\n<td class=\"sc-epRvzc gNpdle\">Cor<\/td>\n<td>Off White<\/td>\n<\/tr>\n<tr>\n<td class=\"sc-epRvzc gNpdle\">Marca<\/td>\n<td><a class=\"sc-JrDLc gkEUmz sc-gFnajm hGdeGR sc-gFnajm hGdeGR\" href=\"https:\/\/www.magazineluiza.com.br\/marcas\/lopas\/\" data-testid=\"link\">Lopas<\/a><\/td>\n<\/tr>\n<tr>\n<td class=\"sc-epRvzc gNpdle\">Material da Estrutura<\/td>\n<td>MDP<\/td>\n<\/tr>\n<tr>\n<td class=\"sc-epRvzc gNpdle\">Quantidade de Gavetas<\/td>\n<td>2<\/td>\n<\/tr>\n<tr>\n<td class=\"sc-epRvzc gNpdle\">Quantidade de Portas<\/td>\n<td>3<\/td>\n<\/tr>\n<tr>\n<td class=\"sc-epRvzc gNpdle\">Tipo do M\u00f3vel<\/td>\n<td>Guarda-roupa<\/td>\n<\/tr>\n<\/tbody>\n<\/table>\n<\/td>\n<\/tr>\n<\/tbody>\n<\/table>\n<\/div>\n","protected":false},"excerpt":{"rendered":"<p>Guarda Roupa Lopas 03 Portas Nice C\/Espelho e Kit 2 Gavetas Por tr\u00e1s de todo quarto organizado h\u00e1 um m\u00f3vel resistente e de qualidade. Com o guarda-roupa Nice, o espa\u00e7o<\/p>\n","protected":false},"featured_media":12918,"comment_status":"open","ping_status":"closed","template":"","meta":[],"product_brand":[],"product_cat":[15,227,241],"product_tag":[],"class_list":{"0":"post-12905","1":"product","2":"type-product","3":"status-publish","4":"has-post-thumbnail","6":"product_cat-produtos","7":"product_cat-moveis","8":"product_cat-quarto","9":"product_shipping_class-retirar-no-local","11":"first","12":"instock","13":"shipping-taxable","14":"purchasable","15":"product-type-simple"},"_links":{"self":[{"href":"http:\/\/ambrosioeletro.com.br\/v20\/wp-json\/wp\/v2\/product\/12905","targetHints":{"allow":["GET"]}}],"collection":[{"href":"http:\/\/ambrosioeletro.com.br\/v20\/wp-json\/wp\/v2\/product"}],"about":[{"href":"http:\/\/ambrosioeletro.com.br\/v20\/wp-json\/wp\/v2\/types\/product"}],"replies":[{"embeddable":true,"href":"http:\/\/ambrosioeletro.com.br\/v20\/wp-json\/wp\/v2\/comments?post=12905"}],"wp:featuredmedia":[{"embeddable":true,"href":"http:\/\/ambrosioeletro.com.br\/v20\/wp-json\/wp\/v2\/media\/12918"}],"wp:attachment":[{"href":"http:\/\/ambrosioeletro.com.br\/v20\/wp-json\/wp\/v2\/media?parent=12905"}],"wp:term":[{"taxonomy":"product_brand","embeddable":true,"href":"http:\/\/ambrosioeletro.com.br\/v20\/wp-json\/wp\/v2\/product_brand?post=12905"},{"taxonomy":"product_cat","embeddable":true,"href":"http:\/\/ambrosioeletro.com.br\/v20\/wp-json\/wp\/v2\/product_cat?post=12905"},{"taxonomy":"product_tag","embeddable":true,"href":"http:\/\/ambrosioeletro.com.br\/v20\/wp-json\/wp\/v2\/product_tag?post=12905"}],"curies":[{"name":"wp","href":"https:\/\/api.w.org\/{rel}","templated":true}]}}