{"id":12923,"date":"2025-03-25T14:24:40","date_gmt":"2025-03-25T17:24:40","guid":{"rendered":"https:\/\/ambrosioeletro.com.br\/v20\/?post_type=product&#038;p=12923"},"modified":"2026-04-16T09:00:25","modified_gmt":"2026-04-16T12:00:25","slug":"guarda-roupa-3-portas-saion-plus-1-porta-glass-e-sem-pes-lopas","status":"publish","type":"product","link":"http:\/\/ambrosioeletro.com.br\/v20\/produto\/guarda-roupa-3-portas-saion-plus-1-porta-glass-e-sem-pes-lopas\/","title":{"rendered":"Guarda Roupa 3 Portas Saion Plus 1 Porta Glass e sem P\u00e9s &#8211; Lopas"},"content":{"rendered":"<div class=\"sc-iGgWBj hZQAA-D sc-kjGiqv izjtyg\" data-testid=\"product-detail\">\n<p><span class=\"sc-dcJsrY jZKEso\" data-testid=\"product-detail-title\">Guarda Roupa 3 Portas Saion Plus Porta Glass e sem P\u00e9s Am\u00eandoa e Off<\/span><\/p>\n<div class=\"sc-iGgWBj jEOEJZ sc-kibuJE hSzPQm\" data-testid=\"product-detail-description\">\n<div class=\"sc-iGgWBj eWtIHQ sc-liRGCe LcHql\" data-testid=\"rich-content-container\">\n<p>Largura: 200 cm Profundidade: 54 cm Altura:218 cm<br \/>\nCaracter\u00edsticas:<br \/>\nProduto em MDP com chapas de 12\/15mm;<br \/>\nPintura U.V. e acabamento em micro textura;<br \/>\nEncabe\u00e7amento das portas em alum\u00ednio na vers\u00e3o com Portas em MDP;<br \/>\nEncabe\u00e7amento das portas GLASS em MDF 25mm;<br \/>\nPortas dupla face na vers\u00e3o com Portas em MDP;<br \/>\nInterno diferenciado com 09 prateleiras;<br \/>\nMaleiro sem divis\u00f3ria;<br \/>\nCabideiros em alum\u00ednio;<br \/>\nGavetas com corredi\u00e7as telesc\u00f3picas;<br \/>\nGavetas com distanciadores em MDF;<br \/>\nEspa\u00e7o para sapatos.<br \/>\nVantagens\/Benef\u00edcios:<br \/>\nProduzido com equipamentos de alta tecnologia;<br \/>\nProduto avaliado e aprovado por um rigoroso controle de qualidade;<br \/>\nF\u00e1cil montagem e manual de montagem simplificado;<br \/>\nKits e acess\u00f3rios vendidos separadamente, dando maior flexibilidade para o produto;<br \/>\nAcabamento com toque aveludado;<br \/>\nExcelente profundidade, possibilitando amplo espa\u00e7o interno para organiza\u00e7\u00e3o;<br \/>\nGavetas grandes e espa\u00e7osas com corredi\u00e7as telesc\u00f3picas;<br \/>\nDistanciador de gavetas em MDF, dando a elas maior durabilidade;<br \/>\nPortas dupla face que permitem que o consumidor escolha a cor antes da montagem;<br \/>\nInterno do produto da mesma cor do externo.<br \/>\nPossui design contempor\u00e2neo e cores que se harmonizam facilmente aos mais diferentes dormit\u00f3rios. \u00c9 um produto de alta resist\u00eancia desenvolvido em<br \/>\nMDP, pensado para ter elevada durabilidade.<\/p>\n<\/div>\n<\/div>\n<\/div>\n<div class=\"sc-iGgWBj eWtIHQ\" data-testid=\"lazyload-container\">\n<div class=\"sc-bpUBKd iMekvN\" data-testid=\"mod-z\"><\/div>\n<\/div>\n<div class=\"sc-iGgWBj hODtov sc-kyOVhw buMXwc\">\n<table class=\"sc-iGgWBj iCEidV sc-dBFDNq cBaKYh\">\n<tbody>\n<tr>\n<td class=\"sc-ggqIjW ihJCKE\">Altura do Produto (cm)<\/td>\n<td class=\"sc-djVXDX hyYAsv\">\n<table class=\"sc-btwKTd lVIGE\">\n<tbody>\n<tr>\n<td>218<\/td>\n<\/tr>\n<\/tbody>\n<\/table>\n<\/td>\n<\/tr>\n<tr>\n<td class=\"sc-ggqIjW ihJCKE\">Altura do Produto com Embalagem (cm)<\/td>\n<td class=\"sc-djVXDX hyYAsv\">\n<table class=\"sc-btwKTd lVIGE\">\n<tbody>\n<tr>\n<td>36<\/td>\n<\/tr>\n<\/tbody>\n<\/table>\n<\/td>\n<\/tr>\n<tr>\n<td class=\"sc-ggqIjW ihJCKE\">Comprimento do Produto (cm)<\/td>\n<td class=\"sc-djVXDX hyYAsv\">\n<table class=\"sc-btwKTd lVIGE\">\n<tbody>\n<tr>\n<td>54<\/td>\n<\/tr>\n<\/tbody>\n<\/table>\n<\/td>\n<\/tr>\n<tr>\n<td class=\"sc-ggqIjW ihJCKE\">Comprimento Produto Com Embalagem (cm)<\/td>\n<td class=\"sc-djVXDX hyYAsv\">\n<table class=\"sc-btwKTd lVIGE\">\n<tbody>\n<tr>\n<td>226<\/td>\n<\/tr>\n<\/tbody>\n<\/table>\n<\/td>\n<\/tr>\n<tr>\n<td class=\"sc-ggqIjW ihJCKE\">Cor<\/td>\n<td class=\"sc-djVXDX hyYAsv\">\n<table class=\"sc-btwKTd lVIGE\">\n<tbody>\n<tr>\n<td>OFF WHITE<\/td>\n<\/tr>\n<\/tbody>\n<\/table>\n<\/td>\n<\/tr>\n<tr>\n<td class=\"sc-ggqIjW ihJCKE\">Descri\u00e7\u00e3o do Tamanho<\/td>\n<td class=\"sc-djVXDX hyYAsv\">\n<table class=\"sc-btwKTd lVIGE\">\n<tbody>\n<tr>\n<td>Padr\u00e3o<\/td>\n<\/tr>\n<\/tbody>\n<\/table>\n<\/td>\n<\/tr>\n<tr>\n<td class=\"sc-ggqIjW ihJCKE\">Estado de Origem<\/td>\n<td class=\"sc-djVXDX hyYAsv\">\n<table class=\"sc-btwKTd lVIGE\">\n<tbody>\n<tr>\n<td>MG<\/td>\n<\/tr>\n<\/tbody>\n<\/table>\n<\/td>\n<\/tr>\n<tr>\n<td class=\"sc-ggqIjW ihJCKE\">Garantia em Meses<\/td>\n<td class=\"sc-djVXDX hyYAsv\">\n<table class=\"sc-btwKTd lVIGE\">\n<tbody>\n<tr>\n<td>3<\/td>\n<\/tr>\n<\/tbody>\n<\/table>\n<\/td>\n<\/tr>\n<tr>\n<td class=\"sc-ggqIjW ihJCKE\">Largura do Produto (cm)<\/td>\n<td class=\"sc-djVXDX hyYAsv\">\n<table class=\"sc-btwKTd lVIGE\">\n<tbody>\n<tr>\n<td>200<\/td>\n<\/tr>\n<\/tbody>\n<\/table>\n<\/td>\n<\/tr>\n<tr>\n<td class=\"sc-ggqIjW ihJCKE\">Largura Produto Com Embalagem (cm)<\/td>\n<td class=\"sc-djVXDX hyYAsv\">\n<table class=\"sc-btwKTd lVIGE\">\n<tbody>\n<tr>\n<td>75<\/td>\n<\/tr>\n<\/tbody>\n<\/table>\n<\/td>\n<\/tr>\n<tr>\n<td class=\"sc-ggqIjW ihJCKE\">Material para Filtro<\/td>\n<td class=\"sc-djVXDX hyYAsv\">\n<table class=\"sc-btwKTd lVIGE\">\n<tbody>\n<tr>\n<td>Madeira<\/td>\n<\/tr>\n<\/tbody>\n<\/table>\n<\/td>\n<\/tr>\n<tr>\n<td class=\"sc-ggqIjW ihJCKE\">Nome do Simples no Fornecedor<\/td>\n<td class=\"sc-djVXDX hyYAsv\">\n<table class=\"sc-btwKTd lVIGE\">\n<tbody>\n<tr>\n<td>Lopas<\/td>\n<\/tr>\n<\/tbody>\n<\/table>\n<\/td>\n<\/tr>\n<tr>\n<td class=\"sc-ggqIjW ihJCKE\">Peso do Produto (Kg)<\/td>\n<td class=\"sc-djVXDX hyYAsv\">\n<table class=\"sc-btwKTd lVIGE\">\n<tbody>\n<tr>\n<td>143<\/td>\n<\/tr>\n<\/tbody>\n<\/table>\n<\/td>\n<\/tr>\n<tr>\n<td class=\"sc-ggqIjW ihJCKE\">Peso Produto Com Embalagem (Kg)<\/td>\n<td class=\"sc-djVXDX hyYAsv\">\n<table class=\"sc-btwKTd lVIGE\">\n<tbody>\n<tr>\n<td>143<\/td>\n<\/tr>\n<\/tbody>\n<\/table>\n<\/td>\n<\/tr>\n<tr>\n<td class=\"sc-ggqIjW ihJCKE\">Informa\u00e7\u00f5es complementares<\/td>\n<td class=\"sc-djVXDX hyYAsv\">\n<table class=\"sc-btwKTd lVIGE\">\n<tbody>\n<tr>\n<td class=\"sc-epRvzc gNpdle\">Cor<\/td>\n<td>Am\u00eandoa e Off<\/td>\n<\/tr>\n<tr>\n<td class=\"sc-epRvzc gNpdle\">Estilo<\/td>\n<td>Contempor\u00e2neo<\/td>\n<\/tr>\n<tr>\n<td class=\"sc-epRvzc gNpdle\">Marca<\/td>\n<td><a class=\"sc-JrDLc gkEUmz sc-gFnajm hGdeGR sc-gFnajm hGdeGR\" href=\"https:\/\/www.magazineluiza.com.br\/marcas\/lopas\/\" data-testid=\"link\">Lopas<\/a><\/td>\n<\/tr>\n<tr>\n<td class=\"sc-epRvzc gNpdle\">Material da Estrutura<\/td>\n<td>MDP<\/td>\n<\/tr>\n<tr>\n<td class=\"sc-epRvzc gNpdle\">Quantidade de Portas<\/td>\n<td>3<\/td>\n<\/tr>\n<tr>\n<td class=\"sc-epRvzc gNpdle\">Tamanho do Guarda-roupa<\/td>\n<td>Grande<\/td>\n<\/tr>\n<tr>\n<td class=\"sc-epRvzc gNpdle\">Tipo de Porta<\/td>\n<td>Porta Glass<\/td>\n<\/tr>\n<tr>\n<td class=\"sc-epRvzc gNpdle\">Tipo do M\u00f3vel<\/td>\n<td>Guarda-Roupa<\/td>\n<\/tr>\n<\/tbody>\n<\/table>\n<\/td>\n<\/tr>\n<\/tbody>\n<\/table>\n<\/div>\n","protected":false},"excerpt":{"rendered":"<p>Guarda Roupa 3 Portas Saion Plus Porta Glass e sem P\u00e9s Am\u00eandoa e Off Largura: 200 cm Profundidade: 54 cm Altura:218 cm Caracter\u00edsticas: Produto em MDP com chapas de 12\/15mm;<\/p>\n","protected":false},"featured_media":12926,"comment_status":"open","ping_status":"closed","template":"","meta":[],"product_brand":[],"product_cat":[227,241],"product_tag":[],"class_list":{"0":"post-12923","1":"product","2":"type-product","3":"status-publish","4":"has-post-thumbnail","6":"product_cat-moveis","7":"product_cat-quarto","8":"product_shipping_class-retirar-no-local","10":"first","11":"instock","12":"shipping-taxable","13":"purchasable","14":"product-type-simple"},"_links":{"self":[{"href":"http:\/\/ambrosioeletro.com.br\/v20\/wp-json\/wp\/v2\/product\/12923","targetHints":{"allow":["GET"]}}],"collection":[{"href":"http:\/\/ambrosioeletro.com.br\/v20\/wp-json\/wp\/v2\/product"}],"about":[{"href":"http:\/\/ambrosioeletro.com.br\/v20\/wp-json\/wp\/v2\/types\/product"}],"replies":[{"embeddable":true,"href":"http:\/\/ambrosioeletro.com.br\/v20\/wp-json\/wp\/v2\/comments?post=12923"}],"wp:featuredmedia":[{"embeddable":true,"href":"http:\/\/ambrosioeletro.com.br\/v20\/wp-json\/wp\/v2\/media\/12926"}],"wp:attachment":[{"href":"http:\/\/ambrosioeletro.com.br\/v20\/wp-json\/wp\/v2\/media?parent=12923"}],"wp:term":[{"taxonomy":"product_brand","embeddable":true,"href":"http:\/\/ambrosioeletro.com.br\/v20\/wp-json\/wp\/v2\/product_brand?post=12923"},{"taxonomy":"product_cat","embeddable":true,"href":"http:\/\/ambrosioeletro.com.br\/v20\/wp-json\/wp\/v2\/product_cat?post=12923"},{"taxonomy":"product_tag","embeddable":true,"href":"http:\/\/ambrosioeletro.com.br\/v20\/wp-json\/wp\/v2\/product_tag?post=12923"}],"curies":[{"name":"wp","href":"https:\/\/api.w.org\/{rel}","templated":true}]}}