{"id":12939,"date":"2025-03-25T16:23:08","date_gmt":"2025-03-25T19:23:08","guid":{"rendered":"https:\/\/ambrosioeletro.com.br\/v20\/?post_type=product&#038;p=12939"},"modified":"2026-04-16T17:46:23","modified_gmt":"2026-04-16T20:46:23","slug":"guarda-roupas-casal-bertha-6-portas-4-gavetas-sem-espelho-com-pes-lopas-moveisis-lopas","status":"publish","type":"product","link":"http:\/\/ambrosioeletro.com.br\/v20\/produto\/guarda-roupas-casal-bertha-6-portas-4-gavetas-sem-espelho-com-pes-lopas-moveisis-lopas\/","title":{"rendered":"Guarda-Roupas Casal Bertha 6 Portas 4 Gavetas sem Espelho com P\u00e9s &#8211; Lopas &#8211; M\u00f3veisis Lopas"},"content":{"rendered":"<div class=\"sc-iGgWBj hZQAA-D sc-kjGiqv izjtyg\" data-testid=\"product-detail\">\n<p><span class=\"sc-dcJsrY jZKEso\" data-testid=\"product-detail-title\">Guarda-Roupas Casal Bertha 6 Portas 4 Gavetas sem Espelho com P\u00e9s &#8211; Lopas<\/span><\/p>\n<div class=\"sc-iGgWBj jEOEJZ sc-kibuJE hSzPQm\" data-testid=\"product-detail-description\">\n<div class=\"sc-iGgWBj eWtIHQ sc-liRGCe LcHql\" data-testid=\"rich-content-container\">Versatilidade e beleza s\u00e3o algumas das maiores qualidades desse produto. Foi configurado para atender aos usu\u00e1rios mais criteriosos e que buscam<br \/>\nprodutos funcionais aliados \u00e0 uma est\u00e9tica elegante, traduzindo um ambiente clean e aconchegante.Pesos e Dimens\u00f5es<br \/>\nEspessura do Fundo (mm) 3 mm<br \/>\nAltura (cm) 230 cm<br \/>\nLargura (cm) 270 cm<br \/>\nProfundidade (cm) 52 cm<br \/>\nPeso (kg) 200 kgMontagem<br \/>\nNecessita Montagem Sim<br \/>\nComplexidade da Montagem Alta: deve ser montado por um montador especializado<br \/>\nSistema de Montagem Parafusos e Cavilhas.<br \/>\nRecomenda\u00e7\u00f5es de Uso, Manuten\u00e7\u00e3o e Limpeza Limpar somente com pano macio e seco, n\u00e3o colocar diretamente em incid\u00eancia da luz solar, n\u00e3o colocar em lugar \u00famido.Caracter\u00edsticas:<br \/>\nProduto em MDP com chapas de 15mm;<br \/>\nPintura U.V. e acabamento em micro textura;<br \/>\nDobradi\u00e7as met\u00e1licas de 35mm;<br \/>\nPuxadores em MDF;<br \/>\n06 portas;<br \/>\nInterno diferenciado com 08 prateleiras;<br \/>\nMaleiro individual;<br \/>\nGavetas com corredi\u00e7as telesc\u00f3picas;<br \/>\nGavetas com distanciadores em MDF;<br \/>\nEspa\u00e7o para sapatos.<br \/>\nVantagens\/Benef\u00edcios:<br \/>\nProduzido com equipamentos de alta tecnologia;<br \/>\nProduto avaliado e aprovado por um rigoroso controle de qualidade;<br \/>\nF\u00e1cil montagem e manual de montagem simplificado;<br \/>\nKits e acess\u00f3rios vendidos separadamente, dando maior flexibilidade para o produto;<br \/>\nAcabamento com toque aveludado;<br \/>\nBoa profundidade, possibilitando amplo espa\u00e7o interno para organiza\u00e7\u00e3o;<br \/>\nGavetas grandes e espa\u00e7osas com corredi\u00e7as telesc\u00f3picas;<br \/>\nDistanciador de gavetas em MDF, dando a elas maior durabilidade;<br \/>\nPortas com espa\u00e7os independentes;<br \/>\nEspa\u00e7o para sapatos;<br \/>\nInterno do produto da mesma cor do externo.Itens Inclusos<br \/>\nItens Inclusos 1 Guarda Roupa, kit ferragens e manual de montagemObserva\u00e7\u00f5es:<br \/>\n&#8211; Todos os produtos t\u00eam tr\u00eas (03) meses de garantia fornecida pelo fornecedor<br \/>\n&#8211; As imagens s\u00e3o meramente ilustrativas, os objetos que ambientam as fotos n\u00e3o acompanham o produto.<br \/>\n&#8211; Pode haver alguma diferen\u00e7a de tonalidade entre a foto e o produto, devido ao tratamento de imagens e a calibra\u00e7\u00e3o do monitor<br \/>\n&#8211; A entrega \u00e9 realizada por transportadora, n\u00e3o nos responsabilizamos, no ato da entrega por desmontagens, subir escadas\/elevadores ou transporte por guincho para apartamentos<br \/>\n&#8211; Eventuais despesas s\u00e3o de responsabilidade do cliente<br \/>\n&#8211; Confira as dimens\u00f5es dos volumes e certifique-se de que passar\u00e1 normalmente por supostos elevadores, portas, escadas ou corredores<br \/>\n&#8211; Ao receber a mercadoria, verifique as condi\u00e7\u00f5es da embalagem, caso haja alguma avaria, entre em contato com nosso SAC<br \/>\n&#8211; Nossa empresa n\u00e3o se responsabiliza pela montagem dos produtos, mas todos os produtos possuem manual de montagem. Recomendamos que a montagem seja feita por profissional de sua confian\u00e7a.<\/div>\n<\/div>\n<\/div>\n<div class=\"sc-iGgWBj eWtIHQ\" data-testid=\"lazyload-container\">\n<div class=\"sc-bpUBKd iMekvN\" data-testid=\"mod-z\"><\/div>\n<\/div>\n<div class=\"sc-iGgWBj hODtov sc-kyOVhw buMXwc\">\n<table class=\"sc-iGgWBj iCEidV sc-dBFDNq cBaKYh\">\n<tbody>\n<tr>\n<td class=\"sc-ggqIjW ihJCKE\">Informa\u00e7\u00f5es complementares<\/td>\n<td class=\"sc-djVXDX hyYAsv\">\n<table class=\"sc-btwKTd lVIGE\">\n<tbody>\n<tr>\n<td class=\"sc-epRvzc gNpdle\">Marca<\/td>\n<td><a class=\"sc-JrDLc gkEUmz sc-gFnajm hGdeGR sc-gFnajm hGdeGR\" href=\"https:\/\/www.magazineluiza.com.br\/marcas\/moveis-lopas\/\" data-testid=\"link\">Lopas<\/a><\/td>\n<\/tr>\n<tr>\n<td class=\"sc-epRvzc gNpdle\">Material da Estrutura<\/td>\n<td>MDP<\/td>\n<\/tr>\n<tr>\n<td class=\"sc-epRvzc gNpdle\">Quantidade de Gavetas<\/td>\n<td>4<\/td>\n<\/tr>\n<tr>\n<td class=\"sc-epRvzc gNpdle\">Quantidade de Portas<\/td>\n<td>6<\/td>\n<\/tr>\n<tr>\n<td class=\"sc-epRvzc gNpdle\">Tamanho do Guarda-roupa<\/td>\n<td>Casal<\/td>\n<\/tr>\n<tr>\n<td class=\"sc-epRvzc gNpdle\">Tipo do M\u00f3vel<\/td>\n<td>Guarda-Roupa<\/td>\n<\/tr>\n<\/tbody>\n<\/table>\n<\/td>\n<\/tr>\n<\/tbody>\n<\/table>\n<\/div>\n","protected":false},"excerpt":{"rendered":"<p>Guarda-Roupas Casal Bertha 6 Portas 4 Gavetas sem Espelho com P\u00e9s &#8211; Lopas Versatilidade e beleza s\u00e3o algumas das maiores qualidades desse produto. Foi configurado para atender aos usu\u00e1rios mais<\/p>\n","protected":false},"featured_media":12943,"comment_status":"open","ping_status":"closed","template":"","meta":[],"product_brand":[],"product_cat":[227,241],"product_tag":[],"class_list":{"0":"post-12939","1":"product","2":"type-product","3":"status-publish","4":"has-post-thumbnail","6":"product_cat-moveis","7":"product_cat-quarto","8":"product_shipping_class-retirar-no-local","10":"first","11":"instock","12":"shipping-taxable","13":"purchasable","14":"product-type-simple"},"_links":{"self":[{"href":"http:\/\/ambrosioeletro.com.br\/v20\/wp-json\/wp\/v2\/product\/12939","targetHints":{"allow":["GET"]}}],"collection":[{"href":"http:\/\/ambrosioeletro.com.br\/v20\/wp-json\/wp\/v2\/product"}],"about":[{"href":"http:\/\/ambrosioeletro.com.br\/v20\/wp-json\/wp\/v2\/types\/product"}],"replies":[{"embeddable":true,"href":"http:\/\/ambrosioeletro.com.br\/v20\/wp-json\/wp\/v2\/comments?post=12939"}],"wp:featuredmedia":[{"embeddable":true,"href":"http:\/\/ambrosioeletro.com.br\/v20\/wp-json\/wp\/v2\/media\/12943"}],"wp:attachment":[{"href":"http:\/\/ambrosioeletro.com.br\/v20\/wp-json\/wp\/v2\/media?parent=12939"}],"wp:term":[{"taxonomy":"product_brand","embeddable":true,"href":"http:\/\/ambrosioeletro.com.br\/v20\/wp-json\/wp\/v2\/product_brand?post=12939"},{"taxonomy":"product_cat","embeddable":true,"href":"http:\/\/ambrosioeletro.com.br\/v20\/wp-json\/wp\/v2\/product_cat?post=12939"},{"taxonomy":"product_tag","embeddable":true,"href":"http:\/\/ambrosioeletro.com.br\/v20\/wp-json\/wp\/v2\/product_tag?post=12939"}],"curies":[{"name":"wp","href":"https:\/\/api.w.org\/{rel}","templated":true}]}}