{"id":12974,"date":"2025-03-28T10:49:07","date_gmt":"2025-03-28T13:49:07","guid":{"rendered":"https:\/\/ambrosioeletro.com.br\/v20\/?post_type=product&#038;p=12974"},"modified":"2026-01-31T11:09:35","modified_gmt":"2026-01-31T14:09:35","slug":"forno-eletrico-best-60l-plus-com-espeto","status":"publish","type":"product","link":"http:\/\/ambrosioeletro.com.br\/v20\/produto\/forno-eletrico-best-60l-plus-com-espeto\/","title":{"rendered":"FORNO EL\u00c9TRICO BEST 60L PLUS com espeto"},"content":{"rendered":"<p>Capacidade ampla e desempenho excepcional. Controles precisos de temperatura e fun\u00e7\u00f5es vers\u00e1teis para assar, grelhar e aquecer os mais diversos alimentos.\u00a0<em>Este \u00e9 um forno de bancada.<\/em><\/p>\n<table class=\"woocommerce-product-attributes shop_attributes\" aria-label=\"Detalhes do produto\">\n<tbody>\n<tr class=\"woocommerce-product-attributes-item woocommerce-product-attributes-item--attribute_pa_modelo\">\n<th class=\"woocommerce-product-attributes-item__label\" scope=\"row\">MODELO<\/th>\n<td class=\"woocommerce-product-attributes-item__value\">60L<\/td>\n<\/tr>\n<tr class=\"woocommerce-product-attributes-item woocommerce-product-attributes-item--attribute_caracter%c3%adsticas\">\n<th class=\"woocommerce-product-attributes-item__label\" scope=\"row\">CARACTER\u00cdSTICAS<\/th>\n<td class=\"woocommerce-product-attributes-item__value\">\u2022 Controle de temperatura de 0\u00b0C a 250\u00b0C.<br \/>\n\u2022 Timer sonoro de 120 minutos.<br \/>\n\u2022 6 fun\u00e7\u00f5es.<br \/>\n\u2022 4 resist\u00eancias aquecedoras.<br \/>\n\u2022 Desliga automaticamente.<br \/>\n\u2022 Luz indicadora de funcionamento.<br \/>\n\u2022 Interior em Easy Clean.<\/td>\n<\/tr>\n<tr class=\"woocommerce-product-attributes-item woocommerce-product-attributes-item--attribute_cores\">\n<th class=\"woocommerce-product-attributes-item__label\" scope=\"row\">CORES<\/th>\n<td class=\"woocommerce-product-attributes-item__value\">Branca e Preta.<\/td>\n<\/tr>\n<tr class=\"woocommerce-product-attributes-item woocommerce-product-attributes-item--attribute_acess%c3%b3rios\">\n<th class=\"woocommerce-product-attributes-item__label\" scope=\"row\">ACESS\u00d3RIOS<\/th>\n<td class=\"woocommerce-product-attributes-item__value\">\u2022 Jogo de espeto girat\u00f3rio.<br \/>\n\u2022 1 Grelha.<br \/>\n\u2022 1 Bandeja.<\/td>\n<\/tr>\n<tr class=\"woocommerce-product-attributes-item woocommerce-product-attributes-item--attribute_pa_voltagem\">\n<th class=\"woocommerce-product-attributes-item__label\" scope=\"row\">VOLTAGEM<\/th>\n<td class=\"woocommerce-product-attributes-item__value\">127V e 220V<\/td>\n<\/tr>\n<tr class=\"woocommerce-product-attributes-item woocommerce-product-attributes-item--attribute_pa_potencia\">\n<th class=\"woocommerce-product-attributes-item__label\" scope=\"row\">POT\u00caNCIA<\/th>\n<td class=\"woocommerce-product-attributes-item__value\">1800W \/ 2200W<\/td>\n<\/tr>\n<tr class=\"woocommerce-product-attributes-item woocommerce-product-attributes-item--attribute_pa_consumo\">\n<th class=\"woocommerce-product-attributes-item__label\" scope=\"row\">CONSUMO<\/th>\n<td class=\"woocommerce-product-attributes-item__value\">1,8Wh \/ 2,2Wh<\/td>\n<\/tr>\n<tr class=\"woocommerce-product-attributes-item woocommerce-product-attributes-item--attribute_medidas-do-produto-l%c3%97a%c3%97p\">\n<th class=\"woocommerce-product-attributes-item__label\" scope=\"row\">MEDIDAS DO PRODUTO (L\u00d7A\u00d7P)<\/th>\n<td class=\"woocommerce-product-attributes-item__value\">62,4\u00d740,9\u00d744,3cm<\/td>\n<\/tr>\n<tr class=\"woocommerce-product-attributes-item woocommerce-product-attributes-item--attribute_medidas-da-embalagem-l%c3%97a%c3%97p\">\n<th class=\"woocommerce-product-attributes-item__label\" scope=\"row\">MEDIDAS DA EMBALAGEM (L\u00d7A\u00d7P)<\/th>\n<td class=\"woocommerce-product-attributes-item__value\">66\u00d745,2\u00d745,2cm<\/td>\n<\/tr>\n<tr class=\"woocommerce-product-attributes-item woocommerce-product-attributes-item--attribute_peso-l%c3%adquido\">\n<th class=\"woocommerce-product-attributes-item__label\" scope=\"row\">PESO L\u00cdQUIDO<\/th>\n<td class=\"woocommerce-product-attributes-item__value\">11,2Kg<\/td>\n<\/tr>\n<tr class=\"woocommerce-product-attributes-item woocommerce-product-attributes-item--attribute_c%c3%b3d-ean-220v\">\n<th class=\"woocommerce-product-attributes-item__label\" scope=\"row\">C\u00d3D. EAN 220V<\/th>\n<td class=\"woocommerce-product-attributes-item__value\">7898589670096<\/td>\n<\/tr>\n<tr class=\"woocommerce-product-attributes-item woocommerce-product-attributes-item--attribute_c%c3%b3d-ean-127v\">\n<th class=\"woocommerce-product-attributes-item__label\" scope=\"row\">C\u00d3D. EAN 127V<\/th>\n<td class=\"woocommerce-product-attributes-item__value\">7898589670102<\/td>\n<\/tr>\n<tr class=\"woocommerce-product-attributes-item woocommerce-product-attributes-item--attribute_pa_aliquota-ipi\">\n<th class=\"woocommerce-product-attributes-item__label\" scope=\"row\">AL\u00cdQUOTA IPI<\/th>\n<td class=\"woocommerce-product-attributes-item__value\">7,8%<\/td>\n<\/tr>\n<tr class=\"woocommerce-product-attributes-item woocommerce-product-attributes-item--attribute_pa_classificacao-fiscal\">\n<th class=\"woocommerce-product-attributes-item__label\" scope=\"row\">CLASSIFICA\u00c7\u00c3O FISCAL<\/th>\n<td class=\"woocommerce-product-attributes-item__value\">8516.60.00<\/td>\n<\/tr>\n<\/tbody>\n<\/table>\n","protected":false},"excerpt":{"rendered":"<p>Capacidade ampla e desempenho excepcional. Controles precisos de temperatura e fun\u00e7\u00f5es vers\u00e1teis para assar, grelhar e aquecer os mais diversos alimentos.\u00a0Este \u00e9 um forno de bancada. MODELO 60L CARACTER\u00cdSTICAS \u2022<\/p>\n","protected":false},"featured_media":12975,"comment_status":"open","ping_status":"closed","template":"","meta":[],"product_brand":[],"product_cat":[232,226],"product_tag":[],"class_list":{"0":"post-12974","1":"product","2":"type-product","3":"status-publish","4":"has-post-thumbnail","6":"product_cat-cozinha","7":"product_cat-eletrodomesticos","8":"product_shipping_class-retirar-no-local","10":"first","11":"instock","12":"shipping-taxable","13":"purchasable","14":"product-type-simple"},"_links":{"self":[{"href":"http:\/\/ambrosioeletro.com.br\/v20\/wp-json\/wp\/v2\/product\/12974","targetHints":{"allow":["GET"]}}],"collection":[{"href":"http:\/\/ambrosioeletro.com.br\/v20\/wp-json\/wp\/v2\/product"}],"about":[{"href":"http:\/\/ambrosioeletro.com.br\/v20\/wp-json\/wp\/v2\/types\/product"}],"replies":[{"embeddable":true,"href":"http:\/\/ambrosioeletro.com.br\/v20\/wp-json\/wp\/v2\/comments?post=12974"}],"wp:featuredmedia":[{"embeddable":true,"href":"http:\/\/ambrosioeletro.com.br\/v20\/wp-json\/wp\/v2\/media\/12975"}],"wp:attachment":[{"href":"http:\/\/ambrosioeletro.com.br\/v20\/wp-json\/wp\/v2\/media?parent=12974"}],"wp:term":[{"taxonomy":"product_brand","embeddable":true,"href":"http:\/\/ambrosioeletro.com.br\/v20\/wp-json\/wp\/v2\/product_brand?post=12974"},{"taxonomy":"product_cat","embeddable":true,"href":"http:\/\/ambrosioeletro.com.br\/v20\/wp-json\/wp\/v2\/product_cat?post=12974"},{"taxonomy":"product_tag","embeddable":true,"href":"http:\/\/ambrosioeletro.com.br\/v20\/wp-json\/wp\/v2\/product_tag?post=12974"}],"curies":[{"name":"wp","href":"https:\/\/api.w.org\/{rel}","templated":true}]}}