{"id":13004,"date":"2025-04-10T15:49:17","date_gmt":"2025-04-10T18:49:17","guid":{"rendered":"https:\/\/ambrosioeletro.com.br\/v20\/?post_type=product&#038;p=13004"},"modified":"2026-02-27T09:16:26","modified_gmt":"2026-02-27T12:16:26","slug":"micro-ondas-consul-20-litros-branco-com-funcao-descongelar-cma20bb","status":"publish","type":"product","link":"http:\/\/ambrosioeletro.com.br\/v20\/produto\/micro-ondas-consul-20-litros-branco-com-funcao-descongelar-cma20bb\/","title":{"rendered":"Micro-ondas Consul 20 Litros Branco com Fun\u00e7\u00e3o Descongelar &#8211; CMA20BB"},"content":{"rendered":"<div class=\"vtex-flex-layout-0-x-flexColChild vtex-flex-layout-0-x-flexColChild--container-product-differentials-pdp pb0\">\n<div class=\"vtex-flex-layout-0-x-flexRow vtex-flex-layout-0-x-flexRow--product-description-pdp\" aria-label=\"Linha de sess\u00e3o\">\n<div class=\"flex mt0 mb0 pt0 pb0 justify-start vtex-flex-layout-0-x-flexRowContent vtex-flex-layout-0-x-flexRowContent--product-description-pdp items-stretch w-100\">\n<div class=\"pr0 items-stretch vtex-flex-layout-0-x-stretchChildrenWidth flex\">\n<div class=\"vtex-flex-layout-0-x-flexCol vtex-flex-layout-0-x-flexCol--container-product-description-pdp ml0 mr0 pl0 pr0 flex flex-column h-100 w-100\">\n<div class=\"vtex-flex-layout-0-x-flexColChild vtex-flex-layout-0-x-flexColChild--container-product-description-pdp pb0\">\n<div>\n<div class=\"vtex-store-components-3-x-productDescriptionContainer\">\n<div class=\"vtex-store-components-3-x-productDescriptionText c-muted-1\">\n<p>Facilite seu dia a dia<br \/>\nO Micro-ondas Consul com 20 litros de capacidade \u00e9 tudo o que voc\u00ea precisa para facilitar o seu dia a dia. Com ele voc\u00ea tem seis receitas pr\u00e9-programadas, painel num\u00e9rico, menu Uso F\u00e1cil, Trava de Seguran\u00e7a e tecla ligar + 30 segundos.<\/p>\n<p>Em apenas um toque<br \/>\nO Micro-ondas Consul possui receitas pr\u00e9-programadas para voc\u00ea preparar, em apenas um toque, arroz, vegetais, massas, peixe, pipoca e aquecer bebidas em canecas, tudo no tempo e pot\u00eancias ideais para cada receita.<\/p>\n<p>Uso F\u00e1cil<br \/>\n\u00c9 ideal para voc\u00ea aquecer ou descongelar seus pratos de acordo com a quantidade. Basta selecionar a fun\u00e7\u00e3o, o peso, que varia entre 250g, 500h e 1kg, e pronto.<\/p>\n<p>+30 segundos<br \/>\nCom a tecla +30 segundos voc\u00ea pode adicionar mais tempo \u00e0s suas receitas em apenas um toque, sem interromper o preparo ou desligar o micro-ondas.<\/p>\n<p>Trava de seguran\u00e7a<br \/>\nEla impede que o seu micro-ondas seja ativado acidentalmente quando voc\u00ea limpar ou encostar nele sem querer, por exemplo. Muito mais seguran\u00e7a para voc\u00ea e sua fam\u00edlia.<\/p>\n<\/div>\n<\/div>\n<\/div>\n<\/div>\n<div class=\"vtex-flex-layout-0-x-flexColChild vtex-flex-layout-0-x-flexColChild--container-product-description-pdp pb0\"><\/div>\n<div class=\"vtex-flex-layout-0-x-flexColChild vtex-flex-layout-0-x-flexColChild--container-product-description-pdp pb0\"><\/div>\n<\/div>\n<\/div>\n<\/div>\n<\/div>\n<\/div>\n<div class=\"vtex-flex-layout-0-x-flexColChild vtex-flex-layout-0-x-flexColChild--container-product-differentials-pdp pb0\">\n<div>\n<div class=\"vtex-flex-layout-0-x-flexRow\" aria-label=\"Linha de sess\u00e3o\">\n<div class=\"flex mt0 mb0 pt0 pb0 justify-start vtex-flex-layout-0-x-flexRowContent items-stretch w-100\">\n<div class=\"pr0 items-stretch vtex-flex-layout-0-x-stretchChildrenWidth flex\">\n<div class=\"vtex-flex-layout-0-x-flexCol ml0 mr0 pl0 pr0 flex flex-column h-100 w-100\">\n<div class=\"vtex-flex-layout-0-x-flexColChild pb0\">\n<div id=\"killerFeature\" class=\"consul-pdp-components-0-x-killerFeature mb7\">\n<div class=\"consul-pdp-components-0-x-killerFeature--main-title\">\n<h2 class=\"whirlpool-ui-by-whirlpool-0-x-whp_ui_by_whirlpool-tag-text--trustvox-title consul-pdp-components-0-x-killerFeature--main-title f3 normal whirlpool-ui-by-whirlpool-0-x-whp_ui_by_whirlpool-tag-text\" aria-live=\"polite\" aria-label=\"Diferenciais **Consul**\">Diferenciais\u00a0<strong class=\"whirlpool-ui-by-whirlpool-0-x-whp_ui_by_whirlpool-tag-text-strong--trustvox-title consul-pdp-components-0-x-killerFeature--main-title f3 normal whirlpool-ui-by-whirlpool-0-x-whp_ui_by_whirlpool-tag-text-strong\">Consul<\/strong><\/h2>\n<\/div>\n<div id=\"killerFeature\" class=\"consul-pdp-components-0-x-killerFeature\">\n<div class=\"consul-pdp-components-0-x-killerFeature--box mb7\">\n<div class=\"consul-pdp-components-0-x-killerFeature--box-item mb6 mb7-ns fl pa2\">\n<div class=\"undefined consul-pdp-components-0-x-killerFeature--CardItemFullContainer\">\n<div class=\"whirlpool-ui-by-whirlpool-0-x-CardItemFullTopInfo consul-pdp-components-0-x-killerFeature--CardItemFullTopInfo relative mb5\">\n<div class=\"whirlpool-ui-by-whirlpool-0-x-featureCardTitleContainer consul-pdp-components-0-x-killerFeature--featureCardTitleContainer flex items-center mb3\">\n<div id=\"testeGabs\">\n<h2 class=\"whirlpool-ui-by-whirlpool-0-x-featureCardTitle consul-pdp-components-0-x-killerFeature--featureCardTitle ma0\">Design e funcionalidade<\/h2>\n<\/div>\n<\/div>\n<div class=\"whirlpool-ui-by-whirlpool-0-x-featureCardTitleContainer consul-pdp-components-0-x-killerFeature--featureCardTitleContainer tl\">O micro-ondas Consul 20 litros tem design moderno e muita funcionalidade, tudo pensado para tornar sua rotina na cozinha mais pr\u00e1tica e f\u00e1cil. E mais, seu acabamento em inox espelhado \u00e9 elegante e o painel digital LED intuitivo.<\/div>\n<\/div>\n<p><img decoding=\"async\" class=\"consul-pdp-components-0-x-killerFeature--CardItemFullImage w-100\" src=\"https:\/\/consul.vtexassets.com\/arquivos\/CMA20BB-micro-ondas-consul-20-litros-modulo1_1950x2100.jpg\" alt=\"Design e funcionalidade\" crossorigin=\"anonymous\" \/><\/p>\n<\/div>\n<\/div>\n<div class=\"consul-pdp-components-0-x-killerFeature--box-item mb6 mb7-ns fl pa2\">\n<div class=\"undefined consul-pdp-components-0-x-killerFeature--CardItemFullContainer\">\n<div class=\"whirlpool-ui-by-whirlpool-0-x-CardItemFullTopInfo consul-pdp-components-0-x-killerFeature--CardItemFullTopInfo relative mb5\">\n<div class=\"whirlpool-ui-by-whirlpool-0-x-featureCardTitleContainer consul-pdp-components-0-x-killerFeature--featureCardTitleContainer flex items-center mb3\">\n<div id=\"testeGabs\">\n<h2 class=\"whirlpool-ui-by-whirlpool-0-x-featureCardTitle consul-pdp-components-0-x-killerFeature--featureCardTitle ma0\">Menu Receitas<\/h2>\n<\/div>\n<\/div>\n<div class=\"whirlpool-ui-by-whirlpool-0-x-featureCardTitleContainer consul-pdp-components-0-x-killerFeature--featureCardTitleContainer tl\">Com apenas um toque voc\u00ea tem 6 receitas pr\u00e9-programadas, sem precisar ajustar tempo nem pot\u00eancia. Agiliza sua vida e economiza seu tempo!<\/div>\n<\/div>\n<p><img decoding=\"async\" class=\"consul-pdp-components-0-x-killerFeature--CardItemFullImage w-100\" src=\"https:\/\/consul.vtexassets.com\/arquivos\/CMA20BB-micro-ondas-consul-20-litros-modulo2_3840x2100.jpg\" alt=\"Menu Receitas\" crossorigin=\"anonymous\" \/><\/p>\n<\/div>\n<\/div>\n<div class=\"consul-pdp-components-0-x-killerFeature--box-item mb6 mb7-ns fl pa2\">\n<div class=\"undefined consul-pdp-components-0-x-killerFeature--CardItemFullContainer\">\n<div class=\"whirlpool-ui-by-whirlpool-0-x-CardItemFullTopInfo consul-pdp-components-0-x-killerFeature--CardItemFullTopInfo relative mb5\">\n<div class=\"whirlpool-ui-by-whirlpool-0-x-featureCardTitleContainer consul-pdp-components-0-x-killerFeature--featureCardTitleContainer flex items-center mb3\">\n<div id=\"testeGabs\">\n<h2 class=\"whirlpool-ui-by-whirlpool-0-x-featureCardTitle consul-pdp-components-0-x-killerFeature--featureCardTitle ma0\">Fun\u00e7\u00e3o Uso F\u00e1cil<\/h2>\n<\/div>\n<\/div>\n<div class=\"whirlpool-ui-by-whirlpool-0-x-featureCardTitleContainer consul-pdp-components-0-x-killerFeature--featureCardTitleContainer tl\">Fun\u00e7\u00e3o pensada para aquecer ou descongelar alimentos de acordo com o peso (250g, 500g e 1kg). Assim voc\u00ea tem precis\u00e3o e garante o melhor resultado.<\/div>\n<\/div>\n<p><img decoding=\"async\" class=\"consul-pdp-components-0-x-killerFeature--CardItemFullImage w-100\" src=\"https:\/\/consul.vtexassets.com\/arquivos\/CMA20BB-micro-ondas-consul-20-litros-modulo3_2520x1350.jpg\" alt=\"Fun\u00e7\u00e3o Uso F\u00e1cil\" crossorigin=\"anonymous\" \/><\/p>\n<\/div>\n<\/div>\n<div class=\"consul-pdp-components-0-x-killerFeature--box-item mb6 mb7-ns fl pa2\">\n<div class=\"undefined consul-pdp-components-0-x-killerFeature--CardItemFullContainer\">\n<div class=\"whirlpool-ui-by-whirlpool-0-x-CardItemFullTopInfo consul-pdp-components-0-x-killerFeature--CardItemFullTopInfo relative mb5\">\n<div class=\"whirlpool-ui-by-whirlpool-0-x-featureCardTitleContainer consul-pdp-components-0-x-killerFeature--featureCardTitleContainer flex items-center mb3\">\n<div id=\"testeGabs\">\n<h2 class=\"whirlpool-ui-by-whirlpool-0-x-featureCardTitle consul-pdp-components-0-x-killerFeature--featureCardTitle ma0\">Ligar + 30 segundos<\/h2>\n<\/div>\n<\/div>\n<div class=\"whirlpool-ui-by-whirlpool-0-x-featureCardTitleContainer consul-pdp-components-0-x-killerFeature--featureCardTitleContainer tl\">Com esta fun\u00e7\u00e3o voc\u00ea pode adicionar + 30 segundos ao tempo de cozimento, iniciar o funcionamento do forno ap\u00f3s ser programado e tamb\u00e9m retomar uma programa\u00e7\u00e3o interrompida.<\/div>\n<\/div>\n<p><img decoding=\"async\" class=\"consul-pdp-components-0-x-killerFeature--CardItemFullImage w-100\" src=\"https:\/\/consul.vtexassets.com\/arquivos\/CMA20BB-micro-ondas-consul-20-litros-modulo4_2450x1350.jpg\" alt=\"Ligar + 30 segundos\" crossorigin=\"anonymous\" \/><\/p>\n<\/div>\n<\/div>\n<div class=\"consul-pdp-components-0-x-killerFeature--box-item mb6 mb7-ns fl pa2\">\n<div class=\"undefined consul-pdp-components-0-x-killerFeature--CardItemFullContainer\">\n<div class=\"whirlpool-ui-by-whirlpool-0-x-CardItemFullTopInfo consul-pdp-components-0-x-killerFeature--CardItemFullTopInfo relative mb5\">\n<div class=\"whirlpool-ui-by-whirlpool-0-x-featureCardTitleContainer consul-pdp-components-0-x-killerFeature--featureCardTitleContainer flex items-center mb3\">\n<div id=\"testeGabs\">\n<h2 class=\"whirlpool-ui-by-whirlpool-0-x-featureCardTitle consul-pdp-components-0-x-killerFeature--featureCardTitle ma0\">Fun\u00e7\u00e3o Desligar Visor<\/h2>\n<\/div>\n<\/div>\n<div class=\"whirlpool-ui-by-whirlpool-0-x-featureCardTitleContainer consul-pdp-components-0-x-killerFeature--featureCardTitleContainer tl\">Fun\u00e7\u00e3o que economiza energia, desligando a luz do visor de LED quando o micro-ondas n\u00e3o estiver sendo utilizado.<\/div>\n<\/div>\n<p><img decoding=\"async\" class=\"consul-pdp-components-0-x-killerFeature--CardItemFullImage w-100\" src=\"https:\/\/consul.vtexassets.com\/arquivos\/CMA20BB-micro-ondas-consul-20-litros-modulo5_3840x2100.jpg\" alt=\"Fun\u00e7\u00e3o Desligar Visor\" crossorigin=\"anonymous\" \/><\/p>\n<\/div>\n<\/div>\n<div class=\"consul-pdp-components-0-x-killerFeature--box-item mb6 mb7-ns fl pa2\">\n<div class=\"undefined consul-pdp-components-0-x-killerFeature--CardItemFullContainer\">\n<div class=\"whirlpool-ui-by-whirlpool-0-x-CardItemFullTopInfo consul-pdp-components-0-x-killerFeature--CardItemFullTopInfo relative mb5\">\n<div class=\"whirlpool-ui-by-whirlpool-0-x-featureCardTitleContainer consul-pdp-components-0-x-killerFeature--featureCardTitleContainer flex items-center mb3\">\n<div id=\"testeGabs\">\n<h2 class=\"whirlpool-ui-by-whirlpool-0-x-featureCardTitle consul-pdp-components-0-x-killerFeature--featureCardTitle ma0\">10 n\u00edveis de pot\u00eancia<\/h2>\n<\/div>\n<\/div>\n<div class=\"whirlpool-ui-by-whirlpool-0-x-featureCardTitleContainer consul-pdp-components-0-x-killerFeature--featureCardTitleContainer tl\">S\u00e3o 10 n\u00edveis de pot\u00eancia para selecionar o ideal para cada receita. Precis\u00e3o no preparo e economia de energia.<\/div>\n<\/div>\n<p><img decoding=\"async\" class=\"consul-pdp-components-0-x-killerFeature--CardItemFullImage w-100\" src=\"https:\/\/consul.vtexassets.com\/arquivos\/image-logo-consul-desktop.png\" alt=\"10 n\u00edveis de pot\u00eancia\" crossorigin=\"anonymous\" \/><\/p>\n<\/div>\n<\/div>\n<div class=\"consul-pdp-components-0-x-killerFeature--box-item mb6 mb7-ns fl pa2\">\n<div class=\"undefined consul-pdp-components-0-x-killerFeature--CardItemFullContainer\">\n<div class=\"whirlpool-ui-by-whirlpool-0-x-CardItemFullTopInfo consul-pdp-components-0-x-killerFeature--CardItemFullTopInfo relative mb5\">\n<div class=\"whirlpool-ui-by-whirlpool-0-x-featureCardTitleContainer consul-pdp-components-0-x-killerFeature--featureCardTitleContainer flex items-center mb3\">\n<div id=\"testeGabs\">\n<h2 class=\"whirlpool-ui-by-whirlpool-0-x-featureCardTitle consul-pdp-components-0-x-killerFeature--featureCardTitle ma0\">Trava de Seguran\u00e7a<\/h2>\n<\/div>\n<\/div>\n<div class=\"whirlpool-ui-by-whirlpool-0-x-featureCardTitleContainer consul-pdp-components-0-x-killerFeature--featureCardTitleContainer tl\">Fun\u00e7\u00e3o que bloqueia os comandos do micro-ondas impedindo que ele seja acionado acidentalmente.<\/div>\n<\/div>\n<p><img decoding=\"async\" class=\"consul-pdp-components-0-x-killerFeature--CardItemFullImage w-100\" src=\"https:\/\/consul.vtexassets.com\/arquivos\/image-logo-consul-desktop.png\" alt=\"Trava de Seguran\u00e7a\" crossorigin=\"anonymous\" \/><\/p>\n<\/div>\n<\/div>\n<\/div>\n<\/div>\n<\/div>\n<\/div>\n<\/div>\n<\/div>\n<\/div>\n<\/div>\n<\/div>\n<\/div>\n","protected":false},"excerpt":{"rendered":"<p>Facilite seu dia a dia O Micro-ondas Consul com 20 litros de capacidade \u00e9 tudo o que voc\u00ea precisa para facilitar o seu dia a dia. Com ele voc\u00ea tem<\/p>\n","protected":false},"featured_media":13005,"comment_status":"open","ping_status":"closed","template":"","meta":[],"product_brand":[],"product_cat":[232,226],"product_tag":[],"class_list":{"0":"post-13004","1":"product","2":"type-product","3":"status-publish","4":"has-post-thumbnail","6":"product_cat-cozinha","7":"product_cat-eletrodomesticos","9":"first","10":"instock","11":"shipping-taxable","12":"purchasable","13":"product-type-simple"},"_links":{"self":[{"href":"http:\/\/ambrosioeletro.com.br\/v20\/wp-json\/wp\/v2\/product\/13004","targetHints":{"allow":["GET"]}}],"collection":[{"href":"http:\/\/ambrosioeletro.com.br\/v20\/wp-json\/wp\/v2\/product"}],"about":[{"href":"http:\/\/ambrosioeletro.com.br\/v20\/wp-json\/wp\/v2\/types\/product"}],"replies":[{"embeddable":true,"href":"http:\/\/ambrosioeletro.com.br\/v20\/wp-json\/wp\/v2\/comments?post=13004"}],"wp:featuredmedia":[{"embeddable":true,"href":"http:\/\/ambrosioeletro.com.br\/v20\/wp-json\/wp\/v2\/media\/13005"}],"wp:attachment":[{"href":"http:\/\/ambrosioeletro.com.br\/v20\/wp-json\/wp\/v2\/media?parent=13004"}],"wp:term":[{"taxonomy":"product_brand","embeddable":true,"href":"http:\/\/ambrosioeletro.com.br\/v20\/wp-json\/wp\/v2\/product_brand?post=13004"},{"taxonomy":"product_cat","embeddable":true,"href":"http:\/\/ambrosioeletro.com.br\/v20\/wp-json\/wp\/v2\/product_cat?post=13004"},{"taxonomy":"product_tag","embeddable":true,"href":"http:\/\/ambrosioeletro.com.br\/v20\/wp-json\/wp\/v2\/product_tag?post=13004"}],"curies":[{"name":"wp","href":"https:\/\/api.w.org\/{rel}","templated":true}]}}