{"id":13071,"date":"2025-04-12T10:29:51","date_gmt":"2025-04-12T13:29:51","guid":{"rendered":"https:\/\/ambrosioeletro.com.br\/v20\/?post_type=product&#038;p=13071"},"modified":"2026-03-30T09:03:58","modified_gmt":"2026-03-30T12:03:58","slug":"liquidificador-britania-blq1380p-pro-maxx-6-inox-3l-1200w","status":"publish","type":"product","link":"http:\/\/ambrosioeletro.com.br\/v20\/produto\/liquidificador-britania-blq1380p-pro-maxx-6-inox-3l-1200w\/","title":{"rendered":"Liquidificador Brit\u00e2nia BLQ1380P Pro Maxx 6 Inox 3L 1200W"},"content":{"rendered":"<div class=\"sc-iGgWBj hZQAA-D sc-jiPWxV fHHFJO\" data-testid=\"product-detail\"><span class=\"sc-dcJsrY jZKEso\" data-testid=\"product-detail-title\">Liquidificador Brit\u00e2nia BLQ1380P Pro Maxx 6 Inox 3L 1200W<\/span><\/p>\n<div class=\"sc-iGgWBj jEOEJZ sc-dtjvA-D dCHNQc\" data-testid=\"product-detail-description\">\n<div class=\"sc-iGgWBj eWtIHQ sc-kibuJE gArJfd\" data-testid=\"rich-content-container\">O Liquidificador Brit\u00e2nia BLQ1380P Pro Maxx 6 Inox 3L 1200W deixa suas misturas mais homog\u00eaneas e saborosas, gra\u00e7as a sua alta capacidade de 3 litros. Prepare del\u00edcias para amigos e familiares! Tecnologia Pro Maxx 6 6 l\u00e2minas com alt\u00edssimo poder de tritura\u00e7\u00e3o n\u00e3o deixando nenhum pedacinho por inteiro, triturando e deixando tudo mais homog\u00eaneo. Fun\u00e7\u00e3o Ice Para preparar raspadinhas, smoothies triturando gelo com maior facilidade e rapidez 12 velocidades + fun\u00e7\u00f5es 12 diferentes velocidades para voc\u00ea encontrar a que mais se adapta ao seu preparo. Al\u00e9m da Fun\u00e7\u00e3o Pulsar, que ajuda a controlar o n\u00edvel de tritura\u00e7\u00e3o do preparo e auxiliar na Limpeza, com Fun\u00e7\u00e3o Auto Limpeza. Copo de grande capacidade e resist\u00eancia Copo super-resistente com capacidade \u00fatil de 2 litros. E acompanha filtro que separa o suco das sementes e baga\u00e7o Sobretampa dosadora com gradua\u00e7\u00e3o Para ingredientes na medida certa e se esquecer de algum, basta tirar a sobretampa e adicionar durante o preparo. \u2022 12 velocidades + Fun\u00e7\u00e3o Pulsar + autolimpeza + ice \u2022 Conjunto de facas integradas ao copo que impede vazamentos \u2022 Tecnologia Pro Maxx 6: Faca de 6 l\u00e2minas \u2022 Pot\u00eancia de 1200W \u2022 Copo com 3L de capacidade total e capacidade \u00fatil de 2L \u2022 Tampa com sobretampa \u2022 Acompanha filtro \u2022 Base antiderrapante \u2022 Porta fio \u2022 Acabamento da face frontal em a\u00e7o inox.<\/div>\n<\/div>\n<\/div>\n<div class=\"sc-iGgWBj eWtIHQ\" data-testid=\"lazyload-container\">\n<div class=\"sc-bpUBKd iMekvN\" data-testid=\"mod-c\"><\/div>\n<\/div>\n<div class=\"sc-iGgWBj hODtov sc-dnTpUO brNduk\">\n<table class=\"sc-iGgWBj iCEidV sc-dBFDNq cBaKYh\">\n<tbody>\n<tr>\n<td class=\"sc-ggqIjW ihJCKE\">cor<\/td>\n<td class=\"sc-djVXDX hyYAsv\">\n<table class=\"sc-btwKTd lVIGE\">\n<tbody>\n<tr>\n<td>Preto<\/td>\n<\/tr>\n<\/tbody>\n<\/table>\n<\/td>\n<\/tr>\n<tr>\n<td class=\"sc-ggqIjW ihJCKE\">pot\u00eancia (w)<\/td>\n<td class=\"sc-djVXDX hyYAsv\">\n<table class=\"sc-btwKTd lVIGE\">\n<tbody>\n<tr>\n<td>1200 W<\/td>\n<\/tr>\n<\/tbody>\n<\/table>\n<\/td>\n<\/tr>\n<tr>\n<td class=\"sc-ggqIjW ihJCKE\">capacidade do copo<\/td>\n<td class=\"sc-djVXDX hyYAsv\">\n<table class=\"sc-btwKTd lVIGE\">\n<tbody>\n<tr>\n<td>3 L<\/td>\n<\/tr>\n<\/tbody>\n<\/table>\n<\/td>\n<\/tr>\n<tr>\n<td class=\"sc-ggqIjW ihJCKE\">garantia (dias)<\/td>\n<td class=\"sc-djVXDX hyYAsv\">\n<table class=\"sc-btwKTd lVIGE\">\n<tbody>\n<tr>\n<td>360<\/td>\n<\/tr>\n<\/tbody>\n<\/table>\n<\/td>\n<\/tr>\n<tr>\n<td class=\"sc-ggqIjW ihJCKE\">velocidades<\/td>\n<td class=\"sc-djVXDX hyYAsv\">\n<table class=\"sc-btwKTd lVIGE\">\n<tbody>\n<tr>\n<td>12<\/td>\n<\/tr>\n<\/tbody>\n<\/table>\n<\/td>\n<\/tr>\n<tr>\n<td class=\"sc-ggqIjW ihJCKE\">estado<\/td>\n<td class=\"sc-djVXDX hyYAsv\">\n<table class=\"sc-btwKTd lVIGE\">\n<tbody>\n<tr>\n<td>Novo<\/td>\n<\/tr>\n<\/tbody>\n<\/table>\n<\/td>\n<\/tr>\n<tr>\n<td class=\"sc-ggqIjW ihJCKE\">fun\u00e7\u00e3o ice<\/td>\n<td class=\"sc-djVXDX hyYAsv\">\n<table class=\"sc-btwKTd lVIGE\">\n<tbody>\n<tr>\n<td>Sim<\/td>\n<\/tr>\n<\/tbody>\n<\/table>\n<\/td>\n<\/tr>\n<tr>\n<td class=\"sc-ggqIjW ihJCKE\">acompanha filtro<\/td>\n<td class=\"sc-djVXDX hyYAsv\">\n<table class=\"sc-btwKTd lVIGE\">\n<tbody>\n<tr>\n<td>Sim<\/td>\n<\/tr>\n<\/tbody>\n<\/table>\n<\/td>\n<\/tr>\n<tr>\n<td class=\"sc-ggqIjW ihJCKE\">material do copo<\/td>\n<td class=\"sc-djVXDX hyYAsv\">\n<table class=\"sc-btwKTd lVIGE\">\n<tbody>\n<tr>\n<td>Pl\u00e1stico<\/td>\n<\/tr>\n<\/tbody>\n<\/table>\n<\/td>\n<\/tr>\n<tr>\n<td class=\"sc-ggqIjW ihJCKE\">marca<\/td>\n<td class=\"sc-djVXDX hyYAsv\">\n<table class=\"sc-btwKTd lVIGE\">\n<tbody>\n<tr>\n<td>Brit\u00e2nia<\/td>\n<\/tr>\n<\/tbody>\n<\/table>\n<\/td>\n<\/tr>\n<tr>\n<td class=\"sc-ggqIjW ihJCKE\">fun\u00e7\u00e3o pulsar\/autolimpeza<\/td>\n<td class=\"sc-djVXDX hyYAsv\">\n<table class=\"sc-btwKTd lVIGE\">\n<tbody>\n<tr>\n<td>Sim<\/td>\n<\/tr>\n<\/tbody>\n<\/table>\n<\/td>\n<\/tr>\n<tr>\n<td class=\"sc-ggqIjW ihJCKE\">modelo<\/td>\n<td class=\"sc-djVXDX hyYAsv\">\n<table class=\"sc-btwKTd lVIGE\">\n<tbody>\n<tr>\n<td>BLQ1380P<\/td>\n<\/tr>\n<\/tbody>\n<\/table>\n<\/td>\n<\/tr>\n<tr>\n<td class=\"sc-ggqIjW ihJCKE\">sobretampa<\/td>\n<td class=\"sc-djVXDX hyYAsv\">\n<table class=\"sc-btwKTd lVIGE\">\n<tbody>\n<tr>\n<td>Sim<\/td>\n<\/tr>\n<\/tbody>\n<\/table>\n<\/td>\n<\/tr>\n<tr>\n<td class=\"sc-ggqIjW ihJCKE\">quantidade de l\u00e2minas<\/td>\n<td class=\"sc-djVXDX hyYAsv\">\n<table class=\"sc-btwKTd lVIGE\">\n<tbody>\n<tr>\n<td>6<\/td>\n<\/tr>\n<\/tbody>\n<\/table>\n<\/td>\n<\/tr>\n<tr>\n<td class=\"sc-ggqIjW ihJCKE\">tipo das l\u00e2minas<\/td>\n<td class=\"sc-djVXDX hyYAsv\">\n<table class=\"sc-btwKTd lVIGE\">\n<tbody>\n<tr>\n<td>Lisas e serrilhadas<\/td>\n<\/tr>\n<\/tbody>\n<\/table>\n<\/td>\n<\/tr>\n<tr>\n<td class=\"sc-ggqIjW ihJCKE\">unidade largura<\/td>\n<td class=\"sc-djVXDX hyYAsv\">\n<table class=\"sc-btwKTd lVIGE\">\n<tbody>\n<tr>\n<td>Cent\u00edmetros<\/td>\n<\/tr>\n<\/tbody>\n<\/table>\n<\/td>\n<\/tr>\n<tr>\n<td class=\"sc-ggqIjW ihJCKE\">unidade profundidade<\/td>\n<td class=\"sc-djVXDX hyYAsv\">\n<table class=\"sc-btwKTd lVIGE\">\n<tbody>\n<tr>\n<td>Cent\u00edmetros<\/td>\n<\/tr>\n<\/tbody>\n<\/table>\n<\/td>\n<\/tr>\n<tr>\n<td class=\"sc-ggqIjW ihJCKE\">unidade altura<\/td>\n<td class=\"sc-djVXDX hyYAsv\">\n<table class=\"sc-btwKTd lVIGE\">\n<tbody>\n<tr>\n<td>Cent\u00edmetros<\/td>\n<\/tr>\n<\/tbody>\n<\/table>\n<\/td>\n<\/tr>\n<tr>\n<td class=\"sc-ggqIjW ihJCKE\">manual de instru\u00e7\u00f5es<\/td>\n<td class=\"sc-djVXDX hyYAsv\">\n<table class=\"sc-btwKTd lVIGE\">\n<tbody>\n<tr>\n<td>https:\/\/britaniaeletro-my.sharepoint.com\/:b:\/g\/personal\/marketing_britaniaeletro_onmicrosoft_com\/Ec8x88GKZllNvULyRlnlaDUBqvgk38bj1opWAV5kA0896w?e=FYQGxR<\/td>\n<\/tr>\n<\/tbody>\n<\/table>\n<\/td>\n<\/tr>\n<tr>\n<td class=\"sc-ggqIjW ihJCKE\">Informa\u00e7\u00f5es complementares<\/td>\n<td class=\"sc-djVXDX hyYAsv\">\n<table class=\"sc-btwKTd lVIGE\">\n<tbody>\n<tr>\n<td class=\"sc-epRvzc gNpdle\">Capacidade Total do Copo<\/td>\n<td>3L<\/td>\n<\/tr>\n<tr>\n<td class=\"sc-epRvzc gNpdle\">Capacidade \u00datil do Copo<\/td>\n<td>2 litros<\/td>\n<\/tr>\n<tr>\n<td class=\"sc-epRvzc gNpdle\">Cor<\/td>\n<td>Inox<\/td>\n<\/tr>\n<tr>\n<td class=\"sc-epRvzc gNpdle\">Fun\u00e7\u00f5es<\/td>\n<td>Autolimpeza, Ice<\/td>\n<\/tr>\n<tr>\n<td class=\"sc-epRvzc gNpdle\">Linha<\/td>\n<td>Pro Maxx 6<\/td>\n<\/tr>\n<tr>\n<td class=\"sc-epRvzc gNpdle\">Marca<\/td>\n<td><a class=\"sc-JrDLc gkEUmz sc-gFnajm hGdeGR sc-gFnajm hGdeGR\" href=\"https:\/\/www.magazineluiza.com.br\/marcas\/britania\/\" data-testid=\"link\">Brit\u00e2nia<\/a><\/td>\n<\/tr>\n<tr>\n<td class=\"sc-epRvzc gNpdle\">Material do Copo<\/td>\n<td>Inox<\/td>\n<\/tr>\n<tr>\n<td class=\"sc-epRvzc gNpdle\">Modelo<\/td>\n<td>BLQ1380P<\/td>\n<\/tr>\n<tr>\n<td class=\"sc-epRvzc gNpdle\">Pot\u00eancia<\/td>\n<td>1200W<\/td>\n<\/tr>\n<tr>\n<td class=\"sc-epRvzc gNpdle\">Tipo de L\u00e2mina do Liquidificador<\/td>\n<td>6 l\u00e2minas<\/td>\n<\/tr>\n<tr>\n<td class=\"sc-epRvzc gNpdle\">Velocidades<\/td>\n<td>12<\/td>\n<\/tr>\n<tr>\n<td class=\"sc-epRvzc gNpdle\">Voltagem<\/td>\n<td>127v<\/td>\n<\/tr>\n<\/tbody>\n<\/table>\n<\/td>\n<\/tr>\n<\/tbody>\n<\/table>\n<\/div>\n","protected":false},"excerpt":{"rendered":"<p>Liquidificador Brit\u00e2nia BLQ1380P Pro Maxx 6 Inox 3L 1200W O Liquidificador Brit\u00e2nia BLQ1380P Pro Maxx 6 Inox 3L 1200W deixa suas misturas mais homog\u00eaneas e saborosas, gra\u00e7as a sua alta<\/p>\n","protected":false},"featured_media":13073,"comment_status":"open","ping_status":"closed","template":"","meta":[],"product_brand":[],"product_cat":[232,226],"product_tag":[],"class_list":{"0":"post-13071","1":"product","2":"type-product","3":"status-publish","4":"has-post-thumbnail","6":"product_cat-cozinha","7":"product_cat-eletrodomesticos","8":"product_shipping_class-pac","10":"first","11":"instock","12":"shipping-taxable","13":"purchasable","14":"product-type-simple"},"_links":{"self":[{"href":"http:\/\/ambrosioeletro.com.br\/v20\/wp-json\/wp\/v2\/product\/13071","targetHints":{"allow":["GET"]}}],"collection":[{"href":"http:\/\/ambrosioeletro.com.br\/v20\/wp-json\/wp\/v2\/product"}],"about":[{"href":"http:\/\/ambrosioeletro.com.br\/v20\/wp-json\/wp\/v2\/types\/product"}],"replies":[{"embeddable":true,"href":"http:\/\/ambrosioeletro.com.br\/v20\/wp-json\/wp\/v2\/comments?post=13071"}],"wp:featuredmedia":[{"embeddable":true,"href":"http:\/\/ambrosioeletro.com.br\/v20\/wp-json\/wp\/v2\/media\/13073"}],"wp:attachment":[{"href":"http:\/\/ambrosioeletro.com.br\/v20\/wp-json\/wp\/v2\/media?parent=13071"}],"wp:term":[{"taxonomy":"product_brand","embeddable":true,"href":"http:\/\/ambrosioeletro.com.br\/v20\/wp-json\/wp\/v2\/product_brand?post=13071"},{"taxonomy":"product_cat","embeddable":true,"href":"http:\/\/ambrosioeletro.com.br\/v20\/wp-json\/wp\/v2\/product_cat?post=13071"},{"taxonomy":"product_tag","embeddable":true,"href":"http:\/\/ambrosioeletro.com.br\/v20\/wp-json\/wp\/v2\/product_tag?post=13071"}],"curies":[{"name":"wp","href":"https:\/\/api.w.org\/{rel}","templated":true}]}}