{"id":13092,"date":"2025-04-17T16:41:00","date_gmt":"2025-04-17T19:41:00","guid":{"rendered":"https:\/\/ambrosioeletro.com.br\/v20\/?post_type=product&#038;p=13092"},"modified":"2026-03-30T09:04:25","modified_gmt":"2026-03-30T12:04:25","slug":"air-fryer-britania-5l-antiaderente-gold-1500w-baf45a","status":"publish","type":"product","link":"http:\/\/ambrosioeletro.com.br\/v20\/produto\/air-fryer-britania-5l-antiaderente-gold-1500w-baf45a\/","title":{"rendered":"Air Fryer Brit\u00e2nia 5L Antiaderente Gold 1500W BAF45A"},"content":{"rendered":"<h2 class=\"vtex-store-components-3-x-productDescriptionTitle vtex-store-components-3-x-productDescriptionTitle--pdp vtex-store-components-3-x-productDescriptionTitle--pdp-desktop t-heading-5 mb5 mt0\">Descri\u00e7\u00e3o do produto<\/h2>\n<div class=\"vtex-store-components-3-x-productDescriptionText vtex-store-components-3-x-productDescriptionText--pdp vtex-store-components-3-x-productDescriptionText--pdp-desktop c-muted-1\">\n<div>Imagine preparar refei\u00e7\u00f5es deliciosas, saud\u00e1veis, r\u00e1pidas e sem complica\u00e7\u00e3o. Com a Air Fryer Brit\u00e2nia 5L BAF45A \u00e9 poss\u00edvel. Com sua impressionante capacidade de 5 litros, voc\u00ea pode preparar pratos para toda a fam\u00edlia de uma s\u00f3 vez. Com 1500W de pot\u00eancia, a Air fryer garante que suas refei\u00e7\u00f5es fiquem prontas em um piscar de olhos, economizando tempo e energia. Desenvolvida com tecnologia Air Flow a Air Fryer Brit\u00e2nia BAF45A proporciona uma circula\u00e7\u00e3o de ar quente em 360\u00b0. Ou seja, cozinha os alimentos de forma uniforme e r\u00e1pida. Esque\u00e7a os alimentos grudados e a limpeza dif\u00edcil: com o revestimento antiaderente Gold, a limpeza \u00e9 f\u00e1cil e sem complica\u00e7\u00f5es. Equipada com timer ajust\u00e1vel de 0 a 60 minutos e o controle de temperatura de 80\u00b0 a 200\u00b0C, garante o preparo de uma variedade de receitas, sempre no ponto ideal. Seguran\u00e7a \u00e9 prioridade: a trava de seguran\u00e7a e a prote\u00e7\u00e3o contra superaquecimento garantem uma experi\u00eancia tranquila, enquanto o desligamento autom\u00e1tico permite que voc\u00ea cuide de outras tarefas enquanto sua Air Fryer Brit\u00e2nia BAF45A trabalha por voc\u00ea. Transforme sua rotina na cozinha e descubra a satisfa\u00e7\u00e3o de cozinhar com a Air Fryer Brit\u00e2nia 5L BAF45A! \u2022 Frita com pouqu\u00edssimo ou nenhum \u00f3leo \u2022 Seletor de temperatura com ajuste de 80 a 200\u00b0C \u2022 Timer de 60 minutos \u2022 Capacidade do cesto 4,35l \u2022 Capacidade da cuba de 5 litros \u2022 Luz indicadora de funcionamento \u2022 Base antiderrapante \u2022 Cesto remov\u00edvel com revestimento antiaderente \u201cGOLD\u201d \u2022 Trava de seguran\u00e7a \u2022 Sistema de prote\u00e7\u00e3o contra superaquecimento \u2022 Composi\u00e7\u00e3o: Metal e Pl\u00e1stico.<\/div>\n<div>\n<div class=\"pr0 items-stretch vtex-flex-layout-0-x-stretchChildrenWidth flex\">\n<div class=\"vtex-flex-layout-0-x-flexCol vtex-flex-layout-0-x-flexCol--default-pdp-1 ml0 mr0 pl0 pr0 flex flex-column h-100 w-100\">\n<div class=\"vtex-flex-layout-0-x-flexColChild vtex-flex-layout-0-x-flexColChild--default-pdp-1 pb0\">\n<div class=\"vtex-rich-text-0-x-container vtex-rich-text-0-x-container--specifications flex tl items-start justify-start t-body c-on-base\">\n<div class=\"vtex-rich-text-0-x-wrapper vtex-rich-text-0-x-wrapper--specifications\">\n<h2 class=\"vtex-rich-text-0-x-heading vtex-rich-text-0-x-heading--specifications t-heading-2 vtex-rich-text-0-x-headingLevel2 vtex-rich-text-0-x-headingLevel2--specifications vtex-rich-text-0-x-heading-level-2\">Especifica\u00e7\u00f5es<\/h2>\n<\/div>\n<\/div>\n<\/div>\n<\/div>\n<\/div>\n<div class=\"pr0 items-stretch vtex-flex-layout-0-x-stretchChildrenWidth flex\">\n<div class=\"vtex-flex-layout-0-x-flexCol ml0 mr0 pl0 pr0 flex flex-column h-100 w-100\">\n<div class=\"vtex-flex-layout-0-x-flexColChild pb0\">\n<div class=\"britania-store-theme-2QzBM1XbD_RXn0ETQyHsZk\">\n<div class=\"britania-store-theme-3ualAl1qVjppHTxQ34ju4 britania-store-theme-1swtAlTgtZ6ezegcUmJbp4\">\n<p>Dimens\u00f5es do produto<\/p>\n<\/div>\n<table class=\"britania-store-theme-A1poUjIF-FCVZVZdMvzBW\" cellspacing=\"0\" cellpadding=\"0\">\n<tbody>\n<tr>\n<td>Altura do produto<\/td>\n<td>33,5 cm<\/td>\n<\/tr>\n<tr>\n<td>Largura do produto<\/td>\n<td>28,5 cm<\/td>\n<\/tr>\n<tr>\n<td>Comprimento do produto<\/td>\n<td>35,4 cm<\/td>\n<\/tr>\n<tr>\n<td>Peso do produto<\/td>\n<td>3,82 kg<\/td>\n<\/tr>\n<\/tbody>\n<\/table>\n<div class=\"britania-store-theme-3ualAl1qVjppHTxQ34ju4 britania-store-theme-3t7G3ek6WkcsS6ksgdsTbH\">\n<p>Dimens\u00f5es de envio do produto<\/p>\n<\/div>\n<table class=\"britania-store-theme-A1poUjIF-FCVZVZdMvzBW\" cellspacing=\"0\" cellpadding=\"0\">\n<tbody>\n<tr>\n<td>Altura com embalagem<\/td>\n<td>35,3 cm<\/td>\n<\/tr>\n<tr>\n<td>Largura com embalagem<\/td>\n<td>31,6 cm<\/td>\n<\/tr>\n<tr>\n<td>Comprimento com embalagem<\/td>\n<td>31,5 cm<\/td>\n<\/tr>\n<tr>\n<td>Peso com embalagem<\/td>\n<td>4,38 kg<\/td>\n<\/tr>\n<\/tbody>\n<\/table>\n<\/div>\n<\/div>\n<\/div>\n<\/div>\n<\/div>\n<\/div>\n","protected":false},"excerpt":{"rendered":"<p>Descri\u00e7\u00e3o do produto Imagine preparar refei\u00e7\u00f5es deliciosas, saud\u00e1veis, r\u00e1pidas e sem complica\u00e7\u00e3o. Com a Air Fryer Brit\u00e2nia 5L BAF45A \u00e9 poss\u00edvel. Com sua impressionante capacidade de 5 litros, voc\u00ea pode<\/p>\n","protected":false},"featured_media":13093,"comment_status":"open","ping_status":"closed","template":"","meta":[],"product_brand":[],"product_cat":[232,226],"product_tag":[],"class_list":{"0":"post-13092","1":"product","2":"type-product","3":"status-publish","4":"has-post-thumbnail","6":"product_cat-cozinha","7":"product_cat-eletrodomesticos","8":"product_shipping_class-pac","10":"first","11":"instock","12":"shipping-taxable","13":"purchasable","14":"product-type-simple"},"_links":{"self":[{"href":"http:\/\/ambrosioeletro.com.br\/v20\/wp-json\/wp\/v2\/product\/13092","targetHints":{"allow":["GET"]}}],"collection":[{"href":"http:\/\/ambrosioeletro.com.br\/v20\/wp-json\/wp\/v2\/product"}],"about":[{"href":"http:\/\/ambrosioeletro.com.br\/v20\/wp-json\/wp\/v2\/types\/product"}],"replies":[{"embeddable":true,"href":"http:\/\/ambrosioeletro.com.br\/v20\/wp-json\/wp\/v2\/comments?post=13092"}],"wp:featuredmedia":[{"embeddable":true,"href":"http:\/\/ambrosioeletro.com.br\/v20\/wp-json\/wp\/v2\/media\/13093"}],"wp:attachment":[{"href":"http:\/\/ambrosioeletro.com.br\/v20\/wp-json\/wp\/v2\/media?parent=13092"}],"wp:term":[{"taxonomy":"product_brand","embeddable":true,"href":"http:\/\/ambrosioeletro.com.br\/v20\/wp-json\/wp\/v2\/product_brand?post=13092"},{"taxonomy":"product_cat","embeddable":true,"href":"http:\/\/ambrosioeletro.com.br\/v20\/wp-json\/wp\/v2\/product_cat?post=13092"},{"taxonomy":"product_tag","embeddable":true,"href":"http:\/\/ambrosioeletro.com.br\/v20\/wp-json\/wp\/v2\/product_tag?post=13092"}],"curies":[{"name":"wp","href":"https:\/\/api.w.org\/{rel}","templated":true}]}}