{"id":13112,"date":"2025-04-17T17:18:08","date_gmt":"2025-04-17T20:18:08","guid":{"rendered":"https:\/\/ambrosioeletro.com.br\/v20\/?post_type=product&#038;p=13112"},"modified":"2026-04-16T08:56:16","modified_gmt":"2026-04-16T11:56:16","slug":"guarda-roupa-solteiro-2-portas-c-espelho-e-6-gavetas-buriti-novo-horizonte","status":"publish","type":"product","link":"http:\/\/ambrosioeletro.com.br\/v20\/produto\/guarda-roupa-solteiro-2-portas-c-espelho-e-6-gavetas-buriti-novo-horizonte\/","title":{"rendered":"Guarda Roupa Solteiro 2 Portas c\/ Espelho e 6 Gavetas Buriti &#8211; Novo Horizonte"},"content":{"rendered":"<div id=\"dimensoes\">\n<h3>Dimens\u00f5es Guarda Roupa Solteiro 2 Portas (1 c\/ Espelho) e 6 Gavetas Buriti\/Jequitib\u00e1 &#8211; Novo Horizonte<\/h3>\n<h4>Entenda as dimens\u00f5es<\/h4>\n<p>A &#8211; Altura do produto | L &#8211; Largura do produto | P &#8211; Profundidade ou Comprimento do produto<\/p>\n<p>L: 121 cm (Largura)<br \/>\nP: 47 cm (Comprimento\/Profundidade)<br \/>\nA: 205 cm (Altura)<\/p>\n<\/div>\n<h2><\/h2>\n<h3>Material de Estrutura<\/h3>\n<h4>Estrutura 100% MDP<\/h4>\n<p>&nbsp;<\/p>\n<ul>\n<li>O MDP (Medium Density Particleboard) ou Painel de Part\u00edculas de M\u00e9dia Densidade conseguiu unir a qualidade do MDF (Medium Density Fiberboard) ou Fibra de M\u00e9dia Densidade, com melhor custo benef\u00edcio. Os dois produtos t\u00eam hoje, basicamente, o mesmo processo de fabrica\u00e7\u00e3o. O MDP \u00e9 o produto mais utilizado na ind\u00fastria moveleira mundial.<\/li>\n<li>O MDP utiliza madeira ecologicamente correta, transformando as toras de em part\u00edculas que depois s\u00e3o utilizadas em camadas, com uma grossura superior.<\/li>\n<li>O MDP \u00e9 uma estrutura de madeira com qualidade superior a da madeira aglomerada que antes era utilizada, sendo altamente recomendado para a fabrica\u00e7\u00e3o de m\u00f3veis residenciais.<\/li>\n<\/ul>\n<p>&nbsp;<\/p>\n<h3>Tipo de Modulado<\/h3>\n<h4>Kit Espelho<\/h4>\n<h3>Diferenciais Guarda Roupas<\/h3>\n<h4>Possui Calceiro<\/h4>\n<ul>\n<li>O calceiro permite que cal\u00e7as ou outros itens sejam armazenados de forma organizada e acess\u00edvel.<\/li>\n<li>Ao utilizar um calceiro, \u00e9 poss\u00edvel aproveitar ao m\u00e1ximo o espa\u00e7o dispon\u00edvel no guarda-roupa ou c\u00f4moda, mantendo o ambiente mais arrumado.<\/li>\n<li>Ao pendurar itens em um calceiro, \u00e9 poss\u00edvel evitar que eles fiquem amassados, deformados ou danificados, aumentando sua durabilidade.<\/li>\n<li>Com os itens pendurados em um calceiro, \u00e9 mais f\u00e1cil encontrar e escolher o que vestir, economizando tempo e esfor\u00e7o.<\/li>\n<li>Utilizar um calceiro contribui para uma apar\u00eancia mais organizada e agrad\u00e1vel do m\u00f3vel, tornando o ambiente mais atraente esteticamente.<\/li>\n<\/ul>\n<h3>Material do Calceiro<\/h3>\n<h4>Calceiro Met\u00e1lico<\/h4>\n<h3>Tipo de Cabideiro<\/h3>\n<h4>A\u00e9reo<\/h4>\n<ul>\n<li>O cabideiro \u00e9 um produto de fixa\u00e7\u00e3o a\u00e9rea.<\/li>\n<li>Ideal para ambientes pequenos que necessitam explorar o tamanho do quarto ao m\u00e1ximo.<\/li>\n<\/ul>\n<h3>Material dos Cabideiros<\/h3>\n<h4>Cabideiro Met\u00e1lico<\/h4>\n<ul>\n<li>O cabideiro met\u00e1lico \u00e9 um suporte mais resistente que os de pl\u00e1stico.<\/li>\n<li>Por ser fixado direto no m\u00f3vel, torna-se firme para a pessoa pendurar suas roupas.<\/li>\n<li>Fixado firmemente, sem haver o problema de se soltar ou quebrar.<\/li>\n<li>Pode pendurar a roupa com tranquilidade, se se preocupar com amarrotar.<\/li>\n<li>Al\u00e9m disso, torna a parte interior do m\u00f3vel mais bonito com este detalhe met\u00e1lico.<\/li>\n<li>O cabideiro faz com que a pessoa pendure suas roupas de forma arrumada e organizada, sem amarrotar, podendo ser usadas quando quiser.<\/li>\n<li>N\u00e3o exceda o peso que o cabideiro comporta. Preserve o m\u00f3vel.<\/li>\n<\/ul>\n<h3>Tipo de Porta do Guarda-Roupa<\/h3>\n<h4>Portas Correr com Roldanas de Molas<\/h4>\n<h3>Material das Portas<\/h3>\n<h4>Portas em MDP<\/h4>\n<h3>Material do trilho da porta de correr<\/h3>\n<h4>Trilho Inferior Met\u00e1lico<\/h4>\n<ul>\n<li>O trilho inferior met\u00e1lico garante \u00e1s portas de correr muito mais leveza e facilidade ao abrir e fechar das mesmas. Devido a essa facilidade, o processo de abrir e fechar tem menos ru\u00eddos e \u00e9 mais pr\u00e1tico.<\/li>\n<li>Devido ao material que \u00e9 produzido, o trilho inferior met\u00e1lico faz com que as portas n\u00e3o agarrem, protegendo-as e fazendo com que o m\u00f3vel dure por mais tempo.<\/li>\n<li>\u00c9 altamente resistente e dur\u00e1vel, aumentando assim, a vida \u00fatil de todo o m\u00f3vel.<\/li>\n<\/ul>\n<h4>Trilho Superior Met\u00e1lico<\/h4>\n<ul>\n<li>Este m\u00f3vel possui trilho superior met\u00e1lico<\/li>\n<\/ul>\n<h3>Diferenciais das Portas<\/h3>\n<h4>Porta com Espelho<\/h4>\n<div>\n<ul>\n<li>Portas de espelho proporciona uma sensa\u00e7\u00e3o de amplitude ao ambiente. Os espelhos t\u00eam a capacidade de refletir a luz e criar a ilus\u00e3o de que o espa\u00e7o \u00e9 maior do que realmente \u00e9,<\/li>\n<li>Os espelhos tamb\u00e9m podem adicionar um toque de eleg\u00e2ncia e sofistica\u00e7\u00e3o \u00e0 decora\u00e7\u00e3o, tornando o espa\u00e7o mais atraente visualmente.<\/li>\n<li>Os espelhos nas portas dos m\u00f3veis permitem que as pessoas possam se verificar rapidamente enquanto est\u00e3o no ambiente, sem a necessidade de se deslocar at\u00e9 um espelho separado.<\/li>\n<\/ul>\n<\/div>\n<h3>Quantidade de Portas<\/h3>\n<h4>2 Portas de Correr<\/h4>\n<p>&nbsp;<\/p>\n<ul>\n<li>O m\u00f3vel tem em sua composi\u00e7\u00e3o 2 (duas) portas de correr.<\/li>\n<li>\u00c9 a nova tend\u00eancia em portas de m\u00f3veis no mercado, sendo ideal para diversos m\u00f3veis e ambientes.<\/li>\n<li>O espa\u00e7o, que antes tinha que ser destinado para abrir a porta, agora pode ser usado para o tr\u00e2nsito das pessoas, por ser uma porta que permite a otimiza\u00e7\u00e3o.<\/li>\n<li>As portas de correr s\u00e3o indicadas para espa\u00e7os pequenos, al\u00e9m de acrescentar muito mais beleza e sofistica\u00e7\u00e3o.<\/li>\n<li>Tem um visual bem mais bonito que os m\u00f3veis que apresentam portar de abrir comum.<\/li>\n<\/ul>\n<h3>Tipo de Espelho<\/h3>\n<h4>Espelho Externo<\/h4>\n<ul>\n<li>Os espelhos externos s\u00e3o fabricados com materiais resistentes \u00e0s intemp\u00e9ries, como alum\u00ednio ou a\u00e7o inoxid\u00e1vel, para suportar as condi\u00e7\u00f5es externas.<\/li>\n<li>Podem ser utilizados para decorar e ampliar visualmente espa\u00e7os externos, criando a ilus\u00e3o de maior profundidade e luminosidade.<\/li>\n<\/ul>\n<h3>Material das Gavetas<\/h3>\n<h4>Gavetas em MDP<\/h4>\n<h3>Tipo de Corredi\u00e7a<\/h3>\n<h4>Corredi\u00e7as Telesc\u00f3picas<\/h4>\n<p>&nbsp;<\/p>\n<ul>\n<li>As corredi\u00e7as telesc\u00f3picas s\u00e3o feitas de a\u00e7o e por isso mais resistentes e dur\u00e1veis.<\/li>\n<li>Fazem com que as gavetas venham para fora do m\u00f3vel totalmente, proporcionando um deslize suave e sem travas.<\/li>\n<li>Mesmo com a gaveta toda aberta, ela mant\u00e9m o alinhamento, sem risco algum para a pessoa.<\/li>\n<li>As corredi\u00e7as telesc\u00f3picas suportam muito mais peso, sem provocar danos ao mecanismo e ao m\u00f3vel.<\/li>\n<\/ul>\n<h3>Quantidade de Gavetas<\/h3>\n<h4>6 Gavetas<\/h4>\n<ul>\n<li>o guarda roupa de solteiro tem em sua composi\u00e7\u00e3o 6 (seis) gavetas.<\/li>\n<li>Com objetivo de facilitar a vida do usu\u00e1rio, os m\u00f3veis da Novo Horizonte , cada vez mais, disponibilizam em sua composi\u00e7\u00e3o gavetas que auxiliam na hora de organizar melhor os objetos dentro do m\u00f3vel.<\/li>\n<li>Com sistema de abertura de corredi\u00e7as met\u00e1licas ou telesc\u00f3picas, as gavetas n\u00e3o travam.<\/li>\n<li>Estes espa\u00e7os s\u00e3o ideais para colocar diversos pertences, de forma organizada, pois, possuem amplo espa\u00e7o para guardar tudo de forma organizada.<\/li>\n<\/ul>\n<h3>Material das Prateleiras<\/h3>\n<h4>Prateleiras em MDP<\/h4>\n<h3>Recomenda\u00e7\u00f5es de Uso<\/h3>\n<h4>Recomenda\u00e7\u00f5es de Uso<\/h4>\n<h3>Montagem do Produto<\/h3>\n<h4>Permite ser desmontado e montado v\u00e1rias vezes.<\/h4>\n<ul>\n<li>O\u00a0Guarda Roupa Solteiro 2 Portas (1 c\/ Espelho) e 6 Gavetas Buriti\/Jequitib\u00e1 NEVE (Branco 23) &#8211; Novo Horizonte tem a vantagem de ser montado e desmontado mais vezes sem sofrer danos.<\/li>\n<\/ul>\n<h4>Necessita de montagem<\/h4>\n<ul>\n<li>Produto necessita de montagem<\/li>\n<\/ul>\n<h4>Acompanha Manual de Instala\u00e7\u00e3o e Montagem<\/h4>\n<ul>\n<li>M\u00f3vel Acompanha Manual de Instala\u00e7\u00e3o e Montagem<\/li>\n<\/ul>\n<h4>Complexidade da Montagem M\u00e9dia<\/h4>\n<ul>\n<li>Pode ser montado por mais de uma pessoa e\/ou necessite de maior conhecimento para montagem<\/li>\n<\/ul>\n<h3><\/h3>\n","protected":false},"excerpt":{"rendered":"<p>Dimens\u00f5es Guarda Roupa Solteiro 2 Portas (1 c\/ Espelho) e 6 Gavetas Buriti\/Jequitib\u00e1 &#8211; Novo Horizonte Entenda as dimens\u00f5es A &#8211; Altura do produto | L &#8211; Largura do produto<\/p>\n","protected":false},"featured_media":13118,"comment_status":"open","ping_status":"closed","template":"","meta":[],"product_brand":[],"product_cat":[227,241],"product_tag":[],"class_list":{"0":"post-13112","1":"product","2":"type-product","3":"status-publish","4":"has-post-thumbnail","6":"product_cat-moveis","7":"product_cat-quarto","8":"product_shipping_class-retirar-no-local","10":"first","11":"instock","12":"shipping-taxable","13":"purchasable","14":"product-type-simple"},"_links":{"self":[{"href":"http:\/\/ambrosioeletro.com.br\/v20\/wp-json\/wp\/v2\/product\/13112","targetHints":{"allow":["GET"]}}],"collection":[{"href":"http:\/\/ambrosioeletro.com.br\/v20\/wp-json\/wp\/v2\/product"}],"about":[{"href":"http:\/\/ambrosioeletro.com.br\/v20\/wp-json\/wp\/v2\/types\/product"}],"replies":[{"embeddable":true,"href":"http:\/\/ambrosioeletro.com.br\/v20\/wp-json\/wp\/v2\/comments?post=13112"}],"wp:featuredmedia":[{"embeddable":true,"href":"http:\/\/ambrosioeletro.com.br\/v20\/wp-json\/wp\/v2\/media\/13118"}],"wp:attachment":[{"href":"http:\/\/ambrosioeletro.com.br\/v20\/wp-json\/wp\/v2\/media?parent=13112"}],"wp:term":[{"taxonomy":"product_brand","embeddable":true,"href":"http:\/\/ambrosioeletro.com.br\/v20\/wp-json\/wp\/v2\/product_brand?post=13112"},{"taxonomy":"product_cat","embeddable":true,"href":"http:\/\/ambrosioeletro.com.br\/v20\/wp-json\/wp\/v2\/product_cat?post=13112"},{"taxonomy":"product_tag","embeddable":true,"href":"http:\/\/ambrosioeletro.com.br\/v20\/wp-json\/wp\/v2\/product_tag?post=13112"}],"curies":[{"name":"wp","href":"https:\/\/api.w.org\/{rel}","templated":true}]}}