{"id":13173,"date":"2025-05-09T14:37:14","date_gmt":"2025-05-09T17:37:14","guid":{"rendered":"https:\/\/ambrosioeletro.com.br\/v20\/?post_type=product&#038;p=13173"},"modified":"2026-02-27T10:45:44","modified_gmt":"2026-02-27T13:45:44","slug":"karcher-lavadora-de-alta-pressao-k2-plus-1740-psi","status":"publish","type":"product","link":"http:\/\/ambrosioeletro.com.br\/v20\/produto\/karcher-lavadora-de-alta-pressao-k2-plus-1740-psi\/","title":{"rendered":"K\u00e4rcher Lavadora de Alta Press\u00e3o &#8211; K2 Plus &#8211; 1740 psi"},"content":{"rendered":"<div id=\"productOverview_feature_div\" class=\"celwidget\" data-feature-name=\"productOverview\" data-csa-c-type=\"widget\" data-csa-c-content-id=\"productOverview\" data-csa-c-slot-id=\"productOverview_feature_div\" data-csa-c-asin=\"B0BSHF1MVV\" data-csa-c-is-in-initial-active-row=\"false\" data-csa-c-id=\"dwyr4b-42xewa-izdmod-lumh3d\" data-cel-widget=\"productOverview_feature_div\">\n<div class=\"a-section a-spacing-small a-spacing-top-small\">\n<table class=\"a-normal a-spacing-micro\">\n<tbody>\n<tr class=\"a-spacing-small po-brand\">\n<td class=\"a-span3\"><span class=\"a-size-base a-text-bold\">Marca<\/span><\/td>\n<td class=\"a-span9\"><span class=\"a-size-base po-break-word\">K\u00e4rcher<\/span><\/td>\n<\/tr>\n<tr class=\"a-spacing-small po-power_source_type\">\n<td class=\"a-span3\"><span class=\"a-size-base a-text-bold\">Fonte de alimenta\u00e7\u00e3o<\/span><\/td>\n<td class=\"a-span9\"><span class=\"a-size-base po-break-word\">Energia el\u00e9trica<\/span><\/td>\n<\/tr>\n<tr class=\"a-spacing-small po-color\">\n<td class=\"a-span3\"><span class=\"a-size-base a-text-bold\">Cor<\/span><\/td>\n<td class=\"a-span9\"><span class=\"a-size-base po-break-word\">Amarelo<\/span><\/td>\n<\/tr>\n<tr class=\"a-spacing-small po-maximum_pressure\">\n<td class=\"a-span3\"><span class=\"a-size-base a-text-bold\">Press\u00e3o m\u00e1xima<\/span><\/td>\n<td class=\"a-span9\"><span class=\"a-size-base po-break-word\">1740 Libras por polegada quadrada<\/span><\/td>\n<\/tr>\n<tr class=\"a-spacing-small po-item_weight\">\n<td class=\"a-span3\"><span class=\"a-size-base a-text-bold\">Peso do produto<\/span><\/td>\n<td class=\"a-span9\"><span class=\"a-size-base po-break-word\">5,5 Quilogramas<\/span><\/td>\n<\/tr>\n<\/tbody>\n<\/table>\n<\/div>\n<\/div>\n<div id=\"featurebullets_feature_div\" class=\"celwidget\" data-feature-name=\"featurebullets\" data-csa-c-type=\"widget\" data-csa-c-content-id=\"featurebullets\" data-csa-c-slot-id=\"featurebullets_feature_div\" data-csa-c-asin=\"B0BSHF1MVV\" data-csa-c-is-in-initial-active-row=\"false\" data-csa-c-id=\"z33a51-tsh1s9-ph61r7-koxn1x\" data-cel-widget=\"featurebullets_feature_div\">\n<div id=\"feature-bullets\" class=\"a-section a-spacing-medium a-spacing-top-small\">\n<hr class=\"a-divider-normal\" aria-hidden=\"true\" \/>\n<h1 class=\"a-size-base-plus a-text-bold\">Sobre este item<\/h1>\n<ul class=\"a-unordered-list a-vertical a-spacing-mini\">\n<li class=\"a-spacing-mini\"><span class=\"a-list-item\">Bomba com cabe\u00e7ote de alum\u00ednio: Alta resist\u00eancia e maior durabilidade.<\/span><\/li>\n<li class=\"a-spacing-mini\"><span class=\"a-list-item\">Al\u00e7a longa e rodas: Maior praticidade durante o uso e facilidade no transporte.<\/span><\/li>\n<li class=\"a-spacing-mini\"><span class=\"a-list-item\">Economia de \u00e1gua: Em compara\u00e7\u00e3o com uma mangueira de jardim, a lavadora garante a economia de \u00e1gua em at\u00e9 80%.<\/span><\/li>\n<li class=\"a-spacing-mini\"><span class=\"a-list-item\">Lavadora ergon\u00f4mica: As lavadoras K\u00e4rcher s\u00e3o as mais ergon\u00f4micas do mercado, com design pensado para trazer conforto e praticidade.<\/span><\/li>\n<li class=\"a-spacing-mini\"><span class=\"a-list-item\">Plug and Play: F\u00e1cil de montar e desmontar o produto para uso ou armazenamento r\u00e1pido, sem a necessidade da utiliza\u00e7\u00e3o de ferramentas.<\/span><\/li>\n<li>\n<div class=\"celwidget aplus-module premium-module-2-fullbackground-image aplus-premium\" data-csa-c-id=\"ern7eb-okyald-1ln6en-tqlnxo\" data-cel-widget=\"aplus-premium-module-2-fullbackground-image\">\n<div class=\"a-section a-spacing-none premium-aplus premium-aplus-module-2\">\n<div class=\"a-section a-text-center\">\n<p class=\"aplus-description aplus-container-3 aplus-p1\">A lavadora de alta press\u00e3o K\u00e4rcher K2 Plus \u00e9 ideal para as tarefas do dia-a-dia, proporcionando uma limpeza profunda, r\u00e1pida e sem esfor\u00e7o, com \u00f3timo custo-benef\u00edcio. A m\u00e1quina possui uma al\u00e7a longa e rodas que trazem maior facilidade no transporte.<\/p>\n<\/div>\n<\/div>\n<\/div>\n<div class=\"celwidget aplus-module premium-module-8-hero-video aplus-premium\" data-csa-c-id=\"ng1f1w-ijmltm-6ryrrx-dhh904\" data-cel-widget=\"aplus-premium-module-8-hero-video\">\n<div class=\"a-section a-spacing-none premium-aplus premium-aplus-module-8\">\n<h3 class=\"a-text-center aplus-container-3 aplus-h1 a-text-bold\">Lavadora de Alta Press\u00e3o K2 Plus [K\u00c4RCHER]<\/h3>\n<div class=\"a-section a-spacing-none premium-aplus-module-8-video\">\n<div class=\"a-section a-spacing-none video-placeholder\"><\/div>\n<div class=\"a-section a-spacing-none video-container\">\n<div id=\"680a1721-995f-41d2-8609-ba7bc4ebd654\">\n<div class=\"vse-airy-container vse-player-container none \">\n<div id=\"ive-aplus-25235-player-label-container\" class=\"a-section a-spacing-none ive-player-label-container\" data-element-id=\"ive-player-label-container\"><\/div>\n<div id=\"aplus-25235-player-b1404e3b-a43a-4dad-9248-014e71d77c78\" class=\"vse-player\" data-element-id=\"vse-player-container\">\n<div id=\"aplus-25235-player-b1404e3b-a43a-4dad-9248-014e71d77c78-container\">\n<div id=\"aplus-25235-player-b1404e3b-a43a-4dad-9248-014e71d77c78-container-element\" class=\"video-js brila-video-js vjs-paused vjs-controls-enabled vjs-workinghover vjs-v7 vjs-user-active vjs-fluid aplus-25235-player-b1404e3b-a43a-4dad-9248-014e71d77c78-container-element-dimensions\" lang=\"pt\" tabindex=\"-1\">\n<div class=\"vjs-poster\" tabindex=\"-1\" aria-disabled=\"false\"><\/div>\n<div class=\"vjs-text-track-display\" aria-live=\"off\" aria-atomic=\"true\">\n<div><\/div>\n<\/div>\n<p><button class=\"vjs-big-play-button\" title=\"Clique para reproduzir o v\u00eddeo\" type=\"button\" aria-disabled=\"false\"><span class=\"vjs-control-text\" aria-live=\"polite\">Clique para reproduzir o v\u00eddeo<\/span><\/button><\/div>\n<\/div>\n<\/div>\n<\/div>\n<\/div>\n<\/div>\n<\/div>\n<div class=\"a-section a-text-center\">\n<p class=\"aplus-description aplus-container-3 aplus-p1\">Cuida da sua casa e muito mais! A K2 Plus possui a qualidade K\u00e4rcher para deixar sua casa limpa e organizada para o seu bem estar.<\/p>\n<\/div>\n<\/div>\n<\/div>\n<div class=\"celwidget aplus-module premium-module-1-image-text aplus-premium\" data-csa-c-id=\"empzjs-jih4sk-9a1dwp-c30b54\" data-cel-widget=\"aplus-premium-module-1-image-text\">\n<div class=\"a-section a-spacing-none premium-aplus premium-aplus-module-1 aplus-container-1\">\n<div class=\"a-section a-spacing-none aplus-display-table\">\n<div class=\"a-section a-spacing-none aplus-module-section aplus-display-table-cell aplus-text-section-left\">\n<h3 class=\"aplus-h1 aplus-module-1-heading a-text-bold\">ECON\u00d4MICA, EFICIENTE E SUSTENT\u00c1VEL<\/h3>\n<p class=\"aplus-p2 aplus-module-1-description\">A K2 Plus economiza at\u00e9 80% de \u00e1gua em compara\u00e7\u00e3o a uma mangueira tradicional. \u00d3tima para limpezas mais complexas e remo\u00e7\u00e3o de sujeiras incrustadas. Com a\u00a0<span class=\"a-text-bold\">Lavadora de Alta Press\u00e3o K2 Plus,<\/span>\u00a0voc\u00ea mant\u00e9m tudo limpo e sem esfor\u00e7o!<\/p>\n<\/div>\n<div class=\"a-section a-spacing-none aplus-module-section aplus-display-table-cell aplus-image-section\"><img decoding=\"async\" class=\"\" src=\"https:\/\/m.media-amazon.com\/images\/S\/aplus-media-library-service-media\/9be90008-641e-4b3d-a483-d40b4dc84e7e.__CR0,0,800,600_PT0_SX800_V1___.png\" alt=\"K2 Plus Turbo\" data-src=\"https:\/\/m.media-amazon.com\/images\/S\/aplus-media-library-service-media\/9be90008-641e-4b3d-a483-d40b4dc84e7e.__CR0,0,800,600_PT0_SX800_V1___.png\" \/><\/div>\n<\/div>\n<\/div>\n<\/div>\n<div class=\"celwidget aplus-module premium-module-1-image-text aplus-premium\" data-csa-c-id=\"3i82uj-h0xt85-dkeh33-4kewxp\" data-cel-widget=\"aplus-premium-module-1-image-text\">\n<div class=\"a-section a-spacing-none premium-aplus premium-aplus-module-1 aplus-container-1\">\n<div class=\"a-section a-spacing-none aplus-display-table\">\n<div class=\"a-section a-spacing-none aplus-module-section aplus-display-table-cell aplus-text-section-left\">\n<h3 class=\"aplus-h1 aplus-module-1-heading a-text-bold\">MANGUEIRA DE SUC\u00c7\u00c3O DE DETERGENTE<\/h3>\n<p class=\"aplus-p2 aplus-module-1-description\">Possui mangueira para suc\u00e7\u00e3o de detergente integrada \u00e0 m\u00e1quina, sem a necessidade de acess\u00f3rio adicional para aplica\u00e7\u00e3o.<\/p>\n<\/div>\n<div class=\"a-section a-spacing-none aplus-module-section aplus-display-table-cell aplus-image-section\"><img decoding=\"async\" class=\"\" src=\"https:\/\/m.media-amazon.com\/images\/S\/aplus-media-library-service-media\/b80cfef9-da01-4edd-a278-7a189cba67e1.__CR0,0,800,600_PT0_SX800_V1___.png\" alt=\"K2 Plus K\u00e4rcher\" data-src=\"https:\/\/m.media-amazon.com\/images\/S\/aplus-media-library-service-media\/b80cfef9-da01-4edd-a278-7a189cba67e1.__CR0,0,800,600_PT0_SX800_V1___.png\" \/><\/div>\n<\/div>\n<\/div>\n<\/div>\n<div class=\"celwidget aplus-module premium-module-2-fullbackground-text aplus-premium\" data-csa-c-id=\"ovq9dg-3b985g-hhkg13-9dv6j9\" data-cel-widget=\"aplus-premium-module-2-fullbackground-text\">\n<div class=\"a-section a-spacing-none premium-aplus premium-aplus-module-2\">\n<div class=\"a-section a-spacing-none premium-background-wrapper\">\n<div class=\"a-section a-spacing-none background-image\"><img decoding=\"async\" class=\"\" src=\"https:\/\/m.media-amazon.com\/images\/S\/aplus-media-library-service-media\/0d10f7f6-cd79-4cf9-9bd2-e4ecae038102.__CR0,0,1464,600_PT0_SX1464_V1___.png\" alt=\"K2 PLUS TURBO\" data-src=\"https:\/\/m.media-amazon.com\/images\/S\/aplus-media-library-service-media\/0d10f7f6-cd79-4cf9-9bd2-e4ecae038102.__CR0,0,1464,600_PT0_SX1464_V1___.png\" \/><\/div>\n<div class=\"a-section a-spacing-none premium-intro-wrapper right secondary-color\">\n<div class=\"a-section a-spacing-none premium-intro-content-container\">\n<div class=\"a-section a-spacing-none premium-intro-content-column\">\n<div class=\"a-section a-spacing-none premium-intro-background black-background\">\n<h1 class=\"aplus-h1 aplus-module-2-heading a-text-bold\">JATO LEQUE REGUL\u00c1VEL<\/h1>\n<div class=\"a-section a-spacing-none premium-intro-paragraph\">\n<p class=\"aplus-p2 aplus-module-2-description\">Jato de \u00e1gua em formato de leque para limpezas do dia-a-dia. Sua press\u00e3o pode ser regulada entre m\u00e1xima e m\u00ednima, removendo desde as sujeiras mais leves e superficiais, at\u00e9 as mais pesadas. Pode ser utilizado em diversos locais, como casa, carro, moto ou mesmo para lavar a sua bicicleta.<\/p>\n<\/div>\n<\/div>\n<\/div>\n<\/div>\n<\/div>\n<\/div>\n<div class=\"a-section a-text-center\"><\/div>\n<\/div>\n<\/div>\n<div class=\"celwidget aplus-module premium-module-2-fullbackground-text aplus-premium\" data-csa-c-id=\"rirnr9-hkw4jo-57117m-8d7gix\" data-cel-widget=\"aplus-premium-module-2-fullbackground-text\">\n<div class=\"a-section a-spacing-none premium-aplus premium-aplus-module-2\">\n<div class=\"a-section a-spacing-none premium-background-wrapper\">\n<div class=\"a-section a-spacing-none background-image\"><img decoding=\"async\" class=\"\" src=\"https:\/\/m.media-amazon.com\/images\/S\/aplus-media-library-service-media\/d70833f8-cc6e-4d8e-959e-0316e7887f19.__CR0,0,1464,600_PT0_SX1464_V1___.png\" alt=\"K2 PLUS\" data-src=\"https:\/\/m.media-amazon.com\/images\/S\/aplus-media-library-service-media\/d70833f8-cc6e-4d8e-959e-0316e7887f19.__CR0,0,1464,600_PT0_SX1464_V1___.png\" \/><\/div>\n<div class=\"a-section a-spacing-none premium-intro-wrapper left secondary-color\">\n<div class=\"a-section a-spacing-none premium-intro-content-container\">\n<div class=\"a-section a-spacing-none premium-intro-content-column\">\n<div class=\"a-section a-spacing-none premium-intro-background black-background\">\n<h1 class=\"aplus-h1 aplus-module-2-heading a-text-bold\">MOBILIDADE AO LIMPAR<\/h1>\n<div class=\"a-section a-spacing-none premium-intro-paragraph\">\n<p class=\"aplus-p2 aplus-module-2-description\">Possui al\u00e7a alongada e rodinhas, tudo para facilitar o transporte.<\/p>\n<\/div>\n<\/div>\n<\/div>\n<\/div>\n<\/div>\n<\/div>\n<\/div>\n<\/div>\n<\/li>\n<\/ul>\n<\/div>\n<\/div>\n","protected":false},"excerpt":{"rendered":"<p>Marca K\u00e4rcher Fonte de alimenta\u00e7\u00e3o Energia el\u00e9trica Cor Amarelo Press\u00e3o m\u00e1xima 1740 Libras por polegada quadrada Peso do produto 5,5 Quilogramas Sobre este item Bomba com cabe\u00e7ote de alum\u00ednio: Alta<\/p>\n","protected":false},"featured_media":13174,"comment_status":"open","ping_status":"closed","template":"","meta":[],"product_brand":[],"product_cat":[233,226],"product_tag":[],"class_list":{"0":"post-13173","1":"product","2":"type-product","3":"status-publish","4":"has-post-thumbnail","6":"product_cat-area-de-servico","7":"product_cat-eletrodomesticos","8":"product_shipping_class-retirar-no-local","10":"first","11":"instock","12":"shipping-taxable","13":"purchasable","14":"product-type-simple"},"_links":{"self":[{"href":"http:\/\/ambrosioeletro.com.br\/v20\/wp-json\/wp\/v2\/product\/13173","targetHints":{"allow":["GET"]}}],"collection":[{"href":"http:\/\/ambrosioeletro.com.br\/v20\/wp-json\/wp\/v2\/product"}],"about":[{"href":"http:\/\/ambrosioeletro.com.br\/v20\/wp-json\/wp\/v2\/types\/product"}],"replies":[{"embeddable":true,"href":"http:\/\/ambrosioeletro.com.br\/v20\/wp-json\/wp\/v2\/comments?post=13173"}],"wp:featuredmedia":[{"embeddable":true,"href":"http:\/\/ambrosioeletro.com.br\/v20\/wp-json\/wp\/v2\/media\/13174"}],"wp:attachment":[{"href":"http:\/\/ambrosioeletro.com.br\/v20\/wp-json\/wp\/v2\/media?parent=13173"}],"wp:term":[{"taxonomy":"product_brand","embeddable":true,"href":"http:\/\/ambrosioeletro.com.br\/v20\/wp-json\/wp\/v2\/product_brand?post=13173"},{"taxonomy":"product_cat","embeddable":true,"href":"http:\/\/ambrosioeletro.com.br\/v20\/wp-json\/wp\/v2\/product_cat?post=13173"},{"taxonomy":"product_tag","embeddable":true,"href":"http:\/\/ambrosioeletro.com.br\/v20\/wp-json\/wp\/v2\/product_tag?post=13173"}],"curies":[{"name":"wp","href":"https:\/\/api.w.org\/{rel}","templated":true}]}}