{"id":13281,"date":"2025-05-28T10:44:14","date_gmt":"2025-05-28T13:44:14","guid":{"rendered":"https:\/\/ambrosioeletro.com.br\/v20\/?post_type=product&#038;p=13281"},"modified":"2025-08-05T17:00:05","modified_gmt":"2025-08-05T20:00:05","slug":"freezer-vertical-philco-1-porta-pfv205i-201l","status":"publish","type":"product","link":"http:\/\/ambrosioeletro.com.br\/v20\/produto\/freezer-vertical-philco-1-porta-pfv205i-201l\/","title":{"rendered":"Freezer Vertical Philco 1 Porta PFV205I 201L"},"content":{"rendered":"<div class=\"sc-iGgWBj hZQAA-D sc-cyJUJa jcMbIy\" data-testid=\"product-detail\">\n<p><span class=\"sc-dcJsrY jZKEso\" data-testid=\"product-detail-title\">Freezer Vertical Philco 1 Porta PFV205I 201L<\/span><\/p>\n<div class=\"sc-iGgWBj jEOEJZ sc-bzywxr bokvhM\" data-testid=\"product-detail-description\">\n<div class=\"sc-iGgWBj eWtIHQ sc-dIzaVh eiOFcT\" data-testid=\"rich-content-container\">\n<p>Conhe\u00e7a o Freezer Horizontal PFV205I 201L, perfeito para uso dom\u00e9stico! Pode ser usado como congelador ou refrigerador, oferecendo maior flexibilidade. Com uma capacidade de 201 litros, ele proporciona um excelente aproveitamento de espa\u00e7o. Ecologicamente correto, \u00e9 livre de CFC e possui classifica\u00e7\u00e3o energ\u00e9tica A, garantindo economia com um consumo de apenas 32 kWh\/m\u00eas. Lembre-se de realizar o degelo manual periodicamente para manter seu funcionamento ideal.<\/p>\n<p>Caracter\u00edsticas:<br \/>\nSistema Dupla Fun\u00e7\u00e3o: Pode operar na fun\u00e7\u00e3o freezer ou refrigerador;<br \/>\nControle de temperatura mec\u00e2nico na divis\u00f3ria interna;<br \/>\nSistema de refrigera\u00e7\u00e3o por compressor<br \/>\nClassifica\u00e7\u00e3o energ\u00e9tica A<br \/>\nG\u00e1s refrigerante R290<br \/>\n2 Rod\u00edzios para deslocamento<br \/>\nDegelo Manual<br \/>\nVolume Interno 201 litros<br \/>\nDivis\u00e3o interna: 5 prateleiras e 1 gaveta<br \/>\nInmetro: 004608\/2020<\/p>\n<p>Dimens\u00f5es:<br \/>\nAltura: 142 cm<br \/>\nLargura: 55 cm<br \/>\nProfundidade: 57 cm<br \/>\nPeso: 46,50 kg<\/p>\n<p>Garantia do fornecedor de 12 meses<\/p>\n<\/div>\n<\/div>\n<\/div>\n<div class=\"sc-iGgWBj eWtIHQ\" data-testid=\"lazyload-container\">\n<div class=\"sc-bpUBKd iMekvN\" data-testid=\"mod-o\"><\/div>\n<\/div>\n<div class=\"sc-iGgWBj hODtov sc-efBUvZ dXmTdA\">\n<table class=\"sc-iGgWBj iCEidV sc-ggqIjW dKKsGr\">\n<tbody>\n<tr>\n<td class=\"sc-djVXDX ddDhAF\">Modelo<\/td>\n<td class=\"sc-epRvzc fKvYez\">\n<table class=\"sc-gFnajm eAtfZb\">\n<tbody>\n<tr>\n<td>PFV205I<\/td>\n<\/tr>\n<\/tbody>\n<\/table>\n<\/td>\n<\/tr>\n<tr>\n<td class=\"sc-djVXDX ddDhAF\">Garantia<\/td>\n<td class=\"sc-epRvzc fKvYez\">\n<table class=\"sc-gFnajm eAtfZb\">\n<tbody>\n<tr>\n<td>12 meses<\/td>\n<\/tr>\n<\/tbody>\n<\/table>\n<\/td>\n<\/tr>\n<tr>\n<td class=\"sc-djVXDX ddDhAF\">Capacidade<\/td>\n<td class=\"sc-epRvzc fKvYez\">\n<table class=\"sc-gFnajm eAtfZb\">\n<tbody>\n<tr>\n<td>201L<\/td>\n<\/tr>\n<\/tbody>\n<\/table>\n<\/td>\n<\/tr>\n<tr>\n<td class=\"sc-djVXDX ddDhAF\">Tens\u00e3o El\u00e9trica<\/td>\n<td class=\"sc-epRvzc fKvYez\">\n<table class=\"sc-gFnajm eAtfZb\">\n<tbody>\n<tr>\n<td>n\/a<\/td>\n<\/tr>\n<\/tbody>\n<\/table>\n<\/td>\n<\/tr>\n<tr>\n<td class=\"sc-djVXDX ddDhAF\">Produto<\/td>\n<td class=\"sc-epRvzc fKvYez\">\n<table class=\"sc-gFnajm eAtfZb\">\n<tbody>\n<tr>\n<td>Freezer<\/td>\n<\/tr>\n<\/tbody>\n<\/table>\n<\/td>\n<\/tr>\n<tr>\n<td class=\"sc-djVXDX ddDhAF\">Capacidade<\/td>\n<td class=\"sc-epRvzc fKvYez\">\n<table class=\"sc-gFnajm eAtfZb\">\n<tbody>\n<tr>\n<td>201L<\/td>\n<\/tr>\n<\/tbody>\n<\/table>\n<\/td>\n<\/tr>\n<tr>\n<td class=\"sc-djVXDX ddDhAF\">Marca<\/td>\n<td class=\"sc-epRvzc fKvYez\">\n<table class=\"sc-gFnajm eAtfZb\">\n<tbody>\n<tr>\n<td>Philco<\/td>\n<\/tr>\n<\/tbody>\n<\/table>\n<\/td>\n<\/tr>\n<tr>\n<td class=\"sc-djVXDX ddDhAF\">G\u00e1s refrigerante<\/td>\n<td class=\"sc-epRvzc fKvYez\">\n<table class=\"sc-gFnajm eAtfZb\">\n<tbody>\n<tr>\n<td>R290<\/td>\n<\/tr>\n<\/tbody>\n<\/table>\n<\/td>\n<\/tr>\n<tr>\n<td class=\"sc-djVXDX ddDhAF\">Quantidade de Portas<\/td>\n<td class=\"sc-epRvzc fKvYez\">\n<table class=\"sc-gFnajm eAtfZb\">\n<tbody>\n<tr>\n<td>1<\/td>\n<\/tr>\n<\/tbody>\n<\/table>\n<\/td>\n<\/tr>\n<tr>\n<td class=\"sc-djVXDX ddDhAF\">Rod\u00edzios<\/td>\n<td class=\"sc-epRvzc fKvYez\">\n<table class=\"sc-gFnajm eAtfZb\">\n<tbody>\n<tr>\n<td>Sim<\/td>\n<\/tr>\n<\/tbody>\n<\/table>\n<\/td>\n<\/tr>\n<tr>\n<td class=\"sc-djVXDX ddDhAF\">Tipo<\/td>\n<td class=\"sc-epRvzc fKvYez\">\n<table class=\"sc-gFnajm eAtfZb\">\n<tbody>\n<tr>\n<td>Vertical<\/td>\n<\/tr>\n<\/tbody>\n<\/table>\n<\/td>\n<\/tr>\n<tr>\n<td class=\"sc-djVXDX ddDhAF\">Tipo de Degelo<\/td>\n<td class=\"sc-epRvzc fKvYez\">\n<table class=\"sc-gFnajm eAtfZb\">\n<tbody>\n<tr>\n<td>Degelo manual<\/td>\n<\/tr>\n<\/tbody>\n<\/table>\n<\/td>\n<\/tr>\n<tr>\n<td class=\"sc-djVXDX ddDhAF\">Informa\u00e7\u00f5es complementares<\/td>\n<td class=\"sc-epRvzc fKvYez\">\n<table class=\"sc-gFnajm eAtfZb\">\n<tbody>\n<tr>\n<td class=\"sc-btwKTd gIXGOI\">Capacidade L\u00edquida Total<\/td>\n<td>201 litros<\/td>\n<\/tr>\n<tr>\n<td class=\"sc-btwKTd gIXGOI\">Certificado Homologado pelo Inmetro N\u00famero<\/td>\n<td>004608\/2020<\/td>\n<\/tr>\n<tr>\n<td class=\"sc-btwKTd gIXGOI\">Certifica\u00e7\u00f5es<\/td>\n<td>Inmetro: 004608\/2020<\/td>\n<\/tr>\n<tr>\n<td class=\"sc-btwKTd gIXGOI\">Consumo Aproximado de Energia<\/td>\n<td>32 kWh\/m\u00eas<\/td>\n<\/tr>\n<tr>\n<td class=\"sc-btwKTd gIXGOI\">Cor<\/td>\n<td>Inox<\/td>\n<\/tr>\n<tr>\n<td class=\"sc-btwKTd gIXGOI\">Dimens\u00f5es do Produto<\/td>\n<td>Altura: 142 cm Largura: 55 cm Profundidade: 57 cm<\/td>\n<\/tr>\n<tr>\n<td class=\"sc-btwKTd gIXGOI\">Efici\u00eancia Energ\u00e9tica<\/td>\n<td>A<\/td>\n<\/tr>\n<tr>\n<td class=\"sc-btwKTd gIXGOI\">Formato do Eletrodom\u00e9stico<\/td>\n<td>Vertical<\/td>\n<\/tr>\n<tr>\n<td class=\"sc-btwKTd gIXGOI\">Marca<\/td>\n<td><a class=\"sc-JrDLc gkEUmz sc-dISpDn ecGvwE sc-dISpDn ecGvwE\" href=\"https:\/\/www.magazineluiza.com.br\/marcas\/philco\/\" data-testid=\"link\">Philco<\/a><\/td>\n<\/tr>\n<tr>\n<td class=\"sc-btwKTd gIXGOI\">Modelo<\/td>\n<td>PFV205I<\/td>\n<\/tr>\n<tr>\n<td class=\"sc-btwKTd gIXGOI\">Peso do Produto<\/td>\n<td>46,50 kg<\/td>\n<\/tr>\n<tr>\n<td class=\"sc-btwKTd gIXGOI\">Prazo de Garantia<\/td>\n<td>12 meses<\/td>\n<\/tr>\n<tr>\n<td class=\"sc-btwKTd gIXGOI\">Quantidade de Portas<\/td>\n<td>1<\/td>\n<\/tr>\n<tr>\n<td class=\"sc-btwKTd gIXGOI\">Refer\u00eancia<\/td>\n<td>PFV205I<\/td>\n<\/tr>\n<tr>\n<td class=\"sc-btwKTd gIXGOI\">Tipo de Degelo<\/td>\n<td>Manual<\/td>\n<\/tr>\n<tr>\n<td class=\"sc-btwKTd gIXGOI\">Voltagem<\/td>\n<td>110V<\/td>\n<\/tr>\n<\/tbody>\n<\/table>\n<\/td>\n<\/tr>\n<\/tbody>\n<\/table>\n<\/div>\n","protected":false},"excerpt":{"rendered":"<p>Freezer Vertical Philco 1 Porta PFV205I 201L Conhe\u00e7a o Freezer Horizontal PFV205I 201L, perfeito para uso dom\u00e9stico! Pode ser usado como congelador ou refrigerador, oferecendo maior flexibilidade. Com uma capacidade<\/p>\n","protected":false},"featured_media":13282,"comment_status":"open","ping_status":"closed","template":"","meta":[],"product_brand":[],"product_cat":[232,226],"product_tag":[],"class_list":{"0":"post-13281","1":"product","2":"type-product","3":"status-publish","4":"has-post-thumbnail","6":"product_cat-cozinha","7":"product_cat-eletrodomesticos","8":"product_shipping_class-retirar-no-local","10":"first","11":"instock","12":"shipping-taxable","13":"purchasable","14":"product-type-simple"},"_links":{"self":[{"href":"http:\/\/ambrosioeletro.com.br\/v20\/wp-json\/wp\/v2\/product\/13281","targetHints":{"allow":["GET"]}}],"collection":[{"href":"http:\/\/ambrosioeletro.com.br\/v20\/wp-json\/wp\/v2\/product"}],"about":[{"href":"http:\/\/ambrosioeletro.com.br\/v20\/wp-json\/wp\/v2\/types\/product"}],"replies":[{"embeddable":true,"href":"http:\/\/ambrosioeletro.com.br\/v20\/wp-json\/wp\/v2\/comments?post=13281"}],"wp:featuredmedia":[{"embeddable":true,"href":"http:\/\/ambrosioeletro.com.br\/v20\/wp-json\/wp\/v2\/media\/13282"}],"wp:attachment":[{"href":"http:\/\/ambrosioeletro.com.br\/v20\/wp-json\/wp\/v2\/media?parent=13281"}],"wp:term":[{"taxonomy":"product_brand","embeddable":true,"href":"http:\/\/ambrosioeletro.com.br\/v20\/wp-json\/wp\/v2\/product_brand?post=13281"},{"taxonomy":"product_cat","embeddable":true,"href":"http:\/\/ambrosioeletro.com.br\/v20\/wp-json\/wp\/v2\/product_cat?post=13281"},{"taxonomy":"product_tag","embeddable":true,"href":"http:\/\/ambrosioeletro.com.br\/v20\/wp-json\/wp\/v2\/product_tag?post=13281"}],"curies":[{"name":"wp","href":"https:\/\/api.w.org\/{rel}","templated":true}]}}