{"id":13287,"date":"2025-05-28T15:31:34","date_gmt":"2025-05-28T18:31:34","guid":{"rendered":"https:\/\/ambrosioeletro.com.br\/v20\/?post_type=product&#038;p=13287"},"modified":"2026-02-06T10:40:27","modified_gmt":"2026-02-06T13:40:27","slug":"micro-ondas-34l-philco-espelhado-1400w-pmo34es","status":"publish","type":"product","link":"http:\/\/ambrosioeletro.com.br\/v20\/produto\/micro-ondas-34l-philco-espelhado-1400w-pmo34es\/","title":{"rendered":"Micro-ondas 34L Philco Espelhado 1400W PMO34ES"},"content":{"rendered":"<h2 class=\"vtex-store-components-3-x-productDescriptionTitle vtex-store-components-3-x-productDescriptionTitle--pdp vtex-store-components-3-x-productDescriptionTitle--pdp-desktop t-heading-5 mb5 mt0\">Descri\u00e7\u00e3o do produto<\/h2>\n<div class=\"vtex-store-components-3-x-productDescriptionText vtex-store-components-3-x-productDescriptionText--pdp vtex-store-components-3-x-productDescriptionText--pdp-desktop c-muted-1\">\n<div>Esquente, descongele e prepare os seus alimentos de forma pr\u00e1tica com o Micro-ondas Philco PMO34ES de 34 litros, que possui um design moderno e minimalista, conferindo maior eleg\u00e2ncia \u00e0 sua cozinha. Al\u00e9m disso, o aparelho conta com um painel intuitivo e completo, facilitando o uso di\u00e1rio. Esse Micro-ondas possui Pintura Limpa F\u00e1cil, que evita que a sujeira grude nas paredes internas, tornando a limpeza muito mais simples. Al\u00e9m disso, o aparelho conta com a fun\u00e7\u00e3o Tira Odor, que ajuda a remover cheiros deixados pelo preparo de alimentos anteriores, garantindo um ambiente sempre fresco. Para maior praticidade, o micro-ondas Philco PMO34ES oferece m\u00faltiplas receitas pr\u00e9-programadas, permitindo preparos r\u00e1pidos com apenas alguns cliques. O descongelamento \u00e9 eficiente e pode ser feito por tempo ou por peso, proporcionando maior versatilidade. Pensando na seguran\u00e7a e na comodidade do usu\u00e1rio, o aparelho possui ainda uma fun\u00e7\u00e3o que bloqueia o teclado, evitando altera\u00e7\u00f5es indesejadas durante o preparo. Al\u00e9m disso, a fun\u00e7\u00e3o Reaquecer permite aquecer alimentos j\u00e1 prontos de maneira pr\u00e1tica. E para completar, o micro-ondas tem classifica\u00e7\u00e3o energ\u00e9tica A, sendo uma op\u00e7\u00e3o mais eficaz e econ\u00f4mica para o seu dia a dia. Design moderno e minimalista para maior eleg\u00e2ncia \u00e0 sua cozinha, conte com o Micro-ondas Philco PMO34ES de 34 litros. \u2022 Capacidade 34L \u2022 Prato com di\u00e2metro de 315mm \u2022 Teclas f\u00e1ceis: FIT e Manter Aquecido \u2022 Op\u00e7\u00f5es Descongelar por Tempo ou Descongelar por Peso \u2022 Fun\u00e7\u00e3o Pot\u00eancia \u2022 Fun\u00e7\u00e3o Rel\u00f3gio \u2022 Fun\u00e7\u00e3o Display \/ Sound \u2022 Fun\u00e7\u00e3o Tira odor \u2022 1400W de pot\u00eancia \u2022 Classe &#8220;A&#8221; em efici\u00eancia energ\u00e9tica<\/div>\n<div>\n<div class=\"pr0 items-stretch vtex-flex-layout-0-x-stretchChildrenWidth flex\">\n<div class=\"vtex-flex-layout-0-x-flexCol vtex-flex-layout-0-x-flexCol--default-pdp-1 ml0 mr0 pl0 pr0 flex flex-column h-100 w-100\">\n<div class=\"vtex-flex-layout-0-x-flexColChild vtex-flex-layout-0-x-flexColChild--default-pdp-1 pb0\">\n<div class=\"vtex-rich-text-0-x-container vtex-rich-text-0-x-container--specifications flex tl items-start justify-start t-body c-on-base\">\n<div class=\"vtex-rich-text-0-x-wrapper vtex-rich-text-0-x-wrapper--specifications\">\n<h2 class=\"vtex-rich-text-0-x-heading vtex-rich-text-0-x-heading--specifications t-heading-2 vtex-rich-text-0-x-headingLevel2 vtex-rich-text-0-x-headingLevel2--specifications vtex-rich-text-0-x-heading-level-2\">Especifica\u00e7\u00f5es<\/h2>\n<\/div>\n<\/div>\n<\/div>\n<\/div>\n<\/div>\n<div class=\"pr0 items-stretch vtex-flex-layout-0-x-stretchChildrenWidth flex\">\n<div class=\"vtex-flex-layout-0-x-flexCol ml0 mr0 pl0 pr0 flex flex-column h-100 w-100\">\n<div class=\"vtex-flex-layout-0-x-flexColChild pb0\">\n<div class=\"philco-store-theme-2QzBM1XbD_RXn0ETQyHsZk\">\n<div class=\"philco-store-theme-3ualAl1qVjppHTxQ34ju4 philco-store-theme-1swtAlTgtZ6ezegcUmJbp4\">\n<p>Dimens\u00f5es do produto<\/p>\n<\/div>\n<table class=\"philco-store-theme-A1poUjIF-FCVZVZdMvzBW\" cellspacing=\"0\" cellpadding=\"0\">\n<tbody>\n<tr>\n<td>Altura do produto<\/td>\n<td>32,5 cm<\/td>\n<\/tr>\n<tr>\n<td>Largura do produto<\/td>\n<td>52 cm<\/td>\n<\/tr>\n<tr>\n<td>Comprimento do produto<\/td>\n<td>44,5 cm<\/td>\n<\/tr>\n<tr>\n<td>Peso do produto<\/td>\n<td>14,83 kg<\/td>\n<\/tr>\n<\/tbody>\n<\/table>\n<div class=\"philco-store-theme-3ualAl1qVjppHTxQ34ju4 philco-store-theme-3t7G3ek6WkcsS6ksgdsTbH\">\n<p>Dimens\u00f5es de envio do produto<\/p>\n<\/div>\n<table class=\"philco-store-theme-A1poUjIF-FCVZVZdMvzBW\" cellspacing=\"0\" cellpadding=\"0\">\n<tbody>\n<tr>\n<td>Altura com embalagem<\/td>\n<td>36,5 cm<\/td>\n<\/tr>\n<tr>\n<td>Largura com embalagem<\/td>\n<td>60 cm<\/td>\n<\/tr>\n<tr>\n<td>Comprimento com embalagem<\/td>\n<td>46 cm<\/td>\n<\/tr>\n<tr>\n<td>Peso com embalagem<\/td>\n<td>15,46 kg<\/td>\n<\/tr>\n<\/tbody>\n<\/table>\n<\/div>\n<\/div>\n<\/div>\n<\/div>\n<\/div>\n<\/div>\n","protected":false},"excerpt":{"rendered":"<p>Descri\u00e7\u00e3o do produto Esquente, descongele e prepare os seus alimentos de forma pr\u00e1tica com o Micro-ondas Philco PMO34ES de 34 litros, que possui um design moderno e minimalista, conferindo maior<\/p>\n","protected":false},"featured_media":13290,"comment_status":"open","ping_status":"closed","template":"","meta":[],"product_brand":[],"product_cat":[232,226],"product_tag":[],"class_list":{"0":"post-13287","1":"product","2":"type-product","3":"status-publish","4":"has-post-thumbnail","6":"product_cat-cozinha","7":"product_cat-eletrodomesticos","8":"product_shipping_class-retirar-no-local","10":"first","11":"instock","12":"shipping-taxable","13":"purchasable","14":"product-type-simple"},"_links":{"self":[{"href":"http:\/\/ambrosioeletro.com.br\/v20\/wp-json\/wp\/v2\/product\/13287","targetHints":{"allow":["GET"]}}],"collection":[{"href":"http:\/\/ambrosioeletro.com.br\/v20\/wp-json\/wp\/v2\/product"}],"about":[{"href":"http:\/\/ambrosioeletro.com.br\/v20\/wp-json\/wp\/v2\/types\/product"}],"replies":[{"embeddable":true,"href":"http:\/\/ambrosioeletro.com.br\/v20\/wp-json\/wp\/v2\/comments?post=13287"}],"wp:featuredmedia":[{"embeddable":true,"href":"http:\/\/ambrosioeletro.com.br\/v20\/wp-json\/wp\/v2\/media\/13290"}],"wp:attachment":[{"href":"http:\/\/ambrosioeletro.com.br\/v20\/wp-json\/wp\/v2\/media?parent=13287"}],"wp:term":[{"taxonomy":"product_brand","embeddable":true,"href":"http:\/\/ambrosioeletro.com.br\/v20\/wp-json\/wp\/v2\/product_brand?post=13287"},{"taxonomy":"product_cat","embeddable":true,"href":"http:\/\/ambrosioeletro.com.br\/v20\/wp-json\/wp\/v2\/product_cat?post=13287"},{"taxonomy":"product_tag","embeddable":true,"href":"http:\/\/ambrosioeletro.com.br\/v20\/wp-json\/wp\/v2\/product_tag?post=13287"}],"curies":[{"name":"wp","href":"https:\/\/api.w.org\/{rel}","templated":true}]}}