{"id":13355,"date":"2025-08-06T09:00:27","date_gmt":"2025-08-06T12:00:27","guid":{"rendered":"https:\/\/ambrosioeletro.com.br\/v20\/?post_type=product&#038;p=13355"},"modified":"2026-03-30T15:40:21","modified_gmt":"2026-03-30T18:40:21","slug":"fogao-itaglass-plus-5-bocas-preto-itatiaia","status":"publish","type":"product","link":"http:\/\/ambrosioeletro.com.br\/v20\/produto\/fogao-itaglass-plus-5-bocas-preto-itatiaia\/","title":{"rendered":"Fog\u00e3o Itaglass Plus 5 Bocas &#8211; Preto Itatiaia"},"content":{"rendered":"<h2 class=\"vtex-store-components-3-x-productDescriptionTitle vtex-store-components-3-x-productDescriptionTitle--product-description t-heading-5 mb5 mt0\">Descri\u00e7\u00e3o do produto<\/h2>\n<div class=\"vtex-store-components-3-x-productDescriptionText vtex-store-components-3-x-productDescriptionText--product-description c-muted-1\">\n<div>O\u00a0<a href=\"https:\/\/www.minhaitatiaia.com.br\/fogoes\">Fog\u00e3o<\/a>\u00a0Itaglass Plus 5 Bocas \u00e9 o fog\u00e3o que ir\u00e1 facilitar ainda mais o seu dia a dia na cozinha. O eletro \u00e9\u00a0<b>\u00e1gil no preparo de receitas<\/b>, tem um forno amplo, \u00e9 f\u00e1cil de limpar e tamb\u00e9m conta com:<\/p>\n<ul>\n<li>Novo puxador em alum\u00ednio escovado com design moderno para maior praticidade e conforto ao abrir a porta do forno<\/li>\n<li>Robusto queimador tripla chama para agilizar o preparo de suas receitas.<\/li>\n<li>Acendimento autom\u00e1tico<\/li>\n<li>Luz de forno blindada<\/li>\n<li>Man\u00edpulos remov\u00edveis<br \/>\n<strong>A l\u00e2mpada interna do forno funciona exclusivamente em 220V<\/strong><br \/>\n<strong>Detalhe importante:<\/strong>\u00a0A sa\u00edda de g\u00e1s est\u00e1 posicionada no\u00a0<strong>lado esquerdo do fog\u00e3o<\/strong>, facilitando a instala\u00e7\u00e3o em diferentes ambientes.<\/p>\n<p>O\u00a0<b>Fog\u00e3o da Itatiaia<\/b>\u00a0\u00e9 ideal para cozinhas mais compactas que necessitam de um eletro que se adeque ao espa\u00e7o dispon\u00edvel. Ele tamb\u00e9m \u00e9 um produto\u00a0<b>dur\u00e1vel e resistente<\/b>.<br \/>\nO consumidor \u00e9 respons\u00e1vel pela montagem.<br \/>\nAs cores podem sofrer altera\u00e7\u00f5es dependendo do seu monitor.<\/li>\n<li>\n<div class=\"itatiaia-store-theme-7-x-measureItem flex items-center flex-column flex-row-l\"><img decoding=\"async\" src=\"https:\/\/itatiaia.vtexassets.com\/_v\/public\/assets\/v1\/published\/itatiaia.store-theme@7.0.4\/public\/react\/db6949944c7b12dec292d2e8bff99402.svg\" alt=\"\u00cdcone de Altura \" crossorigin=\"anonymous\" \/><\/p>\n<div class=\"itatiaia-store-theme-7-x-measureColumn flex flex-column items-center\"><span class=\"itatiaia-store-theme-7-x-measure nowrap\">Altura<\/span><span class=\"itatiaia-store-theme-7-x-measureValue nowrap\">80.8 cm<\/span><\/div>\n<\/div>\n<div class=\"itatiaia-store-theme-7-x-measureItem flex items-center flex-column flex-row-l\"><img decoding=\"async\" src=\"https:\/\/itatiaia.vtexassets.com\/_v\/public\/assets\/v1\/published\/itatiaia.store-theme@7.0.4\/public\/react\/2bdb2ea315717824bf6b6808678507d3.svg\" alt=\"\u00cdcone de Largura \" crossorigin=\"anonymous\" \/><\/p>\n<div class=\"itatiaia-store-theme-7-x-measureColumn flex flex-column items-center\"><span class=\"itatiaia-store-theme-7-x-measure nowrap\">Largura<\/span><span class=\"itatiaia-store-theme-7-x-measureValue nowrap\">77.3 cm<\/span><\/div>\n<\/div>\n<div class=\"itatiaia-store-theme-7-x-measureItem flex items-center flex-column flex-row-l\"><img decoding=\"async\" src=\"https:\/\/itatiaia.vtexassets.com\/_v\/public\/assets\/v1\/published\/itatiaia.store-theme@7.0.4\/public\/react\/9dbee786857690e61162607591a1ca94.svg\" alt=\"\u00cdcone de Profundidade \" crossorigin=\"anonymous\" \/><\/p>\n<div class=\"itatiaia-store-theme-7-x-measureColumn flex flex-column items-center\"><span class=\"itatiaia-store-theme-7-x-measure nowrap\">Profundidade<\/span><span class=\"itatiaia-store-theme-7-x-measureValue nowrap\">61 cm<\/span><\/div>\n<\/div>\n<div class=\"itatiaia-store-theme-7-x-measureItem flex items-center flex-column flex-row-l\"><img decoding=\"async\" src=\"https:\/\/itatiaia.vtexassets.com\/_v\/public\/assets\/v1\/published\/itatiaia.store-theme@7.0.4\/public\/react\/bfcc0cb5a664df67062281fafb900309.svg\" alt=\"\u00cdcone de Peso \" crossorigin=\"anonymous\" \/><\/p>\n<div class=\"itatiaia-store-theme-7-x-measureColumn flex flex-column items-center\"><span class=\"itatiaia-store-theme-7-x-measure nowrap\">Peso<\/span><span class=\"itatiaia-store-theme-7-x-measureValue nowrap\">33.7 kg<\/span><\/div>\n<\/div>\n<\/li>\n<\/ul>\n<\/div>\n<\/div>\n","protected":false},"excerpt":{"rendered":"<p>Descri\u00e7\u00e3o do produto O\u00a0Fog\u00e3o\u00a0Itaglass Plus 5 Bocas \u00e9 o fog\u00e3o que ir\u00e1 facilitar ainda mais o seu dia a dia na cozinha. O eletro \u00e9\u00a0\u00e1gil no preparo de receitas, tem<\/p>\n","protected":false},"featured_media":13362,"comment_status":"open","ping_status":"closed","template":"","meta":[],"product_brand":[],"product_cat":[232,226],"product_tag":[],"class_list":{"0":"post-13355","1":"product","2":"type-product","3":"status-publish","4":"has-post-thumbnail","6":"product_cat-cozinha","7":"product_cat-eletrodomesticos","8":"product_shipping_class-retirar-no-local","10":"first","11":"instock","12":"shipping-taxable","13":"purchasable","14":"product-type-simple"},"_links":{"self":[{"href":"http:\/\/ambrosioeletro.com.br\/v20\/wp-json\/wp\/v2\/product\/13355","targetHints":{"allow":["GET"]}}],"collection":[{"href":"http:\/\/ambrosioeletro.com.br\/v20\/wp-json\/wp\/v2\/product"}],"about":[{"href":"http:\/\/ambrosioeletro.com.br\/v20\/wp-json\/wp\/v2\/types\/product"}],"replies":[{"embeddable":true,"href":"http:\/\/ambrosioeletro.com.br\/v20\/wp-json\/wp\/v2\/comments?post=13355"}],"wp:featuredmedia":[{"embeddable":true,"href":"http:\/\/ambrosioeletro.com.br\/v20\/wp-json\/wp\/v2\/media\/13362"}],"wp:attachment":[{"href":"http:\/\/ambrosioeletro.com.br\/v20\/wp-json\/wp\/v2\/media?parent=13355"}],"wp:term":[{"taxonomy":"product_brand","embeddable":true,"href":"http:\/\/ambrosioeletro.com.br\/v20\/wp-json\/wp\/v2\/product_brand?post=13355"},{"taxonomy":"product_cat","embeddable":true,"href":"http:\/\/ambrosioeletro.com.br\/v20\/wp-json\/wp\/v2\/product_cat?post=13355"},{"taxonomy":"product_tag","embeddable":true,"href":"http:\/\/ambrosioeletro.com.br\/v20\/wp-json\/wp\/v2\/product_tag?post=13355"}],"curies":[{"name":"wp","href":"https:\/\/api.w.org\/{rel}","templated":true}]}}