{"id":13378,"date":"2025-08-06T10:54:34","date_gmt":"2025-08-06T13:54:34","guid":{"rendered":"https:\/\/ambrosioeletro.com.br\/v20\/?post_type=product&#038;p=13378"},"modified":"2026-04-17T10:36:07","modified_gmt":"2026-04-17T13:36:07","slug":"multiprocessador-britania-multifuncoes-5-em-1-1300w-bmp2000","status":"publish","type":"product","link":"http:\/\/ambrosioeletro.com.br\/v20\/produto\/multiprocessador-britania-multifuncoes-5-em-1-1300w-bmp2000\/","title":{"rendered":"Multiprocessador Brit\u00e2nia Multifun\u00e7\u00f5es 5 em 1 1300W BMP2000"},"content":{"rendered":"<h2 class=\"vtex-store-components-3-x-productDescriptionTitle vtex-store-components-3-x-productDescriptionTitle--pdp vtex-store-components-3-x-productDescriptionTitle--pdp-desktop t-heading-5 mb5 mt0\">Descri\u00e7\u00e3o do produto<\/h2>\n<div class=\"vtex-store-components-3-x-productDescriptionText vtex-store-components-3-x-productDescriptionText--pdp vtex-store-components-3-x-productDescriptionText--pdp-desktop c-muted-1\">\n<div>Design moderno \u00e9 um dos diferenciais do Multiprocessador BMP2000 Brit\u00e2nia! Com 1300W ele garante maior pot\u00eancia que permite mais liberdade na hora de escolher os alimentos que ser\u00e3o triturados ou processados. Um Multiprocessador \u00e9 5 em 1, multiprocessador, liquidificador, 1 l\u00e2mina raladora, 1 l\u00e2mina fatiadora e 1 espremedor, ou seja, muita criatividade para as suas receitas! Processe, liquidifique, rale e fatie os mais variados alimentos. O BMP2000 possui 2 velocidades + fun\u00e7\u00e3o pulsar, facilitando o preparo das suas receitas. Al\u00e9m disso, esse Multiprocessador Brit\u00e2nia acompanha Jarra com capacidade para 2,1l e Liquidificar com copo com 2 litros de capacidade \u00fatil. Multifuncional, compacto e eficiente. O Multiprocessador Brit\u00e2nia BMP2000 5 em 1 \u00e9 tudo que sua cozinha precisa! \u2022 Trava de seguran\u00e7a: o aparelho s\u00f3 funciona com a jarra\/copo encaixados na posi\u00e7\u00e3o correta \u2022 Capacidade da Jarra do processador 2,1L \u2022 Capacidade do copo do liquidificador total de 3L e \u00fatil de 2L \u2022 1300W de pot\u00eancia \u2022 02 velocidades + pulsar \u2022 Possui acess\u00f3rios que executam m\u00faltiplas fun\u00e7\u00f5es: 01 Copo de liquidificador, 01 jarra de multiprocessador, 01 espremedor de frutas, 01 adaptador de l\u00e2minas, 01 l\u00e2mina de fatiar, 01 l\u00e2mina de ralar, 01 l\u00e2minas de processar \u2022 Design vertical: ocupa menos espa\u00e7o na cozinha \u2022 Todos os acess\u00f3rios podem ser levados a lava-lou\u00e7as \u2022 P\u00e9s antiderrapantes \u2022 Fun\u00e7\u00f5es: processar, ralar, cortar, fatiar, espremer, picar, liquidificar.<\/div>\n<div>\n<div class=\"britania-store-theme-3ualAl1qVjppHTxQ34ju4 britania-store-theme-1swtAlTgtZ6ezegcUmJbp4\">\n<p>Dimens\u00f5es do produto<\/p>\n<\/div>\n<table class=\"britania-store-theme-A1poUjIF-FCVZVZdMvzBW\" cellspacing=\"0\" cellpadding=\"0\">\n<tbody>\n<tr>\n<td>Altura do produto<\/td>\n<td>36,2 cm<\/td>\n<\/tr>\n<tr>\n<td>Largura do produto<\/td>\n<td>45,4 cm<\/td>\n<\/tr>\n<tr>\n<td>Comprimento do produto<\/td>\n<td>23,8 cm<\/td>\n<\/tr>\n<tr>\n<td>Peso do produto<\/td>\n<td>3,497 kg<\/td>\n<\/tr>\n<\/tbody>\n<\/table>\n<div class=\"britania-store-theme-3ualAl1qVjppHTxQ34ju4 britania-store-theme-3t7G3ek6WkcsS6ksgdsTbH\">\n<p>Dimens\u00f5es de envio do produto<\/p>\n<\/div>\n<table class=\"britania-store-theme-A1poUjIF-FCVZVZdMvzBW\" cellspacing=\"0\" cellpadding=\"0\">\n<tbody>\n<tr>\n<td>Altura com embalagem<\/td>\n<td>36,2 cm<\/td>\n<\/tr>\n<tr>\n<td>Largura com embalagem<\/td>\n<td>45,4 cm<\/td>\n<\/tr>\n<tr>\n<td>Comprimento com embalagem<\/td>\n<td>23,8 cm<\/td>\n<\/tr>\n<tr>\n<td>Peso com embalagem<\/td>\n<td>4,088 kg<\/td>\n<\/tr>\n<\/tbody>\n<\/table>\n<\/div>\n<\/div>\n","protected":false},"excerpt":{"rendered":"<p>Descri\u00e7\u00e3o do produto Design moderno \u00e9 um dos diferenciais do Multiprocessador BMP2000 Brit\u00e2nia! Com 1300W ele garante maior pot\u00eancia que permite mais liberdade na hora de escolher os alimentos que<\/p>\n","protected":false},"featured_media":13379,"comment_status":"open","ping_status":"closed","template":"","meta":[],"product_brand":[],"product_cat":[232,226],"product_tag":[],"class_list":{"0":"post-13378","1":"product","2":"type-product","3":"status-publish","4":"has-post-thumbnail","6":"product_cat-cozinha","7":"product_cat-eletrodomesticos","8":"product_shipping_class-pac","10":"first","11":"instock","12":"shipping-taxable","13":"purchasable","14":"product-type-simple"},"_links":{"self":[{"href":"http:\/\/ambrosioeletro.com.br\/v20\/wp-json\/wp\/v2\/product\/13378","targetHints":{"allow":["GET"]}}],"collection":[{"href":"http:\/\/ambrosioeletro.com.br\/v20\/wp-json\/wp\/v2\/product"}],"about":[{"href":"http:\/\/ambrosioeletro.com.br\/v20\/wp-json\/wp\/v2\/types\/product"}],"replies":[{"embeddable":true,"href":"http:\/\/ambrosioeletro.com.br\/v20\/wp-json\/wp\/v2\/comments?post=13378"}],"wp:featuredmedia":[{"embeddable":true,"href":"http:\/\/ambrosioeletro.com.br\/v20\/wp-json\/wp\/v2\/media\/13379"}],"wp:attachment":[{"href":"http:\/\/ambrosioeletro.com.br\/v20\/wp-json\/wp\/v2\/media?parent=13378"}],"wp:term":[{"taxonomy":"product_brand","embeddable":true,"href":"http:\/\/ambrosioeletro.com.br\/v20\/wp-json\/wp\/v2\/product_brand?post=13378"},{"taxonomy":"product_cat","embeddable":true,"href":"http:\/\/ambrosioeletro.com.br\/v20\/wp-json\/wp\/v2\/product_cat?post=13378"},{"taxonomy":"product_tag","embeddable":true,"href":"http:\/\/ambrosioeletro.com.br\/v20\/wp-json\/wp\/v2\/product_tag?post=13378"}],"curies":[{"name":"wp","href":"https:\/\/api.w.org\/{rel}","templated":true}]}}