{"id":13451,"date":"2025-08-07T10:41:16","date_gmt":"2025-08-07T13:41:16","guid":{"rendered":"https:\/\/ambrosioeletro.com.br\/v20\/?post_type=product&#038;p=13451"},"modified":"2026-04-17T15:29:02","modified_gmt":"2026-04-17T18:29:02","slug":"multiuso-4-portas-e-nicho-nt4040-notavel-moveis","status":"publish","type":"product","link":"http:\/\/ambrosioeletro.com.br\/v20\/produto\/multiuso-4-portas-e-nicho-nt4040-notavel-moveis\/","title":{"rendered":"Multiuso 4 Portas e Nicho Nt4040 Not\u00e1vel M\u00f3veis"},"content":{"rendered":"<div class=\"cav--c-eNhzRw cav--c-eNhzRw-fiXSPN-sm-12\">\n<div class=\"cav--c-lesPJm cav--c-lesPJm-ijxRAPk-css\"><span class=\"cav--c-gNPphv cav--c-gNPphv-hyvuql-weight-bold\">Arm\u00e1rio Multiuso 4 Portas e Nicho Nt4040 Freij\u00f3\/off White Tx Not\u00e1vel M\u00f3veis<\/span><\/div>\n<div class=\"cav--c-lesPJm cav--c-lesPJm-ijxRAPk-css\">\n<div class=\"cav--c-gNPphv cav--c-gNPphv-fekvRC-textStyle-bodyMediumRegular cav--c-gNPphv-igBCBxe-css\">O Multiuso NT 4040 da Not\u00e1vel M\u00f3veis \u00e9 a solu\u00e7\u00e3o perfeita para quem busca praticidade e organiza\u00e7\u00e3o em casa. Com um nicho aberto espa\u00e7oso e quatro prateleiras internas bem distribu\u00eddas, este m\u00f3vel oferece amplo espa\u00e7o para armazenar e organizar seus pertences de forma eficiente. Seja no quarto ou na \u00e1rea de servi\u00e7o, o Multiuso NT 4040 \u00e9 a escolha ideal para otimizar o espa\u00e7o e manter tudo em ordem na sua casa.<br \/>\nDESCRI\u00c7\u00c3O T\u00c9CNICA:<br \/>\nAltura : 178,60 cm<br \/>\nLargura : 93,40 cm<br \/>\nProfundidade: 35,10 cm<br \/>\nPeso: 41,18kg<br \/>\nMaterial da estrutura: MDP<br \/>\nEspessura do material da estrutura: 12 mm<br \/>\nMaterial dos p\u00e9s: Pl\u00e1stico<br \/>\nAltura do p\u00e9: 5,0cm<br \/>\nTipo de pintura: pintura u.v.<br \/>\nN\u00famero de portas: 4<br \/>\nN\u00famero de prateleiras:4<br \/>\nPeso m\u00e1ximo suportado pelas prateleiras 20,00 kg<br \/>\nPeso m\u00e1ximo suportado pelo produto: 40,00 kg<br \/>\nOBSERVA\u00c7\u00d5ES:<br \/>\nNecessita montagem: sim<br \/>\nAcompanha manual de montagem: sim<br \/>\nQuantidade de volume (s): 1<br \/>\nGarantia: 90 dias contra defeito de fabrica\u00e7\u00e3o<br \/>\nRECOMENDA\u00c7\u00c3O:<br \/>\n&#8211; Para maior durabilidade, recomenda-se que a limpeza seja feita com pano limpo e levemente umedecido em \u00e1gua e sab\u00e3o neutro. Em seguida, dever\u00e1 ser passado um pano limpo e seco.<br \/>\nMONTAGEM E ENTREGA:<br \/>\n&#8211; N\u00e3o oferecemos montagem. Os nossos m\u00f3veis s\u00e3o entregues desmontados e todos acompanham manual com instru\u00e7\u00f5es de montagem.<br \/>\n&#8211; Sempre verifique o n\u00edvel de complexidade de montagem e em caso de d\u00favida n\u00e3o monte sozinho (a), contrate um profissional.<br \/>\n&#8211; A entrega pela transportadora n\u00e3o inclui a subida de escada ou o i\u00e7amento dos produtos.<br \/>\nIMAGENS:<br \/>\n&#8211; As imagens ambientadas s\u00e3o meramente ilustrativas e podem apresentar itens que n\u00e3o comp\u00f5e o produto.<br \/>\n&#8211; Objetos decorativos da imagem n\u00e3o acompanham o produto.<br \/>\n&#8211; As cores do produto podem sofrer varia\u00e7\u00e3o de acordo com o seu monitor a ilumina\u00e7\u00e3o do seu ambiente ou sua percep\u00e7\u00e3o visual.<\/div>\n<\/div>\n<\/div>\n<div class=\"cav--c-eNhzRw cav--c-eNhzRw-fiXSPN-sm-12 cav--c-eNhzRw-ilRjaj-lg-6\">\n<div class=\"cav--c-lesPJm\">\n<div class=\"cav--c-lesPJm\">\n<p><span class=\"cav--c-gNPphv cav--c-dFndkt\">Materiais e Acabamentos<\/span><\/p>\n<table class=\"cav--c-gusfms cav--c-gusfms-gjkaP-striped-odd cav--c-gusfms-cmVlgk-textAlign-left\">\n<tbody class=\"cav--c-dKpJQB\">\n<tr class=\"cav--c-PJLV\">\n<td class=\"cav--c-difWUU\"><span class=\"cav--c-gNPphv cav--c-gNPphv-hyvuql-weight-bold\">Material Principal<\/span><\/td>\n<td class=\"cav--c-difWUU\">MDP<\/td>\n<\/tr>\n<\/tbody>\n<\/table>\n<\/div>\n<p><span class=\"cav--c-gNPphv cav--c-dFndkt\">Outras caracter\u00edsticas<\/span><\/p>\n<table class=\"cav--c-gusfms cav--c-gusfms-gjkaP-striped-odd cav--c-gusfms-cmVlgk-textAlign-left\">\n<tbody class=\"cav--c-dKpJQB\">\n<tr class=\"cav--c-PJLV\">\n<td class=\"cav--c-difWUU\"><span class=\"cav--c-gNPphv cav--c-gNPphv-hyvuql-weight-bold\">Quantidade de Gavetas<\/span><\/td>\n<td class=\"cav--c-difWUU\">N\u00e3o Possui<\/td>\n<\/tr>\n<\/tbody>\n<\/table>\n<\/div>\n<\/div>\n<div class=\"cav--c-eNhzRw cav--c-eNhzRw-fiXSPN-sm-12 cav--c-eNhzRw-ilRjaj-lg-6\">\n<div class=\"cav--c-lesPJm\">\n<div class=\"cav--c-lesPJm\">\n<p><span class=\"cav--c-gNPphv cav--c-dFndkt\">Caracter\u00edsticas<\/span><\/p>\n<table class=\"cav--c-gusfms cav--c-gusfms-gjkaP-striped-odd cav--c-gusfms-cmVlgk-textAlign-left\">\n<tbody class=\"cav--c-dKpJQB\">\n<tr class=\"cav--c-PJLV\">\n<td class=\"cav--c-difWUU\"><span class=\"cav--c-gNPphv cav--c-gNPphv-hyvuql-weight-bold\">Quantidade de Prateleiras<\/span><\/td>\n<td class=\"cav--c-difWUU\">04 Prateleiras<\/td>\n<\/tr>\n<tr class=\"cav--c-PJLV\">\n<td class=\"cav--c-difWUU\"><span class=\"cav--c-gNPphv cav--c-gNPphv-hyvuql-weight-bold\">Quantidade de Portas<\/span><\/td>\n<td class=\"cav--c-difWUU\">4 Portas<\/td>\n<\/tr>\n<tr class=\"cav--c-PJLV\">\n<td class=\"cav--c-difWUU\"><span class=\"cav--c-gNPphv cav--c-gNPphv-hyvuql-weight-bold\">Quantidade de Gavetas<\/span><\/td>\n<td class=\"cav--c-difWUU\">N\u00e3o Possui<\/td>\n<\/tr>\n<tr class=\"cav--c-PJLV\">\n<td class=\"cav--c-difWUU\"><span class=\"cav--c-gNPphv cav--c-gNPphv-hyvuql-weight-bold\">Marca<\/span><\/td>\n<td class=\"cav--c-difWUU\">Not\u00e1vel M\u00f3veis<\/td>\n<\/tr>\n<tr class=\"cav--c-PJLV\">\n<td class=\"cav--c-difWUU\"><span class=\"cav--c-gNPphv cav--c-gNPphv-hyvuql-weight-bold\">Possui Prateleiras<\/span><\/td>\n<td class=\"cav--c-difWUU\">Sim<\/td>\n<\/tr>\n<tr class=\"cav--c-PJLV\">\n<td class=\"cav--c-difWUU\"><span class=\"cav--c-gNPphv cav--c-gNPphv-hyvuql-weight-bold\">Possui Portas<\/span><\/td>\n<td class=\"cav--c-difWUU\">Sim<\/td>\n<\/tr>\n<tr class=\"cav--c-PJLV\">\n<td class=\"cav--c-difWUU\"><span class=\"cav--c-gNPphv cav--c-gNPphv-hyvuql-weight-bold\">Possui P\u00e9s<\/span><\/td>\n<td class=\"cav--c-difWUU\">Sim<\/td>\n<\/tr>\n<tr class=\"cav--c-PJLV\">\n<td class=\"cav--c-difWUU\"><span class=\"cav--c-gNPphv cav--c-gNPphv-hyvuql-weight-bold\">Possui Gavetas<\/span><\/td>\n<td class=\"cav--c-difWUU\">N\u00e3o<\/td>\n<\/tr>\n<tr class=\"cav--c-PJLV\">\n<td class=\"cav--c-difWUU\"><span class=\"cav--c-gNPphv cav--c-gNPphv-hyvuql-weight-bold\">Modelo<\/span><\/td>\n<td class=\"cav--c-difWUU\">NT4040<\/td>\n<\/tr>\n<\/tbody>\n<\/table>\n<\/div>\n<\/div>\n<\/div>\n","protected":false},"excerpt":{"rendered":"<p>Arm\u00e1rio Multiuso 4 Portas e Nicho Nt4040 Freij\u00f3\/off White Tx Not\u00e1vel M\u00f3veis O Multiuso NT 4040 da Not\u00e1vel M\u00f3veis \u00e9 a solu\u00e7\u00e3o perfeita para quem busca praticidade e organiza\u00e7\u00e3o em<\/p>\n","protected":false},"featured_media":13452,"comment_status":"open","ping_status":"closed","template":"","meta":[],"product_brand":[],"product_cat":[227,241],"product_tag":[],"class_list":{"0":"post-13451","1":"product","2":"type-product","3":"status-publish","4":"has-post-thumbnail","6":"product_cat-moveis","7":"product_cat-quarto","8":"product_shipping_class-retirar-no-local","10":"first","11":"instock","12":"shipping-taxable","13":"purchasable","14":"product-type-simple"},"_links":{"self":[{"href":"http:\/\/ambrosioeletro.com.br\/v20\/wp-json\/wp\/v2\/product\/13451","targetHints":{"allow":["GET"]}}],"collection":[{"href":"http:\/\/ambrosioeletro.com.br\/v20\/wp-json\/wp\/v2\/product"}],"about":[{"href":"http:\/\/ambrosioeletro.com.br\/v20\/wp-json\/wp\/v2\/types\/product"}],"replies":[{"embeddable":true,"href":"http:\/\/ambrosioeletro.com.br\/v20\/wp-json\/wp\/v2\/comments?post=13451"}],"wp:featuredmedia":[{"embeddable":true,"href":"http:\/\/ambrosioeletro.com.br\/v20\/wp-json\/wp\/v2\/media\/13452"}],"wp:attachment":[{"href":"http:\/\/ambrosioeletro.com.br\/v20\/wp-json\/wp\/v2\/media?parent=13451"}],"wp:term":[{"taxonomy":"product_brand","embeddable":true,"href":"http:\/\/ambrosioeletro.com.br\/v20\/wp-json\/wp\/v2\/product_brand?post=13451"},{"taxonomy":"product_cat","embeddable":true,"href":"http:\/\/ambrosioeletro.com.br\/v20\/wp-json\/wp\/v2\/product_cat?post=13451"},{"taxonomy":"product_tag","embeddable":true,"href":"http:\/\/ambrosioeletro.com.br\/v20\/wp-json\/wp\/v2\/product_tag?post=13451"}],"curies":[{"name":"wp","href":"https:\/\/api.w.org\/{rel}","templated":true}]}}