{"id":13504,"date":"2025-08-13T09:34:33","date_gmt":"2025-08-13T12:34:33","guid":{"rendered":"https:\/\/ambrosioeletro.com.br\/v20\/?post_type=product&#038;p=13504"},"modified":"2026-04-16T17:46:46","modified_gmt":"2026-04-16T20:46:46","slug":"guarda-roupa-casal-6-portas-3-gavetas-nt6035-notavel-moveis","status":"publish","type":"product","link":"http:\/\/ambrosioeletro.com.br\/v20\/produto\/guarda-roupa-casal-6-portas-3-gavetas-nt6035-notavel-moveis\/","title":{"rendered":"Guarda Roupa Casal 6 Portas 3 Gavetas NT6035 Not\u00e1vel M\u00f3veis"},"content":{"rendered":"<p><span class=\"sc-dcJsrY jZKEso\" data-testid=\"product-detail-title\">Guarda Roupa Casal 6 Portas 3 Gavetas NT6035 Freij\u00f3\/Off White Not\u00e1vel M\u00f3veis<\/span><\/p>\n<div class=\"sc-iGgWBj jEOEJZ sc-bXzxEt jzYrTd\" data-testid=\"product-detail-description\">\n<div class=\"sc-iGgWBj eWtIHQ sc-jHrxRT eLbVWZ\" data-testid=\"rich-content-container\">\n<p>Espa\u00e7o e sofistica\u00e7\u00e3o para o seu ambiente! O Guarda-roupa NT 6035 combina um design moderno com uma estrutura robusta em MDF, garantindo durabilidade e eleg\u00e2ncia. Suas prateleiras colmeia oferecem uma organiza\u00e7\u00e3o pr\u00e1tica e funcional, enquanto as tr\u00eas gavetas espa\u00e7osas, equipadas com corredi\u00e7as telesc\u00f3picas, proporcionam maior facilidade no dia a dia. Com um visual imponente e amplo espa\u00e7o interno, ele \u00e9 a escolha perfeita para quem busca um m\u00f3vel vers\u00e1til e refinado!<\/p>\n<p>DESCRI\u00c7\u00c3O T\u00c9CNICA:<br \/>\nAltura : 220 cm<br \/>\nLargura : 221,90 cm<br \/>\nProfundidade: 46,30 cm<br \/>\nPeso: 136,32 kg<br \/>\nMaterial da estrutura: MDF\/MDP<br \/>\nEspessura do material da estrutura: 12, 15 e 22mm<br \/>\nMaterial dos p\u00e9s: Pl\u00e1stico<br \/>\nAltura do p\u00e9: 5,0cm<br \/>\nTipo de pintura: pintura u.v.<br \/>\nN\u00famero de portas: 6<\/p>\n<p>Tipo de porta: Articulada<br \/>\nN\u00famero de Gavetas: 3<br \/>\nTipo de Corredi\u00e7a: Corredi\u00e7a telesc\u00f3pica<br \/>\nN\u00famero de prateleiras: 6<br \/>\nPeso m\u00e1ximo suportado pelas prateleiras 49,00 kg distribuidos<br \/>\nPeso m\u00e1ximo suportado pelo produto: 94,00 kg<\/p>\n<p>OBSERVA\u00c7\u00d5ES:<br \/>\nNecessita montagem: sim<br \/>\nAcompanha manual de montagem: sim<br \/>\nQuantidade de volume (s): 3<br \/>\nGarantia: 90 dias contra defeito de fabrica\u00e7\u00e3o<\/p>\n<p>RECOMENDA\u00c7\u00c3O:<br \/>\n&#8211; Para maior durabilidade, recomenda-se que a limpeza seja feita com pano limpo e levemente umedecido em \u00e1gua e sab\u00e3o neutro. Em seguida, dever\u00e1 ser passado um pano limpo e seco.<\/p>\n<\/div>\n<\/div>\n","protected":false},"excerpt":{"rendered":"<p>Guarda Roupa Casal 6 Portas 3 Gavetas NT6035 Freij\u00f3\/Off White Not\u00e1vel M\u00f3veis Espa\u00e7o e sofistica\u00e7\u00e3o para o seu ambiente! O Guarda-roupa NT 6035 combina um design moderno com uma estrutura<\/p>\n","protected":false},"featured_media":13506,"comment_status":"open","ping_status":"closed","template":"","meta":[],"product_brand":[],"product_cat":[227,241],"product_tag":[],"class_list":{"0":"post-13504","1":"product","2":"type-product","3":"status-publish","4":"has-post-thumbnail","6":"product_cat-moveis","7":"product_cat-quarto","8":"product_shipping_class-retirar-no-local","10":"first","11":"instock","12":"shipping-taxable","13":"purchasable","14":"product-type-simple"},"_links":{"self":[{"href":"http:\/\/ambrosioeletro.com.br\/v20\/wp-json\/wp\/v2\/product\/13504","targetHints":{"allow":["GET"]}}],"collection":[{"href":"http:\/\/ambrosioeletro.com.br\/v20\/wp-json\/wp\/v2\/product"}],"about":[{"href":"http:\/\/ambrosioeletro.com.br\/v20\/wp-json\/wp\/v2\/types\/product"}],"replies":[{"embeddable":true,"href":"http:\/\/ambrosioeletro.com.br\/v20\/wp-json\/wp\/v2\/comments?post=13504"}],"wp:featuredmedia":[{"embeddable":true,"href":"http:\/\/ambrosioeletro.com.br\/v20\/wp-json\/wp\/v2\/media\/13506"}],"wp:attachment":[{"href":"http:\/\/ambrosioeletro.com.br\/v20\/wp-json\/wp\/v2\/media?parent=13504"}],"wp:term":[{"taxonomy":"product_brand","embeddable":true,"href":"http:\/\/ambrosioeletro.com.br\/v20\/wp-json\/wp\/v2\/product_brand?post=13504"},{"taxonomy":"product_cat","embeddable":true,"href":"http:\/\/ambrosioeletro.com.br\/v20\/wp-json\/wp\/v2\/product_cat?post=13504"},{"taxonomy":"product_tag","embeddable":true,"href":"http:\/\/ambrosioeletro.com.br\/v20\/wp-json\/wp\/v2\/product_tag?post=13504"}],"curies":[{"name":"wp","href":"https:\/\/api.w.org\/{rel}","templated":true}]}}