{"id":13529,"date":"2025-08-15T14:57:24","date_gmt":"2025-08-15T17:57:24","guid":{"rendered":"https:\/\/ambrosioeletro.com.br\/v20\/?post_type=product&#038;p=13529"},"modified":"2026-01-20T17:26:38","modified_gmt":"2026-01-20T20:26:38","slug":"ferro-de-passar-a-vapor-britania-bfv202az-base-antiaderente","status":"publish","type":"product","link":"http:\/\/ambrosioeletro.com.br\/v20\/produto\/ferro-de-passar-a-vapor-britania-bfv202az-base-antiaderente\/","title":{"rendered":"Ferro de Passar a Vapor Brit\u00e2nia BFV202AZ Base Antiaderente"},"content":{"rendered":"<h2 class=\"vtex-store-components-3-x-productDescriptionTitle vtex-store-components-3-x-productDescriptionTitle--pdp vtex-store-components-3-x-productDescriptionTitle--pdp-desktop t-heading-5 mb5 mt0\">Descri\u00e7\u00e3o do produto<\/h2>\n<div class=\"vtex-store-components-3-x-productDescriptionText vtex-store-components-3-x-productDescriptionText--pdp vtex-store-components-3-x-productDescriptionText--pdp-desktop c-muted-1\">\n<div>O Ferro de Passar a Vapor Brit\u00e2nia BFV202AZ possui a incr\u00edvel tecnologia super carbon, que garante passar suas roupas com um deslizamento perfeito! Possui reservat\u00f3rio com capacidade de 200 ml, pot\u00eancia de 1250W, luz indicadora de funcionamento e bot\u00e3o autolimpeza trazendo mais praticidade para o seu dia a dia. Voc\u00ea pode desamassar suas roupas diretamente no cabide com a fun\u00e7\u00e3o vapor vertical, enquanto a fun\u00e7\u00e3o jato extra de vapor permite desamassar ainda mais facilmente. S\u00e3o 23 sa\u00eddas de vapor para passar roupas com agilidade e 4 n\u00edveis de controle de temperatura para escolher a ideal para cada tipo de tecido. Pensando na sua maior comodidade, com o ferro el\u00e9trico Brit\u00e2nia BFV202AZ voc\u00ea passa suas roupas unindo agilidade e seguran\u00e7a, pois ele possui acabamento em toda a sua base para n\u00e3o danificar bot\u00f5es e tecidos. Suas roupas cuidadas e bem passadas com o Ferro de Passar a Vapor Brit\u00e2nia BFV202AZ. \u2022 Base antiaderente \u2022 Fun\u00e7\u00e3o vapor \u2022 Fun\u00e7\u00e3o jato extra de vapor \u2022 Fun\u00e7\u00e3o jato de \u00e1gua \u2022 23 sa\u00eddas de vapor \u2022 Vapor vertical \u2022 Fun\u00e7\u00e3o autolimpeza \u2022 Cord\u00e3o girat\u00f3rio \u2022 Salva bot\u00f5es \u2022 Luz indicadora de funcionamento \u2022 4 n\u00edveis de temperatura.<\/div>\n<div>\n<div class=\"britania-store-theme-3ualAl1qVjppHTxQ34ju4 britania-store-theme-1swtAlTgtZ6ezegcUmJbp4\">\n<p>Dimens\u00f5es do produto<\/p>\n<\/div>\n<table class=\"britania-store-theme-A1poUjIF-FCVZVZdMvzBW\" cellspacing=\"0\" cellpadding=\"0\">\n<tbody>\n<tr>\n<td>Altura do produto<\/td>\n<td>13,5 cm<\/td>\n<\/tr>\n<tr>\n<td>Largura do produto<\/td>\n<td>25,5 cm<\/td>\n<\/tr>\n<tr>\n<td>Comprimento do produto<\/td>\n<td>10 cm<\/td>\n<\/tr>\n<tr>\n<td>Peso do produto<\/td>\n<td>0,725 kg<\/td>\n<\/tr>\n<\/tbody>\n<\/table>\n<div class=\"britania-store-theme-3ualAl1qVjppHTxQ34ju4 britania-store-theme-3t7G3ek6WkcsS6ksgdsTbH\">\n<p>Dimens\u00f5es de envio do produto<\/p>\n<\/div>\n<table class=\"britania-store-theme-A1poUjIF-FCVZVZdMvzBW\" cellspacing=\"0\" cellpadding=\"0\">\n<tbody>\n<tr>\n<td>Altura com embalagem<\/td>\n<td>14 cm<\/td>\n<\/tr>\n<tr>\n<td>Largura com embalagem<\/td>\n<td>25,5 cm<\/td>\n<\/tr>\n<tr>\n<td>Comprimento com embalagem<\/td>\n<td>10,5 cm<\/td>\n<\/tr>\n<tr>\n<td>Peso com embalagem<\/td>\n<td>0,83 kg<\/td>\n<\/tr>\n<\/tbody>\n<\/table>\n<\/div>\n<\/div>\n","protected":false},"excerpt":{"rendered":"<p>Descri\u00e7\u00e3o do produto O Ferro de Passar a Vapor Brit\u00e2nia BFV202AZ possui a incr\u00edvel tecnologia super carbon, que garante passar suas roupas com um deslizamento perfeito! Possui reservat\u00f3rio com capacidade<\/p>\n","protected":false},"featured_media":13532,"comment_status":"open","ping_status":"closed","template":"","meta":[],"product_brand":[],"product_cat":[233,226],"product_tag":[],"class_list":{"0":"post-13529","1":"product","2":"type-product","3":"status-publish","4":"has-post-thumbnail","6":"product_cat-area-de-servico","7":"product_cat-eletrodomesticos","8":"product_shipping_class-pac","10":"first","11":"instock","12":"shipping-taxable","13":"purchasable","14":"product-type-simple"},"_links":{"self":[{"href":"http:\/\/ambrosioeletro.com.br\/v20\/wp-json\/wp\/v2\/product\/13529","targetHints":{"allow":["GET"]}}],"collection":[{"href":"http:\/\/ambrosioeletro.com.br\/v20\/wp-json\/wp\/v2\/product"}],"about":[{"href":"http:\/\/ambrosioeletro.com.br\/v20\/wp-json\/wp\/v2\/types\/product"}],"replies":[{"embeddable":true,"href":"http:\/\/ambrosioeletro.com.br\/v20\/wp-json\/wp\/v2\/comments?post=13529"}],"wp:featuredmedia":[{"embeddable":true,"href":"http:\/\/ambrosioeletro.com.br\/v20\/wp-json\/wp\/v2\/media\/13532"}],"wp:attachment":[{"href":"http:\/\/ambrosioeletro.com.br\/v20\/wp-json\/wp\/v2\/media?parent=13529"}],"wp:term":[{"taxonomy":"product_brand","embeddable":true,"href":"http:\/\/ambrosioeletro.com.br\/v20\/wp-json\/wp\/v2\/product_brand?post=13529"},{"taxonomy":"product_cat","embeddable":true,"href":"http:\/\/ambrosioeletro.com.br\/v20\/wp-json\/wp\/v2\/product_cat?post=13529"},{"taxonomy":"product_tag","embeddable":true,"href":"http:\/\/ambrosioeletro.com.br\/v20\/wp-json\/wp\/v2\/product_tag?post=13529"}],"curies":[{"name":"wp","href":"https:\/\/api.w.org\/{rel}","templated":true}]}}